{"id":1050,"date":"2020-11-10T14:30:37","date_gmt":"2020-11-10T13:30:37","guid":{"rendered":"https:\/\/us.edu.pl\/instytut\/isp\/?page_id=1050"},"modified":"2020-11-18T14:59:59","modified_gmt":"2020-11-18T13:59:59","slug":"prof-us-dr-hab-stefan-lechwar","status":"publish","type":"page","link":"https:\/\/us.edu.pl\/instytut\/isp\/wykladowcy\/prof-us-dr-hab-stefan-lechwar\/","title":{"rendered":"dr hab. Stefan Lechwar, prof. U\u015a"},"content":{"rendered":"<p>[vc_row][vc_column]\r\n                <div class=\"text-modules\">\r\n                    <div class=\"container\">\r\n                        <h3 class=\"page-title text__title\">dr hab. Stefan Lechwar, prof. U\u015a<\/h3>\r\n                        <div class=\"text-modules__content\"><p>Dyrektor kierunk\u00f3w ISP w kadencji 2020\u20132024.<\/p>\n<p>Dyrektor indywidualny CEIDA \u2013 China Europe International Design Culture Association (Belgia),<\/p>\n<p>cz\u0142onek BORDERLESS Designers (Kanada), cz\u0142onek C-IDEA \u2013 China-International Design Education Association (Chiny).<\/p>\n<p>Juror w wielu konkursach z zakresu designu i sztuki w kraju oraz za granic\u0105 (m. in. Korea P\u0142d., Indonezja, Iran, Belgia, Chiny, Kirgistan).<\/p>\n<p>&nbsp;<\/p>\n<p>\u201eW naszym Instytucie zatrudniony jestem od 2003 roku. Go\u015bcinnie tak\u017ce na 3 innych krajowych uczelniach.<\/p>\n<p>Prowadzi\u0142em w tym okresie lub nadal prowadz\u0119 takie przedmioty jak: projektowanie graficzne, liternictwo i typografia, grafika wydawnicza, projektowanie ilustracji ksi\u0105\u017cki, projektowanie opakowa\u0144 i przestrzeni wystawienniczej, struktury wizualne, percepcja wizualna i audiowizualna. Zakres mojej aktywno\u015bci tw\u00f3rczej to g\u0142\u00f3wnie projektowanie graficzne \u2014 plakat, identyfikacja wizualna, infografika, grafika wydawnicza a ponadto: ilustracja, grafika warsztatowa, malarstwo, kaligrafia a tak\u017ce teatr. Moj\u0105 g\u0142\u00f3wn\u0105 domen\u0105 od lat jest plakat, nie tylko ten utylitarny \u2013 reklamowy, ale przede wszystkim autorski, kt\u00f3ry uwa\u017cam za doskona\u0142e medium do wyra\u017cania swoich refleksji, uczu\u0107 i pogl\u0105d\u00f3w. Pozwala na szybk\u0105 reakcj\u0119 na otaczaj\u0105cy \u015bwiat. Tak jak dizajn oraz sztuka wymaga dyscypliny, \u015bwie\u017co\u015bci, eksperymentowania. Posiada w\u00f3wczas niezwyk\u0142\u0105 moc.\u201d<\/p>\n<\/div>\r\n                    <\/div>\r\n                <\/div>[\/vc_column][\/vc_row][vc_row][vc_column]            \r\n                    <div class=\"container\">\r\n                        <div class=\"gallery gallery_2\" data-images-in-row=\"2\">\r\n                            \r\n                            <div class=\"row m-0\">\r\n                                <a data-fancybox-group=\"button\" title=\"snowman\" data-fancybox=\"382\" href=\"https:\/\/us.edu.pl\/instytut\/isp\/wp-content\/uploads\/sites\/46\/Nieprzypisane\/snowman.png\" class=\"gallery__item thumbnail\"\r\n                                    style=\"background-image: url(https:\/\/us.edu.pl\/instytut\/isp\/wp-content\/uploads\/sites\/46\/Nieprzypisane\/snowman.png)\"> <span class=\"d-none\">https:\/\/us.edu.pl\/instytut\/isp\/wp-content\/uploads\/sites\/46\/Nieprzypisane\/snowman.png<\/span> <\/a><a data-fancybox-group=\"button\" title=\"Stefan Lechwar_Flame in Winter\" data-fancybox=\"382\" href=\"https:\/\/us.edu.pl\/instytut\/isp\/wp-content\/uploads\/sites\/46\/Nieprzypisane\/Stefan-Lechwar_Flame-in-Winter.png\" class=\"gallery__item thumbnail\"\r\n                                    style=\"background-image: url(https:\/\/us.edu.pl\/instytut\/isp\/wp-content\/uploads\/sites\/46\/Nieprzypisane\/Stefan-Lechwar_Flame-in-Winter.png)\"> <span class=\"d-none\">https:\/\/us.edu.pl\/instytut\/isp\/wp-content\/uploads\/sites\/46\/Nieprzypisane\/Stefan-Lechwar_Flame-in-Winter.png<\/span> <\/a><a data-fancybox-group=\"button\" title=\"Stefan Lechwar_MIJA\" data-fancybox=\"382\" href=\"https:\/\/us.edu.pl\/instytut\/isp\/wp-content\/uploads\/sites\/46\/Nieprzypisane\/stefan-lechwar_MIJA_net.png\" class=\"gallery__item thumbnail\"\r\n                                    style=\"background-image: url(https:\/\/us.edu.pl\/instytut\/isp\/wp-content\/uploads\/sites\/46\/Nieprzypisane\/stefan-lechwar_MIJA_net.png)\"> <span class=\"d-none\">https:\/\/us.edu.pl\/instytut\/isp\/wp-content\/uploads\/sites\/46\/Nieprzypisane\/stefan-lechwar_MIJA_net.png<\/span> <\/a><a data-fancybox-group=\"button\" title=\"Stefan Lechwar_terras gauda 1\" data-fancybox=\"382\" href=\"https:\/\/us.edu.pl\/instytut\/isp\/wp-content\/uploads\/sites\/46\/Nieprzypisane\/Stefan-Lechwar_terras-gauda-1.jpg\" class=\"gallery__item thumbnail\"\r\n                                    style=\"background-image: url(https:\/\/us.edu.pl\/instytut\/isp\/wp-content\/uploads\/sites\/46\/Nieprzypisane\/Stefan-Lechwar_terras-gauda-1.jpg)\"> <span class=\"d-none\">https:\/\/us.edu.pl\/instytut\/isp\/wp-content\/uploads\/sites\/46\/Nieprzypisane\/Stefan-Lechwar_terras-gauda-1.jpg<\/span> <\/a><a data-fancybox-group=\"button\" title=\"Stefan Lechwar_too long\" data-fancybox=\"382\" href=\"https:\/\/us.edu.pl\/instytut\/isp\/wp-content\/uploads\/sites\/46\/Nieprzypisane\/Stefan-Lechwar_too-long.png\" class=\"gallery__item thumbnail\"\r\n                                    style=\"background-image: url(https:\/\/us.edu.pl\/instytut\/isp\/wp-content\/uploads\/sites\/46\/Nieprzypisane\/Stefan-Lechwar_too-long.png)\"> <span class=\"d-none\">https:\/\/us.edu.pl\/instytut\/isp\/wp-content\/uploads\/sites\/46\/Nieprzypisane\/Stefan-Lechwar_too-long.png<\/span> <\/a>\r\n                            <\/div>\r\n                    <\/div>\r\n                <\/div>[\/vc_column][\/vc_row]<\/p>","protected":false},"excerpt":{"rendered":"<p>[vc_row][vc_column][\/vc_column][\/vc_row][vc_row][vc_column][\/vc_column][\/vc_row] [&#8230;]<\/p>\n<p><a class=\"btn btn-secondary understrap-read-more-link\" href=\"https:\/\/us.edu.pl\/instytut\/isp\/wykladowcy\/prof-us-dr-hab-stefan-lechwar\/\">Read More&#8230;<\/a><\/p>\n","protected":false},"author":110,"featured_media":0,"parent":995,"menu_order":0,"comment_status":"closed","ping_status":"closed","template":"","meta":{"_expiration-date-status":"saved","_expiration-date":0,"_expiration-date-type":"","_expiration-date-categories":[],"_expiration-date-options":[]},"acf":[],"_links":{"self":[{"href":"https:\/\/us.edu.pl\/instytut\/isp\/wp-json\/wp\/v2\/pages\/1050"}],"collection":[{"href":"https:\/\/us.edu.pl\/instytut\/isp\/wp-json\/wp\/v2\/pages"}],"about":[{"href":"https:\/\/us.edu.pl\/instytut\/isp\/wp-json\/wp\/v2\/types\/page"}],"author":[{"embeddable":true,"href":"https:\/\/us.edu.pl\/instytut\/isp\/wp-json\/wp\/v2\/users\/110"}],"replies":[{"embeddable":true,"href":"https:\/\/us.edu.pl\/instytut\/isp\/wp-json\/wp\/v2\/comments?post=1050"}],"version-history":[{"count":3,"href":"https:\/\/us.edu.pl\/instytut\/isp\/wp-json\/wp\/v2\/pages\/1050\/revisions"}],"predecessor-version":[{"id":1260,"href":"https:\/\/us.edu.pl\/instytut\/isp\/wp-json\/wp\/v2\/pages\/1050\/revisions\/1260"}],"up":[{"embeddable":true,"href":"https:\/\/us.edu.pl\/instytut\/isp\/wp-json\/wp\/v2\/pages\/995"}],"wp:attachment":[{"href":"https:\/\/us.edu.pl\/instytut\/isp\/wp-json\/wp\/v2\/media?parent=1050"}],"curies":[{"name":"wp","href":"https:\/\/api.w.org\/{rel}","templated":true}]}}