{"id":1052,"date":"2020-11-10T14:32:04","date_gmt":"2020-11-10T13:32:04","guid":{"rendered":"https:\/\/us.edu.pl\/instytut\/isp\/?page_id=1052"},"modified":"2020-11-19T09:20:11","modified_gmt":"2020-11-19T08:20:11","slug":"prof-us-dr-hab-lukasz-klis","status":"publish","type":"page","link":"https:\/\/us.edu.pl\/instytut\/isp\/wykladowcy\/prof-us-dr-hab-lukasz-klis\/","title":{"rendered":"dr hab. \u0141ukasz Kli\u015b, prof. U\u015a"},"content":{"rendered":"<p>[vc_row][vc_column]\r\n                <div class=\"text-modules\">\r\n                    <div class=\"container\">\r\n                        <h3 class=\"page-title text__title\">dr hab. \u0141ukasz Kli\u015b, prof. U\u015a<\/h3>\r\n                        <div class=\"text-modules__content\"><p>Urodzony w 1975 roku w Bielsku-Bia\u0142ej. Absolwent Pa\u0144stwowego Liceum Sztuk Plastycznych im Juliana Fa\u0142ata w Bielsku-Bia\u0142ej (klasa wystawiennicza, matura z wyr\u00f3\u017cnieniem i dyplom w roku 1995). Absolwent Wydzia\u0142u Form Przemys\u0142owych Akademii Sztuk Pi\u0119knych im. Jana Matejki w Krakowie, dyplom w 2000 roku.<\/p>\n<p>W latach 2000 \u2013 2006 pracowa\u0142 w agencjach reklamowych we Wroc\u0142awiu, na stanowisku grafika komputerowego, a p\u00f3\u017aniej dyrektora artystycznego.<\/p>\n<p>Od pa\u017adziernika 2002 roku zatrudniony w Katedrze Projektowania Graficznego Instytutu Sztuki Wydzia\u0142u Artystycznego w Cieszynie Uniwersytetu \u015al\u0105skiego w Katowicach. W roku 2005 obroni\u0142 doktorat w dyscyplinie sztuki pi\u0119kne w Instytucie Sztuki. W roku 2013 obroni\u0142 habilitacj\u0119 w dyscyplinie sztuki pi\u0119kne w Instytucie Sztuki w Cieszynie.<\/p>\n<p>Obecnie pe\u0142ni funkcj\u0119 dyrektora Instytutu Sztuk Plastycznych.<\/p>\n<p>&nbsp;<\/p>\n<p>Prowadzi zaj\u0119cia z zakresu projektowania graficznego i grafiki wydawniczej oraz malarstwem<\/p>\n<p>&nbsp;<\/p>\n<p>Czynnie zajmuje si\u0119 projektowaniem graficznym (projekty z zakresu grafiki edytorskiej \u2013 jest autorem layoutu Gazety Uniwersyteckiej U\u015a, plakatu, znaki graficzne). Stale wsp\u00f3\u0142pracuje z Wydawnictwem Uniwersyteckim Uniwersytetu \u015al\u0105skiego.<\/p>\n<p>Wsp\u00f3\u0142pracuje z Wydzia\u0142em Sztuki (Fakulta Umeni) Uniwersytetu Ostrawskiego \u2013\u00a0od 2006 roku. Wsp\u00f3\u0142praca obejmuje warsztaty dla student\u00f3w, wystawy student\u00f3w i wyk\u0142adowc\u00f3w, wydawnictwa.<\/p>\n<p>Stale wsp\u00f3\u0142pracuje z Instytutem Dziennikarstwa i Komunikacji Spo\u0142ecznej Uniwersytetu Wroc\u0142awskiego.<\/p>\n<p>Interesuje si\u0119 praktyk\u0105 i teori\u0105 dizajnu, malarstwem, literatur\u0105 pi\u0119kn\u0105, tzw. kultur\u0105 popularn\u0105.<\/p>\n<p>Uwa\u017ca, \u017ce o wiele lepiej jest siedzie\u0107 w kawiarni ni\u017c sta\u0107 na czatach.<\/p>\n<p><strong><a href=\"http:\/\/www.lukaszklis.eu\">www.lukaszklis.eu<\/a><\/strong><\/p>\n<p><strong><a href=\"https:\/\/www.behance.net\/Lukasz_Klis\">https:\/\/www.behance.net\/Lukasz_Klis<\/a><\/strong><\/p>\n<figure id=\"attachment_1267\" aria-describedby=\"caption-attachment-1267\" style=\"width: 207px\" class=\"wp-caption alignnone\"><img class=\"size-medium wp-image-1267\" src=\"https:\/\/us.edu.pl\/instytut\/isp\/wp-content\/uploads\/sites\/46\/Nieprzypisane\/IMG_A1F2DB01A586-1-207x300.jpeg\" alt=\"Instagram &quot;Kod QR&quot;\" width=\"207\" height=\"300\" srcset=\"https:\/\/us.edu.pl\/instytut\/isp\/wp-content\/uploads\/sites\/46\/Nieprzypisane\/IMG_A1F2DB01A586-1-207x300.jpeg 207w, https:\/\/us.edu.pl\/instytut\/isp\/wp-content\/uploads\/sites\/46\/Nieprzypisane\/IMG_A1F2DB01A586-1-397x575.jpeg 397w, https:\/\/us.edu.pl\/instytut\/isp\/wp-content\/uploads\/sites\/46\/Nieprzypisane\/IMG_A1F2DB01A586-1.jpeg 640w\" sizes=\"(max-width: 207px) 100vw, 207px\" \/><figcaption id=\"caption-attachment-1267\" class=\"wp-caption-text\">Instagram &#8222;Kod QR&#8221;<\/figcaption><\/figure>\n<p>\n<\/div>\r\n                    <\/div>\r\n                <\/div>[\/vc_column][\/vc_row]<\/p>","protected":false},"excerpt":{"rendered":"<p>[vc_row][vc_column][\/vc_column][\/vc_row] [&#8230;]<\/p>\n<p><a class=\"btn btn-secondary understrap-read-more-link\" href=\"https:\/\/us.edu.pl\/instytut\/isp\/wykladowcy\/prof-us-dr-hab-lukasz-klis\/\">Read More&#8230;<\/a><\/p>\n","protected":false},"author":110,"featured_media":0,"parent":995,"menu_order":0,"comment_status":"closed","ping_status":"closed","template":"","meta":{"_expiration-date-status":"saved","_expiration-date":0,"_expiration-date-type":"","_expiration-date-categories":[],"_expiration-date-options":[]},"acf":[],"_links":{"self":[{"href":"https:\/\/us.edu.pl\/instytut\/isp\/wp-json\/wp\/v2\/pages\/1052"}],"collection":[{"href":"https:\/\/us.edu.pl\/instytut\/isp\/wp-json\/wp\/v2\/pages"}],"about":[{"href":"https:\/\/us.edu.pl\/instytut\/isp\/wp-json\/wp\/v2\/types\/page"}],"author":[{"embeddable":true,"href":"https:\/\/us.edu.pl\/instytut\/isp\/wp-json\/wp\/v2\/users\/110"}],"replies":[{"embeddable":true,"href":"https:\/\/us.edu.pl\/instytut\/isp\/wp-json\/wp\/v2\/comments?post=1052"}],"version-history":[{"count":6,"href":"https:\/\/us.edu.pl\/instytut\/isp\/wp-json\/wp\/v2\/pages\/1052\/revisions"}],"predecessor-version":[{"id":1268,"href":"https:\/\/us.edu.pl\/instytut\/isp\/wp-json\/wp\/v2\/pages\/1052\/revisions\/1268"}],"up":[{"embeddable":true,"href":"https:\/\/us.edu.pl\/instytut\/isp\/wp-json\/wp\/v2\/pages\/995"}],"wp:attachment":[{"href":"https:\/\/us.edu.pl\/instytut\/isp\/wp-json\/wp\/v2\/media?parent=1052"}],"curies":[{"name":"wp","href":"https:\/\/api.w.org\/{rel}","templated":true}]}}