{"id":1293,"date":"2020-11-27T11:57:47","date_gmt":"2020-11-27T10:57:47","guid":{"rendered":"https:\/\/us.edu.pl\/instytut\/isp\/?page_id=1293"},"modified":"2021-11-03T14:17:05","modified_gmt":"2021-11-03T13:17:05","slug":"dr-katarzyna-handzlik-bak","status":"publish","type":"page","link":"https:\/\/us.edu.pl\/instytut\/isp\/wykladowcy\/dr-katarzyna-handzlik-bak\/","title":{"rendered":"dr hab. Katarzyna Handzlik-B\u0105k, prof. U\u015a"},"content":{"rendered":"<p>[vc_row][vc_column]\r\n                <div class=\"text-modules\">\r\n                    <div class=\"container\">\r\n                        <h3 class=\"page-title text__title\">dr hab. Katarzyna Handzlik-B\u0105k, prof. U\u015a<\/h3>\r\n                        <div class=\"text-modules__content\"><p>Absolwentka wroc\u0142awskiej Akademii Sztuk Pi\u0119knych, Wydzia\u0142u Ceramiki i Szk\u0142a, gdzie uzyska\u0142a r\u00f3wnie\u017c tytu\u0142 doktora sztuki. Zawodowo zwi\u0105zana z Uniwersytetem \u015al\u0105skim, prowadzi autorsk\u0105 Pracowni\u0119 Sztuki Przedmiotu w Instytucie Sztuk Plastycznych. Jej tw\u00f3rczo\u015b\u0107 skupiona jest wok\u00f3\u0142 dzia\u0142a\u0144 przestrzennych, asambla\u017cu oraz ready mades, zajmuje si\u0119 ponadto kola\u017cem i ma\u0142\u0105 form\u0105 graficzn\u0105, w szczeg\u00f3lno\u015bci ekslibrisem.<\/p>\n<p>Autorka kilkudziesi\u0119ciu wystaw indywidualnych w Polsce, Wielkiej Brytanii i Finlandii, uczestniczy\u0142a w wielu prezentacjach mi\u0119dzynarodowych w Europie, Azji i Ameryce P\u00f3\u0142nocnej.<\/p>\n<p>Jest cz\u0142onkiem Zwi\u0105zku Polskich Artyst\u00f3w Plastyk\u00f3w oraz Deutsche Exlibris Gesellschaft.<\/p>\n<p>Laureatka nagrody \u201eOscarU\u015b\u201d w kategorii artysta (2016) przyznawanej przez student\u00f3w Uniwersytetu \u015al\u0105skiego.<\/p>\n<p>Kontakt:<\/p>\n<p><a href=\"mailto:katarzyna.handzlik-bak@us.edu.pl\">katarzyna.handzlik-bak@us.edu.pl<\/a><\/p>\n<p>instagram: katarzyna.handzlik.artwork; katarzyna.handzlik.exlibris<\/p>\n<p><a href=\"http:\/\/facebook.com\/katarzyna.handzlik.artwork\">facebook.com\/katarzyna.handzlik.artwork<\/a><\/p>\n<\/div>\r\n                    <\/div>\r\n                <\/div>[\/vc_column][\/vc_row][vc_row][vc_column]            \r\n                    <div class=\"container\">\r\n                        <div class=\"gallery gallery_2\" data-images-in-row=\"2\">\r\n                            \r\n                            <div class=\"row m-0\">\r\n                                <a data-fancybox-group=\"button\" title=\"kompas minionej epoki (1)\" data-fancybox=\"723\" href=\"https:\/\/us.edu.pl\/instytut\/isp\/wp-content\/uploads\/sites\/46\/Nieprzypisane\/kompas-minionej-epoki-1-1.jpg\" class=\"gallery__item thumbnail\"\r\n                                    style=\"background-image: url(https:\/\/us.edu.pl\/instytut\/isp\/wp-content\/uploads\/sites\/46\/Nieprzypisane\/kompas-minionej-epoki-1-1.jpg)\"> <span class=\"d-none\">https:\/\/us.edu.pl\/instytut\/isp\/wp-content\/uploads\/sites\/46\/Nieprzypisane\/kompas-minionej-epoki-1-1.jpg<\/span> <\/a><a data-fancybox-group=\"button\" title=\"nap\u00f3j_ze_s\u0142odko\u015bci (2)\" data-fancybox=\"723\" href=\"https:\/\/us.edu.pl\/instytut\/isp\/wp-content\/uploads\/sites\/46\/Nieprzypisane\/nap\u00f3j_ze_s\u0142odko\u015bci-2.jpg\" class=\"gallery__item thumbnail\"\r\n                                    style=\"background-image: url(https:\/\/us.edu.pl\/instytut\/isp\/wp-content\/uploads\/sites\/46\/Nieprzypisane\/nap\u00f3j_ze_s\u0142odko\u015bci-2.jpg)\"> <span class=\"d-none\">https:\/\/us.edu.pl\/instytut\/isp\/wp-content\/uploads\/sites\/46\/Nieprzypisane\/nap\u00f3j_ze_s\u0142odko\u015bci-2.jpg<\/span> <\/a><a data-fancybox-group=\"button\" title=\"rudy_102 (2)\" data-fancybox=\"723\" href=\"https:\/\/us.edu.pl\/instytut\/isp\/wp-content\/uploads\/sites\/46\/Nieprzypisane\/rudy_102-2.jpg\" class=\"gallery__item thumbnail\"\r\n                                    style=\"background-image: url(https:\/\/us.edu.pl\/instytut\/isp\/wp-content\/uploads\/sites\/46\/Nieprzypisane\/rudy_102-2.jpg)\"> <span class=\"d-none\">https:\/\/us.edu.pl\/instytut\/isp\/wp-content\/uploads\/sites\/46\/Nieprzypisane\/rudy_102-2.jpg<\/span> <\/a><a data-fancybox-group=\"button\" title=\"trening (4)\" data-fancybox=\"723\" href=\"https:\/\/us.edu.pl\/instytut\/isp\/wp-content\/uploads\/sites\/46\/Nieprzypisane\/trening-4.jpg\" class=\"gallery__item thumbnail\"\r\n                                    style=\"background-image: url(https:\/\/us.edu.pl\/instytut\/isp\/wp-content\/uploads\/sites\/46\/Nieprzypisane\/trening-4.jpg)\"> <span class=\"d-none\">https:\/\/us.edu.pl\/instytut\/isp\/wp-content\/uploads\/sites\/46\/Nieprzypisane\/trening-4.jpg<\/span> <\/a><a data-fancybox-group=\"button\" title=\"siedlisko (4)\" data-fancybox=\"723\" href=\"https:\/\/us.edu.pl\/instytut\/isp\/wp-content\/uploads\/sites\/46\/Nieprzypisane\/siedlisko-4.jpg\" class=\"gallery__item thumbnail\"\r\n                                    style=\"background-image: url(https:\/\/us.edu.pl\/instytut\/isp\/wp-content\/uploads\/sites\/46\/Nieprzypisane\/siedlisko-4.jpg)\"> <span class=\"d-none\">https:\/\/us.edu.pl\/instytut\/isp\/wp-content\/uploads\/sites\/46\/Nieprzypisane\/siedlisko-4.jpg<\/span> <\/a><a data-fancybox-group=\"button\" title=\"temper\u00f3wka (6)\" data-fancybox=\"723\" href=\"https:\/\/us.edu.pl\/instytut\/isp\/wp-content\/uploads\/sites\/46\/Nieprzypisane\/temper\u00f3wka-6.jpg\" class=\"gallery__item thumbnail\"\r\n                                    style=\"background-image: url(https:\/\/us.edu.pl\/instytut\/isp\/wp-content\/uploads\/sites\/46\/Nieprzypisane\/temper\u00f3wka-6.jpg)\"> <span class=\"d-none\">https:\/\/us.edu.pl\/instytut\/isp\/wp-content\/uploads\/sites\/46\/Nieprzypisane\/temper\u00f3wka-6.jpg<\/span> <\/a><a data-fancybox-group=\"button\" title=\"trop (fragment) (7)\" data-fancybox=\"723\" href=\"https:\/\/us.edu.pl\/instytut\/isp\/wp-content\/uploads\/sites\/46\/Nieprzypisane\/trop-fragment-7.jpg\" class=\"gallery__item thumbnail\"\r\n                                    style=\"background-image: url(https:\/\/us.edu.pl\/instytut\/isp\/wp-content\/uploads\/sites\/46\/Nieprzypisane\/trop-fragment-7.jpg)\"> <span class=\"d-none\">https:\/\/us.edu.pl\/instytut\/isp\/wp-content\/uploads\/sites\/46\/Nieprzypisane\/trop-fragment-7.jpg<\/span> <\/a>\r\n                            <\/div>\r\n                    <\/div>\r\n                <\/div>[\/vc_column][\/vc_row]<\/p>","protected":false},"excerpt":{"rendered":"<p>[vc_row][vc_column][\/vc_column][\/vc_row][vc_row][vc_column][\/vc_column][\/vc_row] [&#8230;]<\/p>\n<p><a class=\"btn btn-secondary understrap-read-more-link\" href=\"https:\/\/us.edu.pl\/instytut\/isp\/wykladowcy\/dr-katarzyna-handzlik-bak\/\">Read More&#8230;<\/a><\/p>\n","protected":false},"author":110,"featured_media":0,"parent":995,"menu_order":0,"comment_status":"closed","ping_status":"closed","template":"","meta":{"_expiration-date-status":"saved","_expiration-date":0,"_expiration-date-type":"","_expiration-date-categories":[],"_expiration-date-options":[]},"acf":[],"_links":{"self":[{"href":"https:\/\/us.edu.pl\/instytut\/isp\/wp-json\/wp\/v2\/pages\/1293"}],"collection":[{"href":"https:\/\/us.edu.pl\/instytut\/isp\/wp-json\/wp\/v2\/pages"}],"about":[{"href":"https:\/\/us.edu.pl\/instytut\/isp\/wp-json\/wp\/v2\/types\/page"}],"author":[{"embeddable":true,"href":"https:\/\/us.edu.pl\/instytut\/isp\/wp-json\/wp\/v2\/users\/110"}],"replies":[{"embeddable":true,"href":"https:\/\/us.edu.pl\/instytut\/isp\/wp-json\/wp\/v2\/comments?post=1293"}],"version-history":[{"count":6,"href":"https:\/\/us.edu.pl\/instytut\/isp\/wp-json\/wp\/v2\/pages\/1293\/revisions"}],"predecessor-version":[{"id":2221,"href":"https:\/\/us.edu.pl\/instytut\/isp\/wp-json\/wp\/v2\/pages\/1293\/revisions\/2221"}],"up":[{"embeddable":true,"href":"https:\/\/us.edu.pl\/instytut\/isp\/wp-json\/wp\/v2\/pages\/995"}],"wp:attachment":[{"href":"https:\/\/us.edu.pl\/instytut\/isp\/wp-json\/wp\/v2\/media?parent=1293"}],"curies":[{"name":"wp","href":"https:\/\/api.w.org\/{rel}","templated":true}]}}