{"id":1374,"date":"2020-12-03T15:15:41","date_gmt":"2020-12-03T14:15:41","guid":{"rendered":"https:\/\/us.edu.pl\/instytut\/isp\/?page_id=1374"},"modified":"2020-12-03T15:17:38","modified_gmt":"2020-12-03T14:17:38","slug":"dr-hab-kaja-renkas-prof-us","status":"publish","type":"page","link":"https:\/\/us.edu.pl\/instytut\/isp\/wykladowcy\/dr-hab-kaja-renkas-prof-us\/","title":{"rendered":"dr hab. Kaja Renkas, prof. U\u015a"},"content":{"rendered":"<p>[vc_row][vc_column]\r\n                <div class=\"text-modules\">\r\n                    <div class=\"container\">\r\n                        <h3 class=\"page-title text__title\">dr hab. Kaja Renkas, prof. U\u015a<\/h3>\r\n                        <div class=\"text-modules__content\"><p><a href=\"http:\/\/www.kajarenkas.com\/\">www.kajarenkas.com<\/a><\/p>\n<p>Projektantka, ilustratorka, artystka dzia\u0142aj\u0105ca w przestrzeniach grafiki tradycyjnej (sitodruku) oraz najnowszych technologiach cyfrowych (Augmented Reality).<\/p>\n<p>Absolwentka Akademii Sztuk Pi\u0119knych w Katowicach, dyplom uzyska\u0142a w obszarze grafiki warsztatowej. Swoj\u0105 edukacj\u0119 kontynuowa\u0142a na Wydziale Artystycznym Instytutu Sztuki Uniwersytetu \u015al\u0105skiego.<\/p>\n<p>Jej prace pokazywane by\u0142y podczas wystaw indywidualnych w wielu znacz\u0105cych miejscach na \u015bwiecie m.inn: Haight Street Art Center, San Francisco, USA; Gallery 215, Northern Illinois University, DeKalb, USA; 2600 Cherokee Street, St. Louis, USA; Galer\u00eda Luis Nishizawa, Mexico City, Meksyk; Gallery of the Belarusian Academy of Fine Arts, Mi\u0144sk, Bia\u0142oru\u015b; Gallery Zed, Leuven, Belgia; Polish Poster Gallery, Berlin, Niemcy; Gallery Kotlawnia, Koszyce, S\u0142owacja; Dydo Poster Gallery, Krak\u00f3w Polska; Galeria Plakatu Polskiego, Wroc\u0142aw; Casa Cartel, San Luis Potosi, Meksyk; The Boyle Family Gallery, St.Louis, USA.<\/p>\n<p>W swojej tw\u00f3rczo\u015bci eksperymentuje, odkrywa nowe obszary, wsp\u00f3\u0142pracowa\u0142a z projektantami mody, markami takimi jak :Imago-Art, Medicine, wraz z Iwon\u0105 Pom tworzy animacje oraz grafiki<\/p>\n<p>w technologii Augmented Reality, jednak g\u0142\u00f3wn\u0105 przestrzeni\u0105 jej dzia\u0142a\u0144 jest sztuka plakatu.Jest pomys\u0142odawczyni\u0105 oraz organizatork\u0105 Mi\u0119dzynarodowego Festiwalu Plakatu PlakatFest w Chorzowie.<\/p>\n<\/div>\r\n                    <\/div>\r\n                <\/div>[\/vc_column][\/vc_row][vc_row][vc_column]            \r\n                    <div class=\"container\">\r\n                        <div class=\"gallery gallery_2\" data-images-in-row=\"2\">\r\n                            \r\n                            <div class=\"row m-0\">\r\n                                <a data-fancybox-group=\"button\" title=\"Satyrykon Festival\" data-fancybox=\"9938\" href=\"https:\/\/us.edu.pl\/instytut\/isp\/wp-content\/uploads\/sites\/46\/Nieprzypisane\/Satyrykon-Festival.jpg\" class=\"gallery__item thumbnail\"\r\n                                    style=\"background-image: url(https:\/\/us.edu.pl\/instytut\/isp\/wp-content\/uploads\/sites\/46\/Nieprzypisane\/Satyrykon-Festival.jpg)\"> <span class=\"d-none\">https:\/\/us.edu.pl\/instytut\/isp\/wp-content\/uploads\/sites\/46\/Nieprzypisane\/Satyrykon-Festival.jpg<\/span> <\/a><a data-fancybox-group=\"button\" title=\"Poster Gallery_plakat\" data-fancybox=\"9938\" href=\"https:\/\/us.edu.pl\/instytut\/isp\/wp-content\/uploads\/sites\/46\/Nieprzypisane\/Poster-Gallery_plakat.jpg\" class=\"gallery__item thumbnail\"\r\n                                    style=\"background-image: url(https:\/\/us.edu.pl\/instytut\/isp\/wp-content\/uploads\/sites\/46\/Nieprzypisane\/Poster-Gallery_plakat.jpg)\"> <span class=\"d-none\">https:\/\/us.edu.pl\/instytut\/isp\/wp-content\/uploads\/sites\/46\/Nieprzypisane\/Poster-Gallery_plakat.jpg<\/span> <\/a><a data-fancybox-group=\"button\" title=\"Polnisch Poetisch_plakat\" data-fancybox=\"9938\" href=\"https:\/\/us.edu.pl\/instytut\/isp\/wp-content\/uploads\/sites\/46\/Nieprzypisane\/Polnisch-Poetisch_plakat.jpg\" class=\"gallery__item thumbnail\"\r\n                                    style=\"background-image: url(https:\/\/us.edu.pl\/instytut\/isp\/wp-content\/uploads\/sites\/46\/Nieprzypisane\/Polnisch-Poetisch_plakat.jpg)\"> <span class=\"d-none\">https:\/\/us.edu.pl\/instytut\/isp\/wp-content\/uploads\/sites\/46\/Nieprzypisane\/Polnisch-Poetisch_plakat.jpg<\/span> <\/a><a data-fancybox-group=\"button\" title=\"San Francisco Show\" data-fancybox=\"9938\" href=\"https:\/\/us.edu.pl\/instytut\/isp\/wp-content\/uploads\/sites\/46\/Nieprzypisane\/San-Francisco-Show.jpg\" class=\"gallery__item thumbnail\"\r\n                                    style=\"background-image: url(https:\/\/us.edu.pl\/instytut\/isp\/wp-content\/uploads\/sites\/46\/Nieprzypisane\/San-Francisco-Show.jpg)\"> <span class=\"d-none\">https:\/\/us.edu.pl\/instytut\/isp\/wp-content\/uploads\/sites\/46\/Nieprzypisane\/San-Francisco-Show.jpg<\/span> <\/a><a data-fancybox-group=\"button\" title=\"KFL\" data-fancybox=\"9938\" href=\"https:\/\/us.edu.pl\/instytut\/isp\/wp-content\/uploads\/sites\/46\/Nieprzypisane\/KFL.jpg\" class=\"gallery__item thumbnail\"\r\n                                    style=\"background-image: url(https:\/\/us.edu.pl\/instytut\/isp\/wp-content\/uploads\/sites\/46\/Nieprzypisane\/KFL.jpg)\"> <span class=\"d-none\">https:\/\/us.edu.pl\/instytut\/isp\/wp-content\/uploads\/sites\/46\/Nieprzypisane\/KFL.jpg<\/span> <\/a><a data-fancybox-group=\"button\" title=\"cyrk_AR graphics App\" data-fancybox=\"9938\" href=\"https:\/\/us.edu.pl\/instytut\/isp\/wp-content\/uploads\/sites\/46\/Nieprzypisane\/cyrk_AR-graphics-App.jpg\" class=\"gallery__item thumbnail\"\r\n                                    style=\"background-image: url(https:\/\/us.edu.pl\/instytut\/isp\/wp-content\/uploads\/sites\/46\/Nieprzypisane\/cyrk_AR-graphics-App.jpg)\"> <span class=\"d-none\">https:\/\/us.edu.pl\/instytut\/isp\/wp-content\/uploads\/sites\/46\/Nieprzypisane\/cyrk_AR-graphics-App.jpg<\/span> <\/a><a data-fancybox-group=\"button\" title=\"InterFilm_plakat\" data-fancybox=\"9938\" href=\"https:\/\/us.edu.pl\/instytut\/isp\/wp-content\/uploads\/sites\/46\/Nieprzypisane\/InterFilm_plakat.jpg\" class=\"gallery__item thumbnail\"\r\n                                    style=\"background-image: url(https:\/\/us.edu.pl\/instytut\/isp\/wp-content\/uploads\/sites\/46\/Nieprzypisane\/InterFilm_plakat.jpg)\"> <span class=\"d-none\">https:\/\/us.edu.pl\/instytut\/isp\/wp-content\/uploads\/sites\/46\/Nieprzypisane\/InterFilm_plakat.jpg<\/span> <\/a>\r\n                            <\/div>\r\n                    <\/div>\r\n                <\/div>[\/vc_column][\/vc_row]<\/p>","protected":false},"excerpt":{"rendered":"<p>[vc_row][vc_column][\/vc_column][\/vc_row][vc_row][vc_column][\/vc_column][\/vc_row] [&#8230;]<\/p>\n<p><a class=\"btn btn-secondary understrap-read-more-link\" href=\"https:\/\/us.edu.pl\/instytut\/isp\/wykladowcy\/dr-hab-kaja-renkas-prof-us\/\">Read More&#8230;<\/a><\/p>\n","protected":false},"author":110,"featured_media":0,"parent":995,"menu_order":0,"comment_status":"closed","ping_status":"closed","template":"","meta":{"_expiration-date-status":"saved","_expiration-date":0,"_expiration-date-type":"","_expiration-date-categories":[],"_expiration-date-options":[]},"acf":[],"_links":{"self":[{"href":"https:\/\/us.edu.pl\/instytut\/isp\/wp-json\/wp\/v2\/pages\/1374"}],"collection":[{"href":"https:\/\/us.edu.pl\/instytut\/isp\/wp-json\/wp\/v2\/pages"}],"about":[{"href":"https:\/\/us.edu.pl\/instytut\/isp\/wp-json\/wp\/v2\/types\/page"}],"author":[{"embeddable":true,"href":"https:\/\/us.edu.pl\/instytut\/isp\/wp-json\/wp\/v2\/users\/110"}],"replies":[{"embeddable":true,"href":"https:\/\/us.edu.pl\/instytut\/isp\/wp-json\/wp\/v2\/comments?post=1374"}],"version-history":[{"count":2,"href":"https:\/\/us.edu.pl\/instytut\/isp\/wp-json\/wp\/v2\/pages\/1374\/revisions"}],"predecessor-version":[{"id":1383,"href":"https:\/\/us.edu.pl\/instytut\/isp\/wp-json\/wp\/v2\/pages\/1374\/revisions\/1383"}],"up":[{"embeddable":true,"href":"https:\/\/us.edu.pl\/instytut\/isp\/wp-json\/wp\/v2\/pages\/995"}],"wp:attachment":[{"href":"https:\/\/us.edu.pl\/instytut\/isp\/wp-json\/wp\/v2\/media?parent=1374"}],"curies":[{"name":"wp","href":"https:\/\/api.w.org\/{rel}","templated":true}]}}