{"id":1385,"date":"2020-12-08T14:00:17","date_gmt":"2020-12-08T13:00:17","guid":{"rendered":"https:\/\/us.edu.pl\/instytut\/isp\/?page_id=1385"},"modified":"2020-12-08T14:00:17","modified_gmt":"2020-12-08T13:00:17","slug":"dr-wojciech-kukuczka","status":"publish","type":"page","link":"https:\/\/us.edu.pl\/instytut\/isp\/wykladowcy\/dr-wojciech-kukuczka\/","title":{"rendered":"dr Wojciech Kukuczka"},"content":{"rendered":"<p>[vc_row][vc_column]\r\n                <div class=\"text-modules\">\r\n                    <div class=\"container\">\r\n                        <h3 class=\"page-title text__title\">dr Wojciech Kukuczka<\/h3>\r\n                        <div class=\"text-modules__content\"><p>G\u0142\u00f3wne obszary dzia\u0142ania to fotografia, multimedia, projektowanie graficzne oraz film. Absolwent Technikum Fotograficznego, studi\u00f3w magisterskich Fotografia i Multimedia na ASP Wroc\u0142aw oraz student Komunikacji Wizualnej AKI Academy of Fine Art w Holandii. W roku 2017 obroni\u0142 doktorat z zakresu Sztuk Pi\u0119knych w Instytucie Sztuki, Wydzia\u0142u Artystycznego na Uniwersytecie \u015al\u0105skim.<\/p>\n<p>Uczestnik ponad 70-ciu wystaw artystycznych w tym ponad 30-tu indywidualnych, mi\u0119dzy innymi w BWA Bielsko-Bia\u0142a, BWA Wroc\u0142aw, ZPAF Warszawa, Engram Katowice, Galeria Ma\u0142a Nowy S\u0105cz, uczestnik festiwali artystycznych mi\u0119dzy innymi: \u201eFoto Festiwalu\u201d \u0141\u00f3d\u017a, \u201eThe World Photography Awards &#8211; Cannes\u201d we Francji. W roku 2010 otrzyma\u0142 nagrod\u0119 za najlepszy film polski na Przegl\u0105dzie Film\u00f3w G\u00f3rskich w L\u0105dku Zdroju.<\/p>\n<p>Inicjator akcji charytatywnej 3440 Metr\u00f3w Nad Poziomem \u015awiata, za\u0142o\u017cyciel Galerii Negatyw w Katowicach, prezes fundacji na rzecz kultury \u201eWielki Cz\u0142owiek\u201d. Kurator ponad 30-tu wystaw artystycznych, mi\u0119dzy innymi Zdzis\u0142awa Beksi\u0144skiego, Jana Bu\u0142haka, Gasparda Felixa Tournachona (Nadara). Prowadzi autorskie warsztaty z zakresu fotografii, animacji (STS) oraz zaj\u0119cia w zakresie sztuk pi\u0119knych z uczniami oraz studentami. Zrealizowa\u0142 kilkana\u015bcie projekt\u00f3w artystycznych z zakresu kultury i sztuki w trybie grant\u00f3w oraz dotacji.<\/p>\n<p>Stypendysta Wydzia\u0142u Kultury Urz\u0119du Marsza\u0142kowskiego woj. \u015al\u0105skiego, Wydzia\u0142u Kultury miasta Wroc\u0142aw oraz Wydzia\u0142u Artystycznego U\u015a (stypendium dla najlepszego doktoranta), czterokrotny beneficjent \u00a0nagrody dla M\u0142odych Tw\u00f3rc\u00f3w Kultury Wydzia\u0142u Kultury miasta Katowice.<\/p>\n<\/div>\r\n                    <\/div>\r\n                <\/div>[\/vc_column][\/vc_row][vc_row][vc_column]            \r\n                    <div class=\"container\">\r\n                        <div class=\"gallery gallery_2\" data-images-in-row=\"2\">\r\n                            \r\n                            <div class=\"row m-0\">\r\n                                <a data-fancybox-group=\"button\" title=\"2009 Bia\u0142o-czerwone miejsce\" data-fancybox=\"5837\" href=\"https:\/\/us.edu.pl\/instytut\/isp\/wp-content\/uploads\/sites\/46\/Nieprzypisane\/2009-Bia\u0142o-czerwone-miejsce.jpg\" class=\"gallery__item thumbnail\"\r\n                                    style=\"background-image: url(https:\/\/us.edu.pl\/instytut\/isp\/wp-content\/uploads\/sites\/46\/Nieprzypisane\/2009-Bia\u0142o-czerwone-miejsce.jpg)\"> <span class=\"d-none\">https:\/\/us.edu.pl\/instytut\/isp\/wp-content\/uploads\/sites\/46\/Nieprzypisane\/2009-Bia\u0142o-czerwone-miejsce.jpg<\/span> <\/a><a data-fancybox-group=\"button\" title=\"2013 Bramy\" data-fancybox=\"5837\" href=\"https:\/\/us.edu.pl\/instytut\/isp\/wp-content\/uploads\/sites\/46\/Nieprzypisane\/2013-Bramy-.jpg\" class=\"gallery__item thumbnail\"\r\n                                    style=\"background-image: url(https:\/\/us.edu.pl\/instytut\/isp\/wp-content\/uploads\/sites\/46\/Nieprzypisane\/2013-Bramy-.jpg)\"> <span class=\"d-none\">https:\/\/us.edu.pl\/instytut\/isp\/wp-content\/uploads\/sites\/46\/Nieprzypisane\/2013-Bramy-.jpg<\/span> <\/a><a data-fancybox-group=\"button\" title=\"2016 Lustra\" data-fancybox=\"5837\" href=\"https:\/\/us.edu.pl\/instytut\/isp\/wp-content\/uploads\/sites\/46\/Nieprzypisane\/2016-Lustra.jpg\" class=\"gallery__item thumbnail\"\r\n                                    style=\"background-image: url(https:\/\/us.edu.pl\/instytut\/isp\/wp-content\/uploads\/sites\/46\/Nieprzypisane\/2016-Lustra.jpg)\"> <span class=\"d-none\">https:\/\/us.edu.pl\/instytut\/isp\/wp-content\/uploads\/sites\/46\/Nieprzypisane\/2016-Lustra.jpg<\/span> <\/a><a data-fancybox-group=\"button\" title=\"2017 Obrazy nieuchwycone\" data-fancybox=\"5837\" href=\"https:\/\/us.edu.pl\/instytut\/isp\/wp-content\/uploads\/sites\/46\/Nieprzypisane\/2017-Obrazy-nieuchwycone.jpg\" class=\"gallery__item thumbnail\"\r\n                                    style=\"background-image: url(https:\/\/us.edu.pl\/instytut\/isp\/wp-content\/uploads\/sites\/46\/Nieprzypisane\/2017-Obrazy-nieuchwycone.jpg)\"> <span class=\"d-none\">https:\/\/us.edu.pl\/instytut\/isp\/wp-content\/uploads\/sites\/46\/Nieprzypisane\/2017-Obrazy-nieuchwycone.jpg<\/span> <\/a><a data-fancybox-group=\"button\" title=\"2019 Transgresje Rave\" data-fancybox=\"5837\" href=\"https:\/\/us.edu.pl\/instytut\/isp\/wp-content\/uploads\/sites\/46\/Nieprzypisane\/2019-Transgresje-Rave.jpg\" class=\"gallery__item thumbnail\"\r\n                                    style=\"background-image: url(https:\/\/us.edu.pl\/instytut\/isp\/wp-content\/uploads\/sites\/46\/Nieprzypisane\/2019-Transgresje-Rave.jpg)\"> <span class=\"d-none\">https:\/\/us.edu.pl\/instytut\/isp\/wp-content\/uploads\/sites\/46\/Nieprzypisane\/2019-Transgresje-Rave.jpg<\/span> <\/a><a data-fancybox-group=\"button\" title=\"2020 Balladyna\" data-fancybox=\"5837\" href=\"https:\/\/us.edu.pl\/instytut\/isp\/wp-content\/uploads\/sites\/46\/Nieprzypisane\/2020-Balladyna.jpg\" class=\"gallery__item thumbnail\"\r\n                                    style=\"background-image: url(https:\/\/us.edu.pl\/instytut\/isp\/wp-content\/uploads\/sites\/46\/Nieprzypisane\/2020-Balladyna.jpg)\"> <span class=\"d-none\">https:\/\/us.edu.pl\/instytut\/isp\/wp-content\/uploads\/sites\/46\/Nieprzypisane\/2020-Balladyna.jpg<\/span> <\/a>\r\n                            <\/div>\r\n                    <\/div>\r\n                <\/div>[\/vc_column][\/vc_row]<\/p>","protected":false},"excerpt":{"rendered":"<p>[vc_row][vc_column][\/vc_column][\/vc_row][vc_row][vc_column][\/vc_column][\/vc_row] [&#8230;]<\/p>\n<p><a class=\"btn btn-secondary understrap-read-more-link\" href=\"https:\/\/us.edu.pl\/instytut\/isp\/wykladowcy\/dr-wojciech-kukuczka\/\">Read More&#8230;<\/a><\/p>\n","protected":false},"author":110,"featured_media":0,"parent":995,"menu_order":0,"comment_status":"closed","ping_status":"closed","template":"","meta":{"_expiration-date-status":"saved","_expiration-date":0,"_expiration-date-type":"","_expiration-date-categories":[],"_expiration-date-options":[]},"acf":[],"_links":{"self":[{"href":"https:\/\/us.edu.pl\/instytut\/isp\/wp-json\/wp\/v2\/pages\/1385"}],"collection":[{"href":"https:\/\/us.edu.pl\/instytut\/isp\/wp-json\/wp\/v2\/pages"}],"about":[{"href":"https:\/\/us.edu.pl\/instytut\/isp\/wp-json\/wp\/v2\/types\/page"}],"author":[{"embeddable":true,"href":"https:\/\/us.edu.pl\/instytut\/isp\/wp-json\/wp\/v2\/users\/110"}],"replies":[{"embeddable":true,"href":"https:\/\/us.edu.pl\/instytut\/isp\/wp-json\/wp\/v2\/comments?post=1385"}],"version-history":[{"count":1,"href":"https:\/\/us.edu.pl\/instytut\/isp\/wp-json\/wp\/v2\/pages\/1385\/revisions"}],"predecessor-version":[{"id":1392,"href":"https:\/\/us.edu.pl\/instytut\/isp\/wp-json\/wp\/v2\/pages\/1385\/revisions\/1392"}],"up":[{"embeddable":true,"href":"https:\/\/us.edu.pl\/instytut\/isp\/wp-json\/wp\/v2\/pages\/995"}],"wp:attachment":[{"href":"https:\/\/us.edu.pl\/instytut\/isp\/wp-json\/wp\/v2\/media?parent=1385"}],"curies":[{"name":"wp","href":"https:\/\/api.w.org\/{rel}","templated":true}]}}