{"id":1414,"date":"2020-12-14T11:03:54","date_gmt":"2020-12-14T10:03:54","guid":{"rendered":"https:\/\/us.edu.pl\/instytut\/isp\/?page_id=1414"},"modified":"2020-12-14T11:03:54","modified_gmt":"2020-12-14T10:03:54","slug":"dr-grzegorz-majchrowski","status":"publish","type":"page","link":"https:\/\/us.edu.pl\/instytut\/isp\/wykladowcy\/dr-grzegorz-majchrowski\/","title":{"rendered":"dr Grzegorz Majchrowski"},"content":{"rendered":"<p>[vc_row][vc_column]\r\n                <div class=\"text-modules\">\r\n                    <div class=\"container\">\r\n                        <h3 class=\"page-title text__title\">dr Grzegorz Majchrowski<\/h3>\r\n                        <div class=\"text-modules__content\"><p>Urodzi\u0142 si\u0119 w 1973 roku w E\u0142ku. W latach (1992\u20131997) studiowa\u0142 na Wydziale Artystyczno\u2013 Pedagogicznym na Uniwersytecie \u015al\u0105skim w Katowicach Filia w Cieszynie. W 1997 roku zrealizowa\u0142 dyplom w pracowni rze\u017aby\u00a0 prof Jerzego Fobera. W latach 2010\u20132014 prowadzi\u0142 autorsk\u0105 pracowni\u0119 rze\u017aby w Akademii Sztuk Pi\u0119knych w Katowicach.<\/p>\n<p>Na jego dorobek artystyczny sk\u0142adaj\u0105 si\u0119 wystawy indywidualne i zbiorowe w kraju i za granic\u0105.<\/p>\n<p>Obok pracy tw\u00f3rczej\u00a0 prowadzi r\u00f3wnie\u017c\u00a0 dzia\u0142alno\u015b\u0107 pedagogiczn\u0105. Jest adiunktem w Instytucie Sztuki na Wydziale Sztuki i Nauk o Edukacji w Cieszynie, na Uniwersytecie \u015al\u0105skim w Katowicach, gdzie prowadzi autorsk\u0105 pracowni\u0119 rze\u017aby.<\/p>\n<\/div>\r\n                    <\/div>\r\n                <\/div>[\/vc_column][\/vc_row][vc_row][vc_column]            \r\n                    <div class=\"container\">\r\n                        <div class=\"gallery gallery_2\" data-images-in-row=\"2\">\r\n                            \r\n                            <div class=\"row m-0\">\r\n                                <a data-fancybox-group=\"button\" title=\"Jan-Chrzciciel\" data-fancybox=\"9062\" href=\"https:\/\/us.edu.pl\/instytut\/isp\/wp-content\/uploads\/sites\/46\/Nieprzypisane\/19.-Jan-Chrzciciel.jpg\" class=\"gallery__item thumbnail\"\r\n                                    style=\"background-image: url(https:\/\/us.edu.pl\/instytut\/isp\/wp-content\/uploads\/sites\/46\/Nieprzypisane\/19.-Jan-Chrzciciel.jpg)\"> <span class=\"d-none\">https:\/\/us.edu.pl\/instytut\/isp\/wp-content\/uploads\/sites\/46\/Nieprzypisane\/19.-Jan-Chrzciciel.jpg<\/span> <\/a><a data-fancybox-group=\"button\" title=\"ciach\" data-fancybox=\"9062\" href=\"https:\/\/us.edu.pl\/instytut\/isp\/wp-content\/uploads\/sites\/46\/Nieprzypisane\/ciach.jpg\" class=\"gallery__item thumbnail\"\r\n                                    style=\"background-image: url(https:\/\/us.edu.pl\/instytut\/isp\/wp-content\/uploads\/sites\/46\/Nieprzypisane\/ciach.jpg)\"> <span class=\"d-none\">https:\/\/us.edu.pl\/instytut\/isp\/wp-content\/uploads\/sites\/46\/Nieprzypisane\/ciach.jpg<\/span> <\/a><a data-fancybox-group=\"button\" title=\"Zszywanie-brzeg\u00f3w-Olzy\" data-fancybox=\"9062\" href=\"https:\/\/us.edu.pl\/instytut\/isp\/wp-content\/uploads\/sites\/46\/Nieprzypisane\/3.-Zszywanie-brzeg\u00f3w-Olzy.jpg\" class=\"gallery__item thumbnail\"\r\n                                    style=\"background-image: url(https:\/\/us.edu.pl\/instytut\/isp\/wp-content\/uploads\/sites\/46\/Nieprzypisane\/3.-Zszywanie-brzeg\u00f3w-Olzy.jpg)\"> <span class=\"d-none\">https:\/\/us.edu.pl\/instytut\/isp\/wp-content\/uploads\/sites\/46\/Nieprzypisane\/3.-Zszywanie-brzeg\u00f3w-Olzy.jpg<\/span> <\/a>\r\n                            <\/div>\r\n                    <\/div>\r\n                <\/div>[\/vc_column][\/vc_row]<\/p>","protected":false},"excerpt":{"rendered":"<p>[vc_row][vc_column][\/vc_column][\/vc_row][vc_row][vc_column][\/vc_column][\/vc_row] [&#8230;]<\/p>\n<p><a class=\"btn btn-secondary understrap-read-more-link\" href=\"https:\/\/us.edu.pl\/instytut\/isp\/wykladowcy\/dr-grzegorz-majchrowski\/\">Read More&#8230;<\/a><\/p>\n","protected":false},"author":110,"featured_media":0,"parent":995,"menu_order":0,"comment_status":"closed","ping_status":"closed","template":"","meta":{"_expiration-date-status":"saved","_expiration-date":0,"_expiration-date-type":"","_expiration-date-categories":[],"_expiration-date-options":[]},"acf":[],"_links":{"self":[{"href":"https:\/\/us.edu.pl\/instytut\/isp\/wp-json\/wp\/v2\/pages\/1414"}],"collection":[{"href":"https:\/\/us.edu.pl\/instytut\/isp\/wp-json\/wp\/v2\/pages"}],"about":[{"href":"https:\/\/us.edu.pl\/instytut\/isp\/wp-json\/wp\/v2\/types\/page"}],"author":[{"embeddable":true,"href":"https:\/\/us.edu.pl\/instytut\/isp\/wp-json\/wp\/v2\/users\/110"}],"replies":[{"embeddable":true,"href":"https:\/\/us.edu.pl\/instytut\/isp\/wp-json\/wp\/v2\/comments?post=1414"}],"version-history":[{"count":1,"href":"https:\/\/us.edu.pl\/instytut\/isp\/wp-json\/wp\/v2\/pages\/1414\/revisions"}],"predecessor-version":[{"id":1418,"href":"https:\/\/us.edu.pl\/instytut\/isp\/wp-json\/wp\/v2\/pages\/1414\/revisions\/1418"}],"up":[{"embeddable":true,"href":"https:\/\/us.edu.pl\/instytut\/isp\/wp-json\/wp\/v2\/pages\/995"}],"wp:attachment":[{"href":"https:\/\/us.edu.pl\/instytut\/isp\/wp-json\/wp\/v2\/media?parent=1414"}],"curies":[{"name":"wp","href":"https:\/\/api.w.org\/{rel}","templated":true}]}}