{"id":1437,"date":"2021-01-07T12:55:25","date_gmt":"2021-01-07T11:55:25","guid":{"rendered":"https:\/\/us.edu.pl\/instytut\/isp\/?page_id=1437"},"modified":"2021-01-07T12:58:43","modified_gmt":"2021-01-07T11:58:43","slug":"dr-justyna-stefanczyk","status":"publish","type":"page","link":"https:\/\/us.edu.pl\/instytut\/isp\/wykladowcy\/dr-justyna-stefanczyk\/","title":{"rendered":"dr Justyna Stefa\u0144czyk"},"content":{"rendered":"<p>[vc_row][vc_column]\r\n                <div class=\"text-modules\">\r\n                    <div class=\"container\">\r\n                        <h3 class=\"page-title text__title\">dr Justyna Stefa\u0144czyk<\/h3>\r\n                        <div class=\"text-modules__content\"><p>Absolwentka Akademii Sztuk Pi\u0119knych w Krakowie, Wydzia\u0142u Grafiki w Katowicach. Dyplom z wyr\u00f3\u017cnieniem z projektowania graficznego uzyska\u0142a w 2000 roku. W trakcie studi\u00f3w odby\u0142a stypendium naukowe Erasmus w Utrecht School of the Arts w Holandii, na kierunku ilustracji. Wiele lat pracowa\u0142a jako nauczyciel projektowania graficznego w \u015brednich i wy\u017cszych szko\u0142ach artystycznych. W roku 2018 obroni\u0142 doktorat w dyscyplinie sztuki pi\u0119kne w Instytucie Sztuki. Od 2017 roku jest zwi\u0105zana z kierunkiem Projektowania Gier i Przestrzeni Wirtualnej, gdzie obecnie pe\u0142ni funkcje dyrektora.<\/p>\n<p>Zajmuje si\u0119 tworzeniem autorskich ksi\u0105\u017cek obrazkowych dla dzieci. Jej ksi\u0105\u017cki utrzymane s\u0105 w lekkim tonie, z du\u017c\u0105 dawk\u0105 humoru, nie stroni\u0105 jednak od temat\u00f3w trudnych zwi\u0105zanych m.in. z ekologi\u0105 czy wolno\u015bci\u0105. W 2018 roku za\u0142o\u017cy\u0142a wydawnictwo Dzika Ma\u0142pa, kt\u00f3re propaguje ide\u0119 ksi\u0105\u017cek obrazkowych. Aktualnie pracuje nad interaktywnymi wersjami picturebook\u00f3w w formie aplikacji. Interesuje si\u0119 r\u00f3wnie\u017c, ilustrowaniem poezji oraz ksi\u0105\u017cek naukowych. Stworzy\u0142a serie wydawnicze dla Muzeum G\u00f3rnictwa W\u0119glowego w Zabrzu oraz dla Wydawnictwa Pasa\u017ce. Ponadto zajmuje si\u0119 plakatem, typografi\u0105, animacja oraz grafik\u0105 artystyczn\u0105, w szczeg\u00f3lno\u015bci linorytem barwnym. Bierze udzia\u0142 w licznych wystawach krajowych i zagranicznych.\u00a0 Zdoby\u0142a Srebrny Medal na I Ecuador Poster Bienal (2016) oraz znalaz\u0142a si\u0119 w TOP 10 BOOK DESIGN AWARD, COW International Design Festival, na Ukrainie (2016, 2018). Ostatnio wzi\u0119\u0142a udzia\u0142 w wystawie Peace International Illustration Exhibition w Teheranie (2020).<\/p>\n<p><a href=\"http:\/\/www.justa.art.pl\">www.justa.art.pl<\/a><\/p>\n<\/div>\r\n                    <\/div>\r\n                <\/div>[\/vc_column][\/vc_row][vc_row][vc_column]            \r\n                    <div class=\"container\">\r\n                        <div class=\"gallery gallery_2\" data-images-in-row=\"2\">\r\n                            \r\n                            <div class=\"row m-0\">\r\n                                <a data-fancybox-group=\"button\" title=\" 01. Aplikacja dla dzieci pt. &quot;Co robi\u0105 zwierzaki&quot;, rok 2020\" data-fancybox=\"1463\" href=\"https:\/\/us.edu.pl\/instytut\/isp\/wp-content\/uploads\/sites\/46\/Nieprzypisane\/01_aplikacja.jpg\" class=\"gallery__item thumbnail\"\r\n                                    style=\"background-image: url(https:\/\/us.edu.pl\/instytut\/isp\/wp-content\/uploads\/sites\/46\/Nieprzypisane\/01_aplikacja.jpg)\"> <span class=\"d-none\">https:\/\/us.edu.pl\/instytut\/isp\/wp-content\/uploads\/sites\/46\/Nieprzypisane\/01_aplikacja.jpg<\/span> <\/a><a data-fancybox-group=\"button\" title=\" 02. Ksi\u0105\u017cka konceptowa dla dzieci pt. &quot;Co robi\u0105 zwierzaki&quot;, rok 2018\" data-fancybox=\"1463\" href=\"https:\/\/us.edu.pl\/instytut\/isp\/wp-content\/uploads\/sites\/46\/Nieprzypisane\/02_ksi\u0105zka_obrazkowa_co_robia_zwierzaki.jpg\" class=\"gallery__item thumbnail\"\r\n                                    style=\"background-image: url(https:\/\/us.edu.pl\/instytut\/isp\/wp-content\/uploads\/sites\/46\/Nieprzypisane\/02_ksi\u0105zka_obrazkowa_co_robia_zwierzaki.jpg)\"> <span class=\"d-none\">https:\/\/us.edu.pl\/instytut\/isp\/wp-content\/uploads\/sites\/46\/Nieprzypisane\/02_ksi\u0105zka_obrazkowa_co_robia_zwierzaki.jpg<\/span> <\/a><a data-fancybox-group=\"button\" title=\" 03. Ilustracja, linoryt barwny, rysunek pt.&quot;Pok\u00f3j&quot;, rok 2020\" data-fancybox=\"1463\" href=\"https:\/\/us.edu.pl\/instytut\/isp\/wp-content\/uploads\/sites\/46\/Nieprzypisane\/03_ilustracja_pok\u00f3j.jpg\" class=\"gallery__item thumbnail\"\r\n                                    style=\"background-image: url(https:\/\/us.edu.pl\/instytut\/isp\/wp-content\/uploads\/sites\/46\/Nieprzypisane\/03_ilustracja_pok\u00f3j.jpg)\"> <span class=\"d-none\">https:\/\/us.edu.pl\/instytut\/isp\/wp-content\/uploads\/sites\/46\/Nieprzypisane\/03_ilustracja_pok\u00f3j.jpg<\/span> <\/a><a data-fancybox-group=\"button\" title=\" 04. Ksi\u0105\u017cka obrazkowa dla dzieci pt. &quot;Ma\u0142y Robaczek i Chaosik&quot;, rok 2018\" data-fancybox=\"1463\" href=\"https:\/\/us.edu.pl\/instytut\/isp\/wp-content\/uploads\/sites\/46\/Nieprzypisane\/04_ksiazka_obrazkowa_Ma\u0142y-Robaczek-i-Chaosik.jpg\" class=\"gallery__item thumbnail\"\r\n                                    style=\"background-image: url(https:\/\/us.edu.pl\/instytut\/isp\/wp-content\/uploads\/sites\/46\/Nieprzypisane\/04_ksiazka_obrazkowa_Ma\u0142y-Robaczek-i-Chaosik.jpg)\"> <span class=\"d-none\">https:\/\/us.edu.pl\/instytut\/isp\/wp-content\/uploads\/sites\/46\/Nieprzypisane\/04_ksiazka_obrazkowa_Ma\u0142y-Robaczek-i-Chaosik.jpg<\/span> <\/a><a data-fancybox-group=\"button\" title=\" 05. Plakat pt. &quot;City of Bardejov&quot;, rok 2019\" data-fancybox=\"1463\" href=\"https:\/\/us.edu.pl\/instytut\/isp\/wp-content\/uploads\/sites\/46\/Nieprzypisane\/05_plakat_city_of_bardejov.jpg\" class=\"gallery__item thumbnail\"\r\n                                    style=\"background-image: url(https:\/\/us.edu.pl\/instytut\/isp\/wp-content\/uploads\/sites\/46\/Nieprzypisane\/05_plakat_city_of_bardejov-717x1024.jpg)\"> <span class=\"d-none\">https:\/\/us.edu.pl\/instytut\/isp\/wp-content\/uploads\/sites\/46\/Nieprzypisane\/05_plakat_city_of_bardejov.jpg<\/span> <\/a><a data-fancybox-group=\"button\" title=\" 06. Plakat pt. &quot;Sonia Delaunay&quot;, rok 2017\" data-fancybox=\"1463\" href=\"https:\/\/us.edu.pl\/instytut\/isp\/wp-content\/uploads\/sites\/46\/Nieprzypisane\/06_plakat_sonia_delaunay.jpg\" class=\"gallery__item thumbnail\"\r\n                                    style=\"background-image: url(https:\/\/us.edu.pl\/instytut\/isp\/wp-content\/uploads\/sites\/46\/Nieprzypisane\/06_plakat_sonia_delaunay.jpg)\"> <span class=\"d-none\">https:\/\/us.edu.pl\/instytut\/isp\/wp-content\/uploads\/sites\/46\/Nieprzypisane\/06_plakat_sonia_delaunay.jpg<\/span> <\/a><a data-fancybox-group=\"button\" title=\" 07. Projekt tom\u00f3w poezji Jacka Podsiad\u0142y pt. &quot;Wiersze.Wszystkie&quot;, rok 2016\" data-fancybox=\"1463\" href=\"https:\/\/us.edu.pl\/instytut\/isp\/wp-content\/uploads\/sites\/46\/Nieprzypisane\/07_Projekt-tom\u00f3w-poezji-Jacka-Podsiad\u0142y-pt.-Wiersze.Wszystkie.jpg\" class=\"gallery__item thumbnail\"\r\n                                    style=\"background-image: url(https:\/\/us.edu.pl\/instytut\/isp\/wp-content\/uploads\/sites\/46\/Nieprzypisane\/07_Projekt-tom\u00f3w-poezji-Jacka-Podsiad\u0142y-pt.-Wiersze.Wszystkie.jpg)\"> <span class=\"d-none\">https:\/\/us.edu.pl\/instytut\/isp\/wp-content\/uploads\/sites\/46\/Nieprzypisane\/07_Projekt-tom\u00f3w-poezji-Jacka-Podsiad\u0142y-pt.-Wiersze.Wszystkie.jpg<\/span> <\/a><a data-fancybox-group=\"button\" title=\" 08. Seria wydawnicza Muzeum G\u00f3rnictwa W\u0119glowego w Zabrzu, rok 2017\" data-fancybox=\"1463\" href=\"https:\/\/us.edu.pl\/instytut\/isp\/wp-content\/uploads\/sites\/46\/Nieprzypisane\/08_Seria-wydawnicza_Muzeum_Gornictwa_Weglowego.jpg\" class=\"gallery__item thumbnail\"\r\n                                    style=\"background-image: url(https:\/\/us.edu.pl\/instytut\/isp\/wp-content\/uploads\/sites\/46\/Nieprzypisane\/08_Seria-wydawnicza_Muzeum_Gornictwa_Weglowego.jpg)\"> <span class=\"d-none\">https:\/\/us.edu.pl\/instytut\/isp\/wp-content\/uploads\/sites\/46\/Nieprzypisane\/08_Seria-wydawnicza_Muzeum_Gornictwa_Weglowego.jpg<\/span> <\/a>\r\n                            <\/div>\r\n                    <\/div>\r\n                <\/div>[\/vc_column][\/vc_row]<\/p>","protected":false},"excerpt":{"rendered":"<p>[vc_row][vc_column][\/vc_column][\/vc_row][vc_row][vc_column][\/vc_column][\/vc_row] [&#8230;]<\/p>\n<p><a class=\"btn btn-secondary understrap-read-more-link\" href=\"https:\/\/us.edu.pl\/instytut\/isp\/wykladowcy\/dr-justyna-stefanczyk\/\">Read More&#8230;<\/a><\/p>\n","protected":false},"author":110,"featured_media":0,"parent":995,"menu_order":0,"comment_status":"closed","ping_status":"closed","template":"","meta":{"_expiration-date-status":"saved","_expiration-date":0,"_expiration-date-type":"","_expiration-date-categories":[],"_expiration-date-options":[]},"acf":[],"_links":{"self":[{"href":"https:\/\/us.edu.pl\/instytut\/isp\/wp-json\/wp\/v2\/pages\/1437"}],"collection":[{"href":"https:\/\/us.edu.pl\/instytut\/isp\/wp-json\/wp\/v2\/pages"}],"about":[{"href":"https:\/\/us.edu.pl\/instytut\/isp\/wp-json\/wp\/v2\/types\/page"}],"author":[{"embeddable":true,"href":"https:\/\/us.edu.pl\/instytut\/isp\/wp-json\/wp\/v2\/users\/110"}],"replies":[{"embeddable":true,"href":"https:\/\/us.edu.pl\/instytut\/isp\/wp-json\/wp\/v2\/comments?post=1437"}],"version-history":[{"count":3,"href":"https:\/\/us.edu.pl\/instytut\/isp\/wp-json\/wp\/v2\/pages\/1437\/revisions"}],"predecessor-version":[{"id":1448,"href":"https:\/\/us.edu.pl\/instytut\/isp\/wp-json\/wp\/v2\/pages\/1437\/revisions\/1448"}],"up":[{"embeddable":true,"href":"https:\/\/us.edu.pl\/instytut\/isp\/wp-json\/wp\/v2\/pages\/995"}],"wp:attachment":[{"href":"https:\/\/us.edu.pl\/instytut\/isp\/wp-json\/wp\/v2\/media?parent=1437"}],"curies":[{"name":"wp","href":"https:\/\/api.w.org\/{rel}","templated":true}]}}