{"id":1456,"date":"2021-01-11T11:47:58","date_gmt":"2021-01-11T10:47:58","guid":{"rendered":"https:\/\/us.edu.pl\/instytut\/isp\/?page_id=1456"},"modified":"2026-02-23T11:10:32","modified_gmt":"2026-02-23T10:10:32","slug":"1456-2","status":"publish","type":"page","link":"https:\/\/us.edu.pl\/instytut\/isp\/galeria-uniwersytecka\/1456-2\/","title":{"rendered":"Wystawy"},"content":{"rendered":"<p>[vc_row][vc_column]\r\n                <div class=\"text-modules\">\r\n                    <div class=\"container\">\r\n                        <h3 class=\"page-title text__title\">Wystawy<\/h3>\r\n                        <div class=\"text-modules__content\"><p><strong>2026<\/strong><\/p>\n<ul>\n<li>Krzysztof Kula &#8211; <em>Pami\u0105tka z Kral\u00f3w &#8211; <\/em>01 \u2013 24.02.2026<\/li>\n<\/ul>\n<p><strong>2025<\/strong><\/p>\n<ul>\n<li>Mi\u0119dzynarodowe Triennale Grafiki w Cieszynie &#8211; 15.01 \u2013 07.02.2025<\/li>\n<li>Krzysztof Bia\u0142owicz &#8211; <em>Kulochwyt \u2013 <\/em>03 \u2013 09.04.2025<\/li>\n<li><em>\u0141\u00f3dzki plakat dzisiaj<\/em> \u2013 16.04. &#8211; 09.05.2025<\/li>\n<li><em>G\u0142usza. Obserwatorium<\/em> \u2013 wystawa o sztuce, j\u0119zyku i do\u015bwiadczeniu g\/G\u0142uchych, zrealizowana przez Muzeum \u015al\u0105skie \u2013 21.05 \u2013 03.06.2025<\/li>\n<li>Marcin Urba\u0144czyk \u2013 TYPO + JAZZ \u2013 11.06 \u2013 8.09.2025<\/li>\n<li>Zygmunt Lis, Artur Starczewski oraz Jerzy Wro\u0144ski &#8211; wystawa artyst\u00f3w zwi\u0105zanych z pocz\u0105tkami Instytutu Sztuk Plastycznych &#8211; 15.10 \u2013 12.11.2025<\/li>\n<li><em>Kierunek \u2192 Grafika. Przystanek: Cieszyn <\/em>&#8211; wystawa pedagog\u00f3w i doktorant\u00f3w katedry grafiki, Wydzia\u0142u Sztuki Uniwersytetu Jana D\u0142ugosza w Cz\u0119stochowie \u2013 19.11 \u2013 05.12.2025<\/li>\n<\/ul>\n<p><strong>2024<\/strong><\/p>\n<ul>\n<li>Lech Ko\u0142odziejczyk \u2013 <em>Metafora w malarstwie. Wojenne ikony. \u2013 <\/em>03 \u2013 22.03.2024<\/li>\n<li>Wystawa prac pedagog\u00f3w Instytutu Grafiki Artystycznej z Akademii Sztuk Pi\u0119knych w \u0141odzi \u2013 03.04 \u2013 30.04.2024<\/li>\n<li><em>Superwizja<\/em> \u2013 prace wyk\u0142adowc\u00f3w Katedry Projektowania Graficznego z wydzia\u0142u Grafiki i Sztuki Medi\u00f3w ASP im. Eugeniusza Gepperta we Wroc\u0142awiu \u2013 08.05 \u2013 29.05.2024<\/li>\n<li><em>Hubert Hilscher. 100 lat<\/em> \u2013 05.06 \u2013 25.06.2024<\/li>\n<li>XI Triennale Polskiego Rysunku Wsp\u00f3\u0142czesnego Lubacz\u00f3w 2023 \u2013 08.10 \u2013 16.11.2024<\/li>\n<li>Grzegorz Izdebski \u2013 <em>Fantomowe cia\u0142a kr\u00f3l\u00f3w. Obecno\u015b\u0107 nieobecnego<\/em> \u2013 12.11 \u2013 30.11.2024<\/li>\n<li>Wystawa pedagog\u00f3w katedry malarstwa Wydzia\u0142u Sztuk Pi\u0119knych Uniwersytetu Miko\u0142aja Kopernika w Toruniu \u2013 04.12 \u2013 15.01.2025<\/li>\n<\/ul>\n<p><strong>2023<\/strong><\/p>\n<ul>\n<li>Mi\u0119dzynarodowe Triennale Grafiki \u201eOd Gutenberga do cyfrowej rzeczywisto\u015bci&#8221; \u2013 18.01 \u2013 15.02.2023<\/li>\n<li>FOUR SCREEN &#8211; arty\u015bci z ASP im. W\u0142adys\u0142awa Strzemi\u0144skiego w \u0141odzi: Agata St\u0119pie\u0144, Paulina So\u0142tyszewska, Piotr Skowron, Damian Idzikowski \u2013 kwiecie\u0144 2023<\/li>\n<li>IX Mi\u0119dzynarodowe Biennale Plakatu Spo\u0142eczno-politycznego w O\u015bwi\u0119cimiu \u2013 pa\u017adziernik 2023<\/li>\n<li>Franti\u0161ek Kowolowski \u2013 <em>INHABITAT<\/em> \u2013 09.11 \u2013 27.09.2023<\/li>\n<\/ul>\n<p><strong>2022<\/strong><\/p>\n<ul>\n<li><em>Cieszy\u0144ska Szko\u0142a Ceramiki<\/em> &#8211; Ma\u0142gorzata Ska\u0142uba-Krentowicz prezentuje dorobek w\u0142asny oraz jej student\u00f3w i dyplomant\u00f3w \u2013 23.11 \u2013 15.12. 2022<\/li>\n<li>El\u017cbieta Kuraj &#8211; <em>Malarstwo<\/em> &#8211; 05.10 &#8211; 25.10.2022 (<a href=\"https:\/\/us.edu.pl\/instytut\/isp\/elzbieta-kuraj-malarstwo\/\">Galeria<\/a>)<\/li>\n<li>Piotr Kotlicki &#8211; <em>Flashback<\/em> &#8211; 11.05.2022 (<a href=\"https:\/\/us.edu.pl\/instytut\/isp\/piotr-kotlicki-flashback\/\">Galeria<\/a>)<\/li>\n<li>Ivo Sumec &#8211; <em>Ostatecznie to wszystko jest pozorne<\/em> &#8211; 23.03 &#8211; 06.04.2022 (<a href=\"https:\/\/us.edu.pl\/instytut\/isp\/ivo-sumec-ostatecznie-to-wszystko-jest-pozorne\/\">Galeria<\/a>)<\/li>\n<li>Wystawa &#8211; <em>Keramika Femina<\/em> &#8211; Alicja Bu\u0142awka-Fankidejska, Monika Katarzyna Koprowska, Jolanta Herma-Pasi\u0144ska, Bo\u017cena Sacharczuk, Joanna Teper, Katarzyna Handzlik-B\u0105k \u2013 kuratorka wystawy &#8211; 23.02.2022-13.03.2022 (<a href=\"https:\/\/us.edu.pl\/instytut\/isp\/wystawa-keramika-femina\/\">Galeria<\/a>)<\/li>\n<\/ul>\n<p><strong>2021<\/strong><\/p>\n<ul>\n<li>Wystawa plakat\u00f3w spo\u0142eczno-politycznych <em>\u2014 VIII MBPS-P z O\u015bwi\u0119cimia do Cieszyna \u2014 <\/em>10.11\u20135.12.2021 (<a href=\"https:\/\/us.edu.pl\/instytut\/isp\/wystawa-plakatow-spoleczno-politycznych-viii-mbps-p-z-oswiecimia-do-cieszyna-10-11-5-12-2021\/\">Galeria<\/a>)<\/li>\n<li>Joanna Piech-Kalarus <em>\u2014 Grafiki \u2014 <\/em>13\u201331.11.2021 (<a href=\"https:\/\/us.edu.pl\/instytut\/isp\/joanna-piech-kalarus-grafiki-13-31-11-2021\/\">Galeria<\/a>)<\/li>\n<li>Wystawa zbiorowa \u00a0<em>\u2014 <\/em><em>Mizerov \u00a0\u2014<\/em> maj 2021 (<a href=\"https:\/\/us.edu.pl\/instytut\/isp\/2234-2\/\">Galeria<\/a>)<\/li>\n<li>Wystawa prac wyk\u0142adowc\u00f3w Instytutu Sztuk Plastycznych\u00a0<em>\u2014 POMIMO<\/em> \u2014\u00a0 luty &#8211; marzec 2021 (<a href=\"https:\/\/us.edu.pl\/instytut\/isp\/wystawa-prac-wykladowcow-instytutu-sztuk-plastycznych-pomimo\/\">Galeria<\/a>)<\/li>\n<\/ul>\n<p><strong>2020<\/strong><\/p>\n<ul>\n<li>Anka Mierzejewska <em>\u2014 Jestem obraz idealny ma\u0142o tre\u015bci du\u017co farby <\/em>\u2014 wystawa malarstwa, luty 2020 (<a href=\"https:\/\/us.edu.pl\/instytut\/isp\/anka-mierzejewska-jestem-obraz-idealny-malo-tresci-duzo-farby\/\">Galeria<\/a>)<\/li>\n<li>Marek Sibi\u0144ski<em> \u2014 Layers \u2014<\/em> wystawa grafiki, stycze\u0144 2020 (<a href=\"https:\/\/us.edu.pl\/instytut\/isp\/marek-sibinski-layers\/\">Galeria<\/a>)<\/li>\n<\/ul>\n<p><strong>2019<\/strong><\/p>\n<ul>\n<li>J\u00f3zef Ho\u0142ard <em>\u2014 Malarstwo, rysunki \u2014<\/em> stycze\u0144 2019 (<a href=\"https:\/\/us.edu.pl\/instytut\/isp\/galeria-uniwersytecka\/1456-2\/jozef-holard-malarstwo-rysunki\/\">Galeria<\/a>)<\/li>\n<li>Grzegorz Ha\u0144derek <em>\u2014 Popatrz jakie to pi\u0119kne \u2014<\/em> wystawa grafiki \/ instalacja, luty 2019 (<a href=\"https:\/\/us.edu.pl\/instytut\/isp\/galeria-uniwersytecka\/1456-2\/grzegorz-handerek-popatrz-jakie-to-piekne\/\">Galeria<\/a>)<\/li>\n<li>Tadeusz Rus <em>\u2014 Ksi\u0119ga \u2014<\/em> wystawa malarstwa, marzec 2019 (<a href=\"https:\/\/us.edu.pl\/instytut\/isp\/galeria-uniwersytecka\/1456-2\/tadeusz-rus-ksiega\/\">Galeria<\/a>)<\/li>\n<li>Mi\u0119dzynarodowa wystawa artyst\u00f3w zwi\u0105zanych z nurtem geometrii dyskursywnej\u00a0\u2014 <em>Interdiscursive NON-objective 2<\/em> \u2014 kwiecie\u0144 2019 (<a href=\"https:\/\/us.edu.pl\/instytut\/isp\/galeria-uniwersytecka\/1456-2\/miedzynarodowa-wystawa-artystow-zwiazanych-z-nurtem-geometrii-dyskursywnej\/\">Galeria<\/a>)<\/li>\n<li>Wystawa prac pedagog\u00f3w Zak\u0142adu Rysunku Wydzia\u0142u Sztuk Pi\u0119knych UMK w Toruniu\u00a0<em>\u2014 Wobec rysunku<\/em> \u2014 kwiecie\u0144 2019 (<a href=\"https:\/\/us.edu.pl\/instytut\/isp\/galeria-uniwersytecka\/1456-2\/wystawa-prac-pedagogow-zakladu-rysunku-wydzialu-sztuk-pieknych-umk-w-toruniu\/\">Galeria<\/a>)<\/li>\n<li>Henryk Cze\u015bnik <em>\u2014 rysunek, malarstwo \u2014 <\/em>czerwiec 2019 (<a href=\"https:\/\/us.edu.pl\/instytut\/isp\/galeria-uniwersytecka\/1456-2\/henryk-czesnik-rysunek-malarstwo\/\">Galeria<\/a>)<\/li>\n<li>Wystawa prac pedagog\u00f3w Wydzia\u0142u Rze\u017aby i Intermedi\u00f3w ASP w Gda\u0144sku <em>\u2014 \u015arodek widnokr\u0119gu \u2014<\/em> grudzie\u0144 2019 (<a href=\"https:\/\/us.edu.pl\/instytut\/isp\/galeria-uniwersytecka\/1456-2\/wystawa-prac-pedagogow-wydzialu-rzezby-i-intermediow-asp-w-gdansku\/\">Galeria<\/a>)<\/li>\n<\/ul>\n<p><strong>2018<\/strong><\/p>\n<ul>\n<li>Wilhelm Sasnal <em>\u2014<\/em> <em>Kolumb<\/em> <em>\u2014<\/em> wystawa film\u00f3w, listopad 2018 (<a href=\"https:\/\/us.edu.pl\/instytut\/isp\/galeria-uniwersytecka\/1456-2\/wilhelm-sasnal-kolumb\/\">Galeria<\/a>)<\/li>\n<li>Jan Szczepkowski <em>\u2014<\/em> <em>Malarstwo \u2014 <\/em>maj 2018 (<a href=\"https:\/\/us.edu.pl\/instytut\/isp\/jan-szczepkowski-malarstwo\/\">Galeria<\/a>)<\/li>\n<li>Mi\u0119dzynarodowa wystawa artyst\u00f3w zwi\u0105zanych z nurtem geometrii dyskursywnej\u00a0\u2014 <em>konkret \/ dyskurs \/ algorytm<\/em> \u2014 kwiecie\u0144 2018 (<a href=\"https:\/\/us.edu.pl\/instytut\/isp\/galeria-uniwersytecka\/1456-2\/miedzynarodowa-wystawa-artystow-zwiazanych-z-nurtem-geometrii-dyskursywnej-2\/\">Galeria<\/a>)<\/li>\n<li>Wystawa Pracowni Intermedi\u00f3w ASP w Katowicach \u2014 PROCES ART LAB 303 \u2014 marzec 2018 (<a href=\"https:\/\/us.edu.pl\/instytut\/isp\/galeria-uniwersytecka\/1456-2\/wystawa-pracowni-intermediow-asp-w-katowicach\/\">Galeria<\/a>)<\/li>\n<li>Andrzej \u0141abuz <em>\u2014 <\/em><em>KOC TO KOC<\/em> <em>\u2014<\/em> wystawa grafiki, stycze\u0144 2018 (<a href=\"https:\/\/us.edu.pl\/instytut\/isp\/galeria-uniwersytecka\/1456-2\/andrzej-labuz-koc-to-koc\/\">Galeria<\/a>)<\/li>\n<\/ul>\n<p><strong>2017<\/strong><\/p>\n<ul>\n<li>Grzegorz Majchrowski <em>\u2014<\/em> <em>BABEL<\/em> <em>\u2014 <\/em>wystawa rze\u017aby \/ instalacja, grudzie\u0144 2017 (<a href=\"https:\/\/us.edu.pl\/instytut\/isp\/galeria-uniwersytecka\/1456-2\/grzegorz-majchrowski-babel\/\">Galeria<\/a>)<\/li>\n<li>Ernest Zawada <em>\u2014 Mini-mal. Krajobraz abstrakcyjny \u2014 <\/em>wystawa malarstwa, listopad 2017 (<a href=\"https:\/\/us.edu.pl\/instytut\/isp\/galeria-uniwersytecka\/1456-2\/ernest-zawada-mini-mal-krajobraz-abstrakcyjny\/\">Galeria<\/a>)<\/li>\n<li>Roman Maciuszkiewicz <em>\u2014 Zapomniane, opuszczone\u2026 \u2014 obrazy, obiekty \u2014 <\/em>wystawa malarstwa \/ instalacja, czerwiec 2017 (<a href=\"https:\/\/us.edu.pl\/instytut\/isp\/galeria-uniwersytecka\/1456-2\/roman-maciuszkiewicz-zapomniane-opuszczone\/\">Galeria<\/a>)<\/li>\n<li>Karol Wieczorek <em>\u2014<\/em> <em>S\u0141OWO \u2014 <\/em><em>OBRAZ<\/em> <em>\u2014<\/em> wystawa rysunku, maj 2017 (<a href=\"https:\/\/us.edu.pl\/instytut\/isp\/galeria-uniwersytecka\/1456-2\/karol-wieczorek-slowo-obraz\/\">Galeria<\/a>)<\/li>\n<li>4. Mi\u0119dzynarodowa Wystawa Wystawa <em>GRID<\/em> <em>\u2014 <\/em>wystawa grafiki i malarstwa, marzec 2017 (<a href=\"https:\/\/us.edu.pl\/instytut\/isp\/galeria-uniwersytecka\/1456-2\/4-miedzynarodowa-wystawa-wystawa-grid\/\">Galeria<\/a>)<\/li>\n<li>I Mi\u0119dzynarodowe Triennale Grafiki\u00a0 Cieszyn 2017 <em>\u2014 W poszukiwaniu niemo\u017cliwego \u2014<\/em> wystawa pokonkursowa, kwiecie\u0144 2017 (<a href=\"https:\/\/us.edu.pl\/instytut\/isp\/galeria-uniwersytecka\/1456-2\/i-miedzynarodowe-triennale-grafiki-cieszyn-2017\/\">Galeria<\/a>)<\/li>\n<li>Maciej Linttner<em>\u2014 Przekr\u00f3j wewn\u0119trzny<\/em> <em>\u2014 stycze\u0144 <\/em>2017 (<a href=\"https:\/\/us.edu.pl\/instytut\/isp\/galeria-uniwersytecka\/1456-2\/maciej-linttner-przekroj-wewnetrzny\/\">Galeria<\/a>)<\/li>\n<\/ul>\n<p><strong>2016<\/strong><\/p>\n<ul>\n<li>Wystawa uczestnik\u00f3w Mi\u0119dzynarodowego Sympozjum Serigrafii w Ostrawie <em>\u2014 S jak serigrafia \u2014 <\/em>wystawa sitodruku, grudzie\u0144 2016 (<a href=\"https:\/\/us.edu.pl\/instytut\/isp\/wystawa-uczestnikow-miedzynarodowego-sympozjum-serigrafii-w-ostrawie\/\">Galeria<\/a>)<\/li>\n<li>Wystawa prac pedagog\u00f3w rze\u017aby ASP im. Eugeniusza Gepperta we Wroc\u0142awiu <em>\u2014 Struktury transparentne \u2014 <\/em>wystawa rze\u017aby, listopad 2016 (<a href=\"https:\/\/us.edu.pl\/instytut\/isp\/wystawa-prac-pedagogow-rzezby-asp-im-eugeniusza-gepperta-we-wroclawiu\/\">Galeria<\/a>)<\/li>\n<li>Wystawa inauguracyjna prac pedagog\u00f3w Instytutu Sztuki w Cieszynie <em>\u2014 Grafika \/ grafika \u2014 <\/em>wystawa grafiki, pa\u017adziernik 2016<\/li>\n<li>Rena Wolta <em>\u2014 Touch me Please \u2014 <\/em>lipiec 2016 (<a href=\"https:\/\/us.edu.pl\/instytut\/isp\/rena-wolta-touch-me-please-lipiec-2016\/\">Galeria<\/a>)<\/li>\n<li>2. Mi\u0119dzynarodowe Konfrontacje Artystyczne Akademickich Pracowni Artystycznych <em>\u2014 <\/em>H2 \u2014 Hucisko<em> \u2014 <\/em>wystawa malarstwa, czerwiec 2016<\/li>\n<li>Wystawa zbiorowa zaproszonych artyst\u00f3w <em>\u2014 <\/em><em>Bieguny<\/em> \u2014 na pocz\u0105tku by\u0142 rysunek<em> \u2014 <\/em>instalacja, maj 2016 (<a href=\"https:\/\/us.edu.pl\/instytut\/isp\/wystawa-zbiorowa-zaproszonych-artystow\/\">Galeria<\/a>)<\/li>\n<li>Wystawa dokumentuj\u0105ca dzia\u0142alno\u015b\u0107 Galerii Uniwersyteckiej U\u015a w latach 2013\u20142016 <em>\u2014 Wydarzy\u0142<\/em><em>o si<\/em><em>\u0119 w Cieszynie \u2014 <\/em>wystawa plakatu, kwiecie\u0144 2016 (<a href=\"https:\/\/us.edu.pl\/instytut\/isp\/wystawa-dokumentujaca-dzialalnosc-galerii-uniwersyteckiej-us-w-latach-2013-2016\/\">Galeria<\/a>)<\/li>\n<li>Jerzy Pietruczuk <em>\u2014 Grafika \u2014 <\/em>wystawa grafiki, luty 2016 (<a href=\"https:\/\/us.edu.pl\/instytut\/isp\/jerzy-pietruczuk-grafika-wystawa-grafiki-luty-2016\/\">Grafika<\/a>)<\/li>\n<li>Wystawa czeskich artyst\u00f3w: David Jedli\u010dka, Ale\u0161 Huda\u010dek, Pavel Forman <em>\u2014 Zima mi\u0142o\u015bci \u2014 <\/em>wystawa malarstwa, stycze\u0144 2016 (<a href=\"https:\/\/us.edu.pl\/instytut\/isp\/wystawa-czeskich-artystow-david-jedlicka-ales-hudacek-pavel-forman\/\">Galeria<\/a>)<\/li>\n<\/ul>\n<p><strong>2015<\/strong><\/p>\n<ul>\n<li>Lech Ko\u0142odziejczyk <em>\u2014 Odwaga tworzenia \u2014 <\/em>wystawa malarstwa, grudzie\u0144 2015 (<a href=\"https:\/\/us.edu.pl\/instytut\/isp\/lech-kolodziejczyk-odwaga-tworzenia\/\">Galeria<\/a>)<\/li>\n<li>Ksawery Kaliski <em>\u2014 Pomi\u0119dzy \u2014 <\/em>instalacja, grudzie\u0144 2015 (<a href=\"https:\/\/us.edu.pl\/instytut\/isp\/ksawery-kaliski-pomiedzy-instalacja-grudzien-2015\/\">Galeria<\/a>)<\/li>\n<li>Zygmunt Lis <em>\u2014 Symbol i historia. Pejza\u017c<\/em><em>e Zygmunta Lisa<\/em><em>. \u2014<\/em> wystawa malarstwa<em>,<\/em> listopad 2015 (<a href=\"http:\/\/us.edu.pl\/instytut\/isp\/zygmunt-lis-symbol-i-historia\/\">Galeria<\/a>)<\/li>\n<li>Wystawa inauguracyjna prac pedagog\u00f3w Zak\u0142adu Rze\u017aby Instytutu Sztuki w Cieszynie <em>\u2014 Dydaktyka przestrzeni \u2014 <\/em>wystawa rze\u017aby, pa\u017adziernik 2015 (<a href=\"https:\/\/us.edu.pl\/instytut\/isp\/wystawa-inauguracyjna-prac-pedagogow-zakladu-rzezby-instytutu-sztuki-w-cieszynie\/\">Galeria<\/a>)<\/li>\n<li>Jagoda Adamus <em>\u2014 Pejza\u017c niedoko\u0144czony \u2014 <\/em>wystawa malarstwa, maj 2015 (<a href=\"https:\/\/us.edu.pl\/instytut\/isp\/jagoda-adamus-pejzaz-niedokonczony\/\">Galeria<\/a>)<\/li>\n<li>Wystawa prac pedagog\u00f3w Wydzia\u0142u Grafiki i Malarstwa ASP im. W\u0142adys\u0142awa Strzemi\u0144skiego w \u0141odzi <em>\u2014 R<\/em><em>\u00f3<\/em><em>zga \u2014 profesorowie \/ adepci \u2014 <\/em>wystawa grafiki, maj 2015 (<a href=\"https:\/\/us.edu.pl\/instytut\/isp\/wystawa-prac-pedagogow-wydzialu-grafiki-i-malarstwa-asp\/\">Galeria<\/a>)<\/li>\n<li>Ma\u0142gorzata Ska\u0142uba-Krentowicz <em>\u2014 Lekcja ceramiki \u2014 <\/em>wystawa ceramiki, marzec 2015 (<a href=\"https:\/\/us.edu.pl\/instytut\/isp\/malgorzata-skaluba-krentowicz-lekcja-ceramiki\/\">Galeria<\/a>)<\/li>\n<li>Lex Drewi\u0144ski <em>\u2014 Plakaty \u2014 <\/em>wystawa plakatu, luty 2015 (<a href=\"https:\/\/us.edu.pl\/instytut\/isp\/lex-drewinski-plakaty-wystawa-plakatu-luty-2015\/\">Galeria<\/a>)<\/li>\n<li>Jaros\u0142aw Kweclich \/ Bartosz Fr\u0105czek<em>\u2014 W drodze \/ moje miasto\u00a0 \u2014 <\/em>wystawa malarstwa, stycze\u0144 2015 (<a href=\"https:\/\/us.edu.pl\/instytut\/isp\/jaroslaw-kweclich-bartosz-fraczek-w-drodze-moje-miasto\/\">Galeria<\/a>)<\/li>\n<\/ul>\n<p>\n<\/div>\r\n                    <\/div>\r\n                <\/div>[\/vc_column][\/vc_row]<\/p>","protected":false},"excerpt":{"rendered":"<p>[vc_row][vc_column][\/vc_column][\/vc_row] [&#8230;]<\/p>\n<p><a class=\"btn btn-secondary understrap-read-more-link\" href=\"https:\/\/us.edu.pl\/instytut\/isp\/galeria-uniwersytecka\/1456-2\/\">Read More&#8230;<\/a><\/p>\n","protected":false},"author":110,"featured_media":0,"parent":175,"menu_order":0,"comment_status":"closed","ping_status":"closed","template":"","meta":{"_expiration-date-status":"","_expiration-date":0,"_expiration-date-type":"","_expiration-date-categories":[],"_expiration-date-options":[]},"acf":[],"_links":{"self":[{"href":"https:\/\/us.edu.pl\/instytut\/isp\/wp-json\/wp\/v2\/pages\/1456"}],"collection":[{"href":"https:\/\/us.edu.pl\/instytut\/isp\/wp-json\/wp\/v2\/pages"}],"about":[{"href":"https:\/\/us.edu.pl\/instytut\/isp\/wp-json\/wp\/v2\/types\/page"}],"author":[{"embeddable":true,"href":"https:\/\/us.edu.pl\/instytut\/isp\/wp-json\/wp\/v2\/users\/110"}],"replies":[{"embeddable":true,"href":"https:\/\/us.edu.pl\/instytut\/isp\/wp-json\/wp\/v2\/comments?post=1456"}],"version-history":[{"count":10,"href":"https:\/\/us.edu.pl\/instytut\/isp\/wp-json\/wp\/v2\/pages\/1456\/revisions"}],"predecessor-version":[{"id":4088,"href":"https:\/\/us.edu.pl\/instytut\/isp\/wp-json\/wp\/v2\/pages\/1456\/revisions\/4088"}],"up":[{"embeddable":true,"href":"https:\/\/us.edu.pl\/instytut\/isp\/wp-json\/wp\/v2\/pages\/175"}],"wp:attachment":[{"href":"https:\/\/us.edu.pl\/instytut\/isp\/wp-json\/wp\/v2\/media?parent=1456"}],"curies":[{"name":"wp","href":"https:\/\/api.w.org\/{rel}","templated":true}]}}