{"id":1462,"date":"2021-01-11T12:01:42","date_gmt":"2021-01-11T11:01:42","guid":{"rendered":"https:\/\/us.edu.pl\/instytut\/isp\/?page_id=1462"},"modified":"2021-01-11T12:01:42","modified_gmt":"2021-01-11T11:01:42","slug":"anka-mierzejewska-jestem-obraz-idealny-malo-tresci-duzo-farby","status":"publish","type":"page","link":"https:\/\/us.edu.pl\/instytut\/isp\/anka-mierzejewska-jestem-obraz-idealny-malo-tresci-duzo-farby\/","title":{"rendered":"Anka Mierzejewska \u2014 Jestem obraz idealny ma\u0142o tre\u015bci du\u017co farby"},"content":{"rendered":"<p>[vc_row][vc_column]            \r\n                    <div class=\"container\">\r\n                        <div class=\"gallery gallery_2\" data-images-in-row=\"2\">\r\n                            <div class=\"section-title section-title_border-bottom\">Anka Mierzejewska \u2014 Jestem obraz idealny ma\u0142o tre\u015bci du\u017co farby \u2014 wystawa malarstwa, luty 2020<\/div>\r\n                            <div class=\"row m-0\">\r\n                                <a data-fancybox-group=\"button\" title=\"01_Anka_Mierzejewska\" data-fancybox=\"8940\" href=\"https:\/\/us.edu.pl\/instytut\/isp\/wp-content\/uploads\/sites\/46\/Nieprzypisane\/01_Anka_Mierzejewska.jpg\" class=\"gallery__item thumbnail\"\r\n                                    style=\"background-image: url(https:\/\/us.edu.pl\/instytut\/isp\/wp-content\/uploads\/sites\/46\/Nieprzypisane\/01_Anka_Mierzejewska.jpg)\"> <span class=\"d-none\">https:\/\/us.edu.pl\/instytut\/isp\/wp-content\/uploads\/sites\/46\/Nieprzypisane\/01_Anka_Mierzejewska.jpg<\/span> <\/a><a data-fancybox-group=\"button\" title=\"02_Anka_Mierzejewska\" data-fancybox=\"8940\" href=\"https:\/\/us.edu.pl\/instytut\/isp\/wp-content\/uploads\/sites\/46\/Nieprzypisane\/02_Anka_Mierzejewska.jpg\" class=\"gallery__item thumbnail\"\r\n                                    style=\"background-image: url(https:\/\/us.edu.pl\/instytut\/isp\/wp-content\/uploads\/sites\/46\/Nieprzypisane\/02_Anka_Mierzejewska.jpg)\"> <span class=\"d-none\">https:\/\/us.edu.pl\/instytut\/isp\/wp-content\/uploads\/sites\/46\/Nieprzypisane\/02_Anka_Mierzejewska.jpg<\/span> <\/a><a data-fancybox-group=\"button\" title=\"03_Anka_Mierzejewska\" data-fancybox=\"8940\" href=\"https:\/\/us.edu.pl\/instytut\/isp\/wp-content\/uploads\/sites\/46\/Nieprzypisane\/03_Anka_Mierzejewska.jpg\" class=\"gallery__item thumbnail\"\r\n                                    style=\"background-image: url(https:\/\/us.edu.pl\/instytut\/isp\/wp-content\/uploads\/sites\/46\/Nieprzypisane\/03_Anka_Mierzejewska-1024x853.jpg)\"> <span class=\"d-none\">https:\/\/us.edu.pl\/instytut\/isp\/wp-content\/uploads\/sites\/46\/Nieprzypisane\/03_Anka_Mierzejewska.jpg<\/span> <\/a>\r\n                            <\/div>\r\n                    <\/div>\r\n                <\/div>[\/vc_column][\/vc_row]<\/p>","protected":false},"excerpt":{"rendered":"<p>[vc_row][vc_column][\/vc_column][\/vc_row] [&#8230;]<\/p>\n<p><a class=\"btn btn-secondary understrap-read-more-link\" href=\"https:\/\/us.edu.pl\/instytut\/isp\/anka-mierzejewska-jestem-obraz-idealny-malo-tresci-duzo-farby\/\">Read More&#8230;<\/a><\/p>\n","protected":false},"author":110,"featured_media":0,"parent":0,"menu_order":0,"comment_status":"closed","ping_status":"closed","template":"","meta":{"_expiration-date-status":"saved","_expiration-date":0,"_expiration-date-type":"","_expiration-date-categories":[],"_expiration-date-options":[]},"acf":[],"_links":{"self":[{"href":"https:\/\/us.edu.pl\/instytut\/isp\/wp-json\/wp\/v2\/pages\/1462"}],"collection":[{"href":"https:\/\/us.edu.pl\/instytut\/isp\/wp-json\/wp\/v2\/pages"}],"about":[{"href":"https:\/\/us.edu.pl\/instytut\/isp\/wp-json\/wp\/v2\/types\/page"}],"author":[{"embeddable":true,"href":"https:\/\/us.edu.pl\/instytut\/isp\/wp-json\/wp\/v2\/users\/110"}],"replies":[{"embeddable":true,"href":"https:\/\/us.edu.pl\/instytut\/isp\/wp-json\/wp\/v2\/comments?post=1462"}],"version-history":[{"count":1,"href":"https:\/\/us.edu.pl\/instytut\/isp\/wp-json\/wp\/v2\/pages\/1462\/revisions"}],"predecessor-version":[{"id":1468,"href":"https:\/\/us.edu.pl\/instytut\/isp\/wp-json\/wp\/v2\/pages\/1462\/revisions\/1468"}],"wp:attachment":[{"href":"https:\/\/us.edu.pl\/instytut\/isp\/wp-json\/wp\/v2\/media?parent=1462"}],"curies":[{"name":"wp","href":"https:\/\/api.w.org\/{rel}","templated":true}]}}