{"id":1506,"date":"2021-01-12T13:21:23","date_gmt":"2021-01-12T12:21:23","guid":{"rendered":"https:\/\/us.edu.pl\/instytut\/isp\/?page_id=1506"},"modified":"2021-01-12T13:21:23","modified_gmt":"2021-01-12T12:21:23","slug":"wystawa-prac-pedagogow-wydzialu-rzezby-i-intermediow-asp-w-gdansku","status":"publish","type":"page","link":"https:\/\/us.edu.pl\/instytut\/isp\/galeria-uniwersytecka\/1456-2\/wystawa-prac-pedagogow-wydzialu-rzezby-i-intermediow-asp-w-gdansku\/","title":{"rendered":"Wystawa prac pedagog\u00f3w Wydzia\u0142u Rze\u017aby i Intermedi\u00f3w ASP w Gda\u0144sku"},"content":{"rendered":"<p>[vc_row][vc_column]            \r\n                    <div class=\"container\">\r\n                        <div class=\"gallery gallery_2\" data-images-in-row=\"2\">\r\n                            <div class=\"section-title section-title_border-bottom\">Wystawa prac pedagog\u00f3w Wydzia\u0142u Rze\u017aby i Intermedi\u00f3w ASP w Gda\u0144sku \u2014 \u015arodek widnokr\u0119gu \u2014 grudzie\u0144 2019<\/div>\r\n                            <div class=\"row m-0\">\r\n                                <a data-fancybox-group=\"button\" title=\"01_\u015arodek_widnokr\u0119gu\" data-fancybox=\"4423\" href=\"https:\/\/us.edu.pl\/instytut\/isp\/wp-content\/uploads\/sites\/46\/Nieprzypisane\/01_\u015arodek_widnokr\u0119gu.jpg\" class=\"gallery__item thumbnail\"\r\n                                    style=\"background-image: url(https:\/\/us.edu.pl\/instytut\/isp\/wp-content\/uploads\/sites\/46\/Nieprzypisane\/01_\u015arodek_widnokr\u0119gu-717x1024.jpg)\"> <span class=\"d-none\">https:\/\/us.edu.pl\/instytut\/isp\/wp-content\/uploads\/sites\/46\/Nieprzypisane\/01_\u015arodek_widnokr\u0119gu.jpg<\/span> <\/a>\r\n                            <\/div>\r\n                    <\/div>\r\n                <\/div>[\/vc_column][\/vc_row]<\/p>","protected":false},"excerpt":{"rendered":"<p>[vc_row][vc_column][\/vc_column][\/vc_row] [&#8230;]<\/p>\n<p><a class=\"btn btn-secondary understrap-read-more-link\" href=\"https:\/\/us.edu.pl\/instytut\/isp\/galeria-uniwersytecka\/1456-2\/wystawa-prac-pedagogow-wydzialu-rzezby-i-intermediow-asp-w-gdansku\/\">Read More&#8230;<\/a><\/p>\n","protected":false},"author":110,"featured_media":0,"parent":1456,"menu_order":0,"comment_status":"closed","ping_status":"closed","template":"","meta":{"_expiration-date-status":"saved","_expiration-date":0,"_expiration-date-type":"","_expiration-date-categories":[],"_expiration-date-options":[]},"acf":[],"_links":{"self":[{"href":"https:\/\/us.edu.pl\/instytut\/isp\/wp-json\/wp\/v2\/pages\/1506"}],"collection":[{"href":"https:\/\/us.edu.pl\/instytut\/isp\/wp-json\/wp\/v2\/pages"}],"about":[{"href":"https:\/\/us.edu.pl\/instytut\/isp\/wp-json\/wp\/v2\/types\/page"}],"author":[{"embeddable":true,"href":"https:\/\/us.edu.pl\/instytut\/isp\/wp-json\/wp\/v2\/users\/110"}],"replies":[{"embeddable":true,"href":"https:\/\/us.edu.pl\/instytut\/isp\/wp-json\/wp\/v2\/comments?post=1506"}],"version-history":[{"count":1,"href":"https:\/\/us.edu.pl\/instytut\/isp\/wp-json\/wp\/v2\/pages\/1506\/revisions"}],"predecessor-version":[{"id":1509,"href":"https:\/\/us.edu.pl\/instytut\/isp\/wp-json\/wp\/v2\/pages\/1506\/revisions\/1509"}],"up":[{"embeddable":true,"href":"https:\/\/us.edu.pl\/instytut\/isp\/wp-json\/wp\/v2\/pages\/1456"}],"wp:attachment":[{"href":"https:\/\/us.edu.pl\/instytut\/isp\/wp-json\/wp\/v2\/media?parent=1506"}],"curies":[{"name":"wp","href":"https:\/\/api.w.org\/{rel}","templated":true}]}}