{"id":1620,"date":"2021-02-01T14:49:33","date_gmt":"2021-02-01T13:49:33","guid":{"rendered":"https:\/\/us.edu.pl\/instytut\/isp\/?page_id=1620"},"modified":"2021-02-01T14:49:33","modified_gmt":"2021-02-01T13:49:33","slug":"wystawa-dokumentujaca-dzialalnosc-galerii-uniwersyteckiej-us-w-latach-2013-2016","status":"publish","type":"page","link":"https:\/\/us.edu.pl\/instytut\/isp\/wystawa-dokumentujaca-dzialalnosc-galerii-uniwersyteckiej-us-w-latach-2013-2016\/","title":{"rendered":"Wystawa dokumentuj\u0105ca dzia\u0142alno\u015b\u0107 Galerii Uniwersyteckiej U\u015a w latach 2013\u20142016"},"content":{"rendered":"<p>[vc_row][vc_column]            \r\n                    <div class=\"container\">\r\n                        <div class=\"gallery gallery_2\" data-images-in-row=\"2\">\r\n                            <div class=\"section-title section-title_border-bottom\">Wystawa dokumentuj\u0105ca dzia\u0142alno\u015b\u0107 Galerii Uniwersyteckiej U\u015a w latach 2013\u20142016 \u2014 Wydarzy\u0142o si\u0119 w Cieszynie \u2014 wystawa plakatu, kwiecie\u0144 2016<\/div>\r\n                            <div class=\"row m-0\">\r\n                                <a data-fancybox-group=\"button\" title=\"01_Wydarzy\u0142o_si\u0119_w_Cieszynie\" data-fancybox=\"9976\" href=\"https:\/\/us.edu.pl\/instytut\/isp\/wp-content\/uploads\/sites\/46\/Nieprzypisane\/01_Wydarzy\u0142o_si\u0119_w_Cieszynie.jpg\" class=\"gallery__item thumbnail\"\r\n                                    style=\"background-image: url(https:\/\/us.edu.pl\/instytut\/isp\/wp-content\/uploads\/sites\/46\/Nieprzypisane\/01_Wydarzy\u0142o_si\u0119_w_Cieszynie.jpg)\"> <span class=\"d-none\">https:\/\/us.edu.pl\/instytut\/isp\/wp-content\/uploads\/sites\/46\/Nieprzypisane\/01_Wydarzy\u0142o_si\u0119_w_Cieszynie.jpg<\/span> <\/a><a data-fancybox-group=\"button\" title=\"02_Wydarzy\u0142o_si\u0119_w_Cieszynie\" data-fancybox=\"9976\" href=\"https:\/\/us.edu.pl\/instytut\/isp\/wp-content\/uploads\/sites\/46\/Nieprzypisane\/02_Wydarzy\u0142o_si\u0119_w_Cieszynie.jpg\" class=\"gallery__item thumbnail\"\r\n                                    style=\"background-image: url(https:\/\/us.edu.pl\/instytut\/isp\/wp-content\/uploads\/sites\/46\/Nieprzypisane\/02_Wydarzy\u0142o_si\u0119_w_Cieszynie-1024x682.jpg)\"> <span class=\"d-none\">https:\/\/us.edu.pl\/instytut\/isp\/wp-content\/uploads\/sites\/46\/Nieprzypisane\/02_Wydarzy\u0142o_si\u0119_w_Cieszynie.jpg<\/span> <\/a><a data-fancybox-group=\"button\" title=\"03_Wydarzy\u0142o_si\u0119_w_Cieszynie\" data-fancybox=\"9976\" href=\"https:\/\/us.edu.pl\/instytut\/isp\/wp-content\/uploads\/sites\/46\/Nieprzypisane\/03_Wydarzy\u0142o_si\u0119_w_Cieszynie.jpg\" class=\"gallery__item thumbnail\"\r\n                                    style=\"background-image: url(https:\/\/us.edu.pl\/instytut\/isp\/wp-content\/uploads\/sites\/46\/Nieprzypisane\/03_Wydarzy\u0142o_si\u0119_w_Cieszynie.jpg)\"> <span class=\"d-none\">https:\/\/us.edu.pl\/instytut\/isp\/wp-content\/uploads\/sites\/46\/Nieprzypisane\/03_Wydarzy\u0142o_si\u0119_w_Cieszynie.jpg<\/span> <\/a><a data-fancybox-group=\"button\" title=\"04_Wydarzy\u0142o_si\u0119_w_Cieszynie\" data-fancybox=\"9976\" href=\"https:\/\/us.edu.pl\/instytut\/isp\/wp-content\/uploads\/sites\/46\/Nieprzypisane\/04_Wydarzy\u0142o_si\u0119_w_Cieszynie.jpg\" class=\"gallery__item thumbnail\"\r\n                                    style=\"background-image: url(https:\/\/us.edu.pl\/instytut\/isp\/wp-content\/uploads\/sites\/46\/Nieprzypisane\/04_Wydarzy\u0142o_si\u0119_w_Cieszynie-1024x683.jpg)\"> <span class=\"d-none\">https:\/\/us.edu.pl\/instytut\/isp\/wp-content\/uploads\/sites\/46\/Nieprzypisane\/04_Wydarzy\u0142o_si\u0119_w_Cieszynie.jpg<\/span> <\/a>\r\n                            <\/div>\r\n                    <\/div>\r\n                <\/div>[\/vc_column][\/vc_row]<\/p>","protected":false},"excerpt":{"rendered":"<p>[vc_row][vc_column][\/vc_column][\/vc_row] [&#8230;]<\/p>\n<p><a class=\"btn btn-secondary understrap-read-more-link\" href=\"https:\/\/us.edu.pl\/instytut\/isp\/wystawa-dokumentujaca-dzialalnosc-galerii-uniwersyteckiej-us-w-latach-2013-2016\/\">Read More&#8230;<\/a><\/p>\n","protected":false},"author":110,"featured_media":0,"parent":0,"menu_order":0,"comment_status":"closed","ping_status":"closed","template":"","meta":{"_expiration-date-status":"saved","_expiration-date":0,"_expiration-date-type":"","_expiration-date-categories":[],"_expiration-date-options":[]},"acf":[],"_links":{"self":[{"href":"https:\/\/us.edu.pl\/instytut\/isp\/wp-json\/wp\/v2\/pages\/1620"}],"collection":[{"href":"https:\/\/us.edu.pl\/instytut\/isp\/wp-json\/wp\/v2\/pages"}],"about":[{"href":"https:\/\/us.edu.pl\/instytut\/isp\/wp-json\/wp\/v2\/types\/page"}],"author":[{"embeddable":true,"href":"https:\/\/us.edu.pl\/instytut\/isp\/wp-json\/wp\/v2\/users\/110"}],"replies":[{"embeddable":true,"href":"https:\/\/us.edu.pl\/instytut\/isp\/wp-json\/wp\/v2\/comments?post=1620"}],"version-history":[{"count":1,"href":"https:\/\/us.edu.pl\/instytut\/isp\/wp-json\/wp\/v2\/pages\/1620\/revisions"}],"predecessor-version":[{"id":1626,"href":"https:\/\/us.edu.pl\/instytut\/isp\/wp-json\/wp\/v2\/pages\/1620\/revisions\/1626"}],"wp:attachment":[{"href":"https:\/\/us.edu.pl\/instytut\/isp\/wp-json\/wp\/v2\/media?parent=1620"}],"curies":[{"name":"wp","href":"https:\/\/api.w.org\/{rel}","templated":true}]}}