{"id":1633,"date":"2021-02-01T14:57:04","date_gmt":"2021-02-01T13:57:04","guid":{"rendered":"https:\/\/us.edu.pl\/instytut\/isp\/?page_id=1633"},"modified":"2021-02-01T14:57:04","modified_gmt":"2021-02-01T13:57:04","slug":"wystawa-czeskich-artystow-david-jedlicka-ales-hudacek-pavel-forman","status":"publish","type":"page","link":"https:\/\/us.edu.pl\/instytut\/isp\/wystawa-czeskich-artystow-david-jedlicka-ales-hudacek-pavel-forman\/","title":{"rendered":"Wystawa czeskich artyst\u00f3w: David Jedli\u010dka, Ale\u0161 Huda\u010dek, Pavel Forman"},"content":{"rendered":"<p>[vc_row][vc_column]            \r\n                    <div class=\"container\">\r\n                        <div class=\"gallery gallery_2\" data-images-in-row=\"2\">\r\n                            <div class=\"section-title section-title_border-bottom\">Wystawa czeskich artyst\u00f3w: David Jedli\u010dka, Ale\u0161 Huda\u010dek, Pavel Forman \u2014 Zima mi\u0142o\u015bci \u2014 wystawa malarstwa, stycze\u0144 2016<\/div>\r\n                            <div class=\"row m-0\">\r\n                                <a data-fancybox-group=\"button\" title=\"01_Jedlicka _ Hudacek _ Forman\" data-fancybox=\"244\" href=\"https:\/\/us.edu.pl\/instytut\/isp\/wp-content\/uploads\/sites\/46\/Nieprzypisane\/01_Jedlicka-_-Hudacek-_-Forman.jpg\" class=\"gallery__item thumbnail\"\r\n                                    style=\"background-image: url(https:\/\/us.edu.pl\/instytut\/isp\/wp-content\/uploads\/sites\/46\/Nieprzypisane\/01_Jedlicka-_-Hudacek-_-Forman.jpg)\"> <span class=\"d-none\">https:\/\/us.edu.pl\/instytut\/isp\/wp-content\/uploads\/sites\/46\/Nieprzypisane\/01_Jedlicka-_-Hudacek-_-Forman.jpg<\/span> <\/a><a data-fancybox-group=\"button\" title=\"02_Jedlicka _ Hudacek _ Forman\" data-fancybox=\"244\" href=\"https:\/\/us.edu.pl\/instytut\/isp\/wp-content\/uploads\/sites\/46\/Nieprzypisane\/02_Jedlicka-_-Hudacek-_-Forman.jpg\" class=\"gallery__item thumbnail\"\r\n                                    style=\"background-image: url(https:\/\/us.edu.pl\/instytut\/isp\/wp-content\/uploads\/sites\/46\/Nieprzypisane\/02_Jedlicka-_-Hudacek-_-Forman-1024x682.jpg)\"> <span class=\"d-none\">https:\/\/us.edu.pl\/instytut\/isp\/wp-content\/uploads\/sites\/46\/Nieprzypisane\/02_Jedlicka-_-Hudacek-_-Forman.jpg<\/span> <\/a><a data-fancybox-group=\"button\" title=\"03_Jedlicka _ Hudacek _ Forman\" data-fancybox=\"244\" href=\"https:\/\/us.edu.pl\/instytut\/isp\/wp-content\/uploads\/sites\/46\/Nieprzypisane\/03_Jedlicka-_-Hudacek-_-Forman.jpg\" class=\"gallery__item thumbnail\"\r\n                                    style=\"background-image: url(https:\/\/us.edu.pl\/instytut\/isp\/wp-content\/uploads\/sites\/46\/Nieprzypisane\/03_Jedlicka-_-Hudacek-_-Forman-1024x683.jpg)\"> <span class=\"d-none\">https:\/\/us.edu.pl\/instytut\/isp\/wp-content\/uploads\/sites\/46\/Nieprzypisane\/03_Jedlicka-_-Hudacek-_-Forman.jpg<\/span> <\/a><a data-fancybox-group=\"button\" title=\"04_Jedlicka _ Hudacek _ Forman\" data-fancybox=\"244\" href=\"https:\/\/us.edu.pl\/instytut\/isp\/wp-content\/uploads\/sites\/46\/Nieprzypisane\/04_Jedlicka-_-Hudacek-_-Forman.jpg\" class=\"gallery__item thumbnail\"\r\n                                    style=\"background-image: url(https:\/\/us.edu.pl\/instytut\/isp\/wp-content\/uploads\/sites\/46\/Nieprzypisane\/04_Jedlicka-_-Hudacek-_-Forman-1024x683.jpg)\"> <span class=\"d-none\">https:\/\/us.edu.pl\/instytut\/isp\/wp-content\/uploads\/sites\/46\/Nieprzypisane\/04_Jedlicka-_-Hudacek-_-Forman.jpg<\/span> <\/a>\r\n                            <\/div>\r\n                    <\/div>\r\n                <\/div>[\/vc_column][\/vc_row]<\/p>","protected":false},"excerpt":{"rendered":"<p>[vc_row][vc_column][\/vc_column][\/vc_row] [&#8230;]<\/p>\n<p><a class=\"btn btn-secondary understrap-read-more-link\" href=\"https:\/\/us.edu.pl\/instytut\/isp\/wystawa-czeskich-artystow-david-jedlicka-ales-hudacek-pavel-forman\/\">Read More&#8230;<\/a><\/p>\n","protected":false},"author":110,"featured_media":0,"parent":0,"menu_order":0,"comment_status":"closed","ping_status":"closed","template":"","meta":{"_expiration-date-status":"saved","_expiration-date":0,"_expiration-date-type":"","_expiration-date-categories":[],"_expiration-date-options":[]},"acf":[],"_links":{"self":[{"href":"https:\/\/us.edu.pl\/instytut\/isp\/wp-json\/wp\/v2\/pages\/1633"}],"collection":[{"href":"https:\/\/us.edu.pl\/instytut\/isp\/wp-json\/wp\/v2\/pages"}],"about":[{"href":"https:\/\/us.edu.pl\/instytut\/isp\/wp-json\/wp\/v2\/types\/page"}],"author":[{"embeddable":true,"href":"https:\/\/us.edu.pl\/instytut\/isp\/wp-json\/wp\/v2\/users\/110"}],"replies":[{"embeddable":true,"href":"https:\/\/us.edu.pl\/instytut\/isp\/wp-json\/wp\/v2\/comments?post=1633"}],"version-history":[{"count":1,"href":"https:\/\/us.edu.pl\/instytut\/isp\/wp-json\/wp\/v2\/pages\/1633\/revisions"}],"predecessor-version":[{"id":1640,"href":"https:\/\/us.edu.pl\/instytut\/isp\/wp-json\/wp\/v2\/pages\/1633\/revisions\/1640"}],"wp:attachment":[{"href":"https:\/\/us.edu.pl\/instytut\/isp\/wp-json\/wp\/v2\/media?parent=1633"}],"curies":[{"name":"wp","href":"https:\/\/api.w.org\/{rel}","templated":true}]}}