{"id":165,"date":"2020-02-03T12:16:34","date_gmt":"2020-02-03T11:16:34","guid":{"rendered":"http:\/\/us.edu.pl\/instytut\/isp\/?page_id=165"},"modified":"2020-09-28T14:58:23","modified_gmt":"2020-09-28T12:58:23","slug":"dyrekcja-instytut-sztuk-plastycznych","status":"publish","type":"page","link":"https:\/\/us.edu.pl\/instytut\/isp\/dyrekcja-instytut-sztuk-plastycznych\/","title":{"rendered":"Dyrekcja | Instytut Sztuk Plastycznych"},"content":{"rendered":"<p>[vc_row][vc_column][vc_column_text]<span style=\"font-size: 14pt\"><img class=\"alignnone wp-image-265 size-thumbnail\" src=\"http:\/\/us.edu.pl\/instytut\/isp\/wp-content\/uploads\/sites\/46\/Nieprzypisane\/\u0141ukasz-Kli\u015b-150x150.jpg\" alt=\"\" width=\"150\" height=\"150\" \/> dr hab. <strong>\u0141ukasz Kli\u015b<\/strong>, prof. U\u015a<br \/>\n<\/span><span style=\"font-size: 14pt\">Dyrektor Instytutu Sztuk Plastycznych<\/span><\/p>\n<p><span style=\"font-size: 14pt\"><img class=\"alignnone wp-image-266 size-thumbnail\" src=\"http:\/\/us.edu.pl\/instytut\/isp\/wp-content\/uploads\/sites\/46\/Nieprzypisane\/Adam-Czech-150x150.jpg\" alt=\"\" width=\"150\" height=\"150\" \/> dr hab. <strong>Adam Czech<\/strong>, prof. U\u015a<br \/>\nZast\u0119pca Dyrektora Instytutu Sztuk Plastycznych<\/span><\/p>\n<p><img class=\"alignnone wp-image-268 size-thumbnail\" src=\"http:\/\/us.edu.pl\/instytut\/isp\/wp-content\/uploads\/sites\/46\/Nieprzypisane\/Stefan-Lechwar-150x150.jpg\" alt=\"\" width=\"150\" height=\"150\" \/><span style=\"font-size: 14pt\">\u00a0dr hab. <strong>Stefan Lechwar<\/strong>, prof. U\u015a<br \/>\n<\/span><span style=\"font-size: 14pt\">Dyrektor Kierunk\u00f3w Studi\u00f3w Edukacja Artystyczna w zakresie sztuk plastycznych, Grafika, Malarstwo i projekty interdyscyplinarne Wydzia\u0142u Sztuki i Nauk o Edukacji<\/span><\/p>\n<p><img class=\"alignnone wp-image-772 size-thumbnail\" src=\"https:\/\/us.edu.pl\/instytut\/isp\/wp-content\/uploads\/sites\/46\/Nieprzypisane\/Hanna-Grzonka-150x150.jpg\" alt=\"Hanna Grzonka\" width=\"150\" height=\"150\" \/> <span style=\"font-size: 14pt\">dr hab. <strong>Hanna Grzonka-Karwacka<\/strong>, prof. U\u015a<br \/>\n<\/span><span style=\"font-size: 14pt\">Zast\u0119pca Dyrektora Kierunk\u00f3w Studi\u00f3w Edukacja Artystyczna w zakresie sztuk plastycznych, Grafika, Malarstwo i projektu interdyscyplinarne Wydzia\u0142u Sztuki i Nauk o Edukacji<\/span><\/p>\n<p><span style=\"font-size: 14pt\">\u00a0<img class=\"alignnone wp-image-270 size-thumbnail\" src=\"http:\/\/us.edu.pl\/instytut\/isp\/wp-content\/uploads\/sites\/46\/Nieprzypisane\/Justyna-Stefa\u0144czyk-150x150.jpg\" alt=\"\" width=\"150\" height=\"150\" \/> dr <strong>Justyna Stefa\u0144czyk<\/strong><br \/>\nDyrektor Kierunku Studi\u00f3w Projektowanie gier i przestrzeni wirtualnej Wydzia\u0142u Sztuki i Nauk o Edukacji<\/span><\/p>\n<p><span style=\"font-size: 14pt\"><img class=\"alignnone wp-image-774 size-thumbnail\" src=\"https:\/\/us.edu.pl\/instytut\/isp\/wp-content\/uploads\/sites\/46\/Nieprzypisane\/Wojtek-Osuchowski-1-150x150.jpg\" alt=\"\" width=\"150\" height=\"150\" \/> dr <strong>Wojciech Osuchowski<br \/>\n<\/strong><\/span><span style=\"font-size: 14pt\">Zast\u0119pca Dyrektora Kierunku Studi\u00f3w Projektowanie gier i przestrzeni wirtualnej Wydzia\u0142u Sztuki i Nauk o Edukacji<\/span>[\/vc_column_text][\/vc_column][\/vc_row]<\/p>","protected":false},"excerpt":{"rendered":"<p>[vc_row][vc_column][vc_column_text] dr hab. \u0141ukasz Kli\u015b, prof. U\u015a Dyrektor Instytutu Sztuk Plastycznych dr hab. Adam Czech, prof. U\u015a Zast\u0119pca Dyrektora Instytutu Sztuk Plastycznych \u00a0dr hab. Stefan Lechwar, prof. U\u015a Dyrektor Kierunk\u00f3w Studi\u00f3w Edukacja Artystyczna w zakresie sztuk plastycznych, Grafika, Malarstwo i projekty interdyscyplinarne Wydzia\u0142u Sztuki i Nauk o Edukacji dr hab. Hanna Grzonka-Karwacka, prof. U\u015a Zast\u0119pca [&#8230;]<\/p>\n<p><a class=\"btn btn-secondary understrap-read-more-link\" href=\"https:\/\/us.edu.pl\/instytut\/isp\/dyrekcja-instytut-sztuk-plastycznych\/\">Read More&#8230;<\/a><\/p>\n","protected":false},"author":110,"featured_media":0,"parent":0,"menu_order":0,"comment_status":"closed","ping_status":"closed","template":"page-templates\/inner-page.php","meta":{"_expiration-date-status":"saved","_expiration-date":0,"_expiration-date-type":"","_expiration-date-categories":[],"_expiration-date-options":[]},"acf":[],"_links":{"self":[{"href":"https:\/\/us.edu.pl\/instytut\/isp\/wp-json\/wp\/v2\/pages\/165"}],"collection":[{"href":"https:\/\/us.edu.pl\/instytut\/isp\/wp-json\/wp\/v2\/pages"}],"about":[{"href":"https:\/\/us.edu.pl\/instytut\/isp\/wp-json\/wp\/v2\/types\/page"}],"author":[{"embeddable":true,"href":"https:\/\/us.edu.pl\/instytut\/isp\/wp-json\/wp\/v2\/users\/110"}],"replies":[{"embeddable":true,"href":"https:\/\/us.edu.pl\/instytut\/isp\/wp-json\/wp\/v2\/comments?post=165"}],"version-history":[{"count":11,"href":"https:\/\/us.edu.pl\/instytut\/isp\/wp-json\/wp\/v2\/pages\/165\/revisions"}],"predecessor-version":[{"id":797,"href":"https:\/\/us.edu.pl\/instytut\/isp\/wp-json\/wp\/v2\/pages\/165\/revisions\/797"}],"wp:attachment":[{"href":"https:\/\/us.edu.pl\/instytut\/isp\/wp-json\/wp\/v2\/media?parent=165"}],"curies":[{"name":"wp","href":"https:\/\/api.w.org\/{rel}","templated":true}]}}