{"id":1681,"date":"2021-02-02T11:45:59","date_gmt":"2021-02-02T10:45:59","guid":{"rendered":"https:\/\/us.edu.pl\/instytut\/isp\/?page_id=1681"},"modified":"2021-02-02T11:45:59","modified_gmt":"2021-02-02T10:45:59","slug":"wystawa-prac-pedagogow-wydzialu-grafiki-i-malarstwa-asp","status":"publish","type":"page","link":"https:\/\/us.edu.pl\/instytut\/isp\/wystawa-prac-pedagogow-wydzialu-grafiki-i-malarstwa-asp\/","title":{"rendered":"Wystawa prac pedagog\u00f3w Wydzia\u0142u Grafiki i Malarstwa ASP"},"content":{"rendered":"<p>[vc_row][vc_column]            \r\n                    <div class=\"container\">\r\n                        <div class=\"gallery gallery_2\" data-images-in-row=\"2\">\r\n                            <div class=\"section-title section-title_border-bottom\">Wystawa prac pedagog\u00f3w Wydzia\u0142u Grafiki i Malarstwa ASP im. W\u0142adys\u0142awa Strzemi\u0144skiego w \u0141odzi \u2014 R\u00f3zga \u2014 profesorowie \/ adepci \u2014 wystawa grafiki, maj 2015<\/div>\r\n                            <div class=\"row m-0\">\r\n                                <a data-fancybox-group=\"button\" title=\"01_R\u00f3zga_profesorowie_adepci\" data-fancybox=\"5057\" href=\"https:\/\/us.edu.pl\/instytut\/isp\/wp-content\/uploads\/sites\/46\/Nieprzypisane\/01_R\u00f3zga_profesorowie_adepci.jpg\" class=\"gallery__item thumbnail\"\r\n                                    style=\"background-image: url(https:\/\/us.edu.pl\/instytut\/isp\/wp-content\/uploads\/sites\/46\/Nieprzypisane\/01_R\u00f3zga_profesorowie_adepci.jpg)\"> <span class=\"d-none\">https:\/\/us.edu.pl\/instytut\/isp\/wp-content\/uploads\/sites\/46\/Nieprzypisane\/01_R\u00f3zga_profesorowie_adepci.jpg<\/span> <\/a><a data-fancybox-group=\"button\" title=\"02_R\u00f3zga_profesorowie_adepci\" data-fancybox=\"5057\" href=\"https:\/\/us.edu.pl\/instytut\/isp\/wp-content\/uploads\/sites\/46\/Nieprzypisane\/02_R\u00f3zga_profesorowie_adepci.jpg\" class=\"gallery__item thumbnail\"\r\n                                    style=\"background-image: url(https:\/\/us.edu.pl\/instytut\/isp\/wp-content\/uploads\/sites\/46\/Nieprzypisane\/02_R\u00f3zga_profesorowie_adepci-1024x743.jpg)\"> <span class=\"d-none\">https:\/\/us.edu.pl\/instytut\/isp\/wp-content\/uploads\/sites\/46\/Nieprzypisane\/02_R\u00f3zga_profesorowie_adepci.jpg<\/span> <\/a><a data-fancybox-group=\"button\" title=\"03_R\u00f3zga_profesorowie_adepci\" data-fancybox=\"5057\" href=\"https:\/\/us.edu.pl\/instytut\/isp\/wp-content\/uploads\/sites\/46\/Nieprzypisane\/03_R\u00f3zga_profesorowie_adepci.jpg\" class=\"gallery__item thumbnail\"\r\n                                    style=\"background-image: url(https:\/\/us.edu.pl\/instytut\/isp\/wp-content\/uploads\/sites\/46\/Nieprzypisane\/03_R\u00f3zga_profesorowie_adepci-1024x668.jpg)\"> <span class=\"d-none\">https:\/\/us.edu.pl\/instytut\/isp\/wp-content\/uploads\/sites\/46\/Nieprzypisane\/03_R\u00f3zga_profesorowie_adepci.jpg<\/span> <\/a><a data-fancybox-group=\"button\" title=\"04_R\u00f3zga_profesorowie_adepci\" data-fancybox=\"5057\" href=\"https:\/\/us.edu.pl\/instytut\/isp\/wp-content\/uploads\/sites\/46\/Nieprzypisane\/04_R\u00f3zga_profesorowie_adepci.jpg\" class=\"gallery__item thumbnail\"\r\n                                    style=\"background-image: url(https:\/\/us.edu.pl\/instytut\/isp\/wp-content\/uploads\/sites\/46\/Nieprzypisane\/04_R\u00f3zga_profesorowie_adepci-1024x683.jpg)\"> <span class=\"d-none\">https:\/\/us.edu.pl\/instytut\/isp\/wp-content\/uploads\/sites\/46\/Nieprzypisane\/04_R\u00f3zga_profesorowie_adepci.jpg<\/span> <\/a>\r\n                            <\/div>\r\n                    <\/div>\r\n                <\/div>[\/vc_column][\/vc_row]<\/p>","protected":false},"excerpt":{"rendered":"<p>[vc_row][vc_column][\/vc_column][\/vc_row] [&#8230;]<\/p>\n<p><a class=\"btn btn-secondary understrap-read-more-link\" href=\"https:\/\/us.edu.pl\/instytut\/isp\/wystawa-prac-pedagogow-wydzialu-grafiki-i-malarstwa-asp\/\">Read More&#8230;<\/a><\/p>\n","protected":false},"author":110,"featured_media":0,"parent":0,"menu_order":0,"comment_status":"closed","ping_status":"closed","template":"","meta":{"_expiration-date-status":"saved","_expiration-date":0,"_expiration-date-type":"","_expiration-date-categories":[],"_expiration-date-options":[]},"acf":[],"_links":{"self":[{"href":"https:\/\/us.edu.pl\/instytut\/isp\/wp-json\/wp\/v2\/pages\/1681"}],"collection":[{"href":"https:\/\/us.edu.pl\/instytut\/isp\/wp-json\/wp\/v2\/pages"}],"about":[{"href":"https:\/\/us.edu.pl\/instytut\/isp\/wp-json\/wp\/v2\/types\/page"}],"author":[{"embeddable":true,"href":"https:\/\/us.edu.pl\/instytut\/isp\/wp-json\/wp\/v2\/users\/110"}],"replies":[{"embeddable":true,"href":"https:\/\/us.edu.pl\/instytut\/isp\/wp-json\/wp\/v2\/comments?post=1681"}],"version-history":[{"count":1,"href":"https:\/\/us.edu.pl\/instytut\/isp\/wp-json\/wp\/v2\/pages\/1681\/revisions"}],"predecessor-version":[{"id":1688,"href":"https:\/\/us.edu.pl\/instytut\/isp\/wp-json\/wp\/v2\/pages\/1681\/revisions\/1688"}],"wp:attachment":[{"href":"https:\/\/us.edu.pl\/instytut\/isp\/wp-json\/wp\/v2\/media?parent=1681"}],"curies":[{"name":"wp","href":"https:\/\/api.w.org\/{rel}","templated":true}]}}