{"id":1735,"date":"2021-03-03T13:05:15","date_gmt":"2021-03-03T12:05:15","guid":{"rendered":"https:\/\/us.edu.pl\/instytut\/isp\/?page_id=1735"},"modified":"2023-05-18T12:52:37","modified_gmt":"2023-05-18T10:52:37","slug":"regulaminy-i-druki","status":"publish","type":"page","link":"https:\/\/us.edu.pl\/instytut\/isp\/regulaminy-i-druki\/","title":{"rendered":"Regulaminy i druki"},"content":{"rendered":"<p>[vc_row][vc_column]\r\n                <div class=\"text-modules\">\r\n                    <div class=\"container\">\r\n                        <h3 class=\"page-title text__title\">Regulaminy i druki<\/h3>\r\n                        <div class=\"text-modules__content\"><p><a href=\"https:\/\/us.edu.pl\/instytut\/isp\/wp-content\/uploads\/sites\/46\/2023\/05\/Regulamin-podzialu-srodkow-z-subwencji-na-prowadzenie-badan-i-utrzymanie-potencjalu-badawczego-w-ISP_16.02.22.pdf\" class=\"mtli_attachment mtli_pdf\" data-mtli=\"mtli_filesize578,86kB\" class=\"mtli_attachment mtli_pdf\" data-mtli=\"mtli_filesize578,86kB\">Regulamin podzia\u0142u \u015brodk\u00f3w z subwencji na prowadzenie bada\u0144 i utrzymanie potencja\u0142u badawczego w ISP_16.02.22<\/a><\/p>\n<p><a href=\"https:\/\/us.edu.pl\/instytut\/isp\/wp-content\/uploads\/sites\/46\/Nieprzypisane\/Zasady-powo\u0142ywania-zespo\u0142\u00f3w_ISP_WSNE_17.02.21.pdf\" class=\"mtli_attachment mtli_pdf\" data-mtli=\"mtli_filesize866,03kB\" class=\"mtli_attachment mtli_pdf\" data-mtli=\"mtli_filesize866,03kB\">Zasady powo\u0142ywania zespo\u0142\u00f3w_ISP_WSNE_17.02.21<\/a><\/p>\n<p><a href=\"https:\/\/us.edu.pl\/instytut\/isp\/wp-content\/uploads\/sites\/46\/Nieprzypisane\/Za\u0142.1_Zasady-powo\u0142ywania-zespo\u0142\u00f3w_Wniosek-o-powo\u0142anie.pdf\" class=\"mtli_attachment mtli_pdf\" data-mtli=\"mtli_filesize140,14kB\" class=\"mtli_attachment mtli_pdf\" data-mtli=\"mtli_filesize140,14kB\">Za\u0142.1_Zasady powo\u0142ywania zespo\u0142\u00f3w_Wniosek o powo\u0142anie<\/a><\/p>\n<p><a href=\"https:\/\/us.edu.pl\/instytut\/isp\/wp-content\/uploads\/sites\/46\/Nieprzypisane\/Za\u0142.1_Regulamin-podzia\u0142u-\u015brodk\u00f3w_Wniosek-o-finansowanie.pdf\" class=\"mtli_attachment mtli_pdf\" data-mtli=\"mtli_filesize144,37kB\" class=\"mtli_attachment mtli_pdf\" data-mtli=\"mtli_filesize144,37kB\">Za\u0142.1_Regulamin podzia\u0142u \u015brodk\u00f3w_Wniosek o finansowanie<\/a><\/p>\n<p><a href=\"https:\/\/us.edu.pl\/instytut\/isp\/wp-content\/uploads\/sites\/46\/Nieprzypisane\/Za\u0142.2_Regulamin-podzia\u0142u-\u015brodk\u00f3w_Algorytm.pdf\" class=\"mtli_attachment mtli_pdf\" data-mtli=\"mtli_filesize84,71kB\" class=\"mtli_attachment mtli_pdf\" data-mtli=\"mtli_filesize84,71kB\">Za\u0142.2_Regulamin podzia\u0142u \u015brodk\u00f3w_Algorytm<\/a><\/p>\n<style type=\"text\/css\">a[data-mtli~=\"mtli_filesize578,86kB\"]:after {content:\" (578,86 kB)\"}a[data-mtli~=\"mtli_filesize866,03kB\"]:after {content:\" (866,03 kB)\"}a[data-mtli~=\"mtli_filesize140,14kB\"]:after {content:\" (140,14 kB)\"}a[data-mtli~=\"mtli_filesize144,37kB\"]:after {content:\" (144,37 kB)\"}a[data-mtli~=\"mtli_filesize84,71kB\"]:after {content:\" (84,71 kB)\"}<\/style><\/div>\r\n                    <\/div>\r\n                <\/div>[\/vc_column][\/vc_row]<\/p>\n<style type=\"text\/css\">a[data-mtli~=\"mtli_filesize578,86kB\"]:after {content:\" (578,86 kB)\"}a[data-mtli~=\"mtli_filesize866,03kB\"]:after {content:\" (866,03 kB)\"}a[data-mtli~=\"mtli_filesize140,14kB\"]:after {content:\" (140,14 kB)\"}a[data-mtli~=\"mtli_filesize144,37kB\"]:after {content:\" (144,37 kB)\"}a[data-mtli~=\"mtli_filesize84,71kB\"]:after {content:\" (84,71 kB)\"}<\/style>","protected":false},"excerpt":{"rendered":"<p>[vc_row][vc_column][\/vc_column][\/vc_row] [&#8230;]<\/p>\n<p><a class=\"btn btn-secondary understrap-read-more-link\" href=\"https:\/\/us.edu.pl\/instytut\/isp\/regulaminy-i-druki\/\">Read More&#8230;<\/a><\/p>\n","protected":false},"author":110,"featured_media":0,"parent":0,"menu_order":0,"comment_status":"closed","ping_status":"closed","template":"","meta":{"_expiration-date-status":"","_expiration-date":0,"_expiration-date-type":"","_expiration-date-categories":[],"_expiration-date-options":[]},"acf":[],"_links":{"self":[{"href":"https:\/\/us.edu.pl\/instytut\/isp\/wp-json\/wp\/v2\/pages\/1735"}],"collection":[{"href":"https:\/\/us.edu.pl\/instytut\/isp\/wp-json\/wp\/v2\/pages"}],"about":[{"href":"https:\/\/us.edu.pl\/instytut\/isp\/wp-json\/wp\/v2\/types\/page"}],"author":[{"embeddable":true,"href":"https:\/\/us.edu.pl\/instytut\/isp\/wp-json\/wp\/v2\/users\/110"}],"replies":[{"embeddable":true,"href":"https:\/\/us.edu.pl\/instytut\/isp\/wp-json\/wp\/v2\/comments?post=1735"}],"version-history":[{"count":3,"href":"https:\/\/us.edu.pl\/instytut\/isp\/wp-json\/wp\/v2\/pages\/1735\/revisions"}],"predecessor-version":[{"id":3164,"href":"https:\/\/us.edu.pl\/instytut\/isp\/wp-json\/wp\/v2\/pages\/1735\/revisions\/3164"}],"wp:attachment":[{"href":"https:\/\/us.edu.pl\/instytut\/isp\/wp-json\/wp\/v2\/media?parent=1735"}],"curies":[{"name":"wp","href":"https:\/\/api.w.org\/{rel}","templated":true}]}}