{"id":2280,"date":"2021-12-22T08:09:29","date_gmt":"2021-12-22T07:09:29","guid":{"rendered":"https:\/\/us.edu.pl\/instytut\/isp\/?page_id=2280"},"modified":"2023-02-02T12:36:17","modified_gmt":"2023-02-02T11:36:17","slug":"mgr-michal-klasik","status":"publish","type":"page","link":"https:\/\/us.edu.pl\/instytut\/isp\/postepowania-doktorskie\/mgr-michal-klasik\/","title":{"rendered":"mgr Micha\u0142 Klasik"},"content":{"rendered":"<p>[vc_row][vc_column][vc_column_text]<a href=\"https:\/\/us.edu.pl\/instytut\/isp\/wp-content\/uploads\/sites\/46\/2021\/12\/Anna-Kr\u00f3likiewicz-recenzja-dla-Micha\u0142a-Klasika.pdf\" class=\"mtli_attachment mtli_pdf\" data-mtli=\"mtli_filesize538,27kB\">Anna Kr\u00f3likiewicz recenzja dla Micha\u0142a Klasika<\/a><\/p>\n<p><a href=\"https:\/\/us.edu.pl\/instytut\/isp\/wp-content\/uploads\/sites\/46\/Nieprzypisane\/Robert-Ku\u015bmirowski-recenzja-dla-Micha\u0142a-Klasika-1.pdf\" class=\"mtli_attachment mtli_pdf\" data-mtli=\"mtli_filesize932,27kB\">Robert Ku\u015bmirowski recenzja dla Micha\u0142a Klasika<\/a><\/p>\n<p>&nbsp;<\/p>\n<p>Dyrektor Instytutu Sztuk Plastycznych informuj\u0119, \u017ce w dn. 23 lutego 2022 roku o godz. 13.00 odb\u0119dzie si\u0119 zdalna, publiczna obrona pracy doktorskiej Pana mgr Micha\u0142a Klasika, w przewodzie doktorskim w dziedzinie sztuk plastycznych, w dyscyplinie sztuk pi\u0119knych.<\/p>\n<p>Transmisj\u0119 z obrony mo\u017cna b\u0119dzie \u015bledzi\u0107 pod adresem :<\/p>\n<p><a href=\"https:\/\/youtu.be\/zKkzypuo120\">https:\/\/youtu.be\/zKkzypuo120<\/a><\/p>\n<p>Wystawa b\u0119dzie mia\u0142a miejsce w Galerii Uniwersyteckiej w Cieszynie w dniach od 14 do 18 lutego 2022r. Wystaw\u0119 mo\u017cna odwiedza\u0107 w godzinach od 10.00 do 16.00, wymaga ona bowiem uruchomienia jej cz\u0119\u015bci d\u017awi\u0119kowej.<\/p>\n<p>Instalacja b\u0119d\u0105ca przedmiotem obrony doktorskiej sk\u0142ada si\u0119 z dw\u00f3ch podstawowych element\u00f3w \u2013 rozsypanej w galerii ziemi oraz emitowanych z g\u0142o\u015bnik\u00f3w d\u017awi\u0119k\u00f3w. W za\u0142\u0105czniku zamieszczone zosta\u0142y: praca w formacie pdf oraz plik d\u017awi\u0119kowy, kt\u00f3ry stanowi skr\u00f3con\u0105 wersj\u0119 emitowanych w trakcie trwania wystawy d\u017awi\u0119k\u00f3w, nie trac\u0105c charakteru oryginalnej emisji. Autor zaleca ods\u0142uchanie pliku d\u017awi\u0119kowego przez s\u0142uchawki b\u0105d\u017a sprz\u0119t stereo, kt\u00f3ry zapewnia ods\u0142uch w szerokim pa\u015bmie d\u017awi\u0119kowym( w nagraniu u\u017cyto niskiego d\u017awi\u0119ku, kt\u00f3ry w przypadku ods\u0142uchiwania przez telefon czy g\u0142o\u015bniki w laptopie nie b\u0119dzie s\u0142yszalny).<\/p>\n<p>Z wystawy oraz towarzysz\u0105cego jej wydarzenia &#8211; rozsypywania ziemi w galerii &#8211; zostanie sporz\u0105dzona dokumentacja filmowa, kt\u00f3ra zostanie udost\u0119pniona m.in. na stronie www Instytutu.<\/p>\n<p>Autor jest obecny w trakcie trwania wystawy. Je\u015bli kto\u015b z Pa\u0144stwa b\u0119dzie chcia\u0142 wystaw\u0119 zobaczy\u0107 w innych godzinach, prosimy o kontakt pod numerem telefonu 507 320 766.[\/vc_column_text][\/vc_column][\/vc_row][vc_row][vc_column]            \r\n                    <div class=\"container\">\r\n                        <div class=\"gallery gallery_2\" data-images-in-row=\"2\">\r\n                            \r\n                            <div class=\"row m-0\">\r\n                                <a data-fancybox-group=\"button\" title=\"\" data-fancybox=\"916\" href=\"https:\/\/us.edu.pl\/instytut\/isp\/wp-content\/uploads\/sites\/46\/Nieprzypisane\/wersja2_plakat_internet.jpg\" class=\"gallery__item thumbnail\"\r\n                                    style=\"background-image: url(https:\/\/us.edu.pl\/instytut\/isp\/wp-content\/uploads\/sites\/46\/Nieprzypisane\/wersja2_plakat_internet-717x1024.jpg)\"> <span class=\"d-none\">https:\/\/us.edu.pl\/instytut\/isp\/wp-content\/uploads\/sites\/46\/Nieprzypisane\/wersja2_plakat_internet.jpg<\/span> <\/a>\r\n                            <\/div>\r\n                    <\/div>\r\n                <\/div>[\/vc_column][\/vc_row]<\/p>\n<style type=\"text\/css\">a[data-mtli~=\"mtli_filesize538,27kB\"]:after {content:\" (538,27 kB)\"}a[data-mtli~=\"mtli_filesize932,27kB\"]:after {content:\" (932,27 kB)\"}<\/style>","protected":false},"excerpt":{"rendered":"<p>[vc_row][vc_column][vc_column_text]Anna Kr\u00f3likiewicz recenzja dla Micha\u0142a Klasika Robert Ku\u015bmirowski recenzja dla Micha\u0142a Klasika &nbsp; Dyrektor Instytutu Sztuk Plastycznych informuj\u0119, \u017ce w dn. 23 lutego 2022 roku o godz. 13.00 odb\u0119dzie si\u0119 zdalna, publiczna obrona pracy doktorskiej Pana mgr Micha\u0142a Klasika, w przewodzie doktorskim w dziedzinie sztuk plastycznych, w dyscyplinie sztuk pi\u0119knych. Transmisj\u0119 z obrony mo\u017cna b\u0119dzie [&#8230;]<\/p>\n<p><a class=\"btn btn-secondary understrap-read-more-link\" href=\"https:\/\/us.edu.pl\/instytut\/isp\/postepowania-doktorskie\/mgr-michal-klasik\/\">Read More&#8230;<\/a><\/p>\n","protected":false},"author":111,"featured_media":0,"parent":251,"menu_order":0,"comment_status":"closed","ping_status":"closed","template":"page-templates\/inner-page.php","meta":{"_expiration-date-status":"","_expiration-date":0,"_expiration-date-type":"","_expiration-date-categories":[],"_expiration-date-options":[]},"acf":[],"_links":{"self":[{"href":"https:\/\/us.edu.pl\/instytut\/isp\/wp-json\/wp\/v2\/pages\/2280"}],"collection":[{"href":"https:\/\/us.edu.pl\/instytut\/isp\/wp-json\/wp\/v2\/pages"}],"about":[{"href":"https:\/\/us.edu.pl\/instytut\/isp\/wp-json\/wp\/v2\/types\/page"}],"author":[{"embeddable":true,"href":"https:\/\/us.edu.pl\/instytut\/isp\/wp-json\/wp\/v2\/users\/111"}],"replies":[{"embeddable":true,"href":"https:\/\/us.edu.pl\/instytut\/isp\/wp-json\/wp\/v2\/comments?post=2280"}],"version-history":[{"count":5,"href":"https:\/\/us.edu.pl\/instytut\/isp\/wp-json\/wp\/v2\/pages\/2280\/revisions"}],"predecessor-version":[{"id":2972,"href":"https:\/\/us.edu.pl\/instytut\/isp\/wp-json\/wp\/v2\/pages\/2280\/revisions\/2972"}],"up":[{"embeddable":true,"href":"https:\/\/us.edu.pl\/instytut\/isp\/wp-json\/wp\/v2\/pages\/251"}],"wp:attachment":[{"href":"https:\/\/us.edu.pl\/instytut\/isp\/wp-json\/wp\/v2\/media?parent=2280"}],"curies":[{"name":"wp","href":"https:\/\/api.w.org\/{rel}","templated":true}]}}