{"id":239,"date":"2020-02-10T13:52:49","date_gmt":"2020-02-10T12:52:49","guid":{"rendered":"http:\/\/us.edu.pl\/instytut\/isp\/?page_id=239"},"modified":"2020-09-29T14:30:25","modified_gmt":"2020-09-29T12:30:25","slug":"rada-naukowa","status":"publish","type":"page","link":"https:\/\/us.edu.pl\/instytut\/isp\/rada-naukowa\/","title":{"rendered":"Rada Naukowa"},"content":{"rendered":"<p><span style=\"font-size: 14pt\"><b>Sk\u0142ad osobowy Rady Naukowej Instytutu Sztuk Plastycznych<\/b><\/span><\/p>\n<p><span style=\"font-size: 14pt\">dr hab. \u0141ukasz Kli\u015b, prof. U\u015a (przewodnicz\u0105cy, Dyrektor Instytutu)<\/span><\/p>\n<p><span style=\"font-size: 14pt\">dr hab. Adam Czech (Zast\u0119pca Dyrektora Instytutu)<\/span><\/p>\n<p><span style=\"font-size: 14pt\">prof. zw. dr hab. Jerzy Fober<\/span><\/p>\n<p><span style=\"font-size: 14pt\">prof. zw. dr hab. Witold Jacyk\u00f3w<\/span><\/p>\n<p><span style=\"font-size: 14pt\">prof. dr hab. J\u00f3zef Knopek<\/span><\/p>\n<p><span style=\"font-size: 14pt\">prof. dr hab. Lech Ko\u0142odziejczyk<\/span><\/p>\n<p><span style=\"font-size: 14pt\">prof. dr hab. El\u017cbieta Kuraj<\/span><\/p>\n<p><span style=\"font-size: 14pt\">prof. zw. dr hab. Ma\u0142gorzata \u0141uszczak<\/span><\/p>\n<p><span style=\"font-size: 14pt\">prof. dr hab. Roman Maciuszkiewicz<\/span><\/p>\n<p><span style=\"font-size: 14pt\">prof. dr hab. Aleksander Ostrowski<\/span><\/p>\n<p><span style=\"font-size: 14pt\">prof. dr hab. Tadeusz Rus<\/span><\/p>\n<p><span style=\"font-size: 14pt\">prof. dr hab. Andrzej Szarek<\/span><\/p>\n<p><span style=\"font-size: 14pt\">dr hab. Krzysztof Marek B\u0105k, prof. U\u015a<\/span><\/p>\n<p><span style=\"font-size: 14pt\">dr hab. Tomasz Kipka, prof. U\u015a<\/span><\/p>\n<p><span style=\"font-size: 14pt\">dr hab. Sebastian Kubica, prof. U\u015a<\/span><\/p>\n<p><span style=\"font-size: 14pt\">dr hab. Stefan Lechwar, prof. U\u015a<\/span><\/p>\n<p><span style=\"font-size: 14pt\">dr hab. Krzysztof Pasztu\u0142a, prof. U\u015a<\/span><\/p>\n<p><span style=\"font-size: 14pt\">dr hab. Natalia Pawlus<\/span><\/p>\n<p><span style=\"font-size: 14pt\">dr hab. Paulina Pocz\u0119ta<\/span><\/p>\n<p><span style=\"font-size: 14pt\">dr hab. Kaja Renkas, prof. U\u015a<\/span><\/p>\n<p><span style=\"font-size: 14pt\">dr Marek G\u0142owacki<\/span><\/p>\n<p><span style=\"font-size: 14pt\">dr Wojciech Osuchowski<\/span><\/p>","protected":false},"excerpt":{"rendered":"<p>Sk\u0142ad osobowy Rady Naukowej Instytutu Sztuk Plastycznych dr hab. \u0141ukasz Kli\u015b, prof. U\u015a (przewodnicz\u0105cy, Dyrektor Instytutu) dr hab. Adam Czech (Zast\u0119pca Dyrektora Instytutu) prof. zw. dr hab. Jerzy Fober prof. zw. dr hab. Witold Jacyk\u00f3w prof. dr hab. J\u00f3zef Knopek prof. dr hab. Lech Ko\u0142odziejczyk prof. dr hab. El\u017cbieta Kuraj prof. zw. dr hab. Ma\u0142gorzata [&#8230;]<\/p>\n<p><a class=\"btn btn-secondary understrap-read-more-link\" href=\"https:\/\/us.edu.pl\/instytut\/isp\/rada-naukowa\/\">Read More&#8230;<\/a><\/p>\n","protected":false},"author":110,"featured_media":0,"parent":0,"menu_order":9,"comment_status":"closed","ping_status":"closed","template":"page-templates\/inner-page.php","meta":{"_expiration-date-status":"saved","_expiration-date":0,"_expiration-date-type":"","_expiration-date-categories":[],"_expiration-date-options":[]},"acf":[],"_links":{"self":[{"href":"https:\/\/us.edu.pl\/instytut\/isp\/wp-json\/wp\/v2\/pages\/239"}],"collection":[{"href":"https:\/\/us.edu.pl\/instytut\/isp\/wp-json\/wp\/v2\/pages"}],"about":[{"href":"https:\/\/us.edu.pl\/instytut\/isp\/wp-json\/wp\/v2\/types\/page"}],"author":[{"embeddable":true,"href":"https:\/\/us.edu.pl\/instytut\/isp\/wp-json\/wp\/v2\/users\/110"}],"replies":[{"embeddable":true,"href":"https:\/\/us.edu.pl\/instytut\/isp\/wp-json\/wp\/v2\/comments?post=239"}],"version-history":[{"count":3,"href":"https:\/\/us.edu.pl\/instytut\/isp\/wp-json\/wp\/v2\/pages\/239\/revisions"}],"predecessor-version":[{"id":884,"href":"https:\/\/us.edu.pl\/instytut\/isp\/wp-json\/wp\/v2\/pages\/239\/revisions\/884"}],"wp:attachment":[{"href":"https:\/\/us.edu.pl\/instytut\/isp\/wp-json\/wp\/v2\/media?parent=239"}],"curies":[{"name":"wp","href":"https:\/\/api.w.org\/{rel}","templated":true}]}}