{"id":247,"date":"2020-02-11T09:01:32","date_gmt":"2020-02-11T08:01:32","guid":{"rendered":"http:\/\/us.edu.pl\/instytut\/isp\/?page_id=247"},"modified":"2020-02-11T09:01:32","modified_gmt":"2020-02-11T08:01:32","slug":"historia-instytutu","status":"publish","type":"page","link":"https:\/\/us.edu.pl\/instytut\/isp\/historia-instytutu\/","title":{"rendered":"Historia Instytutu"},"content":{"rendered":"<p><strong>Instytut Sztuk Plastycznych<\/strong><\/p>\n<p>&nbsp;<\/p>\n<p>Instytut Sztuk Plastycznych powo\u0142ano z dniem 1 pa\u017adziernika 2019 roku w ramach przeprowadzonej w Uniwersytecie \u015al\u0105skim strukturalnej reorganizacji. Powsta\u0142 z przekszta\u0142cenia Instytutu Sztuki. Jednak historia kszta\u0142cenia plastycznego a nast\u0119pnie artystycznego w Cieszynie i w Uniwersytecie \u015al\u0105skim si\u0119ga roku 1973, kiedy to na potrzeby nowo otwartego kierunku wychowania plastycznego utworzono Zak\u0142ad Wychowania Plastycznego, potem Instytut Wychowania Muzycznego i Plastycznego, z kt\u00f3rego w 1981 wy\u0142oni\u0142a si\u0119 Katedra Wychowania Plastycznego. Kolejne reorganizacje wi\u0105za\u0142y si\u0119 z powstaniem najpierw Instytutu Wychowania Plastycznego (1982\/1983), nast\u0119pnie Instytutu Kszta\u0142cenia Plastycznego, wreszcie, w zwi\u0105zku z kszta\u0142ceniem artystycznym i nowymi kierunkami studi\u00f3w (edukacja artystyczna, grafika), Instytutu Sztuki (do 2019 r.). Aktualnie Instytut prowadzi kszta\u0142cenie na czterech kierunkach studi\u00f3w (edukacja artystyczna w zakresie sztuk plastycznych, grafika, malarstwo i projekty interdyscyplinarne, projektowanie gier i przestrzeni wirtualnej). Dzisiejsze oblicze Instytutu Sztuk Plastycznych ukszta\u0142towa\u0142y zatem trwaj\u0105ce od ponad czterdziestu lat zmiany programowe i organizacyjne. Niezmienn\u0105 natomiast ambicj\u0105 Instytutu \u2013 wspart\u0105 na pasji, wiedzy i zaanga\u017cowaniu zespo\u0142u pracownik\u00f3w \u2013 pozostaje kszta\u0142cenie zak\u0142adaj\u0105ce integracj\u0119 artystycznej kreatywno\u015bci z intelektualn\u0105 wra\u017cliwo\u015bci\u0105. A tak\u017ce za\u015bwiadczanie o potrzebie obecno\u015bci sztuki w \u017cyciu jako dziedziny wiod\u0105cej ku warto\u015bciom i poszerzaj\u0105cej mo\u017cliwo\u015bci naszego rozumienia \u015bwiata.<\/p>\n<p>&nbsp;<\/p>","protected":false},"excerpt":{"rendered":"<p>Instytut Sztuk Plastycznych &nbsp; Instytut Sztuk Plastycznych powo\u0142ano z dniem 1 pa\u017adziernika 2019 roku w ramach przeprowadzonej w Uniwersytecie \u015al\u0105skim strukturalnej reorganizacji. Powsta\u0142 z przekszta\u0142cenia Instytutu Sztuki. Jednak historia kszta\u0142cenia plastycznego a nast\u0119pnie artystycznego w Cieszynie i w Uniwersytecie \u015al\u0105skim si\u0119ga roku 1973, kiedy to na potrzeby nowo otwartego kierunku wychowania plastycznego utworzono Zak\u0142ad Wychowania [&#8230;]<\/p>\n<p><a class=\"btn btn-secondary understrap-read-more-link\" href=\"https:\/\/us.edu.pl\/instytut\/isp\/historia-instytutu\/\">Read More&#8230;<\/a><\/p>\n","protected":false},"author":110,"featured_media":0,"parent":0,"menu_order":0,"comment_status":"closed","ping_status":"closed","template":"page-templates\/inner-page.php","meta":{"_expiration-date-status":"saved","_expiration-date":0,"_expiration-date-type":"","_expiration-date-categories":[],"_expiration-date-options":[]},"acf":[],"_links":{"self":[{"href":"https:\/\/us.edu.pl\/instytut\/isp\/wp-json\/wp\/v2\/pages\/247"}],"collection":[{"href":"https:\/\/us.edu.pl\/instytut\/isp\/wp-json\/wp\/v2\/pages"}],"about":[{"href":"https:\/\/us.edu.pl\/instytut\/isp\/wp-json\/wp\/v2\/types\/page"}],"author":[{"embeddable":true,"href":"https:\/\/us.edu.pl\/instytut\/isp\/wp-json\/wp\/v2\/users\/110"}],"replies":[{"embeddable":true,"href":"https:\/\/us.edu.pl\/instytut\/isp\/wp-json\/wp\/v2\/comments?post=247"}],"version-history":[{"count":1,"href":"https:\/\/us.edu.pl\/instytut\/isp\/wp-json\/wp\/v2\/pages\/247\/revisions"}],"predecessor-version":[{"id":248,"href":"https:\/\/us.edu.pl\/instytut\/isp\/wp-json\/wp\/v2\/pages\/247\/revisions\/248"}],"wp:attachment":[{"href":"https:\/\/us.edu.pl\/instytut\/isp\/wp-json\/wp\/v2\/media?parent=247"}],"curies":[{"name":"wp","href":"https:\/\/api.w.org\/{rel}","templated":true}]}}