{"id":371,"date":"2020-05-11T10:58:43","date_gmt":"2020-05-11T08:58:43","guid":{"rendered":"http:\/\/us.edu.pl\/instytut\/isp\/?page_id=371"},"modified":"2020-05-13T08:40:42","modified_gmt":"2020-05-13T06:40:42","slug":"ciekawostki","status":"publish","type":"page","link":"https:\/\/us.edu.pl\/instytut\/isp\/ciekawostki\/","title":{"rendered":"Ciekawostki"},"content":{"rendered":"<p><span style=\"font-weight: 400\">Czy wiesz, \u017ce projektanci z Instytutu Sztuk Plastycznych organizuj\u0105 od lat jedn\u0105 z najwi\u0119kszych na \u015bwiecie mi\u0119dzynarodow\u0105 wystaw\u0119 plakatu jazzowego w ramach festiwalu <\/span><b>Jazz in Ruins<\/b><span style=\"font-weight: 400\">?<br \/>\n<\/span><span style=\"font-weight: 400\">Kuratorem jest <\/span><b>prof. U\u015a Tomasz Kipka<\/b><span style=\"font-weight: 400\">.<br \/>\n<\/span><a href=\"https:\/\/www.facebook.com\/jazzwruinach\/videos\/839285396474458\/\"><span style=\"font-weight: 400\">https:\/\/www.facebook.com\/jazzwruinach\/videos\/839285396474458\/<\/span><\/a><span style=\"font-weight: 400\"><br \/>\n<\/span><a href=\"https:\/\/www.facebook.com\/jazzwruinach\/videos\/393607698194906\/\"><span style=\"font-weight: 400\">https:\/\/www.facebook.com\/jazzwruinach\/videos\/393607698194906\/<\/span><\/a><span style=\"font-weight: 400\"><br \/>\n<\/span><a href=\"https:\/\/www.facebook.com\/jazzwruinach\/\"><span style=\"font-weight: 400\">https:\/\/www.facebook.com\/jazzwruinach\/<\/span><\/a><span style=\"font-weight: 400\">\u00a0<\/span><\/p>\n<p><span style=\"font-weight: 400\">Czy wiesz, \u017ce wyk\u0142ada\u0142 u nas <\/span><b>profesor Tadeusz Grabowsk<\/b><span style=\"font-weight: 400\">i (1929\u20142020), kt\u00f3ry zainicjowa\u0142 w 1965 roku pierwszy na \u015bwiecie konkurs plakatu? By\u0142o to dzia\u0142aj\u0105ce do dzisiaj<\/span><b> Biennale Plakatu Polskiego<\/b><span style=\"font-weight: 400\">.<br \/>\n<\/span><span style=\"font-weight: 400\">Co 2 lata na tej presti\u017cowej wystawie mo\u017cna regularnie ogl\u0105da\u0107 m. in. zakwalifikowane prace naszych wyk\u0142adowc\u00f3w, student\u00f3w i absolwent\u00f3w.<\/span><\/p>\n<p><span style=\"font-weight: 400\">Czy wiesz, \u017ce nasi studenci s\u0105 corocznie nominowani lub nagradzani na pozna\u0144skim <\/span><b>Art of Packaging <\/b><span style=\"font-weight: 400\">\u2014 konkursie na najlepsze opakowanie roku?<br \/>\n<\/span><a href=\"http:\/\/artofpackaging.pl\/\"><span style=\"font-weight: 400\">http:\/\/artofpackaging.pl\/<\/span><\/a><span style=\"font-weight: 400\">\u00a0<\/span><\/p>\n<p><span style=\"font-weight: 400\">Czy wiesz, \u017ce <\/span><span style=\"font-weight: 400\">nasi wyk\u0142adowcy i studenci Instytutu Sztuk Plastycznych wzi\u0119li udzia\u0142 w <\/span><b>International Design Education Expo &amp; Conference (IDEEC) 2019<\/b><span style=\"font-weight: 400\"> w San Jose w USA reprezentuj\u0105c jedn\u0105 z 25 artystycznych i projektowych uczelni z ca\u0142ego \u015bwiata?<br \/>\n<\/span><a href=\"https:\/\/www.ideec.design\/participating-schools\"><span style=\"font-weight: 400\">https:\/\/www.ideec.design\/participating-schools<\/span><\/a><br \/>\n<a href=\"https:\/\/www.ideec.design\/exhibition\"><span style=\"font-weight: 400\">https:\/\/www.ideec.design\/exhibition<\/span><\/a><\/p>\n<p><span style=\"font-weight: 400\">Czy wiesz, \u017ce a\u017c czworo naszych profesor\u00f3w (<\/span><b>\u0141ukasz Kli\u015b<\/b><span style=\"font-weight: 400\">, <\/span><b>Sebastian Kubica<\/b><span style=\"font-weight: 400\">,<\/span><b> Stefan Lechwar<\/b><span style=\"font-weight: 400\">, <\/span><b>Kaja Renkas<\/b><span style=\"font-weight: 400\">) znalaz\u0142o si\u0119 w gronie 52 <\/span><b>The Best Polish Illustrators<\/b><span style=\"font-weight: 400\"> w tomie po\u015bwi\u0119conym plakatowi?<br \/>\n<\/span><a href=\"https:\/\/shop.beslow.pl\/tbpi3\"><span style=\"font-weight: 400\">https:\/\/shop.beslow.pl\/tbpi3<\/span><\/a><\/p>\n<p><span style=\"font-weight: 400\">Czy wiesz, \u017ce pracownia bada\u0144 nad exlibrisem wsp\u00f3\u0142czesnym <\/span><span style=\"font-weight: 400\">jest unikaln\u0105 na skal\u0119 \u015bwiatow\u0105 jednostk\u0105, w kt\u00f3rej studenci poznaj\u0105 teori\u0119 sztuki ekslibrisu oraz ucz\u0105 si\u0119 realizowa\u0107 autorskie ma\u0142e formy graficzne? W ramach pracowni gromadzona jest kolekcja wsp\u00f3\u0142czesnego ekslibrisu z ca\u0142ego \u015bwiata, co pozwala studentom na poznanie oryginalnych prac najwybitniejszych artyst\u00f3w. W czasopismach bran\u017cowych w Niemczech oraz Belgii dokonania pracowni i wywodz\u0105ce si\u0119 z niej \u015brodowisko autor\u00f3w okre\u015blane bywaj\u0105 jako \u201eCieszy\u0144ska Szko\u0142a Ekslibrisu\u201d, a studenci pracowni odnosz\u0105 liczne sukcesy na przegl\u0105dach i konkursach sztuki na ca\u0142ym \u015bwiecie, wielu absolwent\u00f3w to dzi\u015b wy\u015bmienici tw\u00f3rcy ekslibrisu o mi\u0119dzynarodowej renomie. Zesp\u00f3\u0142 pracowni tworz\u0105 dr hab. Krzysztof Marek B\u0105k prof. U\u015a oraz dr Katarzyna Handzlik.<\/span><\/p>\n<p>&nbsp;<\/p>\n<p>Stefan Lechwar<br \/>\nsukcesy student\u00f3w<\/p>\n<ul>\n<li>Nikita Krupitzkii, nominacja do nagrody na <strong>ART of PACKAGING<\/strong>, Pozna\u0144, 2018;<\/li>\n<li>Joanna Hetman, finalistka mi\u0119dzynarodowej wystawy dyplom\u00f3w projektowych <strong>AGRAFA&#8217;2019<\/strong> za prac\u0119 \u201eE\/Quality\u201d, Katowice, Rondo Sztuki, jury mi\u0119dzynarodowe;<\/li>\n<li>Agnieszka Wr\u00f3blewska, wyr\u00f3\u017cnienie na og\u00f3lnopolskim przegl\u0105dzie <strong>DYPLOMY 2016<\/strong> (Font nie czcionka) za prac\u0119 pt. \u201eTEXTUM\u201d (2016);<\/li>\n<li>Paulina Kosma, I miejsce w og\u00f3lnopolskim konkursie na <strong>logo Teatru w K\u0142odzku<\/strong>, 2013, jury mi\u0119dzynarodowe;<\/li>\n<li>Sylwia Gatner, wyr\u00f3\u017cnienie na <strong>Mi\u0119dzynarodowej Wystawie Eco-Poster<\/strong> (Stress), Centrum Kultury Karolinka, Radzionk\u00f3w 2016, jury mi\u0119dzynarodowe;<\/li>\n<li>Gabriela Pietrzyk, wyr\u00f3\u017cnienie na <strong>Mi\u0119dzynarodowej Wystawie Eco-Poster<\/strong> (Stress), Centrum Kultury Karolinka, Radzionk\u00f3w 2016, jury mi\u0119dzynarodowe;<\/li>\n<li>Joanna Hetman, wyr\u00f3\u017cnienie na <strong>Mi\u0119dzynarodowej Wystawie Eco-Poster<\/strong> (Low Emission), Centrum Kultury Karolinka, Radzionk\u00f3w 2014, jury mi\u0119dzynarodowe;<\/li>\n<li>Kamil S\u0142upik, kwalifikacja do <strong>Bienal de Dise\u00f1o de Per\u00fa<\/strong>, National museum of archeology, anthropology and History of Peru, 2019;<\/li>\n<\/ul>\n<p><\/p>","protected":false},"excerpt":{"rendered":"<p>Czy wiesz, \u017ce projektanci z Instytutu Sztuk Plastycznych organizuj\u0105 od lat jedn\u0105 z najwi\u0119kszych na \u015bwiecie mi\u0119dzynarodow\u0105 wystaw\u0119 plakatu jazzowego w ramach festiwalu Jazz in Ruins? Kuratorem jest prof. U\u015a Tomasz Kipka. https:\/\/www.facebook.com\/jazzwruinach\/videos\/839285396474458\/ https:\/\/www.facebook.com\/jazzwruinach\/videos\/393607698194906\/ https:\/\/www.facebook.com\/jazzwruinach\/\u00a0 Czy wiesz, \u017ce wyk\u0142ada\u0142 u nas profesor Tadeusz Grabowski (1929\u20142020), kt\u00f3ry zainicjowa\u0142 w 1965 roku pierwszy na \u015bwiecie konkurs plakatu? [&#8230;]<\/p>\n<p><a class=\"btn btn-secondary understrap-read-more-link\" href=\"https:\/\/us.edu.pl\/instytut\/isp\/ciekawostki\/\">Read More&#8230;<\/a><\/p>\n","protected":false},"author":110,"featured_media":0,"parent":0,"menu_order":0,"comment_status":"closed","ping_status":"closed","template":"page-templates\/inner-page.php","meta":{"_expiration-date-status":"saved","_expiration-date":0,"_expiration-date-type":"","_expiration-date-categories":[],"_expiration-date-options":[]},"acf":[],"_links":{"self":[{"href":"https:\/\/us.edu.pl\/instytut\/isp\/wp-json\/wp\/v2\/pages\/371"}],"collection":[{"href":"https:\/\/us.edu.pl\/instytut\/isp\/wp-json\/wp\/v2\/pages"}],"about":[{"href":"https:\/\/us.edu.pl\/instytut\/isp\/wp-json\/wp\/v2\/types\/page"}],"author":[{"embeddable":true,"href":"https:\/\/us.edu.pl\/instytut\/isp\/wp-json\/wp\/v2\/users\/110"}],"replies":[{"embeddable":true,"href":"https:\/\/us.edu.pl\/instytut\/isp\/wp-json\/wp\/v2\/comments?post=371"}],"version-history":[{"count":7,"href":"https:\/\/us.edu.pl\/instytut\/isp\/wp-json\/wp\/v2\/pages\/371\/revisions"}],"predecessor-version":[{"id":417,"href":"https:\/\/us.edu.pl\/instytut\/isp\/wp-json\/wp\/v2\/pages\/371\/revisions\/417"}],"wp:attachment":[{"href":"https:\/\/us.edu.pl\/instytut\/isp\/wp-json\/wp\/v2\/media?parent=371"}],"curies":[{"name":"wp","href":"https:\/\/api.w.org\/{rel}","templated":true}]}}