{"id":376,"date":"2020-05-11T11:06:20","date_gmt":"2020-05-11T09:06:20","guid":{"rendered":"http:\/\/us.edu.pl\/instytut\/isp\/?page_id=376"},"modified":"2020-05-19T14:59:58","modified_gmt":"2020-05-19T12:59:58","slug":"pracownia-sztuki-przedmiotu","status":"publish","type":"page","link":"https:\/\/us.edu.pl\/instytut\/isp\/pracownia-sztuki-przedmiotu\/","title":{"rendered":"Pracownia sztuki przedmiotu"},"content":{"rendered":"<p>[vc_row][vc_column]\r\n                <div class=\"text-modules\">\r\n                    <div class=\"container\">\r\n                        <h3 class=\"page-title text__title\">Pracownia sztuki przedmiotu<\/h3>\r\n                        <div class=\"text-modules__content\"><p>Pracownia jest now\u0105 eksperymentaln\u0105 jednostk\u0105, w kt\u00f3rej studenci poznaj\u0105 sztuk\u0119 asambla\u017cu,\u00a0 \u201eready mades\u201d, art-cycling oraz eko-art w tym japo\u0144sk\u0105 sztuk\u0119 \u201edoro dango\u201d.<\/p>\n<p>W przestrzeni pracowni, w my\u015bl koncepcji \u201esecond-life\u201d, nadajemy nowe \u017cycie odrzuconym przedmiotom codziennego u\u017cytku lub kreujemy sztuk\u0119 z materia\u0142\u00f3w nieoczywistych. Po\u0142\u0105czone w spos\u00f3b zaskakuj\u0105cy, \u0142ami\u0105cy schematy przyzwyczaje\u0144, r\u00f3\u017cnorodne formy tworz\u0105 now\u0105 synergiczn\u0105 ca\u0142o\u015b\u0107. Poruszaj\u0105ca wyobra\u017ani\u0119 sztuka kola\u017cu w przestrzeni \u2013 to nauka tworzenia zindywidualizowanych artefakt\u00f3w. W pracowni sztuki przedmiotu jest te\u017c miejsce na realizacj\u0119 wybranych technik zdobniczych \u2014 poprzez ornament, dekoracj\u0119 obiekty zyskuj\u0105 now\u0105 jako\u015b\u0107 estetyczn\u0105.<\/p>\n<p>&nbsp;<\/p>\n<p>Pracowni\u0119 prowadzi dr Katarzyna Handzlik<\/p>\n<\/div>\r\n                    <\/div>\r\n                <\/div>[\/vc_column][\/vc_row][vc_row][vc_column]            \r\n                    <div class=\"container\">\r\n                        <div class=\"gallery gallery_3\" data-images-in-row=\"3\">\r\n                            \r\n                            <div class=\"row m-0\">\r\n                                <a data-fancybox-group=\"button\" title=\"Katarzyna Handzlik-B\u0105k ci\u0119\u017car z cyklu sklepy cynamonowe \" data-fancybox=\"8304\" href=\"https:\/\/us.edu.pl\/instytut\/isp\/wp-content\/uploads\/sites\/46\/Nieprzypisane\/Katarzyna_Handzlik-B\u0105k_ci\u0119\u017car_z_cyklu_sklepy_cynamonowe-psp.jpg\" class=\"gallery__item thumbnail\"\r\n                                    style=\"background-image: url(https:\/\/us.edu.pl\/instytut\/isp\/wp-content\/uploads\/sites\/46\/Nieprzypisane\/Katarzyna_Handzlik-B\u0105k_ci\u0119\u017car_z_cyklu_sklepy_cynamonowe-psp-1024x522.jpg)\"> <span class=\"d-none\">https:\/\/us.edu.pl\/instytut\/isp\/wp-content\/uploads\/sites\/46\/Nieprzypisane\/Katarzyna_Handzlik-B\u0105k_ci\u0119\u017car_z_cyklu_sklepy_cynamonowe-psp.jpg<\/span> <\/a><a data-fancybox-group=\"button\" title=\"Katarzyna Handzlik-B\u0105k dessert\" data-fancybox=\"8304\" href=\"https:\/\/us.edu.pl\/instytut\/isp\/wp-content\/uploads\/sites\/46\/Nieprzypisane\/Katarzyna_Handzlik-B\u0105k_dessert-psp.jpg\" class=\"gallery__item thumbnail\"\r\n                                    style=\"background-image: url(https:\/\/us.edu.pl\/instytut\/isp\/wp-content\/uploads\/sites\/46\/Nieprzypisane\/Katarzyna_Handzlik-B\u0105k_dessert-psp.jpg)\"> <span class=\"d-none\">https:\/\/us.edu.pl\/instytut\/isp\/wp-content\/uploads\/sites\/46\/Nieprzypisane\/Katarzyna_Handzlik-B\u0105k_dessert-psp.jpg<\/span> <\/a><a data-fancybox-group=\"button\" title=\"Katarzyna Handzlik-B\u0105k gniazdo \" data-fancybox=\"8304\" href=\"https:\/\/us.edu.pl\/instytut\/isp\/wp-content\/uploads\/sites\/46\/Nieprzypisane\/Katarzyna_Handzlik-B\u0105k_gniazdo-1-psp.jpg\" class=\"gallery__item thumbnail\"\r\n                                    style=\"background-image: url(https:\/\/us.edu.pl\/instytut\/isp\/wp-content\/uploads\/sites\/46\/Nieprzypisane\/Katarzyna_Handzlik-B\u0105k_gniazdo-1-psp.jpg)\"> <span class=\"d-none\">https:\/\/us.edu.pl\/instytut\/isp\/wp-content\/uploads\/sites\/46\/Nieprzypisane\/Katarzyna_Handzlik-B\u0105k_gniazdo-1-psp.jpg<\/span> <\/a><a data-fancybox-group=\"button\" title=\"Katarzyna Handzlik-B\u0105k gra \" data-fancybox=\"8304\" href=\"https:\/\/us.edu.pl\/instytut\/isp\/wp-content\/uploads\/sites\/46\/Nieprzypisane\/Katarzyna_Handzlik-B\u0105k_gra-11-psp.jpg\" class=\"gallery__item thumbnail\"\r\n                                    style=\"background-image: url(https:\/\/us.edu.pl\/instytut\/isp\/wp-content\/uploads\/sites\/46\/Nieprzypisane\/Katarzyna_Handzlik-B\u0105k_gra-11-psp.jpg)\"> <span class=\"d-none\">https:\/\/us.edu.pl\/instytut\/isp\/wp-content\/uploads\/sites\/46\/Nieprzypisane\/Katarzyna_Handzlik-B\u0105k_gra-11-psp.jpg<\/span> <\/a><a data-fancybox-group=\"button\" title=\"Katarzyna Handzlik-B\u0105k motyl\" data-fancybox=\"8304\" href=\"https:\/\/us.edu.pl\/instytut\/isp\/wp-content\/uploads\/sites\/46\/Nieprzypisane\/Katarzyna_Handzlik-B\u0105k_motyl-2-psp.jpg\" class=\"gallery__item thumbnail\"\r\n                                    style=\"background-image: url(https:\/\/us.edu.pl\/instytut\/isp\/wp-content\/uploads\/sites\/46\/Nieprzypisane\/Katarzyna_Handzlik-B\u0105k_motyl-2-psp.jpg)\"> <span class=\"d-none\">https:\/\/us.edu.pl\/instytut\/isp\/wp-content\/uploads\/sites\/46\/Nieprzypisane\/Katarzyna_Handzlik-B\u0105k_motyl-2-psp.jpg<\/span> <\/a><a data-fancybox-group=\"button\" title=\"Katarzyna Handzlik-B\u0105k nap\u00f3j ze s\u0142odko\u015bci \" data-fancybox=\"8304\" href=\"https:\/\/us.edu.pl\/instytut\/isp\/wp-content\/uploads\/sites\/46\/Nieprzypisane\/Katarzyna_Handzlik-B\u0105k_nap\u00f3j_ze_s\u0142odko\u015bci-2-psp.jpg\" class=\"gallery__item thumbnail\"\r\n                                    style=\"background-image: url(https:\/\/us.edu.pl\/instytut\/isp\/wp-content\/uploads\/sites\/46\/Nieprzypisane\/Katarzyna_Handzlik-B\u0105k_nap\u00f3j_ze_s\u0142odko\u015bci-2-psp.jpg)\"> <span class=\"d-none\">https:\/\/us.edu.pl\/instytut\/isp\/wp-content\/uploads\/sites\/46\/Nieprzypisane\/Katarzyna_Handzlik-B\u0105k_nap\u00f3j_ze_s\u0142odko\u015bci-2-psp.jpg<\/span> <\/a><a data-fancybox-group=\"button\" title=\"Katarzyna Handzlik-B\u0105k Nikozja \u015bniadaniowy patrol \" data-fancybox=\"8304\" href=\"https:\/\/us.edu.pl\/instytut\/isp\/wp-content\/uploads\/sites\/46\/Nieprzypisane\/Katarzyna_Handzlik-B\u0105k_Nikozja_\u015bniadaniowy_patrol-4-psp.jpg\" class=\"gallery__item thumbnail\"\r\n                                    style=\"background-image: url(https:\/\/us.edu.pl\/instytut\/isp\/wp-content\/uploads\/sites\/46\/Nieprzypisane\/Katarzyna_Handzlik-B\u0105k_Nikozja_\u015bniadaniowy_patrol-4-psp.jpg)\"> <span class=\"d-none\">https:\/\/us.edu.pl\/instytut\/isp\/wp-content\/uploads\/sites\/46\/Nieprzypisane\/Katarzyna_Handzlik-B\u0105k_Nikozja_\u015bniadaniowy_patrol-4-psp.jpg<\/span> <\/a><a data-fancybox-group=\"button\" title=\"Katarzyna Handzlik-B\u0105k Popiersie z cyklu mirostowice artefakty subiektywne \" data-fancybox=\"8304\" href=\"https:\/\/us.edu.pl\/instytut\/isp\/wp-content\/uploads\/sites\/46\/Nieprzypisane\/Katarzyna_Handzlik-B\u0105k_Popiersie_z_cyklu_mirostowice_artefakty_subiektywne-1-psp.jpg\" class=\"gallery__item thumbnail\"\r\n                                    style=\"background-image: url(https:\/\/us.edu.pl\/instytut\/isp\/wp-content\/uploads\/sites\/46\/Nieprzypisane\/Katarzyna_Handzlik-B\u0105k_Popiersie_z_cyklu_mirostowice_artefakty_subiektywne-1-psp.jpg)\"> <span class=\"d-none\">https:\/\/us.edu.pl\/instytut\/isp\/wp-content\/uploads\/sites\/46\/Nieprzypisane\/Katarzyna_Handzlik-B\u0105k_Popiersie_z_cyklu_mirostowice_artefakty_subiektywne-1-psp.jpg<\/span> <\/a><a data-fancybox-group=\"button\" title=\"Katarzyna Handzlik-B\u0105k Popiersie z cyklu mirostowice artefakty subiektywne \" data-fancybox=\"8304\" href=\"https:\/\/us.edu.pl\/instytut\/isp\/wp-content\/uploads\/sites\/46\/Nieprzypisane\/Katarzyna_Handzlik-B\u0105k_Popiersie_z_cyklu_mirostowice_artefakty_subiektywne-2-psp.jpg\" class=\"gallery__item thumbnail\"\r\n                                    style=\"background-image: url(https:\/\/us.edu.pl\/instytut\/isp\/wp-content\/uploads\/sites\/46\/Nieprzypisane\/Katarzyna_Handzlik-B\u0105k_Popiersie_z_cyklu_mirostowice_artefakty_subiektywne-2-psp-1024x843.jpg)\"> <span class=\"d-none\">https:\/\/us.edu.pl\/instytut\/isp\/wp-content\/uploads\/sites\/46\/Nieprzypisane\/Katarzyna_Handzlik-B\u0105k_Popiersie_z_cyklu_mirostowice_artefakty_subiektywne-2-psp.jpg<\/span> <\/a><a data-fancybox-group=\"button\" title=\"Katarzyna Handzlik-B\u0105k rudy 102\" data-fancybox=\"8304\" href=\"https:\/\/us.edu.pl\/instytut\/isp\/wp-content\/uploads\/sites\/46\/Nieprzypisane\/Katarzyna_Handzlik-B\u0105k_rudy_102-2-psp.jpg\" class=\"gallery__item thumbnail\"\r\n                                    style=\"background-image: url(https:\/\/us.edu.pl\/instytut\/isp\/wp-content\/uploads\/sites\/46\/Nieprzypisane\/Katarzyna_Handzlik-B\u0105k_rudy_102-2-psp.jpg)\"> <span class=\"d-none\">https:\/\/us.edu.pl\/instytut\/isp\/wp-content\/uploads\/sites\/46\/Nieprzypisane\/Katarzyna_Handzlik-B\u0105k_rudy_102-2-psp.jpg<\/span> <\/a><a data-fancybox-group=\"button\" title=\"Katarzyna Handzlik-B\u0105k rydwan\" data-fancybox=\"8304\" href=\"https:\/\/us.edu.pl\/instytut\/isp\/wp-content\/uploads\/sites\/46\/Nieprzypisane\/Katarzyna_Handzlik-B\u0105k_rydwan-1-psp.jpg\" class=\"gallery__item thumbnail\"\r\n                                    style=\"background-image: url(https:\/\/us.edu.pl\/instytut\/isp\/wp-content\/uploads\/sites\/46\/Nieprzypisane\/Katarzyna_Handzlik-B\u0105k_rydwan-1-psp.jpg)\"> <span class=\"d-none\">https:\/\/us.edu.pl\/instytut\/isp\/wp-content\/uploads\/sites\/46\/Nieprzypisane\/Katarzyna_Handzlik-B\u0105k_rydwan-1-psp.jpg<\/span> <\/a><a data-fancybox-group=\"button\" title=\"Katarzyna Handzlik-B\u0105k siedlisko\" data-fancybox=\"8304\" href=\"https:\/\/us.edu.pl\/instytut\/isp\/wp-content\/uploads\/sites\/46\/Nieprzypisane\/Katarzyna_Handzlik-B\u0105k_siedlisko-4-psp.jpg\" class=\"gallery__item thumbnail\"\r\n                                    style=\"background-image: url(https:\/\/us.edu.pl\/instytut\/isp\/wp-content\/uploads\/sites\/46\/Nieprzypisane\/Katarzyna_Handzlik-B\u0105k_siedlisko-4-psp.jpg)\"> <span class=\"d-none\">https:\/\/us.edu.pl\/instytut\/isp\/wp-content\/uploads\/sites\/46\/Nieprzypisane\/Katarzyna_Handzlik-B\u0105k_siedlisko-4-psp.jpg<\/span> <\/a><a data-fancybox-group=\"button\" title=\"Katarzyna Handzlik-B\u0105k siedlisko\" data-fancybox=\"8304\" href=\"https:\/\/us.edu.pl\/instytut\/isp\/wp-content\/uploads\/sites\/46\/Nieprzypisane\/Katarzyna_Handzlik-B\u0105k_siedlisko-7-psp.jpg\" class=\"gallery__item thumbnail\"\r\n                                    style=\"background-image: url(https:\/\/us.edu.pl\/instytut\/isp\/wp-content\/uploads\/sites\/46\/Nieprzypisane\/Katarzyna_Handzlik-B\u0105k_siedlisko-7-psp.jpg)\"> <span class=\"d-none\">https:\/\/us.edu.pl\/instytut\/isp\/wp-content\/uploads\/sites\/46\/Nieprzypisane\/Katarzyna_Handzlik-B\u0105k_siedlisko-7-psp.jpg<\/span> <\/a><a data-fancybox-group=\"button\" title=\"Katarzyna Handzlik-B\u0105k s\u0142odki sen \" data-fancybox=\"8304\" href=\"https:\/\/us.edu.pl\/instytut\/isp\/wp-content\/uploads\/sites\/46\/Nieprzypisane\/Katarzyna_Handzlik-B\u0105k_s\u0142odki_sen-2-psp.jpg\" class=\"gallery__item thumbnail\"\r\n                                    style=\"background-image: url(https:\/\/us.edu.pl\/instytut\/isp\/wp-content\/uploads\/sites\/46\/Nieprzypisane\/Katarzyna_Handzlik-B\u0105k_s\u0142odki_sen-2-psp-1024x768.jpg)\"> <span class=\"d-none\">https:\/\/us.edu.pl\/instytut\/isp\/wp-content\/uploads\/sites\/46\/Nieprzypisane\/Katarzyna_Handzlik-B\u0105k_s\u0142odki_sen-2-psp.jpg<\/span> <\/a><a data-fancybox-group=\"button\" title=\"Katarzyna Handzlik-B\u0105k temper\u00f3wka \" data-fancybox=\"8304\" href=\"https:\/\/us.edu.pl\/instytut\/isp\/wp-content\/uploads\/sites\/46\/Nieprzypisane\/Katarzyna_Handzlik-B\u0105k_temper\u00f3wka-4-psp.jpg\" class=\"gallery__item thumbnail\"\r\n                                    style=\"background-image: url(https:\/\/us.edu.pl\/instytut\/isp\/wp-content\/uploads\/sites\/46\/Nieprzypisane\/Katarzyna_Handzlik-B\u0105k_temper\u00f3wka-4-psp.jpg)\"> <span class=\"d-none\">https:\/\/us.edu.pl\/instytut\/isp\/wp-content\/uploads\/sites\/46\/Nieprzypisane\/Katarzyna_Handzlik-B\u0105k_temper\u00f3wka-4-psp.jpg<\/span> <\/a><a data-fancybox-group=\"button\" title=\"Katarzyna Handzlik-B\u0105k temper\u00f3wka \" data-fancybox=\"8304\" href=\"https:\/\/us.edu.pl\/instytut\/isp\/wp-content\/uploads\/sites\/46\/Nieprzypisane\/Katarzyna_Handzlik-B\u0105k_temper\u00f3wka-6-psp.jpg\" class=\"gallery__item thumbnail\"\r\n                                    style=\"background-image: url(https:\/\/us.edu.pl\/instytut\/isp\/wp-content\/uploads\/sites\/46\/Nieprzypisane\/Katarzyna_Handzlik-B\u0105k_temper\u00f3wka-6-psp.jpg)\"> <span class=\"d-none\">https:\/\/us.edu.pl\/instytut\/isp\/wp-content\/uploads\/sites\/46\/Nieprzypisane\/Katarzyna_Handzlik-B\u0105k_temper\u00f3wka-6-psp.jpg<\/span> <\/a><a data-fancybox-group=\"button\" title=\"Katarzyna Handzlik-B\u0105k trening \" data-fancybox=\"8304\" href=\"https:\/\/us.edu.pl\/instytut\/isp\/wp-content\/uploads\/sites\/46\/Nieprzypisane\/Katarzyna_Handzlik-B\u0105k_trening-7-psp.jpg\" class=\"gallery__item thumbnail\"\r\n                                    style=\"background-image: url(https:\/\/us.edu.pl\/instytut\/isp\/wp-content\/uploads\/sites\/46\/Nieprzypisane\/Katarzyna_Handzlik-B\u0105k_trening-7-psp.jpg)\"> <span class=\"d-none\">https:\/\/us.edu.pl\/instytut\/isp\/wp-content\/uploads\/sites\/46\/Nieprzypisane\/Katarzyna_Handzlik-B\u0105k_trening-7-psp.jpg<\/span> <\/a><a data-fancybox-group=\"button\" title=\"Katarzyna Handzlik-B\u0105k trundholm toy \" data-fancybox=\"8304\" href=\"https:\/\/us.edu.pl\/instytut\/isp\/wp-content\/uploads\/sites\/46\/Nieprzypisane\/Katarzyna_Handzlik-B\u0105k_trundholm_toy-10-psp.jpg\" class=\"gallery__item thumbnail\"\r\n                                    style=\"background-image: url(https:\/\/us.edu.pl\/instytut\/isp\/wp-content\/uploads\/sites\/46\/Nieprzypisane\/Katarzyna_Handzlik-B\u0105k_trundholm_toy-10-psp.jpg)\"> <span class=\"d-none\">https:\/\/us.edu.pl\/instytut\/isp\/wp-content\/uploads\/sites\/46\/Nieprzypisane\/Katarzyna_Handzlik-B\u0105k_trundholm_toy-10-psp.jpg<\/span> <\/a><a data-fancybox-group=\"button\" title=\"Katarzyna Handzlik-B\u0105k tryptyk \u015bl\u0105ski \" data-fancybox=\"8304\" href=\"https:\/\/us.edu.pl\/instytut\/isp\/wp-content\/uploads\/sites\/46\/Nieprzypisane\/Katarzyna_Handzlik-B\u0105k_tryptyk_\u015bl\u0105ski-11-psp.jpg\" class=\"gallery__item thumbnail\"\r\n                                    style=\"background-image: url(https:\/\/us.edu.pl\/instytut\/isp\/wp-content\/uploads\/sites\/46\/Nieprzypisane\/Katarzyna_Handzlik-B\u0105k_tryptyk_\u015bl\u0105ski-11-psp-1024x530.jpg)\"> <span class=\"d-none\">https:\/\/us.edu.pl\/instytut\/isp\/wp-content\/uploads\/sites\/46\/Nieprzypisane\/Katarzyna_Handzlik-B\u0105k_tryptyk_\u015bl\u0105ski-11-psp.jpg<\/span> <\/a><a data-fancybox-group=\"button\" title=\"Katarzyna Handzlik-B\u0105k wielkanoc 2020 \" data-fancybox=\"8304\" href=\"https:\/\/us.edu.pl\/instytut\/isp\/wp-content\/uploads\/sites\/46\/Nieprzypisane\/Katarzyna_Handzlik-B\u0105k_wielkanoc_2020-14-psp.jpg\" class=\"gallery__item thumbnail\"\r\n                                    style=\"background-image: url(https:\/\/us.edu.pl\/instytut\/isp\/wp-content\/uploads\/sites\/46\/Nieprzypisane\/Katarzyna_Handzlik-B\u0105k_wielkanoc_2020-14-psp.jpg)\"> <span class=\"d-none\">https:\/\/us.edu.pl\/instytut\/isp\/wp-content\/uploads\/sites\/46\/Nieprzypisane\/Katarzyna_Handzlik-B\u0105k_wielkanoc_2020-14-psp.jpg<\/span> <\/a><a data-fancybox-group=\"button\" title=\"\" data-fancybox=\"8304\" href=\"https:\/\/us.edu.pl\/instytut\/isp\/wp-content\/uploads\/sites\/46\/Nieprzypisane\/Katarzyna_Handzlik-B\u0105k_zabawka_achillesa-8-psp.jpg\" class=\"gallery__item thumbnail\"\r\n                                    style=\"background-image: url(https:\/\/us.edu.pl\/instytut\/isp\/wp-content\/uploads\/sites\/46\/Nieprzypisane\/Katarzyna_Handzlik-B\u0105k_zabawka_achillesa-8-psp.jpg)\"> <span class=\"d-none\">https:\/\/us.edu.pl\/instytut\/isp\/wp-content\/uploads\/sites\/46\/Nieprzypisane\/Katarzyna_Handzlik-B\u0105k_zabawka_achillesa-8-psp.jpg<\/span> <\/a><a data-fancybox-group=\"button\" title=\"Katarzyna Handzlik-B\u0105k zaciskanie pasa \" data-fancybox=\"8304\" href=\"https:\/\/us.edu.pl\/instytut\/isp\/wp-content\/uploads\/sites\/46\/Nieprzypisane\/Katarzyna_Handzlik-B\u0105k_zaciskanie_pasa-6-psp.jpg\" class=\"gallery__item thumbnail\"\r\n                                    style=\"background-image: url(https:\/\/us.edu.pl\/instytut\/isp\/wp-content\/uploads\/sites\/46\/Nieprzypisane\/Katarzyna_Handzlik-B\u0105k_zaciskanie_pasa-6-psp-1024x768.jpg)\"> <span class=\"d-none\">https:\/\/us.edu.pl\/instytut\/isp\/wp-content\/uploads\/sites\/46\/Nieprzypisane\/Katarzyna_Handzlik-B\u0105k_zaciskanie_pasa-6-psp.jpg<\/span> <\/a><a data-fancybox-group=\"button\" title=\"\" data-fancybox=\"8304\" href=\"https:\/\/us.edu.pl\/instytut\/isp\/wp-content\/uploads\/sites\/46\/Nieprzypisane\/pracownia_sztuki_przedmiotu-psp.jpg\" class=\"gallery__item thumbnail\"\r\n                                    style=\"background-image: url(https:\/\/us.edu.pl\/instytut\/isp\/wp-content\/uploads\/sites\/46\/Nieprzypisane\/pracownia_sztuki_przedmiotu-psp-1024x562.jpg)\"> <span class=\"d-none\">https:\/\/us.edu.pl\/instytut\/isp\/wp-content\/uploads\/sites\/46\/Nieprzypisane\/pracownia_sztuki_przedmiotu-psp.jpg<\/span> <\/a>\r\n                            <\/div>\r\n                    <\/div>\r\n                <\/div>[\/vc_column][\/vc_row]<\/p>","protected":false},"excerpt":{"rendered":"<p>[vc_row][vc_column][\/vc_column][\/vc_row][vc_row][vc_column][\/vc_column][\/vc_row] [&#8230;]<\/p>\n<p><a class=\"btn btn-secondary understrap-read-more-link\" href=\"https:\/\/us.edu.pl\/instytut\/isp\/pracownia-sztuki-przedmiotu\/\">Read More&#8230;<\/a><\/p>\n","protected":false},"author":110,"featured_media":0,"parent":0,"menu_order":0,"comment_status":"closed","ping_status":"closed","template":"","meta":{"_expiration-date-status":"saved","_expiration-date":0,"_expiration-date-type":"","_expiration-date-categories":[],"_expiration-date-options":[]},"acf":[],"_links":{"self":[{"href":"https:\/\/us.edu.pl\/instytut\/isp\/wp-json\/wp\/v2\/pages\/376"}],"collection":[{"href":"https:\/\/us.edu.pl\/instytut\/isp\/wp-json\/wp\/v2\/pages"}],"about":[{"href":"https:\/\/us.edu.pl\/instytut\/isp\/wp-json\/wp\/v2\/types\/page"}],"author":[{"embeddable":true,"href":"https:\/\/us.edu.pl\/instytut\/isp\/wp-json\/wp\/v2\/users\/110"}],"replies":[{"embeddable":true,"href":"https:\/\/us.edu.pl\/instytut\/isp\/wp-json\/wp\/v2\/comments?post=376"}],"version-history":[{"count":16,"href":"https:\/\/us.edu.pl\/instytut\/isp\/wp-json\/wp\/v2\/pages\/376\/revisions"}],"predecessor-version":[{"id":634,"href":"https:\/\/us.edu.pl\/instytut\/isp\/wp-json\/wp\/v2\/pages\/376\/revisions\/634"}],"wp:attachment":[{"href":"https:\/\/us.edu.pl\/instytut\/isp\/wp-json\/wp\/v2\/media?parent=376"}],"curies":[{"name":"wp","href":"https:\/\/api.w.org\/{rel}","templated":true}]}}