{"id":378,"date":"2020-05-11T11:06:54","date_gmt":"2020-05-11T09:06:54","guid":{"rendered":"http:\/\/us.edu.pl\/instytut\/isp\/?page_id=378"},"modified":"2021-11-03T08:58:17","modified_gmt":"2021-11-03T07:58:17","slug":"pracownia-malarstwa","status":"publish","type":"page","link":"https:\/\/us.edu.pl\/instytut\/isp\/pracownia-malarstwa\/","title":{"rendered":"Pracownie malarstwa"},"content":{"rendered":"<p>[vc_row][vc_column][vc_video link=&#8221;https:\/\/youtu.be\/kYstzJJVB2I&#8221; el_width=&#8221;60&#8243; align=&#8221;center&#8221; title=&#8221;Pracownia malarstwa&#8221;][\/vc_column][\/vc_row][vc_row][vc_column]\r\n                <div class=\"text-modules\">\r\n                    <div class=\"container\">\r\n                        <h3 class=\"page-title text__title\">Pracownie malarstwa<\/h3>\r\n                        <div class=\"text-modules__content\"><p><em>Malowanie obraz\u00f3w jest zaj\u0119ciem osobliwym i jak ka\u017cda osobliwo\u015b\u0107 niesie w sobie niewiadom\u0105 i zastanawia swoj\u0105 niezwyk\u0142o\u015bci\u0105. Dzisiaj sztuka anektuje coraz wi\u0119kszy obszar naszej tw\u00f3rczej aktywno\u015bci, lecz malarstwo zajmuje na tym terytorium niezmiennie wa\u017cne miejsce. Obraz malarski jest no\u015bnikiem my\u015bli, idei, wyrazem naszej kondycji i wyrazem coraz bardziej z\u0142o\u017conego \u015bwiata. Spr\u00f3bujmy razem przyjrze\u0107 si\u0119 \u015bwiatu przez pryzmat malarstwa i sztuki. <\/em><\/p>\n<p>Program studi\u00f3w umo\u017cliwia uzyskanie wykszta\u0142cenia w zakresie tradycyjnych jak i wsp\u00f3\u0142cze\u015bnie funkcjonuj\u0105cych koncepcji malarstwa. Zapewnia zdobycie wiedzy specjalistycznej oraz umiej\u0119tno\u015bci zawodowych przystosowanych do dynamicznie zmieniaj\u0105cych si\u0119 wymaga\u0144 rynku pracy. Przygotowuje do prowadzenia samodzielnej dzia\u0142alno\u015bci tw\u00f3rczej artysty malarza w oparciu o najnowsze osi\u0105gni\u0119cia technologiczne i tradycyjny warsztat malarski poszerzony o techniki malarskie w architekturze, a tak\u017ce do prowadzenia dzia\u0142alno\u015bci artystycznej na rynku pracy. Realizowane s\u0105 r\u00f3wnie\u017c we wsp\u00f3\u0142pracy z Czechami projekty malarskie w technice emalii na blasze.<\/p>\n<\/div>\r\n                    <\/div>\r\n                <\/div>[\/vc_column][\/vc_row][vc_row][vc_column]            \r\n                    <div class=\"container\">\r\n                        <div class=\"gallery gallery_3\" data-images-in-row=\"3\">\r\n                            \r\n                            <div class=\"row m-0\">\r\n                                <a data-fancybox-group=\"button\" title=\"\" data-fancybox=\"5711\" href=\"https:\/\/us.edu.pl\/instytut\/isp\/wp-content\/uploads\/sites\/46\/Nieprzypisane\/Adam_Molenda_antymateria-pm.jpg\" class=\"gallery__item thumbnail\"\r\n                                    style=\"background-image: url(https:\/\/us.edu.pl\/instytut\/isp\/wp-content\/uploads\/sites\/46\/Nieprzypisane\/Adam_Molenda_antymateria-pm.jpg)\"> <span class=\"d-none\">https:\/\/us.edu.pl\/instytut\/isp\/wp-content\/uploads\/sites\/46\/Nieprzypisane\/Adam_Molenda_antymateria-pm.jpg<\/span> <\/a><a data-fancybox-group=\"button\" title=\"El\u017cbieta Kuraj SOLAR\" data-fancybox=\"5711\" href=\"https:\/\/us.edu.pl\/instytut\/isp\/wp-content\/uploads\/sites\/46\/Nieprzypisane\/El\u017cbieta_Kuraj_SOLAR-pm.jpg\" class=\"gallery__item thumbnail\"\r\n                                    style=\"background-image: url(https:\/\/us.edu.pl\/instytut\/isp\/wp-content\/uploads\/sites\/46\/Nieprzypisane\/El\u017cbieta_Kuraj_SOLAR-pm-1024x782.jpg)\"> <span class=\"d-none\">https:\/\/us.edu.pl\/instytut\/isp\/wp-content\/uploads\/sites\/46\/Nieprzypisane\/El\u017cbieta_Kuraj_SOLAR-pm.jpg<\/span> <\/a><a data-fancybox-group=\"button\" title=\"Ireneusz Botor Za\u015blubiny al fresco\" data-fancybox=\"5711\" href=\"https:\/\/us.edu.pl\/instytut\/isp\/wp-content\/uploads\/sites\/46\/Nieprzypisane\/Ireneusz_Botor_Za\u015blubiny_al_fresco-pm.jpg\" class=\"gallery__item thumbnail\"\r\n                                    style=\"background-image: url(https:\/\/us.edu.pl\/instytut\/isp\/wp-content\/uploads\/sites\/46\/Nieprzypisane\/Ireneusz_Botor_Za\u015blubiny_al_fresco-pm.jpg)\"> <span class=\"d-none\">https:\/\/us.edu.pl\/instytut\/isp\/wp-content\/uploads\/sites\/46\/Nieprzypisane\/Ireneusz_Botor_Za\u015blubiny_al_fresco-pm.jpg<\/span> <\/a><a data-fancybox-group=\"button\" title=\"Krzysztof Dadak Granice \" data-fancybox=\"5711\" href=\"https:\/\/us.edu.pl\/instytut\/isp\/wp-content\/uploads\/sites\/46\/Nieprzypisane\/Krzysztof_Dadak_Granice-pm.jpg\" class=\"gallery__item thumbnail\"\r\n                                    style=\"background-image: url(https:\/\/us.edu.pl\/instytut\/isp\/wp-content\/uploads\/sites\/46\/Nieprzypisane\/Krzysztof_Dadak_Granice-pm.jpg)\"> <span class=\"d-none\">https:\/\/us.edu.pl\/instytut\/isp\/wp-content\/uploads\/sites\/46\/Nieprzypisane\/Krzysztof_Dadak_Granice-pm.jpg<\/span> <\/a><a data-fancybox-group=\"button\" title=\"Lech Ko\u0142odziejczyk G\u0142owa \" data-fancybox=\"5711\" href=\"https:\/\/us.edu.pl\/instytut\/isp\/wp-content\/uploads\/sites\/46\/Nieprzypisane\/Lech_Ko\u0142odziejczyk_G\u0142owa_nr_11-pm.jpg\" class=\"gallery__item thumbnail\"\r\n                                    style=\"background-image: url(https:\/\/us.edu.pl\/instytut\/isp\/wp-content\/uploads\/sites\/46\/Nieprzypisane\/Lech_Ko\u0142odziejczyk_G\u0142owa_nr_11-pm.jpg)\"> <span class=\"d-none\">https:\/\/us.edu.pl\/instytut\/isp\/wp-content\/uploads\/sites\/46\/Nieprzypisane\/Lech_Ko\u0142odziejczyk_G\u0142owa_nr_11-pm.jpg<\/span> <\/a><a data-fancybox-group=\"button\" title=\"Roman Maciuszkiewicz z cyklu \u015awiat bez nas\" data-fancybox=\"5711\" href=\"https:\/\/us.edu.pl\/instytut\/isp\/wp-content\/uploads\/sites\/46\/Nieprzypisane\/Roman_Maciuszkiewicz_z_cyklu_\u015awiat_bez_nas-pm.jpg\" class=\"gallery__item thumbnail\"\r\n                                    style=\"background-image: url(https:\/\/us.edu.pl\/instytut\/isp\/wp-content\/uploads\/sites\/46\/Nieprzypisane\/Roman_Maciuszkiewicz_z_cyklu_\u015awiat_bez_nas-pm-1024x839.jpg)\"> <span class=\"d-none\">https:\/\/us.edu.pl\/instytut\/isp\/wp-content\/uploads\/sites\/46\/Nieprzypisane\/Roman_Maciuszkiewicz_z_cyklu_\u015awiat_bez_nas-pm.jpg<\/span> <\/a>\r\n                            <\/div>\r\n                    <\/div>\r\n                <\/div>[\/vc_column][\/vc_row]<\/p>","protected":false},"excerpt":{"rendered":"<p>[vc_row][vc_column][vc_video link=&#8221;https:\/\/youtu.be\/kYstzJJVB2I&#8221; el_width=&#8221;60&#8243; align=&#8221;center&#8221; title=&#8221;Pracownia malarstwa&#8221;][\/vc_column][\/vc_row][vc_row][vc_column][\/vc_column][\/vc_row][vc_row][vc_column][\/vc_column][\/vc_row] [&#8230;]<\/p>\n<p><a class=\"btn btn-secondary understrap-read-more-link\" href=\"https:\/\/us.edu.pl\/instytut\/isp\/pracownia-malarstwa\/\">Read More&#8230;<\/a><\/p>\n","protected":false},"author":110,"featured_media":0,"parent":0,"menu_order":0,"comment_status":"closed","ping_status":"closed","template":"","meta":{"_expiration-date-status":"saved","_expiration-date":0,"_expiration-date-type":"","_expiration-date-categories":[],"_expiration-date-options":[]},"acf":[],"_links":{"self":[{"href":"https:\/\/us.edu.pl\/instytut\/isp\/wp-json\/wp\/v2\/pages\/378"}],"collection":[{"href":"https:\/\/us.edu.pl\/instytut\/isp\/wp-json\/wp\/v2\/pages"}],"about":[{"href":"https:\/\/us.edu.pl\/instytut\/isp\/wp-json\/wp\/v2\/types\/page"}],"author":[{"embeddable":true,"href":"https:\/\/us.edu.pl\/instytut\/isp\/wp-json\/wp\/v2\/users\/110"}],"replies":[{"embeddable":true,"href":"https:\/\/us.edu.pl\/instytut\/isp\/wp-json\/wp\/v2\/comments?post=378"}],"version-history":[{"count":16,"href":"https:\/\/us.edu.pl\/instytut\/isp\/wp-json\/wp\/v2\/pages\/378\/revisions"}],"predecessor-version":[{"id":2217,"href":"https:\/\/us.edu.pl\/instytut\/isp\/wp-json\/wp\/v2\/pages\/378\/revisions\/2217"}],"wp:attachment":[{"href":"https:\/\/us.edu.pl\/instytut\/isp\/wp-json\/wp\/v2\/media?parent=378"}],"curies":[{"name":"wp","href":"https:\/\/api.w.org\/{rel}","templated":true}]}}