{"id":382,"date":"2020-05-11T11:07:57","date_gmt":"2020-05-11T09:07:57","guid":{"rendered":"http:\/\/us.edu.pl\/instytut\/isp\/?page_id=382"},"modified":"2020-05-20T15:52:48","modified_gmt":"2020-05-20T13:52:48","slug":"pracownia-fotografii","status":"publish","type":"page","link":"https:\/\/us.edu.pl\/instytut\/isp\/pracownia-fotografii\/","title":{"rendered":"Pracownie fotografii"},"content":{"rendered":"<p>[vc_row][vc_column]\r\n                <div class=\"text-modules \">\r\n                    <div class=\"container\">\r\n                        <h3 class=\"section-title section-title_border-bottom\">Pracownie fotografii<\/h3> \r\n                        <div class=\"row m-0\">\r\n                            <div class=\"text-modules__content\">\r\n                                 \r\n                                <div class=\"mt-3\"><\/div>\r\n                            <\/div>\r\n                            \r\n                            <div class=\"text-modules__img\"><img src=\"https:\/\/us.edu.pl\/instytut\/isp\/wp-content\/uploads\/sites\/46\/Nieprzypisane\/Pracownia-Fotografii.jpg\" alt=\"img\"><\/div>\r\n                        <\/div>\r\n                    <\/div>\r\n                <\/div>[\/vc_column][\/vc_row][vc_row][vc_column]\r\n                <div class=\"text-modules\">\r\n                    <div class=\"container\">\r\n                        \r\n                        <div class=\"text-modules__content\"><p>Pracownia Fotografii w obecnym kszta\u0142cie powsta\u0142a w 1981 roku, jej za\u0142o\u017cycielem i kierownikiem od pocz\u0105tku jest prof. Witold Jacyk\u00f3w. W ci\u0105gu 39 lat istnienia pracownia by\u0142a stopniowo rozwijana i modernizowana. Aktualnie do dyspozycji student\u00f3w s\u0105 studia wyposa\u017cone w nowoczesny sprz\u0119t o\u015bwietleniowy, ciemnia fotograficzna oraz oprogramowanie do cyfrowego przetwarzania obrazu. Posiadamy 20 lamp b\u0142yskowych o mocy 600 ws, lampy \u015bwiat\u0142a sta\u0142ego, ca\u0142\u0105 gam\u0119 nasadek modeluj\u0105cych \u015bwiat\u0142o i akcesori\u00f3w studyjnych, system sufitowego zawieszenia lamp, aparaty fotograficzne wraz z r\u00f3\u017cnorodn\u0105 optyk\u0105. Kolejnym etapem rozbudowy Pracowni by\u0142o pozyskanie nowych, obszernych pomieszcze\u0144 daj\u0105cych mo\u017cliwo\u015b\u0107 podniesienia komfortu pracy oraz poszerzenia problematyki zaj\u0119\u0107 o nowe przedmioty.<\/p>\n<p>Program pracowni obejmuje podstawowe zagadnienia z historii i teorii fotografii, podstawy techniki fotograficznej, techniki o\u015bwietlenia studyjnego, zagadnienia zwi\u0105zane z fotografi\u0105 studyjn\u0105, dokumentaln\u0105 i kreacyjn\u0105, reklamow\u0105 i u\u017cytkow\u0105. Spos\u00f3b prowadzenia zaj\u0119\u0107 ukierunkowany jest na \u201euruchomienie\u201d aktywno\u015bci tw\u00f3rczej student\u00f3w, nauczenie ich obserwacji analitycznej i j\u0119zyka wypowiedzi poprzez medium fotograficzne. Zaj\u0119cia w pracowni fotografii prowadz\u0105: Prof. dr hab. Witold Jacyk\u00f3w, dr Agnieszka Jaworska i dr Wojciech Kukuczka.<\/p>\n<\/div>\r\n                    <\/div>\r\n                <\/div>[\/vc_column][\/vc_row][vc_row][vc_column]            \r\n                    <div class=\"container\">\r\n                        <div class=\"gallery gallery_3\" data-images-in-row=\"3\">\r\n                            <div class=\"section-title section-title_border-bottom\">prof. dr hab. Witold Jacyk\u00f3w - prace<\/div>\r\n                            <div class=\"row m-0\">\r\n                                <a data-fancybox-group=\"button\" title=\"Witold Jacyk\u00f3w jeste\u015b ziemi\u0105 2 \" data-fancybox=\"9592\" href=\"https:\/\/us.edu.pl\/instytut\/isp\/wp-content\/uploads\/sites\/46\/Nieprzypisane\/Witold_Jacyk\u00f3w_jeste\u015b_ziemi\u0105_2-pf.jpg\" class=\"gallery__item thumbnail\"\r\n                                    style=\"background-image: url(https:\/\/us.edu.pl\/instytut\/isp\/wp-content\/uploads\/sites\/46\/Nieprzypisane\/Witold_Jacyk\u00f3w_jeste\u015b_ziemi\u0105_2-pf-1024x719.jpg)\"> <span class=\"d-none\">https:\/\/us.edu.pl\/instytut\/isp\/wp-content\/uploads\/sites\/46\/Nieprzypisane\/Witold_Jacyk\u00f3w_jeste\u015b_ziemi\u0105_2-pf.jpg<\/span> <\/a><a data-fancybox-group=\"button\" title=\"Witold Jacyk\u00f3w jeste\u015b ziemi\u0105 \" data-fancybox=\"9592\" href=\"https:\/\/us.edu.pl\/instytut\/isp\/wp-content\/uploads\/sites\/46\/Nieprzypisane\/Witold_Jacyk\u00f3w_jeste\u015b_ziemi\u0105-pf.jpg\" class=\"gallery__item thumbnail\"\r\n                                    style=\"background-image: url(https:\/\/us.edu.pl\/instytut\/isp\/wp-content\/uploads\/sites\/46\/Nieprzypisane\/Witold_Jacyk\u00f3w_jeste\u015b_ziemi\u0105-pf-1024x717.jpg)\"> <span class=\"d-none\">https:\/\/us.edu.pl\/instytut\/isp\/wp-content\/uploads\/sites\/46\/Nieprzypisane\/Witold_Jacyk\u00f3w_jeste\u015b_ziemi\u0105-pf.jpg<\/span> <\/a><a data-fancybox-group=\"button\" title=\"Witold Jacyk\u00f3w jeste\u015b ziemi\u0105 3 \" data-fancybox=\"9592\" href=\"https:\/\/us.edu.pl\/instytut\/isp\/wp-content\/uploads\/sites\/46\/Nieprzypisane\/Witold_Jacyk\u00f3w_jeste\u015b_ziemi\u0105_3-pf.jpg\" class=\"gallery__item thumbnail\"\r\n                                    style=\"background-image: url(https:\/\/us.edu.pl\/instytut\/isp\/wp-content\/uploads\/sites\/46\/Nieprzypisane\/Witold_Jacyk\u00f3w_jeste\u015b_ziemi\u0105_3-pf.jpg)\"> <span class=\"d-none\">https:\/\/us.edu.pl\/instytut\/isp\/wp-content\/uploads\/sites\/46\/Nieprzypisane\/Witold_Jacyk\u00f3w_jeste\u015b_ziemi\u0105_3-pf.jpg<\/span> <\/a>\r\n                            <\/div>\r\n                    <\/div>\r\n                <\/div>[\/vc_column][\/vc_row][vc_row][vc_column]            \r\n                    <div class=\"container\">\r\n                        <div class=\"gallery gallery_3\" data-images-in-row=\"3\">\r\n                            <div class=\"section-title section-title_border-bottom\">dr Agnieszka Jaworska - prace<\/div>\r\n                            <div class=\"row m-0\">\r\n                                <a data-fancybox-group=\"button\" title=\"Agnieszka Jaworska 54\u2070N 17\u2070E z cyklu Multiversum \" data-fancybox=\"3589\" href=\"https:\/\/us.edu.pl\/instytut\/isp\/wp-content\/uploads\/sites\/46\/Nieprzypisane\/Agnieszka_Jaworska_54\u2070N-17\u2070E_z_cyklu_Multiversum-pf.jpg\" class=\"gallery__item thumbnail\"\r\n                                    style=\"background-image: url(https:\/\/us.edu.pl\/instytut\/isp\/wp-content\/uploads\/sites\/46\/Nieprzypisane\/Agnieszka_Jaworska_54\u2070N-17\u2070E_z_cyklu_Multiversum-pf-1024x683.jpg)\"> <span class=\"d-none\">https:\/\/us.edu.pl\/instytut\/isp\/wp-content\/uploads\/sites\/46\/Nieprzypisane\/Agnieszka_Jaworska_54\u2070N-17\u2070E_z_cyklu_Multiversum-pf.jpg<\/span> <\/a><a data-fancybox-group=\"button\" title=\"Agnieszka Jaworska 50\u2070N 20\u2070E z cyklu Multiversum \" data-fancybox=\"3589\" href=\"https:\/\/us.edu.pl\/instytut\/isp\/wp-content\/uploads\/sites\/46\/Nieprzypisane\/Agnieszka_Jaworska_50\u2070N-20\u2070E_z_cyklu_Multiversum-pf.jpg\" class=\"gallery__item thumbnail\"\r\n                                    style=\"background-image: url(https:\/\/us.edu.pl\/instytut\/isp\/wp-content\/uploads\/sites\/46\/Nieprzypisane\/Agnieszka_Jaworska_50\u2070N-20\u2070E_z_cyklu_Multiversum-pf-1024x683.jpg)\"> <span class=\"d-none\">https:\/\/us.edu.pl\/instytut\/isp\/wp-content\/uploads\/sites\/46\/Nieprzypisane\/Agnieszka_Jaworska_50\u2070N-20\u2070E_z_cyklu_Multiversum-pf.jpg<\/span> <\/a><a data-fancybox-group=\"button\" title=\"Agnieszka Jaworska 40\u2070N 4\u2070W z cyklu Multiversum \" data-fancybox=\"3589\" href=\"https:\/\/us.edu.pl\/instytut\/isp\/wp-content\/uploads\/sites\/46\/Nieprzypisane\/Agnieszka_Jaworska_40\u2070N-4\u2070W_z_cyklu_Multiversum-pf.jpg\" class=\"gallery__item thumbnail\"\r\n                                    style=\"background-image: url(https:\/\/us.edu.pl\/instytut\/isp\/wp-content\/uploads\/sites\/46\/Nieprzypisane\/Agnieszka_Jaworska_40\u2070N-4\u2070W_z_cyklu_Multiversum-pf-1024x683.jpg)\"> <span class=\"d-none\">https:\/\/us.edu.pl\/instytut\/isp\/wp-content\/uploads\/sites\/46\/Nieprzypisane\/Agnieszka_Jaworska_40\u2070N-4\u2070W_z_cyklu_Multiversum-pf.jpg<\/span> <\/a>\r\n                            <\/div>\r\n                    <\/div>\r\n                <\/div>[\/vc_column][\/vc_row][vc_row][vc_column]\r\n                <div class=\"text-modules\">\r\n                    <div class=\"container\">\r\n                        <h3 class=\"page-title text__title\">dr Wojciech Kukuczka \u2013 linki do projekt\u00f3w<\/h3>\r\n                        <div class=\"text-modules__content\"><p>Obrazy nieuchwycone:<br \/>\n<iframe loading=\"lazy\" title=\"Fotografia ci\u0105g\u0142a - obrazy nieuchwycone (demo projektu)\" width=\"640\" height=\"360\" src=\"https:\/\/www.youtube.com\/embed\/lJYNlEkjtk4?feature=oembed\" frameborder=\"0\" allow=\"accelerometer; autoplay; encrypted-media; gyroscope; picture-in-picture\" allowfullscreen><\/iframe><\/p>\n<p>Transgresje rave:<br \/>\n<iframe loading=\"lazy\" title=\"Transgresje Rave - demo projektu\" width=\"640\" height=\"360\" src=\"https:\/\/www.youtube.com\/embed\/XGWFRk-cvCg?feature=oembed\" frameborder=\"0\" allow=\"accelerometer; autoplay; encrypted-media; gyroscope; picture-in-picture\" allowfullscreen><\/iframe><\/p>\n<p>Lustra:<br \/>\n<iframe loading=\"lazy\" title=\"Lustra  - demo projektu\" width=\"640\" height=\"360\" src=\"https:\/\/www.youtube.com\/embed\/uCBRFJBU8Q4?feature=oembed\" frameborder=\"0\" allow=\"accelerometer; autoplay; encrypted-media; gyroscope; picture-in-picture\" allowfullscreen><\/iframe><\/p>\n<\/div>\r\n                    <\/div>\r\n                <\/div>[\/vc_column][\/vc_row][vc_row][vc_column][\/vc_column][\/vc_row]<\/p>","protected":false},"excerpt":{"rendered":"<p>[vc_row][vc_column][\/vc_column][\/vc_row][vc_row][vc_column][\/vc_column][\/vc_row][vc_row][vc_column][\/vc_column][\/vc_row][vc_row][vc_column][\/vc_column][\/vc_row][vc_row][vc_column][\/vc_column][\/vc_row][vc_row][vc_column][\/vc_column][\/vc_row] [&#8230;]<\/p>\n<p><a class=\"btn btn-secondary understrap-read-more-link\" href=\"https:\/\/us.edu.pl\/instytut\/isp\/pracownia-fotografii\/\">Read More&#8230;<\/a><\/p>\n","protected":false},"author":110,"featured_media":0,"parent":0,"menu_order":0,"comment_status":"closed","ping_status":"closed","template":"","meta":{"_expiration-date-status":"saved","_expiration-date":0,"_expiration-date-type":"","_expiration-date-categories":[],"_expiration-date-options":[]},"acf":[],"_links":{"self":[{"href":"https:\/\/us.edu.pl\/instytut\/isp\/wp-json\/wp\/v2\/pages\/382"}],"collection":[{"href":"https:\/\/us.edu.pl\/instytut\/isp\/wp-json\/wp\/v2\/pages"}],"about":[{"href":"https:\/\/us.edu.pl\/instytut\/isp\/wp-json\/wp\/v2\/types\/page"}],"author":[{"embeddable":true,"href":"https:\/\/us.edu.pl\/instytut\/isp\/wp-json\/wp\/v2\/users\/110"}],"replies":[{"embeddable":true,"href":"https:\/\/us.edu.pl\/instytut\/isp\/wp-json\/wp\/v2\/comments?post=382"}],"version-history":[{"count":9,"href":"https:\/\/us.edu.pl\/instytut\/isp\/wp-json\/wp\/v2\/pages\/382\/revisions"}],"predecessor-version":[{"id":670,"href":"https:\/\/us.edu.pl\/instytut\/isp\/wp-json\/wp\/v2\/pages\/382\/revisions\/670"}],"wp:attachment":[{"href":"https:\/\/us.edu.pl\/instytut\/isp\/wp-json\/wp\/v2\/media?parent=382"}],"curies":[{"name":"wp","href":"https:\/\/api.w.org\/{rel}","templated":true}]}}