{"id":392,"date":"2020-05-11T11:10:31","date_gmt":"2020-05-11T09:10:31","guid":{"rendered":"http:\/\/us.edu.pl\/instytut\/isp\/?page_id=392"},"modified":"2021-11-03T08:58:31","modified_gmt":"2021-11-03T07:58:31","slug":"pracownia-szkla","status":"publish","type":"page","link":"https:\/\/us.edu.pl\/instytut\/isp\/pracownia-szkla\/","title":{"rendered":"Pracownia szk\u0142a"},"content":{"rendered":"<p>[vc_row][vc_column][vc_video link=&#8221;https:\/\/youtu.be\/eigZilD0I_w&#8221; el_width=&#8221;60&#8243; align=&#8221;center&#8221; title=&#8221;Pracownia witra\u017cu&#8221;][\/vc_column][\/vc_row][vc_row][vc_column]\r\n                <div class=\"text-modules\">\r\n                    <div class=\"container\">\r\n                        <h3 class=\"page-title text__title\">Pracownia szk\u0142a<\/h3>\r\n                        <div class=\"text-modules__content\"><p>Pracownia oferuje bardzo szerokie mo\u017cliwo\u015bci realizacji wsp\u00f3\u0142czesnych projekt\u00f3w w szkle artystycznym. Pracujemy w r\u00f3\u017cnych technikach pocz\u0105wszy od klasycznego witra\u017cu malowanego patynami i emaliami oraz sk\u0142adanego w profile o\u0142owiane. Techniki dobierane s\u0105 w zale\u017cno\u015bci od realizowanych projekt\u00f3w, dlatego poza klasyk\u0105 wchodzimy w dzia\u0142ania bardziej wsp\u00f3\u0142czesne, takie jak rze\u017abienie szk\u0142a, zgrzewanie w formach czy gi\u0119cie. Studenci Edukacji Artystycznej mog\u0105 kszta\u0142ci\u0107 si\u0119 w tej pracowni przez trzy lata na I stopniu studi\u00f3w oraz przez dwa lata na studiach II stopnia, co umo\u017cliwia szerokie poznanie materii szk\u0142a oraz zorganizowanie w\u0142asnej pracowni realizacyjnej. Dla student\u00f3w grafiki prowadzone s\u0105 zaj\u0119cia fakultatywne umo\u017cliwiaj\u0105ce realizacj\u0119 graficznych prac w technikach szklarskich. Prace studenckie wykonane w tej pracowni prezentowane by\u0142y na wielu wystawach w przestrzeniach galeryjnych, r\u00f3wnie\u017c mo\u017cna zobaczy\u0107 je na sta\u0142ych ekspozycjach, mi. w Centrum Informacji Naukowej i Bibliotece Akademickiej Uniwersytetu \u015al\u0105skiego w Katowicach, czy w Instytucie Sztuk Plastycznych w Cieszynie.<\/p>\n<\/div>\r\n                    <\/div>\r\n                <\/div>[\/vc_column][\/vc_row][vc_row][vc_column]            \r\n                    <div class=\"container\">\r\n                        <div class=\"gallery gallery_3\" data-images-in-row=\"3\">\r\n                            <div class=\"section-title section-title_border-bottom\">dr hab. Katarzyna Pyka - prace<\/div>\r\n                            <div class=\"row m-0\">\r\n                                <a data-fancybox-group=\"button\" title=\"Katarzyna Pyka od\u0142amki III 2018\" data-fancybox=\"3506\" href=\"https:\/\/us.edu.pl\/instytut\/isp\/wp-content\/uploads\/sites\/46\/Nieprzypisane\/Katarzyna_Pyka_od\u0142amki_III_2018-ps.jpg\" class=\"gallery__item thumbnail\"\r\n                                    style=\"background-image: url(https:\/\/us.edu.pl\/instytut\/isp\/wp-content\/uploads\/sites\/46\/Nieprzypisane\/Katarzyna_Pyka_od\u0142amki_III_2018-ps-1024x509.jpg)\"> <span class=\"d-none\">https:\/\/us.edu.pl\/instytut\/isp\/wp-content\/uploads\/sites\/46\/Nieprzypisane\/Katarzyna_Pyka_od\u0142amki_III_2018-ps.jpg<\/span> <\/a><a data-fancybox-group=\"button\" title=\"Katarzyna Pyka wewn\u0105trz II 2-3\" data-fancybox=\"3506\" href=\"https:\/\/us.edu.pl\/instytut\/isp\/wp-content\/uploads\/sites\/46\/Nieprzypisane\/Katarzyna_Pyka_wewn\u0105trz_II_2-3-ps.jpg\" class=\"gallery__item thumbnail\"\r\n                                    style=\"background-image: url(https:\/\/us.edu.pl\/instytut\/isp\/wp-content\/uploads\/sites\/46\/Nieprzypisane\/Katarzyna_Pyka_wewn\u0105trz_II_2-3-ps.jpg)\"> <span class=\"d-none\">https:\/\/us.edu.pl\/instytut\/isp\/wp-content\/uploads\/sites\/46\/Nieprzypisane\/Katarzyna_Pyka_wewn\u0105trz_II_2-3-ps.jpg<\/span> <\/a><a data-fancybox-group=\"button\" title=\"Katarzyna Pyka Zegar\" data-fancybox=\"3506\" href=\"https:\/\/us.edu.pl\/instytut\/isp\/wp-content\/uploads\/sites\/46\/Nieprzypisane\/Katarzyna_Pyka_Zegar-ps.jpg\" class=\"gallery__item thumbnail\"\r\n                                    style=\"background-image: url(https:\/\/us.edu.pl\/instytut\/isp\/wp-content\/uploads\/sites\/46\/Nieprzypisane\/Katarzyna_Pyka_Zegar-ps-1024x644.jpg)\"> <span class=\"d-none\">https:\/\/us.edu.pl\/instytut\/isp\/wp-content\/uploads\/sites\/46\/Nieprzypisane\/Katarzyna_Pyka_Zegar-ps.jpg<\/span> <\/a>\r\n                            <\/div>\r\n                    <\/div>\r\n                <\/div>[\/vc_column][\/vc_row][vc_row][vc_column]            \r\n                    <div class=\"container\">\r\n                        <div class=\"gallery gallery_3\" data-images-in-row=\"3\">\r\n                            <div class=\"section-title section-title_border-bottom\">mgr Aneta G\u0142owacka - prace<\/div>\r\n                            <div class=\"row m-0\">\r\n                                <a data-fancybox-group=\"button\" title=\"Aneta G\u0142owacka Sazava \" data-fancybox=\"4304\" href=\"https:\/\/us.edu.pl\/instytut\/isp\/wp-content\/uploads\/sites\/46\/Nieprzypisane\/Aneta_G\u0142owacka_Sazava-ps.jpg\" class=\"gallery__item thumbnail\"\r\n                                    style=\"background-image: url(https:\/\/us.edu.pl\/instytut\/isp\/wp-content\/uploads\/sites\/46\/Nieprzypisane\/Aneta_G\u0142owacka_Sazava-ps.jpg)\"> <span class=\"d-none\">https:\/\/us.edu.pl\/instytut\/isp\/wp-content\/uploads\/sites\/46\/Nieprzypisane\/Aneta_G\u0142owacka_Sazava-ps.jpg<\/span> <\/a><a data-fancybox-group=\"button\" title=\"Aneta G\u0142owacka Listy \" data-fancybox=\"4304\" href=\"https:\/\/us.edu.pl\/instytut\/isp\/wp-content\/uploads\/sites\/46\/Nieprzypisane\/Aneta_G\u0142owacka_Listy-ps.jpg\" class=\"gallery__item thumbnail\"\r\n                                    style=\"background-image: url(https:\/\/us.edu.pl\/instytut\/isp\/wp-content\/uploads\/sites\/46\/Nieprzypisane\/Aneta_G\u0142owacka_Listy-ps-1024x683.jpg)\"> <span class=\"d-none\">https:\/\/us.edu.pl\/instytut\/isp\/wp-content\/uploads\/sites\/46\/Nieprzypisane\/Aneta_G\u0142owacka_Listy-ps.jpg<\/span> <\/a><a data-fancybox-group=\"button\" title=\"Aneta G\u0142owacka black moon \" data-fancybox=\"4304\" href=\"https:\/\/us.edu.pl\/instytut\/isp\/wp-content\/uploads\/sites\/46\/Nieprzypisane\/Aneta_G\u0142owacka_black-moon-ps.jpg\" class=\"gallery__item thumbnail\"\r\n                                    style=\"background-image: url(https:\/\/us.edu.pl\/instytut\/isp\/wp-content\/uploads\/sites\/46\/Nieprzypisane\/Aneta_G\u0142owacka_black-moon-ps-1024x678.jpg)\"> <span class=\"d-none\">https:\/\/us.edu.pl\/instytut\/isp\/wp-content\/uploads\/sites\/46\/Nieprzypisane\/Aneta_G\u0142owacka_black-moon-ps.jpg<\/span> <\/a><a data-fancybox-group=\"button\" title=\"Aneta G\u0142owacka bia\u0142y s\u0142o\u0144 \" data-fancybox=\"4304\" href=\"https:\/\/us.edu.pl\/instytut\/isp\/wp-content\/uploads\/sites\/46\/Nieprzypisane\/Aneta_G\u0142owacka_bia\u0142y_s\u0142o\u0144-ps.jpg\" class=\"gallery__item thumbnail\"\r\n                                    style=\"background-image: url(https:\/\/us.edu.pl\/instytut\/isp\/wp-content\/uploads\/sites\/46\/Nieprzypisane\/Aneta_G\u0142owacka_bia\u0142y_s\u0142o\u0144-ps-1024x739.jpg)\"> <span class=\"d-none\">https:\/\/us.edu.pl\/instytut\/isp\/wp-content\/uploads\/sites\/46\/Nieprzypisane\/Aneta_G\u0142owacka_bia\u0142y_s\u0142o\u0144-ps.jpg<\/span> <\/a>\r\n                            <\/div>\r\n                    <\/div>\r\n                <\/div>[\/vc_column][\/vc_row]<\/p>","protected":false},"excerpt":{"rendered":"<p>[vc_row][vc_column][vc_video link=&#8221;https:\/\/youtu.be\/eigZilD0I_w&#8221; el_width=&#8221;60&#8243; align=&#8221;center&#8221; title=&#8221;Pracownia witra\u017cu&#8221;][\/vc_column][\/vc_row][vc_row][vc_column][\/vc_column][\/vc_row][vc_row][vc_column][\/vc_column][\/vc_row][vc_row][vc_column][\/vc_column][\/vc_row] [&#8230;]<\/p>\n<p><a class=\"btn btn-secondary understrap-read-more-link\" href=\"https:\/\/us.edu.pl\/instytut\/isp\/pracownia-szkla\/\">Read More&#8230;<\/a><\/p>\n","protected":false},"author":110,"featured_media":0,"parent":0,"menu_order":0,"comment_status":"closed","ping_status":"closed","template":"","meta":{"_expiration-date-status":"saved","_expiration-date":0,"_expiration-date-type":"","_expiration-date-categories":[],"_expiration-date-options":[]},"acf":[],"_links":{"self":[{"href":"https:\/\/us.edu.pl\/instytut\/isp\/wp-json\/wp\/v2\/pages\/392"}],"collection":[{"href":"https:\/\/us.edu.pl\/instytut\/isp\/wp-json\/wp\/v2\/pages"}],"about":[{"href":"https:\/\/us.edu.pl\/instytut\/isp\/wp-json\/wp\/v2\/types\/page"}],"author":[{"embeddable":true,"href":"https:\/\/us.edu.pl\/instytut\/isp\/wp-json\/wp\/v2\/users\/110"}],"replies":[{"embeddable":true,"href":"https:\/\/us.edu.pl\/instytut\/isp\/wp-json\/wp\/v2\/comments?post=392"}],"version-history":[{"count":17,"href":"https:\/\/us.edu.pl\/instytut\/isp\/wp-json\/wp\/v2\/pages\/392\/revisions"}],"predecessor-version":[{"id":2218,"href":"https:\/\/us.edu.pl\/instytut\/isp\/wp-json\/wp\/v2\/pages\/392\/revisions\/2218"}],"wp:attachment":[{"href":"https:\/\/us.edu.pl\/instytut\/isp\/wp-json\/wp\/v2\/media?parent=392"}],"curies":[{"name":"wp","href":"https:\/\/api.w.org\/{rel}","templated":true}]}}