{"id":394,"date":"2020-05-11T11:11:03","date_gmt":"2020-05-11T09:11:03","guid":{"rendered":"http:\/\/us.edu.pl\/instytut\/isp\/?page_id=394"},"modified":"2020-05-25T11:25:23","modified_gmt":"2020-05-25T09:25:23","slug":"pracownia-rzezby","status":"publish","type":"page","link":"https:\/\/us.edu.pl\/instytut\/isp\/pracownia-rzezby\/","title":{"rendered":"Pracownie rze\u017aby"},"content":{"rendered":"<p>[vc_row][vc_column]\r\n                <div class=\"text-modules\">\r\n                    <div class=\"container\">\r\n                        <h3 class=\"page-title text__title\">Pracownie rze\u017aby<\/h3>\r\n                        <div class=\"text-modules__content\"><p>W cieszy\u0144skim Instytucie Sztuk Plastycznych zaj\u0119cia z rze\u017aby realizowane s\u0105 w czterech pracowniach rze\u017abiarskich oraz dw\u00f3ch wsp\u00f3\u0142pracuj\u0105cych z Rze\u017ab\u0105 pracowniach ceramicznych. Ka\u017cda z pracowni prowadzona przez wysokiej klasy specjalist\u0119 ma charakter autorski, a realizowany w niej program oparty o indywidualne do\u015bwiadczenia artystyczne stanowi ciekaw\u0105 i r\u00f3\u017cnorodn\u0105 propozycj\u0119 dla student\u00f3w zainteresowanych tr\u00f3jwymiarowymi \u015brodkami artystycznej kreacji. Jednocze\u015bnie dla zainteresowanych dzia\u0142alno\u015bci\u0105 na granicy artystycznych dyscyplin czy \u0142\u0105czeniem r\u00f3\u017cnorodnych \u015brodk\u00f3w wyrazu, proponujemy wsp\u00f3\u0142prac\u0119 z wybranymi pracowniami artystycznego szk\u0142a, grafiki, malarstwa czy rysunku.<\/p>\n<p>Pracownie rze\u017aby prowadz\u0105:<\/p>\n<p>prof. zw. Jerzy Fober<\/p>\n<p>prof. zw. Andrzej Szarek<\/p>\n<p>prof. U\u015a Krystyna Pasterczyk<\/p>\n<p>dr Grzegorz Majchrowski<\/p>\n<p>Pracownie Ceramiki prowadz\u0105:<\/p>\n<p>dr hab. Ma\u0142gorzata Ska\u0142uba-Krentowicz<\/p>\n<p>dr Katarzyna Handzlik-B\u0105k<\/p>\n<\/div>\r\n                    <\/div>\r\n                <\/div>[\/vc_column][\/vc_row][vc_row][vc_column]            \r\n                    <div class=\"container\">\r\n                        <div class=\"gallery gallery_3\" data-images-in-row=\"3\">\r\n                            \r\n                            <div class=\"row m-0\">\r\n                                <a data-fancybox-group=\"button\" title=\" J.Fober. Ucze\u0144 umi\u0142owany \" data-fancybox=\"2944\" href=\"https:\/\/us.edu.pl\/instytut\/isp\/wp-content\/uploads\/sites\/46\/Nieprzypisane\/1.-J.Fober_.-Ucze\u0144-umi\u0142owany-rf.jpg\" class=\"gallery__item thumbnail\"\r\n                                    style=\"background-image: url(https:\/\/us.edu.pl\/instytut\/isp\/wp-content\/uploads\/sites\/46\/Nieprzypisane\/1.-J.Fober_.-Ucze\u0144-umi\u0142owany-rf.jpg)\"> <span class=\"d-none\">https:\/\/us.edu.pl\/instytut\/isp\/wp-content\/uploads\/sites\/46\/Nieprzypisane\/1.-J.Fober_.-Ucze\u0144-umi\u0142owany-rf.jpg<\/span> <\/a><a data-fancybox-group=\"button\" title=\" A.Szarek. M\u00f3j dom \" data-fancybox=\"2944\" href=\"https:\/\/us.edu.pl\/instytut\/isp\/wp-content\/uploads\/sites\/46\/Nieprzypisane\/2.-A.Szarek.-M\u00f3j-dom-rf.jpg\" class=\"gallery__item thumbnail\"\r\n                                    style=\"background-image: url(https:\/\/us.edu.pl\/instytut\/isp\/wp-content\/uploads\/sites\/46\/Nieprzypisane\/2.-A.Szarek.-M\u00f3j-dom-rf.jpg)\"> <span class=\"d-none\">https:\/\/us.edu.pl\/instytut\/isp\/wp-content\/uploads\/sites\/46\/Nieprzypisane\/2.-A.Szarek.-M\u00f3j-dom-rf.jpg<\/span> <\/a><a data-fancybox-group=\"button\" title=\" K.Pasterczyk. Homage to Malte \" data-fancybox=\"2944\" href=\"https:\/\/us.edu.pl\/instytut\/isp\/wp-content\/uploads\/sites\/46\/Nieprzypisane\/3.-K.Pasterczyk.-Homage-to-Malte-rf.jpg\" class=\"gallery__item thumbnail\"\r\n                                    style=\"background-image: url(https:\/\/us.edu.pl\/instytut\/isp\/wp-content\/uploads\/sites\/46\/Nieprzypisane\/3.-K.Pasterczyk.-Homage-to-Malte-rf.jpg)\"> <span class=\"d-none\">https:\/\/us.edu.pl\/instytut\/isp\/wp-content\/uploads\/sites\/46\/Nieprzypisane\/3.-K.Pasterczyk.-Homage-to-Malte-rf.jpg<\/span> <\/a><a data-fancybox-group=\"button\" title=\" M.Ska\u0142uba-Krentowicz. Saudade \" data-fancybox=\"2944\" href=\"https:\/\/us.edu.pl\/instytut\/isp\/wp-content\/uploads\/sites\/46\/Nieprzypisane\/4.-M.Ska\u0142uba-Krentowicz.-Saudade-rf.jpg\" class=\"gallery__item thumbnail\"\r\n                                    style=\"background-image: url(https:\/\/us.edu.pl\/instytut\/isp\/wp-content\/uploads\/sites\/46\/Nieprzypisane\/4.-M.Ska\u0142uba-Krentowicz.-Saudade-rf.jpg)\"> <span class=\"d-none\">https:\/\/us.edu.pl\/instytut\/isp\/wp-content\/uploads\/sites\/46\/Nieprzypisane\/4.-M.Ska\u0142uba-Krentowicz.-Saudade-rf.jpg<\/span> <\/a><a data-fancybox-group=\"button\" title=\"K.Handzlik-B\u0105k.-Dessert-z-cyklu-Sklepy-cynamonowe\" data-fancybox=\"2944\" href=\"https:\/\/us.edu.pl\/instytut\/isp\/wp-content\/uploads\/sites\/46\/Nieprzypisane\/5.-K.Handzlik-B\u0105k.-Dessert-z-cyklu-Sklepy-cynamonowe-rf.jpg\" class=\"gallery__item thumbnail\"\r\n                                    style=\"background-image: url(https:\/\/us.edu.pl\/instytut\/isp\/wp-content\/uploads\/sites\/46\/Nieprzypisane\/5.-K.Handzlik-B\u0105k.-Dessert-z-cyklu-Sklepy-cynamonowe-rf.jpg)\"> <span class=\"d-none\">https:\/\/us.edu.pl\/instytut\/isp\/wp-content\/uploads\/sites\/46\/Nieprzypisane\/5.-K.Handzlik-B\u0105k.-Dessert-z-cyklu-Sklepy-cynamonowe-rf.jpg<\/span> <\/a><a data-fancybox-group=\"button\" title=\" G.Majchrowski. Babel \" data-fancybox=\"2944\" href=\"https:\/\/us.edu.pl\/instytut\/isp\/wp-content\/uploads\/sites\/46\/Nieprzypisane\/6.-G.Majchrowski.-Babel-rf.jpg\" class=\"gallery__item thumbnail\"\r\n                                    style=\"background-image: url(https:\/\/us.edu.pl\/instytut\/isp\/wp-content\/uploads\/sites\/46\/Nieprzypisane\/6.-G.Majchrowski.-Babel-rf-1024x425.jpg)\"> <span class=\"d-none\">https:\/\/us.edu.pl\/instytut\/isp\/wp-content\/uploads\/sites\/46\/Nieprzypisane\/6.-G.Majchrowski.-Babel-rf.jpg<\/span> <\/a><a data-fancybox-group=\"button\" title=\"Rz.1 \" data-fancybox=\"2944\" href=\"https:\/\/us.edu.pl\/instytut\/isp\/wp-content\/uploads\/sites\/46\/Nieprzypisane\/Rz.1-rf.jpg\" class=\"gallery__item thumbnail\"\r\n                                    style=\"background-image: url(https:\/\/us.edu.pl\/instytut\/isp\/wp-content\/uploads\/sites\/46\/Nieprzypisane\/Rz.1-rf-1024x613.jpg)\"> <span class=\"d-none\">https:\/\/us.edu.pl\/instytut\/isp\/wp-content\/uploads\/sites\/46\/Nieprzypisane\/Rz.1-rf.jpg<\/span> <\/a>\r\n                            <\/div>\r\n                    <\/div>\r\n                <\/div>[\/vc_column][\/vc_row]<\/p>","protected":false},"excerpt":{"rendered":"<p>[vc_row][vc_column][\/vc_column][\/vc_row][vc_row][vc_column][\/vc_column][\/vc_row] [&#8230;]<\/p>\n<p><a class=\"btn btn-secondary understrap-read-more-link\" href=\"https:\/\/us.edu.pl\/instytut\/isp\/pracownia-rzezby\/\">Read More&#8230;<\/a><\/p>\n","protected":false},"author":110,"featured_media":0,"parent":0,"menu_order":0,"comment_status":"closed","ping_status":"closed","template":"","meta":{"_expiration-date-status":"saved","_expiration-date":0,"_expiration-date-type":"","_expiration-date-categories":[],"_expiration-date-options":[]},"acf":[],"_links":{"self":[{"href":"https:\/\/us.edu.pl\/instytut\/isp\/wp-json\/wp\/v2\/pages\/394"}],"collection":[{"href":"https:\/\/us.edu.pl\/instytut\/isp\/wp-json\/wp\/v2\/pages"}],"about":[{"href":"https:\/\/us.edu.pl\/instytut\/isp\/wp-json\/wp\/v2\/types\/page"}],"author":[{"embeddable":true,"href":"https:\/\/us.edu.pl\/instytut\/isp\/wp-json\/wp\/v2\/users\/110"}],"replies":[{"embeddable":true,"href":"https:\/\/us.edu.pl\/instytut\/isp\/wp-json\/wp\/v2\/comments?post=394"}],"version-history":[{"count":6,"href":"https:\/\/us.edu.pl\/instytut\/isp\/wp-json\/wp\/v2\/pages\/394\/revisions"}],"predecessor-version":[{"id":695,"href":"https:\/\/us.edu.pl\/instytut\/isp\/wp-json\/wp\/v2\/pages\/394\/revisions\/695"}],"wp:attachment":[{"href":"https:\/\/us.edu.pl\/instytut\/isp\/wp-json\/wp\/v2\/media?parent=394"}],"curies":[{"name":"wp","href":"https:\/\/api.w.org\/{rel}","templated":true}]}}