{"id":3948,"date":"2025-05-26T10:12:40","date_gmt":"2025-05-26T08:12:40","guid":{"rendered":"https:\/\/us.edu.pl\/instytut\/isp\/?page_id=3948"},"modified":"2025-05-26T14:43:16","modified_gmt":"2025-05-26T12:43:16","slug":"publiczne-obrony-prac-doktorskich","status":"publish","type":"page","link":"https:\/\/us.edu.pl\/instytut\/isp\/publiczne-obrony-prac-doktorskich\/","title":{"rendered":"Publiczne obrony prac doktorskich"},"content":{"rendered":"<p>[vc_row][vc_column]\r\n                <div class=\"text-modules\">\r\n                    <div class=\"container\">\r\n                        \r\n                        <div class=\"text-modules__content\"><\/p>\n<ul>\n<li>\n<div class=\"views-field views-field-title\">\n<header class=\"field-content\"><a href=\"https:\/\/bip.us.edu.pl\/pl\/doktoraty\/mgr-przemyslaw-obarski\" hreflang=\"pl\">mgr Przemys\u0142aw Obarski<\/a><\/header>\n<\/div>\n<div class=\"views-field views-field-field-tytul-dokt\"><span class=\"views-label views-label-field-tytul-dokt\">temat rozprawy:\u00a0<\/span>Czas dla Ziemi. Rytua\u0142 pogranicza sztuk<\/div>\n<div class=\"views-field views-field-field-termin\">termin:\u00a0<time class=\"datetime\" datetime=\"2025-04-08T11:00:00Z\">08.04.2025 &#8211; 13:00<\/time><\/div>\n<\/li>\n<li>\n<div class=\"views-field views-field-title\">\n<header class=\"field-content\"><a href=\"https:\/\/bip.us.edu.pl\/pl\/doktoraty\/mgr-marcjanna-wysocka\" hreflang=\"pl\">mgr Marcjanna Wysocka<\/a><\/header>\n<\/div>\n<div class=\"views-field views-field-field-tytul-dokt\"><span class=\"views-label views-label-field-tytul-dokt\">temat rozprawy:\u00a0<\/span>Przestrze\u0144 gestu<\/div>\n<div class=\"views-field views-field-field-termin\">termin:\u00a0<time class=\"datetime\" datetime=\"2024-12-20T11:00:00Z\">20.12.2024 &#8211; 12:00<\/time><\/div>\n<\/li>\n<li>\n<div class=\"views-field views-field-title\">\n<header class=\"field-content\"><a href=\"https:\/\/bip.us.edu.pl\/pl\/doktoraty\/mgr-jadwiga-mitko-rudz\" hreflang=\"pl\">mgr Jadwiga Mitko-Rud\u017a<\/a><\/header>\n<\/div>\n<div class=\"views-field views-field-field-tytul-dokt\"><span class=\"views-label views-label-field-tytul-dokt\">temat rozprawy:\u00a0<\/span>W TROSCE O INNEGO. Pomi\u0119dzy materializacj\u0105 idei a dematerializacj\u0105 matrycy<\/div>\n<div class=\"views-field views-field-field-termin\">termin:\u00a0<time class=\"datetime\" datetime=\"2024-12-04T12:30:00Z\">04.12.2024 &#8211; 13:30<\/time><\/div>\n<\/li>\n<li>\n<div class=\"views-field views-field-title\">\n<header class=\"field-content\"><a href=\"https:\/\/bip.us.edu.pl\/pl\/doktoraty\/mgr-grzegorz-izdebski\" hreflang=\"pl\">mgr Grzegorz Izdebski<\/a><\/header>\n<\/div>\n<div class=\"views-field views-field-field-tytul-dokt\"><span class=\"views-label views-label-field-tytul-dokt\">temat rozprawy:\u00a0<\/span>Fantomowe cia\u0142a kr\u00f3l\u00f3w. Obecno\u015b\u0107 nieobecnego<\/div>\n<div class=\"views-field views-field-field-termin\">termin:\u00a0<time class=\"datetime\" datetime=\"2024-11-27T12:30:00Z\">27.11.2024 &#8211; 13:30<\/time><\/div>\n<\/li>\n<li>\n<div class=\"views-field views-field-title\">\n<header class=\"field-content\"><a href=\"https:\/\/bip.us.edu.pl\/pl\/doktoraty\/mgr-karolina-sroka\" hreflang=\"pl\">mgr Karolina Sroka<\/a><\/header>\n<\/div>\n<div class=\"views-field views-field-field-tytul-dokt\"><span class=\"views-label views-label-field-tytul-dokt\">temat rozprawy:\u00a0<\/span>Zeszyty sprawno\u015bci wizualnej<\/div>\n<div class=\"views-field views-field-field-termin\">termin:\u00a0<time class=\"datetime\" datetime=\"2024-11-27T09:00:00Z\">27.11.2024 &#8211; 10:00<\/time><\/div>\n<div class=\"views-field views-field-title\"><\/div>\n<\/li>\n<li>\n<div class=\"views-field views-field-title\">\n<header class=\"field-content\"><a href=\"https:\/\/bip.us.edu.pl\/pl\/doktoraty\/mgr-iwona-cichy\" hreflang=\"pl\">mgr Iwona Cichy<\/a><\/header>\n<\/div>\n<div class=\"views-field views-field-field-tytul-dokt\"><span class=\"views-label views-label-field-tytul-dokt\">temat rozprawy:\u00a0<\/span>Oszcz\u0119dna forma w kulturze nadmiaru<\/div>\n<div class=\"views-field views-field-field-termin\">termin:\u00a0<time class=\"datetime\" datetime=\"2024-02-21T12:15:00Z\">21.02.2024 &#8211; 13:15<\/time><\/div>\n<div class=\"views-field views-field-title\"><\/div>\n<\/li>\n<li>\n<div class=\"views-field views-field-title\">\n<header class=\"field-content\"><a href=\"https:\/\/bip.us.edu.pl\/pl\/doktoraty\/mgr-marta-frackowiak\" hreflang=\"pl\">mgr Marta Fr\u0105ckowiak<\/a><\/header>\n<\/div>\n<div class=\"views-field views-field-field-tytul-dokt\"><span class=\"views-label views-label-field-tytul-dokt\">temat rozprawy:\u00a0<\/span>Social media \u2013 \u017cycie w stadzie<\/div>\n<div class=\"views-field views-field-field-termin\">termin:\u00a0<time class=\"datetime\" datetime=\"2023-12-13T11:00:00Z\">13.12.2023 &#8211; 12:00<\/time><\/div>\n<div class=\"views-field views-field-title\"><\/div>\n<\/li>\n<li>\n<div class=\"views-field views-field-title\">\n<header class=\"field-content\"><a href=\"https:\/\/bip.us.edu.pl\/pl\/doktoraty\/mgr-anna-osadnik\" hreflang=\"pl\">mgr Anna Osadnik<\/a><\/header>\n<\/div>\n<div class=\"views-field views-field-field-tytul-dokt\"><span class=\"views-label views-label-field-tytul-dokt\">temat rozprawy:\u00a0<\/span>Reintegracja. Rze\u017aba w przestrzeni spo\u0142ecznej.<\/div>\n<div class=\"views-field views-field-field-termin\">termin:\u00a0<time class=\"datetime\" datetime=\"2023-11-15T12:15:00Z\">15.11.2023 &#8211; 13:15<\/time><\/div>\n<\/li>\n<li>\n<div class=\"views-field views-field-title\">\n<header class=\"field-content\"><a href=\"https:\/\/bip.us.edu.pl\/pl\/doktoraty\/mgr-jan-drozd\" hreflang=\"pl\">mgr Jan Drozd<\/a><\/header>\n<\/div>\n<div class=\"views-field views-field-field-tytul-dokt\"><span class=\"views-label views-label-field-tytul-dokt\">temat rozprawy:\u00a0<\/span>Ewokacja archetyp\u00f3w<\/div>\n<div class=\"views-field views-field-field-termin\">termin:\u00a0<time class=\"datetime\" datetime=\"2023-09-19T10:00:00Z\">19.09.2023 &#8211; 12:00<\/time><\/div>\n<\/li>\n<li>\n<div class=\"views-field views-field-title\">\n<header class=\"field-content\"><a href=\"https:\/\/bip.us.edu.pl\/pl\/doktoraty\/mgr-marcin-bochenek\" hreflang=\"pl\">mgr Marcin Bochenek<\/a><\/header>\n<\/div>\n<div class=\"views-field views-field-field-tytul-dokt\"><span class=\"views-label views-label-field-tytul-dokt\">temat rozprawy:\u00a0<\/span>Kola\u017ce wspomnie\u0144<\/div>\n<div class=\"views-field views-field-field-termin\">termin:\u00a0<time class=\"datetime\" datetime=\"2023-07-12T11:15:00Z\">12.07.2023 &#8211; 13:15<\/time><\/div>\n<\/li>\n<li>\n<div class=\"views-field views-field-title\">\n<header class=\"field-content\"><a href=\"https:\/\/bip.us.edu.pl\/pl\/doktoraty\/mgr-malgorzata-szram-lipka\" hreflang=\"pl\">mgr Ma\u0142gorzata Szram-Lipka<\/a><\/header>\n<\/div>\n<div class=\"views-field views-field-field-tytul-dokt\"><span class=\"views-label views-label-field-tytul-dokt\">temat rozprawy:\u00a0<\/span>Rekonstrukcja materii \u2013 matryca w procesie rozpadu<\/div>\n<div class=\"views-field views-field-field-termin\">termin:\u00a0<time class=\"datetime\" datetime=\"2023-05-31T11:15:00Z\">31.05.2023 &#8211; 13:15<\/time><\/div>\n<\/li>\n<li>\n<div class=\"views-field views-field-title\">\n<header class=\"field-content\"><a href=\"https:\/\/bip.us.edu.pl\/pl\/doktoraty\/mgr-martyna-sobolewska\" hreflang=\"pl\">mgr Martyna Sobolewska<\/a><\/header>\n<\/div>\n<div class=\"views-field views-field-field-tytul-dokt\"><span class=\"views-label views-label-field-tytul-dokt\">temat rozprawy:\u00a0<\/span>Jak sprzeda\u0107 koniec \u015bwiata?<\/div>\n<div class=\"views-field views-field-field-termin\">termin:\u00a0<time class=\"datetime\" datetime=\"2023-05-24T11:15:00Z\">24.05.2023 &#8211; 13:15<\/time><\/div>\n<\/li>\n<li>\n<div class=\"views-field views-field-title\">\n<header class=\"field-content\"><a href=\"https:\/\/bip.us.edu.pl\/pl\/doktoraty\/mgr-kamila-kasperowicz\" hreflang=\"pl\">mgr Kamila Kasperowicz<\/a><\/header>\n<\/div>\n<div class=\"views-field views-field-field-tytul-dokt\"><span class=\"views-label views-label-field-tytul-dokt\">temat rozprawy:\u00a0<\/span>City Type<\/div>\n<div class=\"views-field views-field-field-termin\">termin:\u00a0<time class=\"datetime\" datetime=\"2023-03-22T12:15:00Z\">22.03.2023 &#8211; 13:15<\/time><\/div>\n<\/li>\n<li>\n<div class=\"views-field views-field-title\">\n<header class=\"field-content\"><a href=\"https:\/\/bip.us.edu.pl\/pl\/doktoraty\/mgr-anna-papiernik-wojdyla\" hreflang=\"pl\">mgr Anna Papiernik-Wojdy\u0142a<\/a><\/header>\n<\/div>\n<div class=\"views-field views-field-field-tytul-dokt\"><span class=\"views-label views-label-field-tytul-dokt\">temat rozprawy:\u00a0<\/span>Rzeczywisto\u015b\u0107 wyobra\u017cona<\/div>\n<div class=\"views-field views-field-field-termin\">termin:\u00a0<time class=\"datetime\" datetime=\"2023-03-15T13:00:00Z\">15.03.2023 &#8211; 14:00<\/time><\/div>\n<\/li>\n<li>\n<div class=\"views-field views-field-title\">\n<header class=\"field-content\"><a href=\"https:\/\/bip.us.edu.pl\/pl\/doktoraty\/mgr-aleksandra-firlinska\" hreflang=\"pl\">mgr Aleksandra Firli\u0144ska<\/a><\/header>\n<\/div>\n<div class=\"views-field views-field-field-tytul-dokt\"><span class=\"views-label views-label-field-tytul-dokt\">temat rozprawy:\u00a0<\/span>Obrazy utajone w przedmiocie<\/div>\n<div class=\"views-field views-field-field-termin\">termin:\u00a0<time class=\"datetime\" datetime=\"2023-03-15T10:00:00Z\">15.03.2023 &#8211; 11:00<\/time><\/div>\n<\/li>\n<li>\n<div class=\"views-field views-field-title\">\n<header class=\"field-content\"><a href=\"https:\/\/bip.us.edu.pl\/pl\/doktoraty\/mgr-justyna-jedrysek\" hreflang=\"pl\">mgr Justyna J\u0119drysek<\/a><\/header>\n<\/div>\n<div class=\"views-field views-field-field-tytul-dokt\"><span class=\"views-label views-label-field-tytul-dokt\">temat rozprawy:\u00a0<\/span>M\u00e9tro jako ksi\u0119ga miasta<\/div>\n<div class=\"views-field views-field-field-termin\">termin:\u00a0<time class=\"datetime\" datetime=\"2023-03-08T12:15:00Z\">08.03.2023 &#8211; 13:15<\/time><\/div>\n<\/li>\n<li>\n<div class=\"views-field views-field-title\">\n<header class=\"field-content\"><a href=\"https:\/\/bip.us.edu.pl\/pl\/doktoraty\/mgr-ewa-jaworska\" hreflang=\"pl\">mgr Ewa Jaworska<\/a><\/header>\n<\/div>\n<div class=\"views-field views-field-field-tytul-dokt\"><span class=\"views-label views-label-field-tytul-dokt\">temat rozprawy:\u00a0<\/span>Ja\/7300000000. W poszukiwaniu matrycy.<\/div>\n<div class=\"views-field views-field-field-termin\">termin:\u00a0<time class=\"datetime\" datetime=\"2023-03-01T12:15:00Z\">01.03.2023 &#8211; 13:15<\/time><\/div>\n<div class=\"views-field views-field-title\"><\/div>\n<div class=\"views-field views-field-title\"><\/div>\n<\/li>\n<li>\n<div class=\"views-field views-field-title\">\n<header class=\"field-content\"><a href=\"https:\/\/bip.us.edu.pl\/pl\/doktoraty\/mgr-anna-witkowicz\" hreflang=\"pl\">mgr Anna Witkowicz<\/a><\/header>\n<\/div>\n<div class=\"views-field views-field-field-tytul-dokt\"><span class=\"views-label views-label-field-tytul-dokt\">temat rozprawy:\u00a0<\/span>Spotkanie z cz\u0142owiekiem jako warunek do\u015bwiadczenia siebie<\/div>\n<div class=\"views-field views-field-field-termin\">termin:\u00a0<time class=\"datetime\" datetime=\"2023-01-11T12:15:00Z\">11.01.2023 &#8211; 13:15<\/time><\/div>\n<div class=\"views-field views-field-title\"><\/div>\n<\/li>\n<li>\n<div class=\"views-field views-field-title\">\n<header class=\"field-content\"><a href=\"https:\/\/bip.us.edu.pl\/pl\/doktoraty\/mgr-katarzyna-grudniewska\" hreflang=\"pl\">mgr Katarzyna Grudniewska<\/a><\/header>\n<\/div>\n<div class=\"views-field views-field-field-tytul-dokt\"><span class=\"views-label views-label-field-tytul-dokt\">temat rozprawy:\u00a0<\/span>Portret rzeczywisty i portret wyobra\u017cony czyli o zachowaniu pami\u0119ci.<\/div>\n<div class=\"views-field views-field-field-termin\">termin:\u00a0<time class=\"datetime\" datetime=\"2022-11-16T12:15:00Z\">16.11.2022 &#8211; 13:15<br \/>\n<\/time><\/div>\n<div class=\"views-field views-field-title\"><\/div>\n<\/li>\n<li>\n<div class=\"views-field views-field-title\">\n<header class=\"field-content\"><a href=\"https:\/\/bip.us.edu.pl\/pl\/doktoraty\/mgr-michal-klasik\" hreflang=\"pl\">mgr Micha\u0142 Klasik<\/a><\/header>\n<\/div>\n<div class=\"views-field views-field-field-tytul-dokt\"><span class=\"views-label views-label-field-tytul-dokt\">temat rozprawy:\u00a0<\/span>Mimo negocjacji nie uda\u0142o si\u0119 osi\u0105gn\u0105\u0107 zawieszenia broni.<\/div>\n<div class=\"views-field views-field-field-termin\">termin:\u00a0<time class=\"datetime\" datetime=\"2022-02-23T12:00:00Z\">23.02.2022 &#8211; 13:00<\/time><\/div>\n<\/li>\n<li>\n<div class=\"views-field views-field-title\">\n<header class=\"field-content\"><a href=\"https:\/\/bip.us.edu.pl\/pl\/doktoraty\/mgr-katarzyna-gielecka-grzemska\" hreflang=\"pl\">mgr Katarzyna Gielecka-Grzemska<\/a><\/header>\n<\/div>\n<div class=\"views-field views-field-field-tytul-dokt\"><span class=\"views-label views-label-field-tytul-dokt\">temat rozprawy:\u00a0<\/span>W strukturach l\u0119ku &#8211; rozwa\u017cania graficzne<\/div>\n<div class=\"views-field views-field-field-termin\">termin:\u00a0<time class=\"datetime\" datetime=\"2021-05-19T07:30:00Z\">19.05.2021 &#8211; 09:30<\/time><\/div>\n<\/li>\n<li>\n<div class=\"views-field views-field-title\">\n<header class=\"field-content\"><a href=\"https:\/\/bip.us.edu.pl\/pl\/doktoraty\/mgr-grzegorz-tomasiak\" hreflang=\"pl\">mgr Grzegorz Tomasiak<\/a><\/header>\n<\/div>\n<div class=\"views-field views-field-field-tytul-dokt\"><span class=\"views-label views-label-field-tytul-dokt\">temat rozprawy:\u00a0<\/span>Zastosowanie kodu dwu i tr\u00f3jwymiarowego w procesie pisania i czytania ikon inspirowanych Ksi\u0119g\u0105 Daniela<\/div>\n<div class=\"views-field views-field-field-termin\">termin:\u00a0<time class=\"datetime\" datetime=\"2020-11-18T08:30:00Z\">18.11.2020 &#8211; 09:30<\/time><\/div>\n<\/li>\n<li>\n<div class=\"views-field views-field-title\">\n<header class=\"field-content\"><a href=\"https:\/\/bip.us.edu.pl\/pl\/doktoraty\/mgr-gabriela-pienias\" hreflang=\"pl\">mgr Gabriela Pienias<\/a><\/header>\n<\/div>\n<div class=\"views-field views-field-field-tytul-dokt\"><span class=\"views-label views-label-field-tytul-dokt\">temat rozprawy:\u00a0<\/span>Ironia i warto\u015bci<\/div>\n<div class=\"views-field views-field-field-termin\">termin:\u00a0<time class=\"datetime\" datetime=\"2020-07-07T09:00:00Z\">07.07.2020 &#8211; 11:00<\/time><\/div>\n<\/li>\n<li>\n<div class=\"views-field views-field-title\">\n<header class=\"field-content\"><a href=\"https:\/\/bip.us.edu.pl\/pl\/doktoraty\/mgr-jolanta-herma-pasinska\" hreflang=\"pl\">mgr Jolanta Herma-Pasi\u0144ska<\/a><\/header>\n<\/div>\n<div class=\"views-field views-field-field-tytul-dokt\"><span class=\"views-label views-label-field-tytul-dokt\">temat rozprawy:\u00a0<\/span>Cz\u0142owiek jako cz\u0105stka absolutu<\/div>\n<div class=\"views-field views-field-field-termin\">termin:\u00a0<time class=\"datetime\" datetime=\"2020-07-03T09:00:00Z\">03.07.2020 &#8211; 11:00<\/time><\/div>\n<div class=\"views-field views-field-title\"><\/div>\n<\/li>\n<\/ul>\n<p>\n<\/div>\r\n                    <\/div>\r\n                <\/div>[\/vc_column][\/vc_row]<\/p>","protected":false},"excerpt":{"rendered":"<p>[vc_row][vc_column][\/vc_column][\/vc_row] [&#8230;]<\/p>\n<p><a class=\"btn btn-secondary understrap-read-more-link\" href=\"https:\/\/us.edu.pl\/instytut\/isp\/publiczne-obrony-prac-doktorskich\/\">Read More&#8230;<\/a><\/p>\n","protected":false},"author":110,"featured_media":0,"parent":0,"menu_order":0,"comment_status":"closed","ping_status":"closed","template":"","meta":{"_expiration-date-status":"","_expiration-date":0,"_expiration-date-type":"","_expiration-date-categories":[],"_expiration-date-options":[]},"acf":[],"_links":{"self":[{"href":"https:\/\/us.edu.pl\/instytut\/isp\/wp-json\/wp\/v2\/pages\/3948"}],"collection":[{"href":"https:\/\/us.edu.pl\/instytut\/isp\/wp-json\/wp\/v2\/pages"}],"about":[{"href":"https:\/\/us.edu.pl\/instytut\/isp\/wp-json\/wp\/v2\/types\/page"}],"author":[{"embeddable":true,"href":"https:\/\/us.edu.pl\/instytut\/isp\/wp-json\/wp\/v2\/users\/110"}],"replies":[{"embeddable":true,"href":"https:\/\/us.edu.pl\/instytut\/isp\/wp-json\/wp\/v2\/comments?post=3948"}],"version-history":[{"count":2,"href":"https:\/\/us.edu.pl\/instytut\/isp\/wp-json\/wp\/v2\/pages\/3948\/revisions"}],"predecessor-version":[{"id":3964,"href":"https:\/\/us.edu.pl\/instytut\/isp\/wp-json\/wp\/v2\/pages\/3948\/revisions\/3964"}],"wp:attachment":[{"href":"https:\/\/us.edu.pl\/instytut\/isp\/wp-json\/wp\/v2\/media?parent=3948"}],"curies":[{"name":"wp","href":"https:\/\/api.w.org\/{rel}","templated":true}]}}