{"id":3976,"date":"2025-05-27T12:14:40","date_gmt":"2025-05-27T10:14:40","guid":{"rendered":"https:\/\/us.edu.pl\/instytut\/isp\/?page_id=3976"},"modified":"2025-05-27T12:14:40","modified_gmt":"2025-05-27T10:14:40","slug":"organizacja-roku-akademickiego-2025-2026","status":"publish","type":"page","link":"https:\/\/us.edu.pl\/instytut\/isp\/organizacja-roku-akademickiego-2025-2026\/","title":{"rendered":"Organizacja roku akademickiego 2025\/2026"},"content":{"rendered":"<p>[vc_row][vc_column]\r\n                <div class=\"text-modules\">\r\n                    <div class=\"container\">\r\n                        \r\n                        <div class=\"text-modules__content\"><p><strong><span style=\"font-size: 12pt;\">Organizacja roku akademickiego 2025\/2026<\/span><\/strong><\/p>\n<p><strong><span style=\"font-size: 12pt;\"><a href=\"https:\/\/us.edu.pl\/instytut\/isp\/wp-content\/uploads\/sites\/46\/Bez-kategorii\/zarzadzenie-76-z-2025.pdf\" class=\"mtli_attachment mtli_pdf\" data-mtli=\"mtli_filesize143,22kB\" class=\"mtli_attachment mtli_pdf\" data-mtli=\"mtli_filesize143,22kB\">Zarz\u0105dzenie 76 z 2025 w sprawie Rektora Uniwersytetu \u015al\u0105skiego w Katowicach z dnia 22 maja 2025 r. w sprawie<br \/>\norganizacji roku akademickiego 2025\/2026<\/a><\/span><\/strong><\/p>\n<style type=\"text\/css\">a[data-mtli~=\"mtli_filesize143,22kB\"]:after {content:\" (143,22 kB)\"}<\/style><\/div>\r\n                    <\/div>\r\n                <\/div>[\/vc_column][\/vc_row]<\/p>\n<style type=\"text\/css\">a[data-mtli~=\"mtli_filesize143,22kB\"]:after {content:\" (143,22 kB)\"}<\/style>","protected":false},"excerpt":{"rendered":"<p>[vc_row][vc_column][\/vc_column][\/vc_row] [&#8230;]<\/p>\n<p><a class=\"btn btn-secondary understrap-read-more-link\" href=\"https:\/\/us.edu.pl\/instytut\/isp\/organizacja-roku-akademickiego-2025-2026\/\">Read More&#8230;<\/a><\/p>\n","protected":false},"author":110,"featured_media":0,"parent":0,"menu_order":0,"comment_status":"closed","ping_status":"closed","template":"","meta":{"_expiration-date-status":"","_expiration-date":0,"_expiration-date-type":"","_expiration-date-categories":[],"_expiration-date-options":[]},"acf":[],"_links":{"self":[{"href":"https:\/\/us.edu.pl\/instytut\/isp\/wp-json\/wp\/v2\/pages\/3976"}],"collection":[{"href":"https:\/\/us.edu.pl\/instytut\/isp\/wp-json\/wp\/v2\/pages"}],"about":[{"href":"https:\/\/us.edu.pl\/instytut\/isp\/wp-json\/wp\/v2\/types\/page"}],"author":[{"embeddable":true,"href":"https:\/\/us.edu.pl\/instytut\/isp\/wp-json\/wp\/v2\/users\/110"}],"replies":[{"embeddable":true,"href":"https:\/\/us.edu.pl\/instytut\/isp\/wp-json\/wp\/v2\/comments?post=3976"}],"version-history":[{"count":1,"href":"https:\/\/us.edu.pl\/instytut\/isp\/wp-json\/wp\/v2\/pages\/3976\/revisions"}],"predecessor-version":[{"id":3979,"href":"https:\/\/us.edu.pl\/instytut\/isp\/wp-json\/wp\/v2\/pages\/3976\/revisions\/3979"}],"wp:attachment":[{"href":"https:\/\/us.edu.pl\/instytut\/isp\/wp-json\/wp\/v2\/media?parent=3976"}],"curies":[{"name":"wp","href":"https:\/\/api.w.org\/{rel}","templated":true}]}}