{"id":63,"date":"2019-10-28T11:55:49","date_gmt":"2019-10-28T10:55:49","guid":{"rendered":"http:\/\/us.edu.pl\/instytut\/isp\/?page_id=63"},"modified":"2019-11-04T09:15:14","modified_gmt":"2019-11-04T08:15:14","slug":"mapa-strony","status":"publish","type":"page","link":"https:\/\/us.edu.pl\/instytut\/isp\/mapa-strony\/","title":{"rendered":"Mapa strony"},"content":{"rendered":"<p>[vc_row][vc_column]\r\n                <div class=\"text-modules\">\r\n                    <div class=\"container\">\r\n                        \r\n                        <div class=\"text-modules__content\"><div class=\"wsp-container\"><h2 class=\"wsp-pages-title\">Pages<\/h2>\n<ul class=\"wsp-pages-list\">\n<li class=\"page_item page-item-2\"><a href=\"https:\/\/us.edu.pl\/instytut\/isp\/\">Strona g\u0142\u00f3wna<\/a><\/li>\n<li class=\"page_item page-item-259\"><a href=\"https:\/\/us.edu.pl\/instytut\/isp\/mgr-gabriela-pienias\/\">mgr Gabriela Pienias<\/a><\/li>\n<li class=\"page_item page-item-1797\"><a href=\"https:\/\/us.edu.pl\/instytut\/isp\/wystawa-prac-wykladowcow-instytutu-sztuk-plastycznych-pomimo\/\">Wystawa prac wyk\u0142adowc\u00f3w Instytutu Sztuk Plastycznych\u00a0\u2014 POMIMO<\/a><\/li>\n<li class=\"page_item page-item-1801\"><a href=\"https:\/\/us.edu.pl\/instytut\/isp\/indywidualna-dzialalnosc-badawcza\/\">Indywidualna Dzia\u0142alno\u015b\u0107 Badawcza<\/a><\/li>\n<li class=\"page_item page-item-1803\"><a href=\"https:\/\/us.edu.pl\/instytut\/isp\/zespoly-badawcze\/\">Zespo\u0142y badawcze<\/a><\/li>\n<li class=\"page_item page-item-289\"><a href=\"https:\/\/us.edu.pl\/instytut\/isp\/kontakt-2\/\">Kontakt<\/a><\/li>\n<li class=\"page_item page-item-63\"><a href=\"https:\/\/us.edu.pl\/instytut\/isp\/mapa-strony\/\">Mapa strony<\/a><\/li>\n<li class=\"page_item page-item-65\"><a href=\"https:\/\/us.edu.pl\/instytut\/isp\/kontakt\/\">Kontakt<\/a><\/li>\n<li class=\"page_item page-item-67\"><a href=\"https:\/\/us.edu.pl\/instytut\/isp\/wszystko\/\">Wszystko<\/a><\/li>\n<li class=\"page_item page-item-1604\"><a href=\"https:\/\/us.edu.pl\/instytut\/isp\/wystawa-prac-pedagogow-rzezby-asp-im-eugeniusza-gepperta-we-wroclawiu\/\">Wystawa prac pedagog\u00f3w rze\u017aby ASP im. Eugeniusza Gepperta we Wroc\u0142awiu<\/a><\/li>\n<li class=\"page_item page-item-1611\"><a href=\"https:\/\/us.edu.pl\/instytut\/isp\/rena-wolta-touch-me-please-lipiec-2016\/\">Rena Wolta \u2014 Touch me Please \u2014 lipiec 2016<\/a><\/li>\n<li class=\"page_item page-item-1614\"><a href=\"https:\/\/us.edu.pl\/instytut\/isp\/wystawa-uczestnikow-miedzynarodowego-sympozjum-serigrafii-w-ostrawie\/\">Wystawa uczestnik\u00f3w Mi\u0119dzynarodowego Sympozjum Serigrafii w Ostrawie<\/a><\/li>\n<li class=\"page_item page-item-1870\"><a href=\"https:\/\/us.edu.pl\/instytut\/isp\/mgr-katarzyna-gielecka-grzemska\/\">mgr Katarzyna Gielecka-Grzemska<\/a><\/li>\n<li class=\"page_item page-item-1620\"><a href=\"https:\/\/us.edu.pl\/instytut\/isp\/wystawa-dokumentujaca-dzialalnosc-galerii-uniwersyteckiej-us-w-latach-2013-2016\/\">Wystawa dokumentuj\u0105ca dzia\u0142alno\u015b\u0107 Galerii Uniwersyteckiej U\u015a w latach 2013\u20142016<\/a><\/li>\n<li class=\"page_item page-item-1627\"><a href=\"https:\/\/us.edu.pl\/instytut\/isp\/jerzy-pietruczuk-grafika-wystawa-grafiki-luty-2016\/\">Jerzy Pietruczuk \u2014 Grafika \u2014 wystawa grafiki, luty 2016<\/a><\/li>\n<li class=\"page_item page-item-2653\"><a href=\"https:\/\/us.edu.pl\/instytut\/isp\/wystawa-keramika-femina\/\">Wystawa \u2013 Keramika Femina<\/a><\/li>\n<li class=\"page_item page-item-2655\"><a href=\"https:\/\/us.edu.pl\/instytut\/isp\/ivo-sumec-ostatecznie-to-wszystko-jest-pozorne\/\">Ivo Sumec \u2013 Ostatecznie to wszystko jest pozorne<\/a><\/li>\n<li class=\"page_item page-item-1633\"><a href=\"https:\/\/us.edu.pl\/instytut\/isp\/wystawa-czeskich-artystow-david-jedlicka-ales-hudacek-pavel-forman\/\">Wystawa czeskich artyst\u00f3w: David Jedli\u010dka, Ale\u0161 Huda\u010dek, Pavel Forman<\/a><\/li>\n<li class=\"page_item page-item-2660\"><a href=\"https:\/\/us.edu.pl\/instytut\/isp\/piotr-kotlicki-flashback\/\">Piotr Kotlicki \u2013 Flashback<\/a><\/li>\n<li class=\"page_item page-item-1641\"><a href=\"https:\/\/us.edu.pl\/instytut\/isp\/wystawa-zbiorowa-zaproszonych-artystow\/\">Wystawa zbiorowa zaproszonych artyst\u00f3w<\/a><\/li>\n<li class=\"page_item page-item-2666\"><a href=\"https:\/\/us.edu.pl\/instytut\/isp\/elzbieta-kuraj-malarstwo\/\">El\u017cbieta Kuraj \u2013 Malarstwo<\/a><\/li>\n<li class=\"page_item page-item-3948\"><a href=\"https:\/\/us.edu.pl\/instytut\/isp\/publiczne-obrony-prac-doktorskich\/\">Publiczne obrony prac doktorskich<\/a><\/li>\n<li class=\"page_item page-item-1647\"><a href=\"https:\/\/us.edu.pl\/instytut\/isp\/lech-kolodziejczyk-odwaga-tworzenia\/\">Lech Ko\u0142odziejczyk \u2014 Odwaga tworzenia<\/a><\/li>\n<li class=\"page_item page-item-371\"><a href=\"https:\/\/us.edu.pl\/instytut\/isp\/ciekawostki\/\">Ciekawostki<\/a><\/li>\n<li class=\"page_item page-item-1653\"><a href=\"https:\/\/us.edu.pl\/instytut\/isp\/ksawery-kaliski-pomiedzy-instalacja-grudzien-2015\/\">Ksawery Kaliski \u2014 Pomi\u0119dzy \u2014 instalacja, grudzie\u0144 2015<\/a><\/li>\n<li class=\"page_item page-item-3958\"><a href=\"https:\/\/us.edu.pl\/instytut\/isp\/postepowania-habilitacyjne-2\/\">Post\u0119powania habilitacyjne<\/a><\/li>\n<li class=\"page_item page-item-376\"><a href=\"https:\/\/us.edu.pl\/instytut\/isp\/pracownia-sztuki-przedmiotu\/\">Pracownia sztuki przedmiotu<\/a><\/li>\n<li class=\"page_item page-item-378\"><a href=\"https:\/\/us.edu.pl\/instytut\/isp\/pracownia-malarstwa\/\">Pracownie malarstwa<\/a><\/li>\n<li class=\"page_item page-item-380\"><a href=\"https:\/\/us.edu.pl\/instytut\/isp\/pracownia-komiksu\/\">Pracownia komiksu<\/a><\/li>\n<li class=\"page_item page-item-1660\"><a href=\"https:\/\/us.edu.pl\/instytut\/isp\/zygmunt-lis-symbol-i-historia\/\">Zygmunt Lis \u2014 Symbol i historia<\/a><\/li>\n<li class=\"page_item page-item-382\"><a href=\"https:\/\/us.edu.pl\/instytut\/isp\/pracownia-fotografii\/\">Pracownie fotografii<\/a><\/li>\n<li class=\"page_item page-item-2430\"><a href=\"https:\/\/us.edu.pl\/instytut\/isp\/filmy-o-instytucie\/\">Filmy o instytucie<\/a><\/li>\n<li class=\"page_item page-item-384\"><a href=\"https:\/\/us.edu.pl\/instytut\/isp\/plakacisci-i-projektowanie-graficzne\/\">Pracownie projektowania graficznego<\/a><\/li>\n<li class=\"page_item page-item-129\"><a href=\"https:\/\/us.edu.pl\/instytut\/isp\/testowa-strona\/\">testowa strona<\/a><\/li>\n<li class=\"page_item page-item-386\"><a href=\"https:\/\/us.edu.pl\/instytut\/isp\/pracownia-grafiki\/\">Pracownie grafiki<\/a><\/li>\n<li class=\"page_item page-item-1667\"><a href=\"https:\/\/us.edu.pl\/instytut\/isp\/wystawa-inauguracyjna-prac-pedagogow-zakladu-rzezby-instytutu-sztuki-w-cieszynie\/\">Wystawa inauguracyjna prac pedagog\u00f3w Zak\u0142adu Rze\u017aby Instytutu Sztuki w Cieszynie<\/a><\/li>\n<li class=\"page_item page-item-388\"><a href=\"https:\/\/us.edu.pl\/instytut\/isp\/pracownia-dzialan-unikatowych\/\">Pracownia dzia\u0142a\u0144 unikatowych<\/a><\/li>\n<li class=\"page_item page-item-390\"><a href=\"https:\/\/us.edu.pl\/instytut\/isp\/pracownia-ceramiki\/\">Pracownia ceramiki<\/a><\/li>\n<li class=\"page_item page-item-392\"><a href=\"https:\/\/us.edu.pl\/instytut\/isp\/pracownia-szkla\/\">Pracownia szk\u0142a<\/a><\/li>\n<li class=\"page_item page-item-3976\"><a href=\"https:\/\/us.edu.pl\/instytut\/isp\/organizacja-roku-akademickiego-2025-2026\/\">Organizacja roku akademickiego 2025\/2026<\/a><\/li>\n<li class=\"page_item page-item-1673\"><a href=\"https:\/\/us.edu.pl\/instytut\/isp\/jagoda-adamus-pejzaz-niedokonczony\/\">Jagoda Adamus \u2014 Pejza\u017c niedoko\u0144czony<\/a><\/li>\n<li class=\"page_item page-item-394\"><a href=\"https:\/\/us.edu.pl\/instytut\/isp\/pracownia-rzezby\/\">Pracownie rze\u017aby<\/a><\/li>\n<li class=\"page_item page-item-396\"><a href=\"https:\/\/us.edu.pl\/instytut\/isp\/pracownia-exlibrisu\/\">Pracownia ekslibrisu<\/a><\/li>\n<li class=\"page_item page-item-1681\"><a href=\"https:\/\/us.edu.pl\/instytut\/isp\/wystawa-prac-pedagogow-wydzialu-grafiki-i-malarstwa-asp\/\">Wystawa prac pedagog\u00f3w Wydzia\u0142u Grafiki i Malarstwa ASP<\/a><\/li>\n<li class=\"page_item page-item-1687\"><a href=\"https:\/\/us.edu.pl\/instytut\/isp\/malgorzata-skaluba-krentowicz-lekcja-ceramiki\/\">Ma\u0142gorzata Ska\u0142uba-Krentowicz \u2014 Lekcja ceramiki<\/a><\/li>\n<li class=\"page_item page-item-409\"><a href=\"https:\/\/us.edu.pl\/instytut\/isp\/pracownia-rysunku\/\">Pracownie rysunku<\/a><\/li>\n<li class=\"page_item page-item-1694\"><a href=\"https:\/\/us.edu.pl\/instytut\/isp\/lex-drewinski-plakaty-wystawa-plakatu-luty-2015\/\">Lex Drewi\u0144ski \u2014 Plakaty \u2014 wystawa plakatu, luty 2015<\/a><\/li>\n<li class=\"page_item page-item-929\"><a href=\"https:\/\/us.edu.pl\/instytut\/isp\/oferta-dydaktyczna-2\/\">Oferta dydaktyczna<\/a><\/li>\n<li class=\"page_item page-item-165\"><a href=\"https:\/\/us.edu.pl\/instytut\/isp\/dyrekcja-instytut-sztuk-plastycznych\/\">Dyrekcja | Instytut Sztuk Plastycznych<\/a><\/li>\n<li class=\"page_item page-item-1701\"><a href=\"https:\/\/us.edu.pl\/instytut\/isp\/jaroslaw-kweclich-bartosz-fraczek-w-drodze-moje-miasto\/\">Jaros\u0142aw Kweclich \/ Bartosz Fr\u0105czek\u2014 W drodze \/ moje miasto<\/a><\/li>\n<li class=\"page_item page-item-175 page_item_has_children\"><a href=\"https:\/\/us.edu.pl\/instytut\/isp\/galeria-uniwersytecka\/\">Galeria Uniwersytecka<\/a>\n<ul class='children'>\n\t<li class=\"page_item page-item-1454\"><a href=\"https:\/\/us.edu.pl\/instytut\/isp\/galeria-uniwersytecka\/1454-2\/\">Kontakt z Galeri\u0105<\/a><\/li>\n\t<li class=\"page_item page-item-1456 page_item_has_children\"><a href=\"https:\/\/us.edu.pl\/instytut\/isp\/galeria-uniwersytecka\/1456-2\/\">Wystawy<\/a>\n\t<ul class='children'>\n\t\t<li class=\"page_item page-item-1537\"><a href=\"https:\/\/us.edu.pl\/instytut\/isp\/galeria-uniwersytecka\/1456-2\/grzegorz-majchrowski-babel\/\">Grzegorz Majchrowski \u2014 BABEL<\/a><\/li>\n\t\t<li class=\"page_item page-item-1544\"><a href=\"https:\/\/us.edu.pl\/instytut\/isp\/galeria-uniwersytecka\/1456-2\/ernest-zawada-mini-mal-krajobraz-abstrakcyjny\/\">Ernest Zawada \u2014 Mini-mal. Krajobraz abstrakcyjny<\/a><\/li>\n\t\t<li class=\"page_item page-item-1551\"><a href=\"https:\/\/us.edu.pl\/instytut\/isp\/galeria-uniwersytecka\/1456-2\/roman-maciuszkiewicz-zapomniane-opuszczone\/\">Roman Maciuszkiewicz \u2014 Zapomniane, opuszczone\u2026<\/a><\/li>\n\t\t<li class=\"page_item page-item-1557\"><a href=\"https:\/\/us.edu.pl\/instytut\/isp\/galeria-uniwersytecka\/1456-2\/karol-wieczorek-slowo-obraz\/\">Karol Wieczorek \u2014 S\u0141OWO \u2014 OBRAZ<\/a><\/li>\n\t\t<li class=\"page_item page-item-1564\"><a href=\"https:\/\/us.edu.pl\/instytut\/isp\/galeria-uniwersytecka\/1456-2\/4-miedzynarodowa-wystawa-wystawa-grid\/\">4. Mi\u0119dzynarodowa Wystawa Wystawa GRID<\/a><\/li>\n\t\t<li class=\"page_item page-item-1568\"><a href=\"https:\/\/us.edu.pl\/instytut\/isp\/galeria-uniwersytecka\/1456-2\/i-miedzynarodowe-triennale-grafiki-cieszyn-2017\/\">I Mi\u0119dzynarodowe Triennale Grafiki  Cieszyn 2017<\/a><\/li>\n\t\t<li class=\"page_item page-item-1574\"><a href=\"https:\/\/us.edu.pl\/instytut\/isp\/galeria-uniwersytecka\/1456-2\/maciej-linttner-przekroj-wewnetrzny\/\">Maciej Linttner \u2014 Przekr\u00f3j wewn\u0119trzny<\/a><\/li>\n\t\t<li class=\"page_item page-item-1478\"><a href=\"https:\/\/us.edu.pl\/instytut\/isp\/galeria-uniwersytecka\/1456-2\/jozef-holard-malarstwo-rysunki\/\">J\u00f3zef Ho\u0142ard \u2014 Malarstwo, rysunki<\/a><\/li>\n\t\t<li class=\"page_item page-item-1483\"><a href=\"https:\/\/us.edu.pl\/instytut\/isp\/galeria-uniwersytecka\/1456-2\/grzegorz-handerek-popatrz-jakie-to-piekne\/\">Grzegorz Ha\u0144derek \u2014 Popatrz jakie to pi\u0119kne<\/a><\/li>\n\t\t<li class=\"page_item page-item-1490\"><a href=\"https:\/\/us.edu.pl\/instytut\/isp\/galeria-uniwersytecka\/1456-2\/tadeusz-rus-ksiega\/\">Tadeusz Rus \u2014 Ksi\u0119ga<\/a><\/li>\n\t\t<li class=\"page_item page-item-1494\"><a href=\"https:\/\/us.edu.pl\/instytut\/isp\/galeria-uniwersytecka\/1456-2\/miedzynarodowa-wystawa-artystow-zwiazanych-z-nurtem-geometrii-dyskursywnej\/\">Mi\u0119dzynarodowa wystawa artyst\u00f3w zwi\u0105zanych z nurtem geometrii dyskursywnej<\/a><\/li>\n\t\t<li class=\"page_item page-item-1499\"><a href=\"https:\/\/us.edu.pl\/instytut\/isp\/galeria-uniwersytecka\/1456-2\/wystawa-prac-pedagogow-zakladu-rysunku-wydzialu-sztuk-pieknych-umk-w-toruniu\/\">Wystawa prac pedagog\u00f3w Zak\u0142adu Rysunku Wydzia\u0142u Sztuk Pi\u0119knych UMK w Toruniu<\/a><\/li>\n\t\t<li class=\"page_item page-item-1502\"><a href=\"https:\/\/us.edu.pl\/instytut\/isp\/galeria-uniwersytecka\/1456-2\/henryk-czesnik-rysunek-malarstwo\/\">Henryk Cze\u015bnik \u2014 rysunek, malarstwo<\/a><\/li>\n\t\t<li class=\"page_item page-item-1506\"><a href=\"https:\/\/us.edu.pl\/instytut\/isp\/galeria-uniwersytecka\/1456-2\/wystawa-prac-pedagogow-wydzialu-rzezby-i-intermediow-asp-w-gdansku\/\">Wystawa prac pedagog\u00f3w Wydzia\u0142u Rze\u017aby i Intermedi\u00f3w ASP w Gda\u0144sku<\/a><\/li>\n\t\t<li class=\"page_item page-item-1511\"><a href=\"https:\/\/us.edu.pl\/instytut\/isp\/galeria-uniwersytecka\/1456-2\/wilhelm-sasnal-kolumb\/\">Wilhelm Sasnal \u2014 Kolumb<\/a><\/li>\n\t\t<li class=\"page_item page-item-1521\"><a href=\"https:\/\/us.edu.pl\/instytut\/isp\/galeria-uniwersytecka\/1456-2\/miedzynarodowa-wystawa-artystow-zwiazanych-z-nurtem-geometrii-dyskursywnej-2\/\">Mi\u0119dzynarodowa wystawa artyst\u00f3w zwi\u0105zanych z nurtem geometrii dyskursywnej<\/a><\/li>\n\t\t<li class=\"page_item page-item-1527\"><a href=\"https:\/\/us.edu.pl\/instytut\/isp\/galeria-uniwersytecka\/1456-2\/wystawa-pracowni-intermediow-asp-w-katowicach\/\">Wystawa Pracowni Intermedi\u00f3w ASP w Katowicach<\/a><\/li>\n\t\t<li class=\"page_item page-item-1533\"><a href=\"https:\/\/us.edu.pl\/instytut\/isp\/galeria-uniwersytecka\/1456-2\/andrzej-labuz-koc-to-koc\/\">Andrzej \u0141abuz \u2014 KOC TO KOC<\/a><\/li>\n\t<\/ul>\n<\/li>\n<\/ul>\n<\/li>\n<li class=\"page_item page-item-944\"><a href=\"https:\/\/us.edu.pl\/instytut\/isp\/pion-naukowy\/\">Pion naukowy<\/a><\/li>\n<li class=\"page_item page-item-177\"><a href=\"https:\/\/us.edu.pl\/instytut\/isp\/galeria-366\/\">Galeria 36,6<\/a><\/li>\n<li class=\"page_item page-item-947\"><a href=\"https:\/\/us.edu.pl\/instytut\/isp\/pion-dydaktyczny\/\">Pion dydaktyczny<\/a><\/li>\n<li class=\"page_item page-item-1716\"><a href=\"https:\/\/us.edu.pl\/instytut\/isp\/badania\/\">Badania<\/a><\/li>\n<li class=\"page_item page-item-3253\"><a href=\"https:\/\/us.edu.pl\/instytut\/isp\/pracownie\/\">Pracownie<\/a><\/li>\n<li class=\"page_item page-item-1462\"><a href=\"https:\/\/us.edu.pl\/instytut\/isp\/anka-mierzejewska-jestem-obraz-idealny-malo-tresci-duzo-farby\/\">Anka Mierzejewska \u2014 Jestem obraz idealny ma\u0142o tre\u015bci du\u017co farby<\/a><\/li>\n<li class=\"page_item page-item-2234\"><a href=\"https:\/\/us.edu.pl\/instytut\/isp\/2234-2\/\">#2234 (bez tytu\u0142u)<\/a><\/li>\n<li class=\"page_item page-item-2237\"><a href=\"https:\/\/us.edu.pl\/instytut\/isp\/joanna-piech-kalarus-grafiki-13-31-11-2021\/\">Joanna Piech-Kalarus \u2014 Grafiki \u2014 13\u201331.11.2021<\/a><\/li>\n<li class=\"page_item page-item-959\"><a href=\"https:\/\/us.edu.pl\/instytut\/isp\/grafika\/\">Grafika<\/a><\/li>\n<li class=\"page_item page-item-960\"><a href=\"https:\/\/us.edu.pl\/instytut\/isp\/edukacja-artystyczna-w-zakresie-sztuk-plastycznych\/\">Edukacja artystyczna w zakresie sztuk plastycznych<\/a><\/li>\n<li class=\"page_item page-item-1472\"><a href=\"https:\/\/us.edu.pl\/instytut\/isp\/marek-sibinski-layers\/\">Marek Sibi\u0144ski \u2014 Layers<\/a><\/li>\n<li class=\"page_item page-item-2240\"><a href=\"https:\/\/us.edu.pl\/instytut\/isp\/wystawa-plakatow-spoleczno-politycznych-viii-mbps-p-z-oswiecimia-do-cieszyna-10-11-5-12-2021\/\">Wystawa plakat\u00f3w spo\u0142eczno-politycznych \u2014 VIII MBPS-P z O\u015bwi\u0119cimia do Cieszyna \u2014 10.11\u20135.12.2021<\/a><\/li>\n<li class=\"page_item page-item-967\"><a href=\"https:\/\/us.edu.pl\/instytut\/isp\/projektowanie-gier-i-przestrzeni-wirtualnej\/\">Projektowanie gier i przestrzeni wirtualnej<\/a><\/li>\n<li class=\"page_item page-item-1735\"><a href=\"https:\/\/us.edu.pl\/instytut\/isp\/regulaminy-i-druki\/\">Regulaminy i druki<\/a><\/li>\n<li class=\"page_item page-item-995 page_item_has_children\"><a href=\"https:\/\/us.edu.pl\/instytut\/isp\/wykladowcy\/\">Wyk\u0142adowcy<\/a>\n<ul class='children'>\n\t<li class=\"page_item page-item-1024\"><a href=\"https:\/\/us.edu.pl\/instytut\/isp\/wykladowcy\/dr-hab-paulina-poczeta\/\">dr hab. Paulina Pocz\u0119ta, prof. U\u015a<\/a><\/li>\n\t<li class=\"page_item page-item-1026\"><a href=\"https:\/\/us.edu.pl\/instytut\/isp\/wykladowcy\/dr-hab-jaroslaw-skutnik\/\">dr hab. Jaros\u0142aw Skutnik, prof. U\u015a<\/a><\/li>\n\t<li class=\"page_item page-item-1028\"><a href=\"https:\/\/us.edu.pl\/instytut\/isp\/wykladowcy\/dr-katarzyna-handzlik\/\">dr Katarzyna Handzlik<\/a><\/li>\n\t<li class=\"page_item page-item-1030\"><a href=\"https:\/\/us.edu.pl\/instytut\/isp\/wykladowcy\/prof-us-dr-hab-joanna-wowrzeczka\/\">dr hab Joanna Wowrzeczka, prof. U\u015a<\/a><\/li>\n\t<li class=\"page_item page-item-1032\"><a href=\"https:\/\/us.edu.pl\/instytut\/isp\/wykladowcy\/dr-hab-adam-molenda\/\">dr hab. Adam Molenda, prof. U\u015a<\/a><\/li>\n\t<li class=\"page_item page-item-1289\"><a href=\"https:\/\/us.edu.pl\/instytut\/isp\/wykladowcy\/dr-hab-krzysztof-marek-bak-prof-us\/\">prof. dr hab. Krzysztof Marek B\u0105k<\/a><\/li>\n\t<li class=\"page_item page-item-1034\"><a href=\"https:\/\/us.edu.pl\/instytut\/isp\/wykladowcy\/prof-us-dr-hab-katarzyna-pyka\/\">dr hab. Katarzyna Pyka, prof. U\u015a<\/a><\/li>\n\t<li class=\"page_item page-item-1036\"><a href=\"https:\/\/us.edu.pl\/instytut\/isp\/wykladowcy\/prof-dr-hab-krystyna-pasterczyk\/\">prof. dr hab. Krystyna Pasterczyk<\/a><\/li>\n\t<li class=\"page_item page-item-1293\"><a href=\"https:\/\/us.edu.pl\/instytut\/isp\/wykladowcy\/dr-katarzyna-handzlik-bak\/\">dr hab. Katarzyna Handzlik-B\u0105k, prof. U\u015a<\/a><\/li>\n\t<li class=\"page_item page-item-1038\"><a href=\"https:\/\/us.edu.pl\/instytut\/isp\/wykladowcy\/prof-dr-hab-roman-maciuszkiewicz\/\">Prof. dr hab. Roman Maciuszkiewicz<\/a><\/li>\n\t<li class=\"page_item page-item-1040\"><a href=\"https:\/\/us.edu.pl\/instytut\/isp\/wykladowcy\/prof-dr-hab-lech-kolodziejczyk\/\">Prof. dr hab. Lech Ko\u0142odziejczyk<\/a><\/li>\n\t<li class=\"page_item page-item-1042\"><a href=\"https:\/\/us.edu.pl\/instytut\/isp\/wykladowcy\/prof-us-dr-hab-krzysztof-pasztula\/\">dr hab. Krzysztof Pasztu\u0142a, prof. U\u015a<\/a><\/li>\n\t<li class=\"page_item page-item-1044\"><a href=\"https:\/\/us.edu.pl\/instytut\/isp\/wykladowcy\/prof-us-dr-hab-adam-czech\/\">dr hab. Adam Czech, prof. U\u015a<\/a><\/li>\n\t<li class=\"page_item page-item-1046\"><a href=\"https:\/\/us.edu.pl\/instytut\/isp\/wykladowcy\/prof-dr-hab-witold-jacykow\/\">Prof. dr hab. Witold Jacyk\u00f3w<\/a><\/li>\n\t<li class=\"page_item page-item-1048\"><a href=\"https:\/\/us.edu.pl\/instytut\/isp\/wykladowcy\/prof-dr-hab-andrzej-szarek\/\">Prof. dr hab. Andrzej Szarek<\/a><\/li>\n\t<li class=\"page_item page-item-1050\"><a href=\"https:\/\/us.edu.pl\/instytut\/isp\/wykladowcy\/prof-us-dr-hab-stefan-lechwar\/\">dr hab. Stefan Lechwar, prof. U\u015a<\/a><\/li>\n\t<li class=\"page_item page-item-1052\"><a href=\"https:\/\/us.edu.pl\/instytut\/isp\/wykladowcy\/prof-us-dr-hab-lukasz-klis\/\">dr hab. \u0141ukasz Kli\u015b, prof. U\u015a<\/a><\/li>\n\t<li class=\"page_item page-item-1054\"><a href=\"https:\/\/us.edu.pl\/instytut\/isp\/wykladowcy\/prof-us-dr-hab-sebastian-kubica\/\">dr hab. Sebastian Kubica, prof. U\u015a<\/a><\/li>\n\t<li class=\"page_item page-item-1323\"><a href=\"https:\/\/us.edu.pl\/instytut\/isp\/wykladowcy\/prof-dr-hab-jerzy-fober\/\">prof. dr hab. Jerzy Fober<\/a><\/li>\n\t<li class=\"page_item page-item-1353\"><a href=\"https:\/\/us.edu.pl\/instytut\/isp\/wykladowcy\/prof-dr-hab-malgorzata-luszczak\/\">prof. dr hab. Ma\u0142gorzata \u0141uszczak<\/a><\/li>\n\t<li class=\"page_item page-item-1374\"><a href=\"https:\/\/us.edu.pl\/instytut\/isp\/wykladowcy\/dr-hab-kaja-renkas-prof-us\/\">dr hab. Kaja Renkas, prof. U\u015a<\/a><\/li>\n\t<li class=\"page_item page-item-1385\"><a href=\"https:\/\/us.edu.pl\/instytut\/isp\/wykladowcy\/dr-wojciech-kukuczka\/\">dr Wojciech Kukuczka<\/a><\/li>\n\t<li class=\"page_item page-item-1393\"><a href=\"https:\/\/us.edu.pl\/instytut\/isp\/wykladowcy\/dr-hab-ryszard-pielesz-prof-us\/\">dr hab. Ryszard Pielesz, prof. U\u015a<\/a><\/li>\n\t<li class=\"page_item page-item-1401\"><a href=\"https:\/\/us.edu.pl\/instytut\/isp\/wykladowcy\/dr-hab-natalia-pawlus\/\">dr hab. Natalia Pawlus, prof. U\u015a<\/a><\/li>\n\t<li class=\"page_item page-item-1414\"><a href=\"https:\/\/us.edu.pl\/instytut\/isp\/wykladowcy\/dr-grzegorz-majchrowski\/\">dr Grzegorz Majchrowski<\/a><\/li>\n\t<li class=\"page_item page-item-1419\"><a href=\"https:\/\/us.edu.pl\/instytut\/isp\/wykladowcy\/dr-hab-krzysztof-dadak-prof-us\/\">dr hab. Krzysztof Dadak, prof. U\u015a<\/a><\/li>\n\t<li class=\"page_item page-item-1424\"><a href=\"https:\/\/us.edu.pl\/instytut\/isp\/wykladowcy\/dr-hab-tomasz-tobolewski-prof-us\/\">dr hab. Tomasz Tobolewski, prof. U\u015a<\/a><\/li>\n\t<li class=\"page_item page-item-1429\"><a href=\"https:\/\/us.edu.pl\/instytut\/isp\/wykladowcy\/dr-hab-tomasz-jedrzejko-prof-us\/\">dr hab. Tomasz J\u0119drzejko, prof. U\u015a<\/a><\/li>\n\t<li class=\"page_item page-item-1437\"><a href=\"https:\/\/us.edu.pl\/instytut\/isp\/wykladowcy\/dr-justyna-stefanczyk\/\">dr Justyna Stefa\u0144czyk<\/a><\/li>\n\t<li class=\"page_item page-item-1242\"><a href=\"https:\/\/us.edu.pl\/instytut\/isp\/wykladowcy\/dr-wojciech-osuchowski\/\">dr Wojciech Osuchowski, prof. U\u015a<\/a><\/li>\n\t<li class=\"page_item page-item-1000\"><a href=\"https:\/\/us.edu.pl\/instytut\/isp\/wykladowcy\/mgr-robert-lipka\/\">mgr Robert Lipka<\/a><\/li>\n\t<li class=\"page_item page-item-1002\"><a href=\"https:\/\/us.edu.pl\/instytut\/isp\/wykladowcy\/dr-jerzy-pietruczuk\/\">dr Jerzy Pietruczuk<\/a><\/li>\n\t<li class=\"page_item page-item-1004\"><a href=\"https:\/\/us.edu.pl\/instytut\/isp\/wykladowcy\/dr-jaroslaw-korczak\/\">dr Jaros\u0142aw Korczak<\/a><\/li>\n\t<li class=\"page_item page-item-1007\"><a href=\"https:\/\/us.edu.pl\/instytut\/isp\/wykladowcy\/prof-dr-hab-elzbieta-kuraj\/\">Prof. dr hab. El\u017cbieta Kuraj<\/a><\/li>\n\t<li class=\"page_item page-item-1009\"><a href=\"https:\/\/us.edu.pl\/instytut\/isp\/wykladowcy\/prof-us-dr-hab-hanna-grzonka-karwacka\/\">dr hab. Hanna Grzonka-Karwacka, prof. U\u015a<\/a><\/li>\n\t<li class=\"page_item page-item-1011\"><a href=\"https:\/\/us.edu.pl\/instytut\/isp\/wykladowcy\/dr-hab-ireneusz-botor\/\">dr hab. Ireneusz Botor, prof. U\u015a<\/a><\/li>\n\t<li class=\"page_item page-item-1013\"><a href=\"https:\/\/us.edu.pl\/instytut\/isp\/wykladowcy\/dr-katarzyna-hilszczanska\/\">dr Katarzyna Hilszcza\u0144ska<\/a><\/li>\n\t<li class=\"page_item page-item-1269\"><a href=\"https:\/\/us.edu.pl\/instytut\/isp\/wykladowcy\/dr-agnieszka-jaworska\/\">dr Agnieszka Jaworska<\/a><\/li>\n\t<li class=\"page_item page-item-1015\"><a href=\"https:\/\/us.edu.pl\/instytut\/isp\/wykladowcy\/prof-dr-hab-krzysztof-kula\/\">Prof. dr hab. Krzysztof Kula<\/a><\/li>\n\t<li class=\"page_item page-item-1016\"><a href=\"https:\/\/us.edu.pl\/instytut\/isp\/wykladowcy\/prof-dr-hab-aleksander-ostrowski\/\">Prof. dr hab. Aleksander Ostrowski<\/a><\/li>\n\t<li class=\"page_item page-item-1019\"><a href=\"https:\/\/us.edu.pl\/instytut\/isp\/wykladowcy\/prof-dr-hab-joanna-piech-kalarus\/\">Prof. dr hab. Joanna Piech-Kalarus<\/a><\/li>\n\t<li class=\"page_item page-item-1021\"><a href=\"https:\/\/us.edu.pl\/instytut\/isp\/wykladowcy\/katarzyna-gielecka-grzemska\/\">dr Katarzyna Gielecka-Grzemska<\/a><\/li>\n<\/ul>\n<\/li>\n<li class=\"page_item page-item-230\"><a href=\"https:\/\/us.edu.pl\/instytut\/isp\/oferta-dydaktyczna\/\">Oferta dydaktyczna<\/a><\/li>\n<li class=\"page_item page-item-1516\"><a href=\"https:\/\/us.edu.pl\/instytut\/isp\/jan-szczepkowski-malarstwo\/\">Jan Szczepkowski \u2014 Malarstwo<\/a><\/li>\n<li class=\"page_item page-item-247\"><a href=\"https:\/\/us.edu.pl\/instytut\/isp\/historia-instytutu\/\">Historia Instytutu<\/a><\/li>\n<li class=\"page_item page-item-251 page_item_has_children\"><a href=\"https:\/\/us.edu.pl\/instytut\/isp\/postepowania-doktorskie\/\">Post\u0119powania doktorskie w dziedzinie sztuki, w dyscyplinie sztuki plastyczne i konserwacja dzie\u0142 sztuki<\/a>\n<ul class='children'>\n\t<li class=\"page_item page-item-2280\"><a href=\"https:\/\/us.edu.pl\/instytut\/isp\/postepowania-doktorskie\/mgr-michal-klasik\/\">mgr Micha\u0142 Klasik<\/a><\/li>\n<\/ul>\n<\/li>\n<li class=\"page_item page-item-255\"><a href=\"https:\/\/us.edu.pl\/instytut\/isp\/postepowania-habilitacyjne\/\">Post\u0119powania habilitacyjne w dziedzinie sztuki, w dyscyplinie sztuki plastyczne i konserwacja dzie\u0142 sztuki<\/a><\/li>\n<li class=\"page_item page-item-239\"><a href=\"https:\/\/us.edu.pl\/instytut\/isp\/rada-naukowa\/\">Rada Naukowa<\/a><\/li>\n<\/ul>\n<\/div>\n<\/div>\r\n                    <\/div>\r\n                <\/div>[\/vc_column][\/vc_row]<\/p>\n","protected":false},"excerpt":{"rendered":"<p>[vc_row][vc_column][\/vc_column][\/vc_row] [&#8230;]<\/p>\n<p><a class=\"btn btn-secondary understrap-read-more-link\" href=\"https:\/\/us.edu.pl\/instytut\/isp\/mapa-strony\/\">Read More&#8230;<\/a><\/p>\n","protected":false},"author":29,"featured_media":0,"parent":0,"menu_order":0,"comment_status":"closed","ping_status":"closed","template":"page-templates\/sitemap-template.php","meta":{"_expiration-date-status":"saved","_expiration-date":0,"_expiration-date-type":"","_expiration-date-categories":[],"_expiration-date-options":[]},"acf":[],"_links":{"self":[{"href":"https:\/\/us.edu.pl\/instytut\/isp\/wp-json\/wp\/v2\/pages\/63"}],"collection":[{"href":"https:\/\/us.edu.pl\/instytut\/isp\/wp-json\/wp\/v2\/pages"}],"about":[{"href":"https:\/\/us.edu.pl\/instytut\/isp\/wp-json\/wp\/v2\/types\/page"}],"author":[{"embeddable":true,"href":"https:\/\/us.edu.pl\/instytut\/isp\/wp-json\/wp\/v2\/users\/29"}],"replies":[{"embeddable":true,"href":"https:\/\/us.edu.pl\/instytut\/isp\/wp-json\/wp\/v2\/comments?post=63"}],"version-history":[{"count":2,"href":"https:\/\/us.edu.pl\/instytut\/isp\/wp-json\/wp\/v2\/pages\/63\/revisions"}],"predecessor-version":[{"id":91,"href":"https:\/\/us.edu.pl\/instytut\/isp\/wp-json\/wp\/v2\/pages\/63\/revisions\/91"}],"wp:attachment":[{"href":"https:\/\/us.edu.pl\/instytut\/isp\/wp-json\/wp\/v2\/media?parent=63"}],"curies":[{"name":"wp","href":"https:\/\/api.w.org\/{rel}","templated":true}]}}