{"id":944,"date":"2020-11-03T09:46:23","date_gmt":"2020-11-03T08:46:23","guid":{"rendered":"https:\/\/us.edu.pl\/instytut\/isp\/?page_id=944"},"modified":"2025-05-20T11:22:48","modified_gmt":"2025-05-20T09:22:48","slug":"pion-naukowy","status":"publish","type":"page","link":"https:\/\/us.edu.pl\/instytut\/isp\/pion-naukowy\/","title":{"rendered":"Pion naukowy"},"content":{"rendered":"<p>[vc_row][vc_column]\r\n                <div class=\"text-modules\">\r\n                    <div class=\"container\">\r\n                        <h3 class=\"page-title text__title\">Pion naukowy<\/h3>\r\n                        <div class=\"text-modules__content\"><p><span style=\"color: #000000; font-size: 18pt;\">Dyrekcja pionu naukowego<\/span><\/p>\n<p><img class=\"alignnone wp-image-2550\" src=\"https:\/\/us.edu.pl\/instytut\/isp\/wp-content\/uploads\/sites\/46\/Bez-kategorii\/Stefan_Lechwar.jpg\" alt=\"Zdj\u0119cie portretowe- Stefan Lechwar\" width=\"150\" height=\"188\" srcset=\"https:\/\/us.edu.pl\/instytut\/isp\/wp-content\/uploads\/sites\/46\/Bez-kategorii\/Stefan_Lechwar.jpg 640w, https:\/\/us.edu.pl\/instytut\/isp\/wp-content\/uploads\/sites\/46\/Bez-kategorii\/Stefan_Lechwar-460x575.jpg 460w\" sizes=\"(max-width: 150px) 100vw, 150px\" \/><\/p>\n<p>Dyrektor Instytutu Sztuk Plastycznych <strong>dr hab. Stefan Lechwar, prof. U\u015a<br \/>\n<\/strong><a href=\"mailto:stefan.lechwar@us.edu.pl\" rel=\"noreferrer\">stefan.lechwar@us.edu.pl<\/a><\/p>\n<div><\/div>\n<hr \/>\n<p><img class=\"alignnone wp-image-2549\" src=\"https:\/\/us.edu.pl\/instytut\/isp\/wp-content\/uploads\/sites\/46\/Bez-kategorii\/Katarzyna_Kroczek_Wasinska.jpg\" alt=\"Zdj\u0119cie portretowe -Katarzyna Kroczek-Wasi\u0144ska\" width=\"150\" height=\"188\" srcset=\"https:\/\/us.edu.pl\/instytut\/isp\/wp-content\/uploads\/sites\/46\/Bez-kategorii\/Katarzyna_Kroczek_Wasinska.jpg 640w, https:\/\/us.edu.pl\/instytut\/isp\/wp-content\/uploads\/sites\/46\/Bez-kategorii\/Katarzyna_Kroczek_Wasinska-460x575.jpg 460w\" sizes=\"(max-width: 150px) 100vw, 150px\" \/><\/p>\n<div>\n<div>Zast\u0119pca Dyrektora Instytutu Sztuk Plastycznych\u00a0<strong>dr hab. Katarzyna Kroczek-Wasi\u0144ska, prof. U\u015a<\/strong><\/div>\n<div><a href=\"mailto:katarzyna.kroczek-wasinska@us.edu.pl\" rel=\"noreferrer\">katarzyna.kroczek-wasinska@us.edu.pl<\/a><\/div>\n<\/div>\n<div><\/div>\n<div>\n<hr \/>\n<\/div>\n<p><strong>sk\u0142ad Rady Naukowej Instytutu Sztuk Plastycznych<\/strong><\/p>\n<p><strong>Wydzia\u0142u Sztuki i Nauk o Edukacji<\/strong><\/p>\n<p><strong>Uniwersytetu \u015al\u0105skiego w Katowicach<\/strong><\/p>\n<p><strong>na kadencj\u0119 2022-2026<\/strong><\/p>\n<p>&nbsp;<\/p>\n<ol>\n<li>dr hab. Stefan Lechwar prof. U\u015a \u2013 Dyrektor Instytutu<\/li>\n<li>dr. hab. Katarzyna Kroczek-Wasi\u0144ska, prof. U\u015a \u2013 Zast\u0119pca Dyrektora Instytutu<\/li>\n<li>prof. dr hab. Jerzy Ryszard Fober<\/li>\n<li>prof. dr hab. Krzysztof Kula<\/li>\n<li>prof. dr. hab. Ma\u0142gorzata \u0141uszczak<\/li>\n<li>prof. dr hab. Aleksander Bogumi\u0142 Ostrowski<\/li>\n<li>prof. dr hab. Tadeusz Rus<\/li>\n<li>prof. dr hab. Andrzej Szarek<\/li>\n<li>prof. dr hab. Witold Jacyk\u00f3w<\/li>\n<li>prof dr hab. Roman Maciuszkiewicz<\/li>\n<li>prof. dr. hab. Krystyna Pasterczyk<\/li>\n<li>dr hab. Adam Czech prof. U\u015a<\/li>\n<li>dr. hab. Katarzyna Handzlik-B\u0105k prof. U\u015a<\/li>\n<li>dr hab. Sebastian Kubica prof. U\u015a<\/li>\n<li>dr. hab. Natalia Magdalena Pawlus prof. U\u015a<\/li>\n<li>dr hab. Tomasz Kipka prof. U\u015a<\/li>\n<li>dr hab. \u0141ukasz Kli\u015b prof. U\u015a<\/li>\n<li>dr Wojciech Osuchowski prof. U\u015a<\/li>\n<li>dr Marek G\u0142owacki prof. U\u015a<\/li>\n<li>dr. Katarzyna Gielecka-Grzemska<\/li>\n<li>dr. Anna Wajda<\/li>\n<\/ol>\n<p>\n<\/div>\r\n                    <\/div>\r\n                <\/div>[\/vc_column][\/vc_row]<\/p>","protected":false},"excerpt":{"rendered":"<p>[vc_row][vc_column][\/vc_column][\/vc_row] [&#8230;]<\/p>\n<p><a class=\"btn btn-secondary understrap-read-more-link\" href=\"https:\/\/us.edu.pl\/instytut\/isp\/pion-naukowy\/\">Read More&#8230;<\/a><\/p>\n","protected":false},"author":110,"featured_media":0,"parent":0,"menu_order":0,"comment_status":"closed","ping_status":"closed","template":"","meta":{"_expiration-date-status":"","_expiration-date":0,"_expiration-date-type":"","_expiration-date-categories":[],"_expiration-date-options":[]},"acf":[],"_links":{"self":[{"href":"https:\/\/us.edu.pl\/instytut\/isp\/wp-json\/wp\/v2\/pages\/944"}],"collection":[{"href":"https:\/\/us.edu.pl\/instytut\/isp\/wp-json\/wp\/v2\/pages"}],"about":[{"href":"https:\/\/us.edu.pl\/instytut\/isp\/wp-json\/wp\/v2\/types\/page"}],"author":[{"embeddable":true,"href":"https:\/\/us.edu.pl\/instytut\/isp\/wp-json\/wp\/v2\/users\/110"}],"replies":[{"embeddable":true,"href":"https:\/\/us.edu.pl\/instytut\/isp\/wp-json\/wp\/v2\/comments?post=944"}],"version-history":[{"count":10,"href":"https:\/\/us.edu.pl\/instytut\/isp\/wp-json\/wp\/v2\/pages\/944\/revisions"}],"predecessor-version":[{"id":3859,"href":"https:\/\/us.edu.pl\/instytut\/isp\/wp-json\/wp\/v2\/pages\/944\/revisions\/3859"}],"wp:attachment":[{"href":"https:\/\/us.edu.pl\/instytut\/isp\/wp-json\/wp\/v2\/media?parent=944"}],"curies":[{"name":"wp","href":"https:\/\/api.w.org\/{rel}","templated":true}]}}