{"id":14611,"date":"2024-04-24T09:43:44","date_gmt":"2024-04-24T07:43:44","guid":{"rendered":"https:\/\/us.edu.pl\/kandydat\/?page_id=14611"},"modified":"2025-04-03T11:53:04","modified_gmt":"2025-04-03T09:53:04","slug":"z-uniwersytetem-slaskim-mozesz-wiecej","status":"publish","type":"page","link":"https:\/\/us.edu.pl\/kandydat\/en\/z-uniwersytetem-slaskim-mozesz-wiecej\/","title":{"rendered":"(Polski) Z Uniwersytetem \u015al\u0105skim mo\u017cesz wi\u0119cej!"},"content":{"rendered":"<p class=\"qtranxs-available-languages-message qtranxs-available-languages-message-en\">Sorry, this entry is only available in <a href=\"https:\/\/us.edu.pl\/kandydat\/pl\/wp-json\/wp\/v2\/pages\/14611\" class=\"qtranxs-available-language-link qtranxs-available-language-link-pl\" title=\"Polski\">Polish<\/a>.<\/p>","protected":false},"excerpt":{"rendered":"<p>Sorry, this entry is only available in Polish. [&#8230;]<\/p>\n<p><a class=\"btn btn-secondary understrap-read-more-link\" href=\"https:\/\/us.edu.pl\/kandydat\/en\/z-uniwersytetem-slaskim-mozesz-wiecej\/\">Read More&#8230;<\/a><\/p>\n","protected":false},"author":33,"featured_media":0,"parent":0,"menu_order":0,"comment_status":"closed","ping_status":"closed","template":"","meta":{"_expiration-date-status":"","_expiration-date":0,"_expiration-date-type":"","_expiration-date-categories":[],"_expiration-date-options":[]},"acf":[],"_links":{"self":[{"href":"https:\/\/us.edu.pl\/kandydat\/en\/wp-json\/wp\/v2\/pages\/14611"}],"collection":[{"href":"https:\/\/us.edu.pl\/kandydat\/en\/wp-json\/wp\/v2\/pages"}],"about":[{"href":"https:\/\/us.edu.pl\/kandydat\/en\/wp-json\/wp\/v2\/types\/page"}],"author":[{"embeddable":true,"href":"https:\/\/us.edu.pl\/kandydat\/en\/wp-json\/wp\/v2\/users\/33"}],"replies":[{"embeddable":true,"href":"https:\/\/us.edu.pl\/kandydat\/en\/wp-json\/wp\/v2\/comments?post=14611"}],"version-history":[{"count":0,"href":"https:\/\/us.edu.pl\/kandydat\/en\/wp-json\/wp\/v2\/pages\/14611\/revisions"}],"wp:attachment":[{"href":"https:\/\/us.edu.pl\/kandydat\/en\/wp-json\/wp\/v2\/media?parent=14611"}],"curies":[{"name":"wp","href":"https:\/\/api.w.org\/{rel}","templated":true}]}}