{"id":1089,"date":"2019-10-07T12:03:22","date_gmt":"2019-10-07T10:03:22","guid":{"rendered":"https:\/\/us.edu.pl\/kandydat\/?page_id=1089"},"modified":"2025-12-11T10:46:50","modified_gmt":"2025-12-11T09:46:50","slug":"progi-punktowe-liczba-kandydatow-na-1-miejsce","status":"publish","type":"page","link":"https:\/\/us.edu.pl\/kandydat\/rekrutacja-na-studia-krok-po-kroku\/progi-punktowe-liczba-kandydatow-na-1-miejsce\/","title":{"rendered":"Progi punktowe, liczba kandydat\u00f3w na 1 miejsce"},"content":{"rendered":"<p>[vc_row][vc_column]\r\n                <div class=\"text-modules\">\r\n                    <div class=\"container\">\r\n                        <h3 class=\"page-title text__title\">Progi punktowe, liczba kandydat\u00f3w na 1 miejsce<\/h3>\r\n                        <div class=\"text-modules__content\"><p>Zgodnie z przyj\u0119tymi kryteriami kwalifikacji, <strong>\u017caden z kierunk\u00f3w studi\u00f3w prowadzonych w Uniwersytecie \u015al\u0105skim, nie wprowadzi\u0142 ograniczenia w postaci wymaganych prog\u00f3w punktowych.<\/strong><\/p>\n<p>W zwi\u0105zku z czym Uczelnia nie podaje kandydatom do wiadomo\u015bci wysoko\u015bci prog\u00f3w punktowych osi\u0105gni\u0119tych w ramach przyj\u0119\u0107 na studia w ubieg\u0142orocznej rekrutacji.<br \/>\nProgi punktowe s\u0105 ustalane rokrocznie w trakcie opracowywania przez komisje rekrutacyjne list rankingowych i s\u0105 niezale\u017cne od prog\u00f3w w latach ubieg\u0142ych. Ich wysoko\u015b\u0107 zale\u017cy bowiem mi\u0119dzy innymi od liczby kandydat\u00f3w, osi\u0105gni\u0119tych przez nich w danym roku wynik\u00f3w egzaminu maturalnego oraz ustalonych kryteri\u00f3w kwalifikacyjnych.<\/p>\n<p><strong>Liczba kandydat\u00f3w na 1 miejsce w latach ubieg\u0142ych<\/strong><\/p>\n<table style=\"width: 100%; height: 317px; border-collapse: collapse;\">\n<tbody>\n<tr>\n<td style=\"width: 33.33%; text-align: center;\">w roku akademickim 2025\/2026<\/td>\n<td style=\"width: 33.33%; text-align: center;\"><a href=\"https:\/\/us.edu.pl\/kandydat\/wp-content\/uploads\/sites\/13\/Kandydat\/na-1-miejsce\/stacjonarne_2025_2026.pdf\" data-mtli=\"mtli_filesize576,48kB\" data-mtli=\"mtli_filesize576,48kB\"><strong>studia stacjonarne<\/strong><\/a><\/td>\n<td style=\"width: 33.33%; text-align: center;\"><a href=\"https:\/\/us.edu.pl\/kandydat\/wp-content\/uploads\/sites\/13\/Kandydat\/na-1-miejsce\/niestcajonarne_2025_2026.pdf\" data-mtli=\"mtli_filesize535,90kB\" data-mtli=\"mtli_filesize535,90kB\"><strong>studia niestacjonarne<\/strong><\/a><\/td>\n<\/tr>\n<tr style=\"height: 18px;\">\n<td style=\"width: 33.33%; text-align: center; height: 18px;\">w roku akademickim 2024\/2025<\/td>\n<td style=\"width: 33.33%; text-align: center; height: 18px;\"><a href=\"https:\/\/us.edu.pl\/kandydat\/wp-content\/uploads\/sites\/13\/Kandydat\/na-1-miejsce\/studia-stacjonarne2024.pdf\" data-mtli=\"mtli_filesize295,88kB\" data-mtli=\"mtli_filesize295,88kB\"><strong>studia stacjonarne<\/strong><\/a><\/td>\n<td style=\"width: 33.33%; text-align: center; height: 18px;\"><a href=\"https:\/\/us.edu.pl\/kandydat\/wp-content\/uploads\/sites\/13\/Kandydat\/na-1-miejsce\/studia-niestacjonarne2024.pdf\" data-mtli=\"mtli_filesize325,43kB\" data-mtli=\"mtli_filesize325,43kB\"><strong>studia niestacjonarne<\/strong><\/a><\/td>\n<\/tr>\n<tr style=\"height: 18px;\">\n<td style=\"width: 33.33%; text-align: center; height: 18px;\">w roku akademickim 2023\/2024<\/td>\n<td style=\"width: 33.33%; text-align: center; height: 18px;\"><a href=\"https:\/\/us.edu.pl\/kandydat\/wp-content\/uploads\/sites\/13\/Kandydat\/na-1-miejsce\/studia-stacjonarne_2023-1.pdf\" data-mtli=\"mtli_filesize289,10kB\" data-mtli=\"mtli_filesize289,10kB\"><strong>studia stacjonarne<\/strong><\/a><\/td>\n<td style=\"width: 33.33%; text-align: center; height: 18px;\"><a href=\"https:\/\/us.edu.pl\/kandydat\/wp-content\/uploads\/sites\/13\/Kandydat\/na-1-miejsce\/studia-niestacjonarne_2023-1.pdf\" data-mtli=\"mtli_filesize265,08kB\" data-mtli=\"mtli_filesize265,08kB\"><strong>studia niestacjonarne<\/strong><\/a><\/td>\n<\/tr>\n<tr style=\"height: 18px;\">\n<td style=\"width: 33.33%; text-align: center; height: 18px;\">w roku akademickim 2022\/2023<\/td>\n<td style=\"width: 33.33%; text-align: center; height: 18px;\"><a href=\"https:\/\/us.edu.pl\/kandydat\/wp-content\/uploads\/sites\/13\/Kandydat\/na-1-miejsce\/studia-stacjonarne2022-1.pdf\" data-mtli=\"mtli_filesize296,65kB\" data-mtli=\"mtli_filesize296,65kB\"><strong>studia stacjonarne<\/strong><\/a><\/td>\n<td style=\"width: 33.33%; text-align: center; height: 18px;\"><strong><a href=\"https:\/\/us.edu.pl\/kandydat\/wp-content\/uploads\/sites\/13\/Kandydat\/na-1-miejsce\/studia-niestacjonarne2022-1.pdf\" data-mtli=\"mtli_filesize253,22kB\" data-mtli=\"mtli_filesize253,22kB\">studia niestacjonarne<\/a><\/strong><\/td>\n<\/tr>\n<tr style=\"height: 18px;\">\n<td style=\"width: 33.33%; text-align: center; height: 18px;\">w roku akademickim 2021\/2022<\/td>\n<td style=\"width: 33.33%; text-align: center; height: 18px;\"><a href=\"https:\/\/us.edu.pl\/kandydat\/wp-content\/uploads\/sites\/13\/Kandydat\/na-1-miejsce\/studia-stacjonarne2021.pdf\" data-mtli=\"mtli_filesize287,37kB\" data-mtli=\"mtli_filesize287,37kB\"><strong>studia stacjonarne<\/strong><\/a><\/td>\n<td style=\"width: 33.33%; text-align: center; height: 18px;\"><a href=\"https:\/\/us.edu.pl\/kandydat\/wp-content\/uploads\/sites\/13\/Kandydat\/na-1-miejsce\/studia-niestacjonarne2021.pdf\" data-mtli=\"mtli_filesize264,43kB\" data-mtli=\"mtli_filesize264,43kB\"><strong>studia niestacjonarne<\/strong><\/a><\/td>\n<\/tr>\n<tr style=\"height: 18px;\">\n<td style=\"width: 33.33%; height: 35px; text-align: center;\">w roku akademickim 2020\/2021<\/td>\n<td style=\"width: 33.33%; text-align: center; height: 35px;\"><a href=\"https:\/\/us.edu.pl\/kandydat\/wp-content\/uploads\/sites\/13\/Kandydat\/na-1-miejsce\/studia-stacjonarne2020.pdf\" data-mtli=\"mtli_filesize453,09kB\" data-mtli=\"mtli_filesize453,09kB\"><strong>studia stacjonarne<\/strong><\/a><\/td>\n<td style=\"width: 33.33%; text-align: center; height: 35px;\"><a href=\"https:\/\/us.edu.pl\/kandydat\/wp-content\/uploads\/sites\/13\/Kandydat\/na-1-miejsce\/studia-niestacjonarne2020.pdf\" data-mtli=\"mtli_filesize733,15kB\" data-mtli=\"mtli_filesize733,15kB\"><strong>studia niestacjonarne<\/strong><\/a><\/td>\n<\/tr>\n<tr style=\"height: 18px;\">\n<td style=\"width: 33.33%; height: 35px; text-align: center;\">w roku akademickim 2019\/2020<\/td>\n<td style=\"width: 33.33%; text-align: center; height: 35px;\"><a href=\"https:\/\/us.edu.pl\/kandydat\/wp-content\/uploads\/sites\/13\/Kandydat\/na-1-miejsce\/stacjonarne-2019_2020.pdf\" data-mtli=\"mtli_filesize691,73kB\" data-mtli=\"mtli_filesize691,73kB\"><strong>studia stacjonarne<\/strong><\/a><\/td>\n<td style=\"width: 33.33%; text-align: center; height: 35px;\"><a href=\"https:\/\/us.edu.pl\/kandydat\/wp-content\/uploads\/sites\/13\/Kandydat\/na-1-miejsce\/niestacjonarne-2019_2020.pdf\" data-mtli=\"mtli_filesize497,74kB\" data-mtli=\"mtli_filesize497,74kB\"><strong>studia niestacjonarne<\/strong><\/a><\/td>\n<\/tr>\n<tr style=\"height: 35px;\">\n<td style=\"width: 33.33%; height: 35px; text-align: center;\">w roku akademickim 2018\/2019<\/td>\n<td style=\"width: 33.33%; height: 35px; text-align: center;\"><strong><a href=\"https:\/\/us.edu.pl\/kandydat\/wp-content\/uploads\/sites\/13\/Kandydat\/na-1-miejsce\/studia_stacjonarne2018.pdf\" data-mtli=\"mtli_filesize594,63kB\" data-mtli=\"mtli_filesize594,63kB\">studia stacjonarne<\/a><\/strong><\/td>\n<td style=\"width: 33.33%; height: 35px; text-align: center;\"><strong><a href=\"https:\/\/us.edu.pl\/kandydat\/wp-content\/uploads\/sites\/13\/Kandydat\/na-1-miejsce\/studia_niestacjonarne2018.pdf\" data-mtli=\"mtli_filesize567,16kB\" data-mtli=\"mtli_filesize567,16kB\">studia niestacjonarne<\/a><\/strong><\/td>\n<\/tr>\n<tr style=\"height: 35px;\">\n<td style=\"width: 33.33%; height: 35px; text-align: center;\">w roku akademickim 2017\/2018<\/td>\n<td style=\"width: 33.33%; height: 35px; text-align: center;\"><a href=\"https:\/\/us.edu.pl\/kandydat\/wp-content\/uploads\/sites\/13\/Kandydat\/na-1-miejsce\/studia-stacjonarne_2017_2018.pdf\" data-mtli=\"mtli_filesize455,93kB\" data-mtli=\"mtli_filesize455,93kB\"><strong>studia stacjonarne<\/strong><\/a><\/td>\n<td style=\"width: 33.33%; height: 35px; text-align: center;\"><strong><a href=\"https:\/\/us.edu.pl\/kandydat\/wp-content\/uploads\/sites\/13\/Kandydat\/na-1-miejsce\/niestacjon20172018.pdf\" data-mtli=\"mtli_filesize270,06kB\" data-mtli=\"mtli_filesize270,06kB\">studia niestacjonarne<\/a><\/strong><\/td>\n<\/tr>\n<tr style=\"height: 35px;\">\n<td style=\"width: 33.33%; height: 35px; text-align: center;\">w roku akademickim 2016\/2017<\/td>\n<td style=\"width: 33.33%; height: 35px; text-align: center;\"><strong><a href=\"https:\/\/us.edu.pl\/kandydat\/wp-content\/uploads\/sites\/13\/Kandydat\/na-1-miejsce\/2016_liczba_kandydatow_na_1_miejsc_stacjonarne.pdf\" data-mtli=\"mtli_filesize59,18kB\" data-mtli=\"mtli_filesize59,18kB\">studia stacjonarne<\/a><\/strong><\/td>\n<td style=\"width: 33.33%; height: 35px; text-align: center;\"><strong><a href=\"https:\/\/us.edu.pl\/kandydat\/wp-content\/uploads\/sites\/13\/Kandydat\/na-1-miejsce\/2016_liczba_kandydatow_na_1_miejsc_niestacjonarne.pdf\" data-mtli=\"mtli_filesize42,58kB\" data-mtli=\"mtli_filesize42,58kB\">studia niestacjonarne<\/a><\/strong><\/td>\n<\/tr>\n<tr style=\"height: 35px;\">\n<td style=\"width: 33.33%; height: 35px; text-align: center;\">w roku akademickim 2015\/2016<\/td>\n<td style=\"width: 33.33%; height: 35px; text-align: center;\"><strong><a href=\"https:\/\/us.edu.pl\/kandydat\/wp-content\/uploads\/sites\/13\/Kandydat\/na-1-miejsce\/stacjonarne_2015_2016_na_1_miejsce.pdf\" data-mtli=\"mtli_filesize51,83kB\" data-mtli=\"mtli_filesize51,83kB\">studia stacjonarne<\/a><\/strong><\/td>\n<td style=\"width: 33.33%; height: 35px; text-align: center;\"><strong><a href=\"https:\/\/us.edu.pl\/kandydat\/wp-content\/uploads\/sites\/13\/Kandydat\/na-1-miejsce\/niestacjonarne_2015_2016_na_1_miejsce.pdf\" data-mtli=\"mtli_filesize30,89kB\" data-mtli=\"mtli_filesize30,89kB\">studia niestacjonarne<\/a><\/strong><\/td>\n<\/tr>\n<tr style=\"height: 35px;\">\n<td style=\"width: 33.33%; height: 35px; text-align: center;\">w roku akademickim 2014\/2015<\/td>\n<td style=\"width: 33.33%; height: 35px; text-align: center;\"><strong><a href=\"https:\/\/us.edu.pl\/kandydat\/wp-content\/uploads\/sites\/13\/Kandydat\/na-1-miejsce\/liczba_kandydatow_2014-2015_stacj.pdf\" data-mtli=\"mtli_filesize53,68kB\" data-mtli=\"mtli_filesize53,68kB\">studia stacjonarne<\/a><\/strong><\/td>\n<td style=\"width: 33.33%; height: 35px; text-align: center;\"><strong><a href=\"https:\/\/us.edu.pl\/kandydat\/wp-content\/uploads\/sites\/13\/Kandydat\/na-1-miejsce\/liczba_kandydatow_na_1_miejsce_2014-2015niestacj.pdf\" data-mtli=\"mtli_filesize50,48kB\" data-mtli=\"mtli_filesize50,48kB\">studia niestacjonarne<\/a><\/strong><\/td>\n<\/tr>\n<\/tbody>\n<\/table>\n<p>\n<style type=\"text\/css\">a[data-mtli~=\"mtli_filesize576,48kB\"]:after {content:\" (576,48 kB)\"}a[data-mtli~=\"mtli_filesize535,90kB\"]:after {content:\" (535,90 kB)\"}a[data-mtli~=\"mtli_filesize295,88kB\"]:after {content:\" (295,88 kB)\"}a[data-mtli~=\"mtli_filesize325,43kB\"]:after {content:\" (325,43 kB)\"}a[data-mtli~=\"mtli_filesize289,10kB\"]:after {content:\" (289,10 kB)\"}a[data-mtli~=\"mtli_filesize265,08kB\"]:after {content:\" (265,08 kB)\"}a[data-mtli~=\"mtli_filesize296,65kB\"]:after {content:\" (296,65 kB)\"}a[data-mtli~=\"mtli_filesize253,22kB\"]:after {content:\" (253,22 kB)\"}a[data-mtli~=\"mtli_filesize287,37kB\"]:after {content:\" (287,37 kB)\"}a[data-mtli~=\"mtli_filesize264,43kB\"]:after {content:\" (264,43 kB)\"}a[data-mtli~=\"mtli_filesize453,09kB\"]:after {content:\" (453,09 kB)\"}a[data-mtli~=\"mtli_filesize733,15kB\"]:after {content:\" (733,15 kB)\"}a[data-mtli~=\"mtli_filesize691,73kB\"]:after {content:\" (691,73 kB)\"}a[data-mtli~=\"mtli_filesize497,74kB\"]:after {content:\" (497,74 kB)\"}a[data-mtli~=\"mtli_filesize594,63kB\"]:after {content:\" (594,63 kB)\"}a[data-mtli~=\"mtli_filesize567,16kB\"]:after {content:\" (567,16 kB)\"}a[data-mtli~=\"mtli_filesize455,93kB\"]:after {content:\" (455,93 kB)\"}a[data-mtli~=\"mtli_filesize270,06kB\"]:after {content:\" (270,06 kB)\"}a[data-mtli~=\"mtli_filesize59,18kB\"]:after {content:\" (59,18 kB)\"}a[data-mtli~=\"mtli_filesize42,58kB\"]:after {content:\" (42,58 kB)\"}a[data-mtli~=\"mtli_filesize51,83kB\"]:after {content:\" (51,83 kB)\"}a[data-mtli~=\"mtli_filesize30,89kB\"]:after {content:\" (30,89 kB)\"}a[data-mtli~=\"mtli_filesize53,68kB\"]:after {content:\" (53,68 kB)\"}a[data-mtli~=\"mtli_filesize50,48kB\"]:after {content:\" (50,48 kB)\"}<\/style><\/div>\r\n                    <\/div>\r\n                <\/div>[\/vc_column][\/vc_row]<\/p>\n<style type=\"text\/css\">a[data-mtli~=\"mtli_filesize576,48kB\"]:after {content:\" (576,48 kB)\"}a[data-mtli~=\"mtli_filesize535,90kB\"]:after {content:\" (535,90 kB)\"}a[data-mtli~=\"mtli_filesize295,88kB\"]:after {content:\" (295,88 kB)\"}a[data-mtli~=\"mtli_filesize325,43kB\"]:after {content:\" (325,43 kB)\"}a[data-mtli~=\"mtli_filesize289,10kB\"]:after {content:\" (289,10 kB)\"}a[data-mtli~=\"mtli_filesize265,08kB\"]:after {content:\" (265,08 kB)\"}a[data-mtli~=\"mtli_filesize296,65kB\"]:after {content:\" (296,65 kB)\"}a[data-mtli~=\"mtli_filesize253,22kB\"]:after {content:\" (253,22 kB)\"}a[data-mtli~=\"mtli_filesize287,37kB\"]:after {content:\" (287,37 kB)\"}a[data-mtli~=\"mtli_filesize264,43kB\"]:after {content:\" (264,43 kB)\"}a[data-mtli~=\"mtli_filesize453,09kB\"]:after {content:\" (453,09 kB)\"}a[data-mtli~=\"mtli_filesize733,15kB\"]:after {content:\" (733,15 kB)\"}a[data-mtli~=\"mtli_filesize691,73kB\"]:after {content:\" (691,73 kB)\"}a[data-mtli~=\"mtli_filesize497,74kB\"]:after {content:\" (497,74 kB)\"}a[data-mtli~=\"mtli_filesize594,63kB\"]:after {content:\" (594,63 kB)\"}a[data-mtli~=\"mtli_filesize567,16kB\"]:after {content:\" (567,16 kB)\"}a[data-mtli~=\"mtli_filesize455,93kB\"]:after {content:\" (455,93 kB)\"}a[data-mtli~=\"mtli_filesize270,06kB\"]:after {content:\" (270,06 kB)\"}a[data-mtli~=\"mtli_filesize59,18kB\"]:after {content:\" (59,18 kB)\"}a[data-mtli~=\"mtli_filesize42,58kB\"]:after {content:\" (42,58 kB)\"}a[data-mtli~=\"mtli_filesize51,83kB\"]:after {content:\" (51,83 kB)\"}a[data-mtli~=\"mtli_filesize30,89kB\"]:after {content:\" (30,89 kB)\"}a[data-mtli~=\"mtli_filesize53,68kB\"]:after {content:\" (53,68 kB)\"}a[data-mtli~=\"mtli_filesize50,48kB\"]:after {content:\" (50,48 kB)\"}<\/style>","protected":false},"excerpt":{"rendered":"<p>[vc_row][vc_column][\/vc_column][\/vc_row] [&#8230;]<\/p>\n<p><a class=\"btn btn-secondary understrap-read-more-link\" href=\"https:\/\/us.edu.pl\/kandydat\/rekrutacja-na-studia-krok-po-kroku\/progi-punktowe-liczba-kandydatow-na-1-miejsce\/\">Read More&#8230;<\/a><\/p>\n","protected":false},"author":31,"featured_media":0,"parent":1278,"menu_order":6,"comment_status":"closed","ping_status":"closed","template":"page-templates\/inner-page.php","meta":{"_expiration-date-status":"","_expiration-date":0,"_expiration-date-type":"","_expiration-date-categories":[],"_expiration-date-options":[]},"acf":[],"_links":{"self":[{"href":"https:\/\/us.edu.pl\/kandydat\/wp-json\/wp\/v2\/pages\/1089"}],"collection":[{"href":"https:\/\/us.edu.pl\/kandydat\/wp-json\/wp\/v2\/pages"}],"about":[{"href":"https:\/\/us.edu.pl\/kandydat\/wp-json\/wp\/v2\/types\/page"}],"author":[{"embeddable":true,"href":"https:\/\/us.edu.pl\/kandydat\/wp-json\/wp\/v2\/users\/31"}],"replies":[{"embeddable":true,"href":"https:\/\/us.edu.pl\/kandydat\/wp-json\/wp\/v2\/comments?post=1089"}],"version-history":[{"count":11,"href":"https:\/\/us.edu.pl\/kandydat\/wp-json\/wp\/v2\/pages\/1089\/revisions"}],"predecessor-version":[{"id":21608,"href":"https:\/\/us.edu.pl\/kandydat\/wp-json\/wp\/v2\/pages\/1089\/revisions\/21608"}],"up":[{"embeddable":true,"href":"https:\/\/us.edu.pl\/kandydat\/wp-json\/wp\/v2\/pages\/1278"}],"wp:attachment":[{"href":"https:\/\/us.edu.pl\/kandydat\/wp-json\/wp\/v2\/media?parent=1089"}],"curies":[{"name":"wp","href":"https:\/\/api.w.org\/{rel}","templated":true}]}}