{"id":12576,"date":"2022-12-13T11:50:20","date_gmt":"2022-12-13T10:50:20","guid":{"rendered":"https:\/\/us.edu.pl\/kandydat\/?page_id=12576"},"modified":"2023-05-09T08:23:12","modified_gmt":"2023-05-09T06:23:12","slug":"dodatkowe-kompetencje-wymagane-od-kandydatow-i-studentow-us","status":"publish","type":"page","link":"https:\/\/us.edu.pl\/kandydat\/rekrutacja-na-studia-krok-po-kroku\/dodatkowe-kompetencje-wymagane-od-kandydatow-i-studentow-us\/","title":{"rendered":"Dodatkowe kompetencje wymagane od kandydat\u00f3w i student\u00f3w U\u015a"},"content":{"rendered":"<p>[vc_row][vc_column]\r\n                <div class=\"text-modules\">\r\n                    <div class=\"container\">\r\n                        <h3 class=\"page-title text__title\">Dodatkowe kompetencje wymagane od kandydat\u00f3w i student\u00f3w U\u015a<\/h3>\r\n                        <div class=\"text-modules__content\"><\/p>\n<h1><strong>KOMPETENCJE CYFROWE<\/strong><\/h1>\n<p><strong><u>Kandydat na studia<\/u><\/strong><\/p>\n<p>Kandydat na studia w Uniwersytecie \u015al\u0105skim powinien posiada\u0107 kompetencje cyfrowe umo\u017cliwiaj\u0105ce przej\u015bcie procesu rekrutacyjnego, a\u00a0nast\u0119pnie kszta\u0142cenie na wybranym kierunku studi\u00f3w.<\/p>\n<p>Niezb\u0119dna przy procesie rekrutacji jest umiej\u0119tno\u015b\u0107 podstawowego korzystania z komputera, kt\u00f3ra przede wszystkim polega na obs\u0142udze:<\/p>\n<ul>\n<li>przegl\u0105darek internetowych (np. Chrome, Firefox, Safari),<\/li>\n<li>urz\u0105dze\u0144 peryferyjnych (drukarek) pozwalaj\u0105cych na wydrukowanie podania,<\/li>\n<li>oprogramowania graficznego (w celu przygotowania zdj\u0119cia cyfrowego).<\/li>\n<\/ul>\n<p>W czasie rekrutacji, dla os\u00f3b nieposiadaj\u0105cych odpowiednich narz\u0119dzi do dokonania skutecznej rejestracji i zapisu na studia, w siedzibie Uczelni w dziale zajmuj\u0105cym si\u0119 rekrutacj\u0105 kandydat\u00f3w, udost\u0119pniane s\u0105 stanowiska komputerowe z dost\u0119pem do Internetu oraz drukarki i udzielane jest na bie\u017c\u0105co wsparcie w tym zakresie.<\/p>\n<p>Aby u\u0142atwi\u0107 proces rejestracji, przygotowany zosta\u0142 kr\u00f3tki instrukta\u017c w formie filmiku (dost\u0119pny na stronie: <a href=\"https:\/\/us.edu.pl\/kandydat\/rekrutacja-na-studia-krok-po-kroku\/przebieg-rekrutacji\/\">https:\/\/us.edu.pl\/kandydat\/rekrutacja-na-studia-krok-po-kroku\/przebieg-rekrutacji\/<\/a>, z kt\u00f3rego kandydat dowiaduje si\u0119, w jaki spos\u00f3b dokona\u0107 skutecznej rejestracji na studia &#8211; m.in. za\u0142o\u017cy\u0107 w systemie konto kandydata, zapisa\u0107 si\u0119 na kierunek, wgra\u0107 dokumenty oraz fotografi\u0119, sprawdzi\u0107 wyniki rekrutacji.<\/p>\n<p><strong><u>Student<\/u><\/strong><\/p>\n<p>Kompetencje cyfrowe niezb\u0119dne na ka\u017cdym kierunku studi\u00f3w to obs\u0142uga:<\/p>\n<ul>\n<li>edytor\u00f3w tekstu (np. Microsoft Word, Libre Office Writer),<\/li>\n<li>arkuszy kalkulacyjnych (np. Microsoft Excel, Libre Office Calc),<\/li>\n<li>poczty elektronicznej (za pomoc\u0105 przegl\u0105darek internetowych lub klient\u00f3w pocztowych),<\/li>\n<\/ul>\n<p>a w przypadku kszta\u0142cenia na odleg\u0142o\u015b\u0107 dodatkowo:<\/p>\n<ul>\n<li>narz\u0119dzi pracy zespo\u0142owych (np. Microsoft Teams),<\/li>\n<li>program\u00f3w umo\u017cliwiaj\u0105cych kszta\u0142cenie na odleg\u0142o\u015b\u0107 i sprawdzanie wiedzy na odleg\u0142o\u015b\u0107 (np. Moodle).<\/li>\n<\/ul>\n<p>Do realizacji kszta\u0142cenia na odleg\u0142o\u015b\u0107 na ka\u017cdym kierunku niezb\u0119dne jest posiadanie komputera wyposa\u017conego w kamer\u0119, mikrofon oraz po\u0142\u0105czenie z sieci\u0105 Internet oraz obs\u0142uga platform nauczania na odleg\u0142o\u015b\u0107 (Microsoft Office 365, Moodle oraz Google &#8211; w zakresie umowy licencyjnej wi\u0105\u017c\u0105cej Uniwersytet). Szczeg\u00f3\u0142owe wymagania na poszczeg\u00f3lne kierunki wynikaj\u0105 z program\u00f3w studi\u00f3w.<\/p>\n<p>W ramach\u00a0 Uczelni dzia\u0142a Centrum Kszta\u0142cenia na Odleg\u0142o\u015b\u0107 (CKO) &#8211; jednostka prowadz\u0105ca dzia\u0142alno\u015b\u0107 w zakresie kszta\u0142cenia elektronicznego oraz wykorzystania do tego celu technologii internetowych <a href=\"https:\/\/el.us.edu.pl\/cko\">https:\/\/el.us.edu.pl\/cko<\/a> CKO U\u015a przygotowuje odpowiednie instrukcje do obs\u0142ugi narz\u0119dzi e-learningowych w postaci poradnik\u00f3w i tutoriali dost\u0119pnych dla student\u00f3w na stronie internetowej, w kt\u00f3rych obja\u015bniane s\u0105 zasady dzia\u0142ania uczelnianych platform do nauki online (Moodle MS Teams). Pracownicy CKO udzielaj\u0105 r\u00f3wnie\u017c studentom dora\u017anej pomocy w rozwi\u0105zywaniu bie\u017c\u0105cych problem\u00f3w zwi\u0105zanych z nauczaniem zdalnym. Na wskazanej stronie w zak\u0142adce \u201cStudent\u201d znajduje si\u0119 lista zawieraj\u0105ca\u00a0 najcz\u0119\u015bciej zadawane pytania (FAQ), gdzie mo\u017cna znale\u017a\u0107 najbardziej przydatne informacje typu tworzenie kont w systemie, czy korzystanie z e-platformy e-learningowej (m.in. jak znale\u017a\u0107 odpowiedni kurs na platformie, jak korzysta\u0107 z kursu, jak komunikowa\u0107 si\u0119 z prowadz\u0105cym i z pozosta\u0142ymi u\u017cytkownikami kursu, gdzie znale\u017a\u0107 terminy wykonania zada\u0144 i quiz\u00f3w, jak przesy\u0142a\u0107 pliki do zada\u0144, itd.)<\/p>\n<p>W trakcie studi\u00f3w, w celu podniesienia kompetencji informatycznych, studenci mog\u0105 korzysta\u0107 z bogatej oferty bezp\u0142atnych szkole\u0144 organizowanych w ramach projekt\u00f3w.<\/p>\n<p><strong>System USOS<\/strong><\/p>\n<p>Ka\u017cdy student Uczelni korzysta z wdro\u017conego w Uczelni systemu informatycznego USOS s\u0142u\u017c\u0105cego dokumentowaniu toku studi\u00f3w. W systemie student rejestruje si\u0119 na zaj\u0119cia, dokonuje obowi\u0105zkowych podpi\u0119\u0107 modu\u0142\u00f3w pod w\u0142a\u015bciwy program i etap studi\u00f3w, sprawdza decyzje i rozstrzygni\u0119cia dotycz\u0105ce toku studi\u00f3w oraz przyznanych \u015bwiadcze\u0144 (np. decyzja o skre\u015bleniu, o przed\u0142u\u017ceniu sesji egzaminacyjnej, o stypendium, o przyznaniu miejsca w Domu studenta, itp.). Jest tam r\u00f3wnie\u017c dost\u0119pny katalog kierunk\u00f3w, informacja o pracownikach Uczelni oraz o jednostkach Uniwersytetu. System ten s\u0142u\u017cy do komunikowania si\u0119 z Uczelni\u0105 na bie\u017c\u0105co, dlatego te\u017c Uczelnia przygotowa\u0142a dla student\u00f3w szczeg\u00f3\u0142owe instrukcje dokonywania niezb\u0119dnych dzia\u0142a\u0144 w tym systemie, m.in. dotycz\u0105ce rejestracji na zaj\u0119cia, podpi\u0119\u0107, sk\u0142adania poda\u0144, itd., kt\u00f3re dost\u0119pne s\u0105 na stronie: <a href=\"https:\/\/usosweb.us.edu.pl\/kontroler.php?_action=news\/default\">https:\/\/usosweb.us.edu.pl\/kontroler.php?_action=news\/default<\/a><\/p>\n<p>W sprawach problematycznych dzia\u0142a helpdesk techniczny USOSWeb oraz mUSOS (Mobilny USOS): <a href=\"https:\/\/usosweb.us.edu.pl\/kontroler.php?_action=news\/kontakt\">Kontakt &#8211; AKTUALNO\u015aCI &#8211; USOSweb<\/a><\/p>\n<\/div>\r\n                    <\/div>\r\n                <\/div>\r\n                <div class=\"text-modules\">\r\n                    <div class=\"container\">\r\n                        \r\n                        <div class=\"text-modules__content\"><\/p>\n<h1><strong>KOMEPTENCJE J\u0118ZYKOWE<\/strong><\/h1>\n<p><strong>J\u0119zyk obcy \u2013 wymagany poziom bieg\u0142o\u015bci kandydata<\/strong><\/p>\n<p>Student b\u0119dzie zobowi\u0105zany do realizacji wybranych modu\u0142\u00f3w w j\u0119zyku obcym. Modu\u0142y te zosta\u0142y uj\u0119te w planie studi\u00f3w na ka\u017cdym z kierunk\u00f3w oferowanych w Uniwersytecie \u015al\u0105skim. Informacje o wybranych modu\u0142ach realizowanych\u00a0 w j\u0119zyku obcym mo\u017cna znale\u017a\u0107 na stronie: <a href=\"https:\/\/informator.us.edu.pl\/\">Karta kierunku&amp; Informator ECTS.<\/a><\/p>\n<p><strong>J\u0119zyk obcy \u2013 wymagany poziom bieg\u0142o\u015bci absolwenta<\/strong><\/p>\n<p>Wyb\u00f3r j\u0119zyka i poziomu lektoratu jest bardzo wa\u017cny \u2013 zgodnie z obowi\u0105zuj\u0105cymi przepisami ka\u017cdy absolwent studi\u00f3w pierwszego stopnia jest zobowi\u0105zany do wykazania si\u0119 znajomo\u015bci\u0105 j\u0119zyka obcego na poziomie B2, za\u015b absolwent studi\u00f3w drugiego stopnia oraz jednolitych magisterskich \u2013\u00a0 na poziomie B2+.<\/p>\n<p>Na studiach drugiego stopnia oraz jednolitych studiach magisterskich osi\u0105gni\u0119cie bieg\u0142o\u015bci j\u0119zykowej na poziomie B2+ zapewnia \u00a0realizacja modu\u0142\u00f3w specjalistycznych prowadzonych w j\u0119zyku obcym lub z wykorzystaniem tego j\u0119zyka albo udzia\u0142 w zaj\u0119ciach lektoratowych (kwestie te okre\u015bla program studi\u00f3w).<\/p>\n<p>Studium Praktycznej Nauki J\u0119zyk\u00f3w umo\u017cliwia studentom osi\u0105gni\u0119cie wymaganej bieg\u0142o\u015bci j\u0119zykowej poprzez uczestnictwo zaj\u0119ciach lektoratowych. Studenci mog\u0105 r\u00f3wnie\u017c skorzysta\u0107 z dodatkowej oferty kurs\u00f3w dokszta\u0142caj\u0105cych SPNJO.<\/p>\n<p>Student wykazuje osi\u0105gni\u0119t\u0105 bieg\u0142o\u015b\u0107 j\u0119zykow\u0105 poprzez zdanie egzaminu ko\u0144cz\u0105cego lektorat na odpowiednim poziomie lub przed\u0142o\u017cenie stosownego certyfikatu bieg\u0142o\u015bci j\u0119zykowej.<\/p>\n<\/div>\r\n                    <\/div>\r\n                <\/div>[\/vc_column][\/vc_row]<\/p>","protected":false},"excerpt":{"rendered":"<p>[vc_row][vc_column][\/vc_column][\/vc_row] [&#8230;]<\/p>\n<p><a class=\"btn btn-secondary understrap-read-more-link\" href=\"https:\/\/us.edu.pl\/kandydat\/rekrutacja-na-studia-krok-po-kroku\/dodatkowe-kompetencje-wymagane-od-kandydatow-i-studentow-us\/\">Read More&#8230;<\/a><\/p>\n","protected":false},"author":31,"featured_media":0,"parent":1278,"menu_order":7,"comment_status":"closed","ping_status":"closed","template":"page-templates\/inner-page.php","meta":{"_expiration-date-status":"","_expiration-date":0,"_expiration-date-type":"","_expiration-date-categories":[],"_expiration-date-options":[]},"acf":[],"_links":{"self":[{"href":"https:\/\/us.edu.pl\/kandydat\/wp-json\/wp\/v2\/pages\/12576"}],"collection":[{"href":"https:\/\/us.edu.pl\/kandydat\/wp-json\/wp\/v2\/pages"}],"about":[{"href":"https:\/\/us.edu.pl\/kandydat\/wp-json\/wp\/v2\/types\/page"}],"author":[{"embeddable":true,"href":"https:\/\/us.edu.pl\/kandydat\/wp-json\/wp\/v2\/users\/31"}],"replies":[{"embeddable":true,"href":"https:\/\/us.edu.pl\/kandydat\/wp-json\/wp\/v2\/comments?post=12576"}],"version-history":[{"count":7,"href":"https:\/\/us.edu.pl\/kandydat\/wp-json\/wp\/v2\/pages\/12576\/revisions"}],"predecessor-version":[{"id":13709,"href":"https:\/\/us.edu.pl\/kandydat\/wp-json\/wp\/v2\/pages\/12576\/revisions\/13709"}],"up":[{"embeddable":true,"href":"https:\/\/us.edu.pl\/kandydat\/wp-json\/wp\/v2\/pages\/1278"}],"wp:attachment":[{"href":"https:\/\/us.edu.pl\/kandydat\/wp-json\/wp\/v2\/media?parent=12576"}],"curies":[{"name":"wp","href":"https:\/\/api.w.org\/{rel}","templated":true}]}}