{"id":1278,"date":"2019-10-08T12:48:52","date_gmt":"2019-10-08T10:48:52","guid":{"rendered":"https:\/\/us.edu.pl\/kandydat\/?page_id=1278"},"modified":"2023-06-01T13:07:14","modified_gmt":"2023-06-01T11:07:14","slug":"rekrutacja-na-studia-krok-po-kroku","status":"publish","type":"page","link":"https:\/\/us.edu.pl\/kandydat\/rekrutacja-na-studia-krok-po-kroku\/","title":{"rendered":"Rekrutacja na studia &#8211; krok po kroku"},"content":{"rendered":"<p>[vc_row][vc_column]\r\n                <div class=\"title-with-link color-blue\" style=\"background: #EBEBEB\">\r\n                    <div class=\"container\">\r\n                        <div class=\"title-with-link-container \">\r\n                            <div class=\"title-with-link__title\"><span>Internetowa Rejestracja Kandydat\u00f3w<\/span><\/div>\r\n                            <a href=\"https:\/\/irk2.us.edu.pl\/pl\/\" class=\"title-with-link__link\">Zapisz si\u0119 na studia<\/a>\r\n                        <\/div>\r\n                    <\/div>\r\n                <\/div>\r\n            \r\n                <div class=\"tiles-section\" style=\"background: #EBEBEB\">\r\n                    <div class=\"container\">\r\n                        <h3 class=\"page-title\">Zapoznaj si\u0119 z informacjami na temat rekrutacji<\/h3>\r\n                        <div class=\"tiles tiles-4\">\r\n                            <a href=\"https:\/\/us.edu.pl\/kandydat\/rekrutacja-na-studia-krok-po-kroku\/przebieg-rekrutacji\/\" class=\"tile tile_ \" style=\"background-color: #002E5A; font-weight: ; color: #ffffff;  \">\r\n                                \r\n                                   <div class=\"tile__img\"><img src=\"https:\/\/us.edu.pl\/kandydat\/wp-content\/uploads\/sites\/13\/grafiki\/ok-biale.png\" alt=\"Przebieg rekrutacji\"> <\/div>\r\n                               \r\n                                <div class=\"tile__name\">Przebieg rekrutacji<\/div>\r\n                            <\/a>\r\n                            <a href=\"https:\/\/us.edu.pl\/kandydat\/rekrutacja-na-studia-krok-po-kroku\/etap-i-rekrutacji\/\" class=\"tile tile_ \" style=\"background-color: #002E5A; font-weight: ; color: #ffffff;  \">\r\n                                \r\n                                   <div class=\"tile__img\"><img src=\"https:\/\/us.edu.pl\/kandydat\/wp-content\/uploads\/sites\/13\/grafiki\/ok-biale.png\" alt=\"Etap I rekrutacji - rejestracja on-line\"> <\/div>\r\n                               \r\n                                <div class=\"tile__name\">Etap I rekrutacji - rejestracja on-line<\/div>\r\n                            <\/a>\r\n                            <a href=\"https:\/\/us.edu.pl\/kandydat\/rekrutacja-na-studia-krok-po-kroku\/etap-ii-rekrutacji\/\" class=\"tile tile_ \" style=\"background-color: #002E5A; font-weight: ; color: #ffffff;  \">\r\n                                \r\n                                   <div class=\"tile__img\"><img src=\"https:\/\/us.edu.pl\/kandydat\/wp-content\/uploads\/sites\/13\/grafiki\/ok-biale.png\" alt=\"Etap II rekrutacji - po og\u0142oszeniu list zakwalifikowanych\"> <\/div>\r\n                               \r\n                                <div class=\"tile__name\">Etap II rekrutacji - po og\u0142oszeniu list zakwalifikowanych<\/div>\r\n                            <\/a>\r\n                            <a href=\"https:\/\/us.edu.pl\/kandydat\/rekrutacja-na-studia-krok-po-kroku\/wymagane-dokumenty\/\" class=\"tile tile_ \" style=\"background-color: #002E5A; font-weight: ; color: #ffffff;  \">\r\n                                \r\n                                   <div class=\"tile__img\"><img src=\"https:\/\/us.edu.pl\/kandydat\/wp-content\/uploads\/sites\/13\/grafiki\/ok-biale.png\" alt=\"Wymagane dokumenty\"> <\/div>\r\n                               \r\n                                <div class=\"tile__name\">Wymagane dokumenty<\/div>\r\n                            <\/a><\/div>\r\n                    <\/div>\r\n                <\/div>\r\n                <div class=\"tiles-section\" style=\"background: #EBEBEB\">\r\n                    <div class=\"container\">\r\n                        <h3 class=\"page-title\"><\/h3>\r\n                        <div class=\"tiles tiles-4\">\r\n                            <a href=\"https:\/\/us.edu.pl\/kandydat\/rekrutacja-na-studia-krok-po-kroku\/olimpiady-i-konkursy\/\" class=\"tile tile_ \" style=\"background-color: #002E5A; font-weight: ; color: #ffffff;  \">\r\n                                \r\n                                   <div class=\"tile__img\"><img src=\"https:\/\/us.edu.pl\/kandydat\/wp-content\/uploads\/sites\/13\/grafiki\/ok-biale.png\" alt=\"Olimpiady i konkursy\"> <\/div>\r\n                               \r\n                                <div class=\"tile__name\">Olimpiady i konkursy<\/div>\r\n                            <\/a>\r\n                            <a href=\"https:\/\/us.edu.pl\/kandydat\/rekrutacja-na-studia-krok-po-kroku\/oplaty-zwiazane-ze-studiami\/oplata-rekrutacyjna\/\" class=\"tile tile_ \" style=\"background-color: #002E5A; font-weight: ; color: #ffffff;  \">\r\n                                \r\n                                   <div class=\"tile__img\"><img src=\"https:\/\/us.edu.pl\/kandydat\/wp-content\/uploads\/sites\/13\/grafiki\/ok-biale.png\" alt=\"Op\u0142ata rekrutacyjna\"> <\/div>\r\n                               \r\n                                <div class=\"tile__name\">Op\u0142ata rekrutacyjna<\/div>\r\n                            <\/a>\r\n                            <a href=\"https:\/\/us.edu.pl\/kandydat\/rekrutacja-na-studia-krok-po-kroku\/progi-punktowe-liczba-kandydatow-na-1-miejsce\/\" class=\"tile tile_ \" style=\"background-color: #002E5A; font-weight: ; color: #ffffff;  \">\r\n                                \r\n                                   <div class=\"tile__img\"><img src=\"https:\/\/us.edu.pl\/kandydat\/wp-content\/uploads\/sites\/13\/grafiki\/ok-biale.png\" alt=\"Progi punktowe\"> <\/div>\r\n                               \r\n                                <div class=\"tile__name\">Progi punktowe<\/div>\r\n                            <\/a>\r\n                            <a href=\"https:\/\/us.edu.pl\/kandydat\/rekrutacja-na-studia-krok-po-kroku\/przeliczanie-ocen-z-matur\/przeliczanie-zagraniczni\/\" class=\"tile tile_ \" style=\"background-color: #002E5A; font-weight: ; color: #ffffff;  \">\r\n                                \r\n                                   <div class=\"tile__img\"><img src=\"https:\/\/us.edu.pl\/kandydat\/wp-content\/uploads\/sites\/13\/grafiki\/ok-biale.png\" alt=\"Przeliczanie ocen ze \u015bwiadectw lub dyplom\u00f3w uzyskanych za granic\u0105\"> <\/div>\r\n                               \r\n                                <div class=\"tile__name\">Przeliczanie ocen ze \u015bwiadectw lub dyplom\u00f3w uzyskanych za granic\u0105<\/div>\r\n                            <\/a><\/div>\r\n                    <\/div>\r\n                <\/div>\n\t\t\t\t<input type=\"hidden\" name=\"promoted_only\" value=\"\">\n\t\t\t\t<input type=\"hidden\" name=\"order\" value=\"ASC\">\n\t\t\t\t<input type=\"hidden\" name=\"order_by\" value=\"menu_order\">\n\n\t\t\t\t<div class=\"article-loop loop-section  color-blue\" style=\"background: #EBEBEB\">\n\t\t\t\t\t <div class=\"container \">\n\t\t\t\t\t \t<div class=\"col-12 article-loop-gutter-left\">\n\t\t\t\t\t\t  <div class=\"article-loop-top loop-section-top\">\n\t\t\t\t\t\t\t\t<h2 class=\"section-title\"><\/h2><div class=\"article-loop-top_right loop-section-top__right\" >\n\t\t\t\t\t\t\t\t\t <select name=\"sort\" title = \"filter by category\"\n\t\t\t\t\t\t\t\t\t\t  class=\"article-loop-sort\" >\n\t\t\t\t\t\t\t\t\t\t  <option value = \"\" selected disabled > filtrowanie wed\u0142ug kategorii<\/option>\n\t\t\t\t\t\t\t\t\t\t  <option value = \"13-18\" > Wszystko<\/option> <option data-link='https:\/\/us.edu.pl\/kandydat\/category\/wiadomosci\/' value='13-18'>Wiadomo\u015bci<\/option><\/select>    <a href = \"https:\/\/us.edu.pl\/kandydat\/wszystko?title=&order=ASC&order_by=menu_order&categories%5B0%5D=13-18\" class=\"link-button \" > Wszystko<\/a><\/div>  \n\t\t\t\t\t\t  <\/div>\n\t\t\t\t\t\t  <div class=\"article-loop-main carousel\" data-home-url=\"https:\/\/us.edu.pl\/kandydat\" >\n\t\t\t\t\t\t\t\t<a href = \"#\" data-slide = \"prev\" title=\"przesu\u0144 pasek w lewo\" class=\"arrow\" >\n\t\t\t\t\t\t\t\t\t <em class=\"ci ci-arrow-left\" ><\/em >\n\t\t\t\t\t\t\t\t\t <span class=\"d-none\" > arrow<\/span >\n\t\t\t\t\t\t\t\t<\/a>\n\t \n\t\t\t\t\t\t\t\t<a href = \"#\" data-slide = \"next\" title=\"przesu\u0144 pasek  w prawo\" class=\"arrow\" >\n\t\t\t\t\t\t\t\t\t <em class=\"ci ci-arrow-right\" ><\/em >\n\t\t\t\t\t\t\t\t\t <span class=\"d-none\" > arrow<\/span >\n\t\t\t\t\t\t\t\t<\/a>\n\t\t\t\t\t\t\t\t<div class=\"row items\" >\n\t\t\t\t\t\t\t\t\t \r\n            <article class=\"article-loop-post carousel-slide\">\r\n                <a href=\"https:\/\/us.edu.pl\/multimedia\/dzien-otwarty-uniwersytetu-slaskiego-w-liczbach\/\" class=\"article-loop-post__thumbnail thumbnail\"\r\n                    style=\"background-image: url(https:\/\/us.edu.pl\/kandydat\/wp-content\/uploads\/sites\/13\/2026\/03\/Dzien-Otwarty-US-w-liczbach.png)\">\r\n                    <span>wi\u0119cej<\/span>\r\n                <\/a>\r\n\r\n                <div class=\"article-loop-post__content\">\r\n                    <h3 class=\"article-loop-post__title\">\r\n                        <a href=\"https:\/\/us.edu.pl\/multimedia\/dzien-otwarty-uniwersytetu-slaskiego-w-liczbach\/\">Dzie\u0144 Otwarty Uniwersytetu \u015al\u0105skiego w liczbach!<\/a>\r\n                    <\/h3>\r\n            \r\n                    <div class=\"article-loop-post__categories\">\r\n                        <a href=\"https:\/\/us.edu.pl\/kandydat\/category\/wiadomosci\/rekrutacja\/\">rekrutacja<\/a>\r\n                    <\/div>    \r\n                <\/div>\r\n            <\/article>\r\n        \r\n            <article class=\"article-loop-post carousel-slide\">\r\n                <a href=\"https:\/\/us.edu.pl\/wydzial\/wnst\/en\/2026\/02\/09\/vinci-reloaded-interdyscyplinarna-miedzynarodowa-szkola-letnia-proces-rekrutacji-rozpoczety\/\" class=\"article-loop-post__thumbnail thumbnail\"\r\n                    style=\"background-image: url(https:\/\/us.edu.pl\/kandydat\/wp-content\/uploads\/sites\/13\/Bez-kategorii\/registration-600x450.jpg)\">\r\n                    <span>wi\u0119cej<\/span>\r\n                <\/a>\r\n\r\n                <div class=\"article-loop-post__content\">\r\n                    <h3 class=\"article-loop-post__title\">\r\n                        <a href=\"https:\/\/us.edu.pl\/wydzial\/wnst\/en\/2026\/02\/09\/vinci-reloaded-interdyscyplinarna-miedzynarodowa-szkola-letnia-proces-rekrutacji-rozpoczety\/\">VINCI RELOADED Dive into science | Rekrutacja do Szko\u0142y Letniej rozpocz\u0119ta<\/a>\r\n                    <\/h3>\r\n            \r\n                    <div class=\"article-loop-post__categories\">\r\n                        <a href=\"https:\/\/us.edu.pl\/kandydat\/category\/bez-kategorii\/\">Bez kategorii<\/a><a href=\"https:\/\/us.edu.pl\/kandydat\/category\/przyszli-studenci\/\">przyszli studenci<\/a><a href=\"https:\/\/us.edu.pl\/kandydat\/category\/wiadomosci\/rekrutacja\/\">rekrutacja<\/a>\r\n                    <\/div>    \r\n                <\/div>\r\n            <\/article>\r\n        \r\n            <article class=\"article-loop-post carousel-slide\">\r\n                <a href=\"https:\/\/us.edu.pl\/kandydat\/co-dalej-po-studiach-i-stopnia-zaplanuj-kolejny-krok-edukacji-z-us\/\" class=\"article-loop-post__thumbnail thumbnail\"\r\n                    style=\"background-image: url(https:\/\/us.edu.pl\/kandydat\/wp-content\/uploads\/sites\/13\/Bez-kategorii\/Grafika-rekrutacja-202627-600x503.png)\">\r\n                    <span>wi\u0119cej<\/span>\r\n                <\/a>\r\n\r\n                <div class=\"article-loop-post__content\">\r\n                    <h3 class=\"article-loop-post__title\">\r\n                        <a href=\"https:\/\/us.edu.pl\/kandydat\/co-dalej-po-studiach-i-stopnia-zaplanuj-kolejny-krok-edukacji-z-us\/\">Co dalej po studiach I stopnia? Zaplanuj kolejny krok edukacji z U\u015a!<\/a>\r\n                    <\/h3>\r\n            \r\n                    <div class=\"article-loop-post__categories\">\r\n                        <a href=\"https:\/\/us.edu.pl\/kandydat\/category\/wiadomosci\/rekrutacja\/\">rekrutacja<\/a>\r\n                    <\/div>    \r\n                <\/div>\r\n            <\/article>\r\n        \r\n            <article class=\"article-loop-post carousel-slide\">\r\n                <a href=\"https:\/\/us.edu.pl\/kandydat\/dziki-indeks\/\" class=\"article-loop-post__thumbnail thumbnail\"\r\n                    style=\"background-image: url(https:\/\/us.edu.pl\/kandydat\/wp-content\/uploads\/sites\/13\/2026\/01\/2026_us_dziki-indeks_2_-800x600px-600x450.png)\">\r\n                    <span>wi\u0119cej<\/span>\r\n                <\/a>\r\n\r\n                <div class=\"article-loop-post__content\">\r\n                    <h3 class=\"article-loop-post__title\">\r\n                        <a href=\"https:\/\/us.edu.pl\/kandydat\/dziki-indeks\/\">Studia bez standardowej rekrutacji \u2013 sprawd\u017a, jak dzia\u0142a Dziki Indeks<\/a>\r\n                    <\/h3>\r\n            \r\n                    <div class=\"article-loop-post__categories\">\r\n                        <a href=\"https:\/\/us.edu.pl\/kandydat\/category\/przyszli-studenci\/\">przyszli studenci<\/a><a href=\"https:\/\/us.edu.pl\/kandydat\/category\/wiadomosci\/rekrutacja\/\">rekrutacja<\/a>\r\n                    <\/div>    \r\n                <\/div>\r\n            <\/article>\r\n        \r\n            <article class=\"article-loop-post carousel-slide\">\r\n                <a href=\"https:\/\/us.edu.pl\/kandydat\/nabor-na-semestr-letni\/\" class=\"article-loop-post__thumbnail thumbnail\"\r\n                    style=\"background-image: url(https:\/\/us.edu.pl\/kandydat\/wp-content\/uploads\/sites\/13\/zdj\u0119cia-rekrutacja\/us-19-of-93-300x200.jpg)\">\r\n                    <span>wi\u0119cej<\/span>\r\n                <\/a>\r\n\r\n                <div class=\"article-loop-post__content\">\r\n                    <h3 class=\"article-loop-post__title\">\r\n                        <a href=\"https:\/\/us.edu.pl\/kandydat\/nabor-na-semestr-letni\/\">Nab\u00f3r na studia na semestr letni 2025\/2026<\/a>\r\n                    <\/h3>\r\n            \r\n                    <div class=\"article-loop-post__categories\">\r\n                        <a href=\"https:\/\/us.edu.pl\/kandydat\/category\/wiadomosci\/rekrutacja\/\">rekrutacja<\/a><a href=\"https:\/\/us.edu.pl\/kandydat\/category\/wiadomosci\/\">Wiadomo\u015bci<\/a>\r\n                    <\/div>    \r\n                <\/div>\r\n            <\/article>\r\n        \r\n            <article class=\"article-loop-post carousel-slide\">\r\n                <a href=\"https:\/\/us.edu.pl\/kandydat\/rekrutacja-na-rok-akademicki\/\" class=\"article-loop-post__thumbnail thumbnail\"\r\n                    style=\"background-image: url(https:\/\/us.edu.pl\/kandydat\/wp-content\/uploads\/sites\/13\/zdj\u0119cia-rekrutacja\/DSC7732-300x202.jpg)\">\r\n                    <span>wi\u0119cej<\/span>\r\n                <\/a>\r\n\r\n                <div class=\"article-loop-post__content\">\r\n                    <h3 class=\"article-loop-post__title\">\r\n                        <a href=\"https:\/\/us.edu.pl\/kandydat\/rekrutacja-na-rok-akademicki\/\">Terminy rekrutacji na rok akademicki 2026\/2027<\/a>\r\n                    <\/h3>\r\n            \r\n                    <div class=\"article-loop-post__categories\">\r\n                        <a href=\"https:\/\/us.edu.pl\/kandydat\/category\/wiadomosci\/rekrutacja\/\">rekrutacja<\/a><a href=\"https:\/\/us.edu.pl\/kandydat\/category\/wiadomosci\/\">Wiadomo\u015bci<\/a>\r\n                    <\/div>    \r\n                <\/div>\r\n            <\/article>\r\n        \r\n            <article class=\"article-loop-post carousel-slide\">\r\n                <a href=\"https:\/\/us.edu.pl\/kandydat\/listy-zakwalifikowanych-na-studia\/\" class=\"article-loop-post__thumbnail thumbnail\"\r\n                    style=\"background-image: url(https:\/\/us.edu.pl\/kandydat\/wp-content\/uploads\/sites\/13\/Bez-kategorii\/us_R2_22-23_13-1-e1667554230213-600x341.png)\">\r\n                    <span>wi\u0119cej<\/span>\r\n                <\/a>\r\n\r\n                <div class=\"article-loop-post__content\">\r\n                    <h3 class=\"article-loop-post__title\">\r\n                        <a href=\"https:\/\/us.edu.pl\/kandydat\/listy-zakwalifikowanych-na-studia\/\">Listy zakwalifikowanych na studia<\/a>\r\n                    <\/h3>\r\n            \r\n                    <div class=\"article-loop-post__categories\">\r\n                        <a href=\"https:\/\/us.edu.pl\/kandydat\/category\/wiadomosci\/rekrutacja\/\">rekrutacja<\/a>\r\n                    <\/div>    \r\n                <\/div>\r\n            <\/article>\r\n        \r\n            <article class=\"article-loop-post carousel-slide\">\r\n                <a href=\"https:\/\/us.edu.pl\/kandydat\/studia-angielski\/\" class=\"article-loop-post__thumbnail thumbnail\"\r\n                    style=\"background-image: url(https:\/\/us.edu.pl\/kandydat\/wp-content\/uploads\/sites\/13\/zdj\u0119cia-rekrutacja\/DSC7018a-300x200.jpg)\">\r\n                    <span>wi\u0119cej<\/span>\r\n                <\/a>\r\n\r\n                <div class=\"article-loop-post__content\">\r\n                    <h3 class=\"article-loop-post__title\">\r\n                        <a href=\"https:\/\/us.edu.pl\/kandydat\/studia-angielski\/\">Studia w j\u0119zyku angielskim<\/a>\r\n                    <\/h3>\r\n            \r\n                    <div class=\"article-loop-post__categories\">\r\n                        <a href=\"https:\/\/us.edu.pl\/kandydat\/category\/wiadomosci\/rekrutacja\/\">rekrutacja<\/a>\r\n                    <\/div>    \r\n                <\/div>\r\n            <\/article>\r\n        \r\n            <article class=\"article-loop-post carousel-slide\">\r\n                <a href=\"https:\/\/us.edu.pl\/student\/nowy-student\/nowy-student-pierwsze-kroki\/\" class=\"article-loop-post__thumbnail thumbnail\"\r\n                    style=\"background-image: url(https:\/\/us.edu.pl\/kandydat\/wp-content\/uploads\/sites\/13\/Bez-kategorii\/sport-i-jezyki-obce-e1574938547626-600x412.jpg)\">\r\n                    <span>wi\u0119cej<\/span>\r\n                <\/a>\r\n\r\n                <div class=\"article-loop-post__content\">\r\n                    <h3 class=\"article-loop-post__title\">\r\n                        <a href=\"https:\/\/us.edu.pl\/student\/nowy-student\/nowy-student-pierwsze-kroki\/\">Vademecum studenckie<\/a>\r\n                    <\/h3>\r\n            \r\n                    <div class=\"article-loop-post__categories\">\r\n                        <a href=\"https:\/\/us.edu.pl\/kandydat\/category\/wiadomosci\/rekrutacja\/\">rekrutacja<\/a>\r\n                    <\/div>    \r\n                <\/div>\r\n            <\/article>\r\n        \n\t\t\t\t\t\t\t\t<\/div>\n\t\t\t\t\t\t  <\/div>\n\t\t\t\t\t <\/div>\n\t\t\t\t\t <\/div>\n\t\t\t\t<\/div>\r\n                <div class=\"tiles-section\" style=\"background: \">\r\n                    <div class=\"container\">\r\n                        <h3 class=\"page-title\">Kontakt:<\/h3>\r\n                        <div class=\"tiles tiles-2\">\r\n                            <a href=\"https:\/\/us.edu.pl\/kandydat\/punkty-informacyjne-dla-kandydatow\/\" class=\"tile tile_ justify-content-center\" style=\"background-color: #002E5A; font-weight: bold; color: #ffffff;  \">\r\n                                \r\n                                   \r\n                               \r\n                                <div class=\"tile__name\">Punkty informacyjne, linki<\/div>\r\n                            <\/a>\r\n                            <a href=\"https:\/\/us.edu.pl\/kandydat\/cudzoziemcy\/\" class=\"tile tile_ justify-content-center\" style=\"background-color: #002E5A; font-weight: bold; color: #ffffff;  \">\r\n                                \r\n                                   \r\n                               \r\n                                <div class=\"tile__name\">Cudzoziemcy - przebieg rekrutacji<\/div>\r\n                            <\/a><\/div>\r\n                    <\/div>\r\n                <\/div>[\/vc_column][\/vc_row]<\/p>","protected":false},"excerpt":{"rendered":"<p>[vc_row][vc_column][\/vc_column][\/vc_row] [&#8230;]<\/p>\n<p><a class=\"btn btn-secondary understrap-read-more-link\" href=\"https:\/\/us.edu.pl\/kandydat\/vademecum-studenckie\/\">Read More&#8230;<\/a><\/p>\n","protected":false},"author":31,"featured_media":0,"parent":0,"menu_order":0,"comment_status":"closed","ping_status":"closed","template":"","meta":{"_expiration-date-status":"","_expiration-date":0,"_expiration-date-type":"","_expiration-date-categories":[],"_expiration-date-options":[]},"acf":[],"_links":{"self":[{"href":"https:\/\/us.edu.pl\/kandydat\/wp-json\/wp\/v2\/pages\/1278"}],"collection":[{"href":"https:\/\/us.edu.pl\/kandydat\/wp-json\/wp\/v2\/pages"}],"about":[{"href":"https:\/\/us.edu.pl\/kandydat\/wp-json\/wp\/v2\/types\/page"}],"author":[{"embeddable":true,"href":"https:\/\/us.edu.pl\/kandydat\/wp-json\/wp\/v2\/users\/31"}],"replies":[{"embeddable":true,"href":"https:\/\/us.edu.pl\/kandydat\/wp-json\/wp\/v2\/comments?post=1278"}],"version-history":[{"count":10,"href":"https:\/\/us.edu.pl\/kandydat\/wp-json\/wp\/v2\/pages\/1278\/revisions"}],"predecessor-version":[{"id":13861,"href":"https:\/\/us.edu.pl\/kandydat\/wp-json\/wp\/v2\/pages\/1278\/revisions\/13861"}],"wp:attachment":[{"href":"https:\/\/us.edu.pl\/kandydat\/wp-json\/wp\/v2\/media?parent=1278"}],"curies":[{"name":"wp","href":"https:\/\/api.w.org\/{rel}","templated":true}]}}