{"id":1368,"date":"2019-10-08T14:35:37","date_gmt":"2019-10-08T12:35:37","guid":{"rendered":"https:\/\/us.edu.pl\/kandydat\/?page_id=1368"},"modified":"2025-04-04T10:25:50","modified_gmt":"2025-04-04T08:25:50","slug":"punkty-informacyjne-dla-kandydatow","status":"publish","type":"page","link":"https:\/\/us.edu.pl\/kandydat\/punkty-informacyjne-dla-kandydatow\/","title":{"rendered":"Punkty informacyjne dla kandydat\u00f3w"},"content":{"rendered":"<p>[vc_row][vc_column]\r\n                <div class=\"text-modules \">\r\n                    <div class=\"container\">\r\n                        <h3 class=\"section-title section-title_border-bottom\">Kontakty przydatne dla kandydat\u00f3w<\/h3> \r\n                        <div class=\"row m-0\">\r\n                            <div class=\"text-modules__content\">\r\n                                <\/p>\n<table style=\"width: 100%; border-collapse: collapse; background-color: #cfc6c6;\">\n<tbody>\n<tr>\n<td style=\"width: 100%;\">&nbsp;<\/p>\n<p style=\"text-align: center;\"><span style=\"font-size: 14pt;\">Kandydaci zakwalifikowani do przyj\u0119cia, <span style=\"color: #ff0000;\"><strong>sk\u0142adaj\u0105 wymagane dokumenty w dziekanatach na wydzia\u0142ach.<\/strong><\/span><\/span><\/p>\n<p style=\"text-align: center;\"><strong>Terminy oraz miejsce sk\u0142adania dokument\u00f3w zosta\u0142y podane<br \/>\nprzy ka\u017cdym kierunku w harmonogramach rekrutacji\u00a0 <a href=\"https:\/\/irk.us.edu.pl\/pl\/\">w systemie IRK<\/a><\/strong><\/p>\n<\/td>\n<\/tr>\n<\/tbody>\n<\/table>\n<p>&nbsp;<\/p>\n<p>W wymienionych ni\u017cej punktach informacyjnych mo\u017cna uzyska\u0107 wszelkie informacje na temat rekrutacji oraz uzyska\u0107 pomoc dotycz\u0105c\u0105 przebiegu rejestracji w systemie IRK. Zapraszamy do kontaktu! \r\n                                <div class=\"mt-3\"><\/div>\r\n                            <\/div>\r\n                            \r\n                            \r\n                        <\/div>\r\n                    <\/div>\r\n                <\/div>[\/vc_column][\/vc_row][vc_row][vc_column width=&#8221;1\/2&#8243;]\r\n                <div class='sidebar_moduls sidebar_dropdown color-white' style='background-color: #002E5A'>\r\n                    <h3>Kandydaci na studia I i II stopnia oraz jednolite magisterskie<\/h3>\r\n                  \r\n                        <div id='sidebar_dropdown'>\r\n                          <div class='angle-list'>\r\n                            <div>\r\n                              <h5>\r\n                                <a class='dropdown_header_title' href=''>\r\n                                 Dzia\u0142 Kszta\u0142cenia\r\n                                <\/a>\r\n                              <\/h5>\r\n                            <\/div>\r\n                        \r\n                            <div>\r\n                              <div class='sidebar__textarea'>\r\n                           \r\n                                 <div>\r\n                                    ul. Bankowa 12, pok. 0.29\r\n                                 <\/div>\r\n                                 \r\n                                 <div>\r\n                                    40-007 Katowice \r\n                                 <\/div>\r\n                                 \r\n                                 <div>\r\n                                    \u2022\tczynne: poniedzia\u0142ek\u2013pi\u0105tek, godz.  7.30\u201315.30\r\n                                 <\/div>\r\n                                 \r\n                                 <div>\r\n                                    \u2022\ttel. 32 359 18 10, 32 359 18 80, 32 359 17 70, 32 359 16 22\r\n                                 <\/div>\r\n                                 \r\n                                 <div>\r\n                                    \u2022\ttel. kom.:  +48 667 771 009\r\n                                 <\/div>\r\n                                 \r\n                                 <div>\r\n                                    \u2022\te-mail: <a href=\"mailto:rekrutacja@us.edu.pl\">rekrutacja@us.edu.pl<\/a>\r\n                                 <\/div>\r\n                                  \r\n                              <\/div>\r\n                            <\/div>\r\n                          <\/div><!--.card-->\r\n                        <\/div><!--#dslide_ropdown-->\r\n                \r\n            <\/div> <!--.sidebar_moduls-->\r\n            \r\n                <div class='sidebar_moduls sidebar_dropdown color-blue' style='background-color: #EBEBEB'>\r\n                    <h3>Kandydaci ze specjalnymi potrzebami edukacyjnymi<\/h3>\r\n                  \r\n                        <div id='sidebar_dropdown'>\r\n                          <div class='angle-list'>\r\n                            <div>\r\n                              <h5>\r\n                                <a class='dropdown_header_title' href=''>\r\n                                 Centrum Obs\u0142ugi Student\u00f3w\r\n                                <\/a>\r\n                              <\/h5>\r\n                            <\/div>\r\n                        \r\n                            <div>\r\n                              <div class='sidebar__textarea'>\r\n                           \r\n                                 <div>\r\n                                    ul. Bankowa 12, parter  40-007 Katowice, pok. 0.12, 0.14\r\n                                 <\/div>\r\n                                 \r\n                                 <div>\r\n                                    \u2022\tczynne: poniedzia\u0142ek\u2013pi\u0105tek, godz. 8.00\u201316.00\r\n                                 <\/div>\r\n                                 \r\n                                 <div>\r\n                                    \u2022\ttel. 32 359 24 62\r\n                                 <\/div>\r\n                                 \r\n                                 <div>\r\n                                    \u2022\te-mail: <a href=\"mailto:duo@us.edu.pl\">duo@us.edu.pl<\/a>\r\n                                 <\/div>\r\n                                 \r\n                                 <div>\r\n                                    Wi\u0119cej informacji na stronie\n<a href=https:\/\/us.edu.pl\/kandydat\/rekrutacja-na-studia-krok-po-kroku\/kandydaci-ze-specjalnymi-potrzebami-edukacyjnymi\/\"\">https:\/\/us.edu.pl\/kandydat\/rekrutacja-na-studia-krok-po-kroku\/kandydaci-ze-specjalnymi-potrzebami-edukacyjnymi\/<\/a>\n\r\n                                 <\/div>\r\n                                  \r\n                              <\/div>\r\n                            <\/div>\r\n                          <\/div><!--.card-->\r\n                        <\/div><!--#dslide_ropdown-->\r\n                \r\n            <\/div> <!--.sidebar_moduls-->\r\n            \r\n                <div class='sidebar_moduls sidebar_dropdown color-white' style='background-color: #002E5A'>\r\n                    <h3>Kandydaci do szk\u00f3\u0142 doktorskich<\/h3>\r\n                  \r\n                        <div id='sidebar_dropdown'>\r\n                          <div class='angle-list'>\r\n                            <div>\r\n                              <h5>\r\n                                <a class='dropdown_header_title' href=''>\r\n                                 Szko\u0142a Doktorska w Uniwersytecie \u015al\u0105skim w Katowicach\r\n                                <\/a>\r\n                              <\/h5>\r\n                            <\/div>\r\n                        \r\n                            <div>\r\n                              <div class='sidebar__textarea'>\r\n                           \r\n                                 <div>\r\n                                    ul. Bankowa 14, 40-007 Katowice\r\n                                 <\/div>\r\n                                 \r\n                                 <div>\r\n                                    \u2022\ttel.  32 359 24 71\r\n                                 <\/div>\r\n                                 \r\n                                 <div>\r\n                                    \u2022\ttel. kom. +48  725 991 942\r\n                                 <\/div>\r\n                                 \r\n                                 <div>\r\n                                    \u2022\te-mail: <a href=\"mailto:szkola.doktorska@us.edu.pl\">szkola.doktorska@us.edu.pl<\/a>\r\n                                 <\/div>\r\n                                 \r\n                                 <div>\r\n                                    Wi\u0119cej informacji na temat rekrutacji w serwisie\n<a href=\"https:\/\/us.edu.pl\/szkola-doktorska\/\">Szko\u0142y Doktorskiej<\/a>\n\r\n                                 <\/div>\r\n                                  \r\n                              <\/div>\r\n                            <\/div>\r\n                          <\/div><!--.card-->\r\n                        <\/div><!--#dslide_ropdown-->\r\n                  \r\n                        <div id='sidebar_dropdown'>\r\n                          <div class='angle-list'>\r\n                            <div>\r\n                              <h5>\r\n                                <a class='dropdown_header_title' href=''>\r\n                                 Mi\u0119dzynarodowa \u015arodowiskowa Szko\u0142a Doktorska przy Centrum Studi\u00f3w Polarnych w Uniwersytecie \u015al\u0105skim (M\u015aSD)\r\n                                <\/a>\r\n                              <\/h5>\r\n                            <\/div>\r\n                        \r\n                            <div>\r\n                              <div class='sidebar__textarea'>\r\n                           \r\n                                 <div>\r\n                                    ul. B\u0119dzi\u0144ska 60\r\n                                 <\/div>\r\n                                 \r\n                                 <div>\r\n                                    41-200 Sosnowiec\r\n                                 <\/div>\r\n                                 \r\n                                 <div>\r\n                                    \u2022\ttel. 32 368 93 80 \r\n                                 <\/div>\r\n                                 \r\n                                 <div>\r\n                                    \u2022\te-mail: <a href=\"mailto:polarknow@us.edu.pl\">polarknow@us.edu.pl<\/a>\r\n                                 <\/div>\r\n                                 \r\n                                 <div>\r\n                                    Wi\u0119cej informacji na temat rekrutacji w serwisie\n<a href=\"https:\/\/us.edu.pl\/doktorant\/\">Doktorant<\/a>\r\n                                 <\/div>\r\n                                  \r\n                              <\/div>\r\n                            <\/div>\r\n                          <\/div><!--.card-->\r\n                        <\/div><!--#dslide_ropdown-->\r\n                \r\n            <\/div> <!--.sidebar_moduls-->\r\n            [\/vc_column][vc_column width=&#8221;1\/2&#8243;]\r\n                <div class='sidebar_moduls sidebar_dropdown color-blue' style='background-color: #EBEBEB'>\r\n                    <h3>Kandydaci cudzoziemcy na studia I i II stopnia oraz jednolite magisterskie<\/h3>\r\n                  \r\n                        <div id='sidebar_dropdown'>\r\n                          <div class='angle-list'>\r\n                            <div>\r\n                              <h5>\r\n                                <a class='dropdown_header_title' href=''>\r\n                                 Biuro Rekrutacji Cudzoziemc\u00f3w\r\n                                <\/a>\r\n                              <\/h5>\r\n                            <\/div>\r\n                        \r\n                            <div>\r\n                              <div class='sidebar__textarea'>\r\n                           \r\n                                 <div>\r\n                                    \r\n                                 <\/div>\r\n                                 \r\n                                 <div>\r\n                                    ul. Bankowa 12, pok. 3.8\r\n                                 <\/div>\r\n                                 \r\n                                 <div>\r\n                                    40-007 Katowice\r\n                                 <\/div>\r\n                                 \r\n                                 <div>\r\n                                    \u2022\tczynne: poniedzia\u0142ek\u2013czwartek, godz.  9.00\u201315.00\r\n                                 <\/div>\r\n                                 \r\n                                 <div>\r\n                                    \u2022\ttel. 32 359 22 72,  32 359 22 73\r\n                                 <\/div>\r\n                                 \r\n                                 <div>\r\n                                    \u2022\te-mail: <a href=\"mailto:admission@us.edu.pl\">admission@us.edu.pl<\/a>\n\r\n                                 <\/div>\r\n                                 \r\n                                 <div>\r\n                                    \r\n                                 <\/div>\r\n                                 \r\n                                 <div>\r\n                                    \r\n                                 <\/div>\r\n                                  \r\n                              <\/div>\r\n                            <\/div>\r\n                          <\/div><!--.card-->\r\n                        <\/div><!--#dslide_ropdown-->\r\n                \r\n            <\/div> <!--.sidebar_moduls-->\r\n            \r\n                <div class='sidebar_moduls sidebar_dropdown color-white' style='background-color: #002E5A'>\r\n                    <h3>Problemy techniczne z rejestracj\u0105 w systemie IRK<\/h3>\r\n                  \r\n                        <div id='sidebar_dropdown'>\r\n                          <div class='angle-list'>\r\n                            <div>\r\n                              <h5>\r\n                                <a class='dropdown_header_title' href=''>\r\n                                 Dzia\u0142 Portalu i Serwisu WWW\r\n                                <\/a>\r\n                              <\/h5>\r\n                            <\/div>\r\n                        \r\n                            <div>\r\n                              <div class='sidebar__textarea'>\r\n                           \r\n                                 <div>\r\n                                    ul. Bankowa 14\r\n                                 <\/div>\r\n                                 \r\n                                 <div>\r\n                                    40-007 Katowice\r\n                                 <\/div>\r\n                                 \r\n                                 <div>\r\n                                    \u2022\tczynne: poniedzia\u0142ek\u2013pi\u0105tek, godz.  7.30\u201315.30\r\n                                 <\/div>\r\n                                 \r\n                                 <div>\r\n                                    \u2022\ttel. 32 359 17 78\r\n                                 <\/div>\r\n                                 \r\n                                 <div>\r\n                                    \r\n                                 <\/div>\r\n                                 \r\n                                 <div>\r\n                                    \r\n                                 <\/div>\r\n                                  \r\n                              <\/div>\r\n                            <\/div>\r\n                          <\/div><!--.card-->\r\n                        <\/div><!--#dslide_ropdown-->\r\n                \r\n            <\/div> <!--.sidebar_moduls-->\r\n            \r\n                <div class='sidebar_moduls sidebar_dropdown color-blue' style='background-color: #EBEBEB'>\r\n                    <h3>Kandydaci na studia podyplomowe<\/h3>\r\n                  \r\n                        <div id='sidebar_dropdown'>\r\n                          <div class='angle-list'>\r\n                            <div>\r\n                              <h5>\r\n                                <a class='dropdown_header_title' href=''>\r\n                                 Centrum Studi\u00f3w Podyplomowych\r\n                                <\/a>\r\n                              <\/h5>\r\n                            <\/div>\r\n                        \r\n                            <div>\r\n                              <div class='sidebar__textarea'>\r\n                           \r\n                                 <div>\r\n                                    tel. 32 359 23 47\n\u2022\tczynne: poniedzia\u0142ek\u2013pi\u0105tek, godz.  7.30\u201315.30\r\n                                 <\/div>\r\n                                 \r\n                                 <div>\r\n                                    \u2022\tOferta studi\u00f3w podyplomowych oraz kontakty do poszczeg\u00f3lnych sekretariat\u00f3w wybranych studi\u00f3w na stronie \n<a href=\"https:\/\/www.studiapodyplomowe.us.edu.pl\/\">Studia podyplomowe<\/a>\r\n                                 <\/div>\r\n                                 \r\n                                 <div>\r\n                                    \r\n                                 <\/div>\r\n                                  \r\n                              <\/div>\r\n                            <\/div>\r\n                          <\/div><!--.card-->\r\n                        <\/div><!--#dslide_ropdown-->\r\n                \r\n            <\/div> <!--.sidebar_moduls-->\r\n            \r\n                <div class='sidebar_moduls sidebar_dropdown color-white' style='background-color: #002E5A'>\r\n                    <h3>System USOS<\/h3>\r\n                  \r\n                        <div id='sidebar_dropdown'>\r\n                          <div class='angle-list'>\r\n                            <div>\r\n                              <h5>\r\n                                <a class='dropdown_header_title' href=''>\r\n                                 <a href=\"https:\/\/ab.us.edu.pl\/unit?id=605702\">Dzia\u0142 Informatycznej Obs\u0142ugi Toku Studi\u00f3w<\/a>\r\n                                <\/a>\r\n                              <\/h5>\r\n                            <\/div>\r\n                        \r\n                            <div>\r\n                              <div class='sidebar__textarea'>\r\n                           \r\n                                 <div>\r\n                                    ul. Bankowa 14, 40-007 Katowice\r\n                                 <\/div>\r\n                                 \r\n                                 <div>\r\n                                    tel.  32 359 21 04\r\n                                 <\/div>\r\n                                  \r\n                              <\/div>\r\n                            <\/div>\r\n                          <\/div><!--.card-->\r\n                        <\/div><!--#dslide_ropdown-->\r\n                \r\n            <\/div> <!--.sidebar_moduls-->\r\n            [\/vc_column][\/vc_row][vc_row][vc_column]\r\n                <div class=\"text-modules\">\r\n                    <div class=\"container\">\r\n                        <h3 class=\"page-title text__title\">Lokalizacja:<\/h3>\r\n                        <div class=\"text-modules__content\"><\/div>\r\n                    <\/div>\r\n                <\/div>\r\n                    <div class=\"locations\">\r\n                        <div class=\"container\">\r\n                            <div class=\"row\">\r\n                            \r\n                        <div class=\"col-lg-3 col-md-3 col-sm-6 col-6\">\r\n                            <a href=\"https:\/\/goo.gl\/maps\/6vy9TcCoaL4bTj489\" class=\"location__item\">\r\n                                <em class=\"fa fa-map-marker\"><\/em>\r\n                                <div class=\"location__name\">kampus Katowice<\/div>\r\n                            <\/a>\r\n                        <\/div> \r\n                        <div class=\"col-lg-3 col-md-3 col-sm-6 col-6\">\r\n                            <a href=\"https:\/\/goo.gl\/maps\/NBmqvoQkd6AyPvMLA\" class=\"location__item\">\r\n                                <em class=\"fa fa-map-marker\"><\/em>\r\n                                <div class=\"location__name\">kampus Chorz\u00f3w<\/div>\r\n                            <\/a>\r\n                        <\/div> \r\n                        <div class=\"col-lg-3 col-md-3 col-sm-6 col-6\">\r\n                            <a href=\"https:\/\/goo.gl\/maps\/jjGoGDNnK1GTD2js8\" class=\"location__item\">\r\n                                <em class=\"fa fa-map-marker\"><\/em>\r\n                                <div class=\"location__name\">kampus Cieszyn<\/div>\r\n                            <\/a>\r\n                        <\/div> \r\n                        <div class=\"col-lg-3 col-md-3 col-sm-6 col-6\">\r\n                            <a href=\"https:\/\/goo.gl\/maps\/292HvQVMk35YrzGi7\" class=\"location__item\">\r\n                                <em class=\"fa fa-map-marker\"><\/em>\r\n                                <div class=\"location__name\">kampus Sosnowiec<\/div>\r\n                            <\/a>\r\n                        <\/div> \r\n                            <\/div>\r\n                        <\/div>\r\n                    <\/div> [\/vc_column][\/vc_row]<\/p>","protected":false},"excerpt":{"rendered":"<p>[vc_row][vc_column][\/vc_column][\/vc_row][vc_row][vc_column width=&#8221;1\/2&#8243;][\/vc_column][vc_column width=&#8221;1\/2&#8243;][\/vc_column][\/vc_row][vc_row][vc_column][\/vc_column][\/vc_row] [&#8230;]<\/p>\n<p><a class=\"btn btn-secondary understrap-read-more-link\" href=\"https:\/\/us.edu.pl\/kandydat\/punkty-informacyjne-dla-kandydatow\/\">Read More&#8230;<\/a><\/p>\n","protected":false},"author":31,"featured_media":0,"parent":0,"menu_order":0,"comment_status":"closed","ping_status":"closed","template":"page-templates\/page-with-sidebar.php","meta":{"_expiration-date-status":"","_expiration-date":0,"_expiration-date-type":"","_expiration-date-categories":[],"_expiration-date-options":[]},"acf":[],"_links":{"self":[{"href":"https:\/\/us.edu.pl\/kandydat\/wp-json\/wp\/v2\/pages\/1368"}],"collection":[{"href":"https:\/\/us.edu.pl\/kandydat\/wp-json\/wp\/v2\/pages"}],"about":[{"href":"https:\/\/us.edu.pl\/kandydat\/wp-json\/wp\/v2\/types\/page"}],"author":[{"embeddable":true,"href":"https:\/\/us.edu.pl\/kandydat\/wp-json\/wp\/v2\/users\/31"}],"replies":[{"embeddable":true,"href":"https:\/\/us.edu.pl\/kandydat\/wp-json\/wp\/v2\/comments?post=1368"}],"version-history":[{"count":12,"href":"https:\/\/us.edu.pl\/kandydat\/wp-json\/wp\/v2\/pages\/1368\/revisions"}],"predecessor-version":[{"id":17309,"href":"https:\/\/us.edu.pl\/kandydat\/wp-json\/wp\/v2\/pages\/1368\/revisions\/17309"}],"wp:attachment":[{"href":"https:\/\/us.edu.pl\/kandydat\/wp-json\/wp\/v2\/media?parent=1368"}],"curies":[{"name":"wp","href":"https:\/\/api.w.org\/{rel}","templated":true}]}}