{"id":137,"date":"2019-09-25T09:04:16","date_gmt":"2019-09-25T07:04:16","guid":{"rendered":"http:\/\/php71.nfinity-beta.pl\/us\/kandydat\/?page_id=137"},"modified":"2025-06-04T14:47:52","modified_gmt":"2025-06-04T12:47:52","slug":"przebieg-rekrutacji","status":"publish","type":"page","link":"https:\/\/us.edu.pl\/kandydat\/rekrutacja-na-studia-krok-po-kroku\/przebieg-rekrutacji\/","title":{"rendered":"Przebieg rekrutacji"},"content":{"rendered":"<p>[vc_row][vc_column][vc_btn title=&#8221;REKRUTACJA U\u015a &#8211; ZNAJD\u0179 NAS NA FACEBOOKU!&#8221; style=&#8221;classic&#8221; color=&#8221;sky&#8221; size=&#8221;lg&#8221; align=&#8221;right&#8221; link=&#8221;url:https%3A%2F%2Fwww.facebook.com%2FrekrutacjaUniwersytetSlaski|||&#8221;]\r\n                <div class=\"text-modules\">\r\n                    <div class=\"container\">\r\n                        <h3 class=\"page-title text__title\">Przebieg rekrutacji<\/h3>\r\n                        <div class=\"text-modules__content\"><\/p>\n<p align=\"justify\">Kandydatko\/Kandydacie!<\/p>\n<p align=\"justify\"><strong>Rekrutacja na studia I i II stopnia oraz jednolite magisterskie<\/strong> dzieli si\u0119 na dwa etapy:<\/p>\n<ul>\n<li><b>Etap I<\/b> odbywa si\u0119 online czyli rejestracja w systemie Internetowej Rejestracji Kandydat\u00f3w (IRK) i zg\u0142oszenie swojej kandydatury na wybrany kierunek lub kierunki studi\u00f3w.<\/li>\n<li><b>Etap II<\/b> odbywa si\u0119 po og\u0142oszeniu listy wynik\u00f3w post\u0119powania kwalifikacyjnego; na tym etapie kandydaci, kt\u00f3rzy zostali zakwalifikowani do przyj\u0119cia na studia, w dziekanacie dokonuj\u0105 wpisu na studia i sk\u0142adaj\u0105 wymagane dokumenty.<\/li>\n<\/ul>\n<p align=\"justify\">Zwr\u00f3\u0107 szczeg\u00f3ln\u0105 uwag\u0119 na wyznaczone przez Uczelni\u0119, <b>nieprzekraczalne<\/b> <b>terminy<\/b> dotycz\u0105ce: zapisania si\u0119 na wybrany kierunek, wniesienia op\u0142aty rekrutacyjnej, przyst\u0105pienie do egzamin\u00f3w dodatkowych (je\u015bli s\u0105 przewidziane w kryteriach), dokonania wpisu na studia i z\u0142o\u017cenia dokument\u00f3w. Terminy te mog\u0105 si\u0119 r\u00f3\u017cni\u0107 w zale\u017cno\u015bci od kierunku. Niedope\u0142nienie formalno\u015bci w terminie mo\u017ce skutkowa\u0107 nieuwzgl\u0119dnieniem w post\u0119powaniu kwalifikacyjnym. <a href=\"https:\/\/us.edu.pl\/kandydat\/rekrutacja-na-rok-akademicki\/\"><strong>Sprawd\u017a<\/strong> <strong>terminy rekrutacji.<\/strong><\/a><\/p>\n<p align=\"justify\">Zapoznaj si\u0119 uwa\u017cnie ze szczeg\u00f3\u0142owym opisem obu etap\u00f3w i terminami podanymi w harmonogramie przy ka\u017cdym kierunku w systemie IRK. <a href=\"https:\/\/irk.us.edu.pl\/pl\/\">Katalog IRK.<\/a><\/p>\n<p>\n<\/div>\r\n                    <\/div>\r\n                <\/div>[\/vc_column][\/vc_row][vc_row][vc_column][vc_video link=&#8221;https:\/\/youtu.be\/yFbCew7V-9Y &#8221; el_width=&#8221;70&#8243; align=&#8221;center&#8221; title=&#8221;Zobacz jak przebiega rejestracja w systemie IRK Uniwersytetu \u015al\u0105skiego?&#8221;][\/vc_column][\/vc_row]<\/p>","protected":false},"excerpt":{"rendered":"<p>[vc_row][vc_column][vc_btn title=&#8221;REKRUTACJA U\u015a &#8211; ZNAJD\u0179 NAS NA FACEBOOKU!&#8221; style=&#8221;classic&#8221; color=&#8221;sky&#8221; size=&#8221;lg&#8221; align=&#8221;right&#8221; link=&#8221;url:https%3A%2F%2Fwww.facebook.com%2FrekrutacjaUniwersytetSlaski|||&#8221;][\/vc_column][\/vc_row][vc_row][vc_column][vc_video link=&#8221;https:\/\/youtu.be\/yFbCew7V-9Y &#8221; el_width=&#8221;70&#8243; align=&#8221;center&#8221; title=&#8221;Zobacz jak przebiega rejestracja w systemie IRK Uniwersytetu \u015al\u0105skiego?&#8221;][\/vc_column][\/vc_row] [&#8230;]<\/p>\n<p><a class=\"btn btn-secondary understrap-read-more-link\" href=\"https:\/\/us.edu.pl\/kandydat\/rekrutacja-na-studia-krok-po-kroku\/przebieg-rekrutacji\/\">Read More&#8230;<\/a><\/p>\n","protected":false},"author":31,"featured_media":0,"parent":1278,"menu_order":0,"comment_status":"closed","ping_status":"closed","template":"page-templates\/page-with-sidebar.php","meta":{"_expiration-date-status":"","_expiration-date":0,"_expiration-date-type":"","_expiration-date-categories":[],"_expiration-date-options":[]},"acf":[],"_links":{"self":[{"href":"https:\/\/us.edu.pl\/kandydat\/wp-json\/wp\/v2\/pages\/137"}],"collection":[{"href":"https:\/\/us.edu.pl\/kandydat\/wp-json\/wp\/v2\/pages"}],"about":[{"href":"https:\/\/us.edu.pl\/kandydat\/wp-json\/wp\/v2\/types\/page"}],"author":[{"embeddable":true,"href":"https:\/\/us.edu.pl\/kandydat\/wp-json\/wp\/v2\/users\/31"}],"replies":[{"embeddable":true,"href":"https:\/\/us.edu.pl\/kandydat\/wp-json\/wp\/v2\/comments?post=137"}],"version-history":[{"count":9,"href":"https:\/\/us.edu.pl\/kandydat\/wp-json\/wp\/v2\/pages\/137\/revisions"}],"predecessor-version":[{"id":18961,"href":"https:\/\/us.edu.pl\/kandydat\/wp-json\/wp\/v2\/pages\/137\/revisions\/18961"}],"up":[{"embeddable":true,"href":"https:\/\/us.edu.pl\/kandydat\/wp-json\/wp\/v2\/pages\/1278"}],"wp:attachment":[{"href":"https:\/\/us.edu.pl\/kandydat\/wp-json\/wp\/v2\/media?parent=137"}],"curies":[{"name":"wp","href":"https:\/\/api.w.org\/{rel}","templated":true}]}}