{"id":143,"date":"2019-09-25T09:19:30","date_gmt":"2019-09-25T07:19:30","guid":{"rendered":"http:\/\/php71.nfinity-beta.pl\/us\/kandydat\/?page_id=143"},"modified":"2023-05-09T08:09:33","modified_gmt":"2023-05-09T06:09:33","slug":"etap-ii-rekrutacji","status":"publish","type":"page","link":"https:\/\/us.edu.pl\/kandydat\/rekrutacja-na-studia-krok-po-kroku\/etap-ii-rekrutacji\/","title":{"rendered":"Etap II rekrutacji &#8211; po og\u0142oszeniu list os\u00f3b zakwalifikowanych"},"content":{"rendered":"<p>[vc_row][vc_column]\r\n                <div class=\"text-modules\">\r\n                    <div class=\"container\">\r\n                        <h3 class=\"page-title text__title\">Etap II rekrutacji - po og\u0142oszeniu list os\u00f3b zakwalifikowanych<\/h3>\r\n                        <div class=\"text-modules__content\"><\/p>\n<p align=\"justify\"><strong>Dokonaj wpisu na studia<\/strong><\/p>\n<p>Je\u015bli Tw\u00f3j status to \u201ezakwalifikowany\u201d \u2013 gratulujemy!<\/p>\n<p>Oznacza to, \u017ce w celu potwierdzenia woli podj\u0119cia studi\u00f3w, nale\u017cy dokona\u0107 wpisu na studia. Zanim udasz si\u0119 na uczelni\u0119 przygotuj komplet dokument\u00f3w <a href=\"https:\/\/us.edu.pl\/kandydat\/rekrutacja-na-studia-krok-po-kroku\/wymagane-dokumenty\/\"><strong>(wykaz)<\/strong><\/a> Potrzebne do wydrukowania dokumenty znajdziesz w linku \u201eDOKUMENTY I DALSZE KROKI\u201d. Aby je wydrukowa\u0107 musisz mie\u0107 uzupe\u0142nione: dane osobowe, szczeg\u00f3\u0142y dotycz\u0105ce \u015bwiadectwa dojrza\u0142o\u015bci i zaakceptowane zdj\u0119cie. Je\u017celi nie masz wype\u0142nionych wszystkich danych system poprosi Ci\u0119 o ich uzupe\u0142nienie w zak\u0142adce FORMULARZE OSOBOWE.\u00a0 Po ich uzupe\u0142nieniu b\u0119dziesz mie\u0107 mo\u017cliwo\u015b\u0107 wydrukowania potrzebnych dokument\u00f3w. Nast\u0119pnie w opisanej teczce <a href=\"https:\/\/us.edu.pl\/kandydat\/wp-content\/uploads\/sites\/13\/druki-rekrutacja\/teczka-na-dok.doc\" data-mtli=\"mtli_filesize24,50kB\" data-mtli=\"mtli_filesize24,50kB\"><strong>(wz\u00f3r opisu teczki)<\/strong><\/a> z\u0142\u00f3\u017c je w wyznaczonym terminie i miejscu wskazanym w harmonogramie przy ka\u017cdym kierunku w systemie IRK.<\/p>\n<p>Warunkiem dokonania wpisu i z\u0142o\u017cenia dokument\u00f3w jest okazanie dowodu to\u017csamo\u015bci lub paszportu.<\/p>\n<p align=\"justify\">Je\u017celi po otrzymaniu informacji o zakwalifikowaniu na I rok studi\u00f3w nie b\u0119dziesz m\u00f3g\u0142 osobi\u015bcie dokona\u0107 wpisu i z\u0142o\u017cy\u0107 dokument\u00f3w, mo\u017ce zrobi\u0107 to w Twoim imieniu druga osoba, przez Ciebie upowa\u017cniona. Osoba ta musi posiada\u0107<a href=\"https:\/\/us.edu.pl\/kandydat\/wp-content\/uploads\/sites\/13\/druki-rekrutacja\/upowaznienie.pdf\" data-mtli=\"mtli_filesize160,05kB\" data-mtli=\"mtli_filesize160,05kB\"><strong> pisemne upowa\u017cnienie<\/strong><\/a><\/p>\n<p align=\"justify\"><strong>ZOBACZ : <a href=\"https:\/\/us.edu.pl\/kandydat\/rekrutacja-na-studia-krok-po-kroku\/wymagane-dokumenty\/\">Wymagane dokumenty<\/a><\/strong><\/p>\n<p><strong>Informacja o przyj\u0119ciu na studia<\/strong><\/p>\n<p>Informacja o przyj\u0119ciu\u00a0 na studia pojawi si\u0119 w ci\u0105gu kilku dni w systemie IRK w zak\u0142adce \u201eZG\u0141OSZENIA REKRUTACYJNE\u201d , po terminie z\u0142o\u017cenia dokument\u00f3w na wydziale oraz wprowadzenia Twoich danych do Uniwersyteckiego Systemu Obs\u0142ugi Toku Studi\u00f3w ( USOS)<\/p>\n<p>Kandydaci z polskim obywatelstwem i obcokrajowcy maj\u0105 mo\u017cliwo\u015b\u0107 odebrania elektronicznej decyzji administracyjnej <strong>o nieprzyj\u0119ciu na studia<\/strong>.<\/p>\n<p><strong>Kandydaci przyj\u0119ci<\/strong> na studia <u>nie otrzymuj\u0105 decyzji o przyj\u0119ciu<\/u>. S\u0105 przyj\u0119ci na podstawie wpisu na I rok studi\u00f3w.<\/p>\n<style type=\"text\/css\">a[data-mtli~=\"mtli_filesize24,50kB\"]:after {content:\" (24,50 kB)\"}a[data-mtli~=\"mtli_filesize160,05kB\"]:after {content:\" (160,05 kB)\"}<\/style><\/div>\r\n                    <\/div>\r\n                <\/div>[\/vc_column][\/vc_row]<\/p>\n<style type=\"text\/css\">a[data-mtli~=\"mtli_filesize24,50kB\"]:after {content:\" (24,50 kB)\"}a[data-mtli~=\"mtli_filesize160,05kB\"]:after {content:\" (160,05 kB)\"}a[data-mtli~=\"mtli_filesize26,00kB\"]:after {content:\" (26,00 kB)\"}<\/style>","protected":false},"excerpt":{"rendered":"<p>[vc_row][vc_column][\/vc_column][\/vc_row] [&#8230;]<\/p>\n<p><a class=\"btn btn-secondary understrap-read-more-link\" href=\"https:\/\/us.edu.pl\/kandydat\/rekrutacja-na-studia-krok-po-kroku\/etap-ii-rekrutacji\/\">Read More&#8230;<\/a><\/p>\n","protected":false},"author":31,"featured_media":0,"parent":1278,"menu_order":0,"comment_status":"closed","ping_status":"closed","template":"page-templates\/page-with-sidebar-and-bookmarks.php","meta":{"_expiration-date-status":"","_expiration-date":0,"_expiration-date-type":"","_expiration-date-categories":[],"_expiration-date-options":[]},"acf":[],"_links":{"self":[{"href":"https:\/\/us.edu.pl\/kandydat\/wp-json\/wp\/v2\/pages\/143"}],"collection":[{"href":"https:\/\/us.edu.pl\/kandydat\/wp-json\/wp\/v2\/pages"}],"about":[{"href":"https:\/\/us.edu.pl\/kandydat\/wp-json\/wp\/v2\/types\/page"}],"author":[{"embeddable":true,"href":"https:\/\/us.edu.pl\/kandydat\/wp-json\/wp\/v2\/users\/31"}],"replies":[{"embeddable":true,"href":"https:\/\/us.edu.pl\/kandydat\/wp-json\/wp\/v2\/comments?post=143"}],"version-history":[{"count":10,"href":"https:\/\/us.edu.pl\/kandydat\/wp-json\/wp\/v2\/pages\/143\/revisions"}],"predecessor-version":[{"id":13690,"href":"https:\/\/us.edu.pl\/kandydat\/wp-json\/wp\/v2\/pages\/143\/revisions\/13690"}],"up":[{"embeddable":true,"href":"https:\/\/us.edu.pl\/kandydat\/wp-json\/wp\/v2\/pages\/1278"}],"wp:attachment":[{"href":"https:\/\/us.edu.pl\/kandydat\/wp-json\/wp\/v2\/media?parent=143"}],"curies":[{"name":"wp","href":"https:\/\/api.w.org\/{rel}","templated":true}]}}