{"id":14327,"date":"2023-09-19T09:12:56","date_gmt":"2023-09-19T07:12:56","guid":{"rendered":"https:\/\/us.edu.pl\/kandydat\/?page_id=14327"},"modified":"2025-06-27T14:46:49","modified_gmt":"2025-06-27T12:46:49","slug":"kryteria-przyjec-na-rok-akademicki-2025-2026","status":"publish","type":"page","link":"https:\/\/us.edu.pl\/kandydat\/rekrutacja-na-studia-krok-po-kroku\/kryteria-przyjec-na-rok-akademicki-2025-2026\/","title":{"rendered":"Kryteria przyj\u0119\u0107 na rok akademicki 2025\/2026"},"content":{"rendered":"<p>[vc_row][vc_column]\r\n                <div class=\"text-modules\">\r\n                    <div class=\"container\">\r\n                        <h3 class=\"page-title text__title\">Oferta kierunk\u00f3w studi\u00f3w oraz kryteria przyj\u0119\u0107 na rok akademicki 2025\/2026<\/h3>\r\n                        <div class=\"text-modules__content\"><p>Zapraszamy do zapoznania si\u0119 z ofert\u0105 kierunk\u00f3w studi\u00f3w oraz obowi\u0105zuj\u0105cymi kryteriami przyj\u0119\u0107 na przysz\u0142y rok akademicki 2025\/2026<\/p>\n<p><a href=\"https:\/\/aktyprawne.us.edu.pl\/d\/8169\/5\/\">Uchwa\u0142a nr 118 Senatu U\u015a zmieniaj\u0105ca uchwa\u0142\u0119 w sprawie warunk\u00f3w i trybu rekrutacji na I rok studi\u00f3w w Uniwersytecie \u015al\u0105skim w Katowicach w roku akademickim 2025\/2026<\/a><\/p>\n<p>U<a href=\"https:\/\/aktyprawne.us.edu.pl\/d\/8116\/5\/\">chwa\u0142a nr 112 Senatu U\u015a zmieniaj\u0105ca uchwa\u0142\u0119 w sprawie warunk\u00f3w i trybu rekrutacji na I rok studi\u00f3w w Uniwersytecie \u015al\u0105skim w Katowicach w roku akademickim 2025\/2026<\/a><\/p>\n<p><a href=\"https:\/\/us.edu.pl\/kandydat\/wp-content\/uploads\/sites\/13\/Kandydat\/Kryteria-2025_2026\/uchwala_573_2024.pdf\" data-mtli=\"mtli_filesize225,30kB\" data-mtli=\"mtli_filesize225,30kB\">Uchwa\u0142a nr 573\/2024 Senatu U\u015a w sprawie warunk\u00f3w i trybu rekrutacji na I rok studi\u00f3w w Uniwersytecie \u015al\u0105skim w Katowicach w roku akademickim 2025\/2026<\/a><\/p>\n<ul>\n<li><a href=\"https:\/\/us.edu.pl\/kandydat\/wp-content\/uploads\/sites\/13\/Kandydat\/Kryteria-2025_2026\/zal_do_573_2024_1_WYDZIAL_HUMANISTYCZNY.pdf\" data-mtli=\"mtli_filesize571,54kB\" data-mtli=\"mtli_filesize571,54kB\">WYDZIA\u0141 HUMANISTYCZNY<\/a><\/li>\n<li><a href=\"https:\/\/us.edu.pl\/kandydat\/wp-content\/uploads\/sites\/13\/Kandydat\/Kryteria-2025_2026\/zal_do_573_2024_2_WYDZIAL_NAUK_PRZYRODNICZYCH.pdf\" data-mtli=\"mtli_filesize247,85kB\" data-mtli=\"mtli_filesize247,85kB\">WYDZIA\u0141 NAUK PRZYRODNICZYCH<\/a><\/li>\n<li><a href=\"https:\/\/us.edu.pl\/kandydat\/wp-content\/uploads\/sites\/13\/Kandydat\/Kryteria-2025_2026\/zal_do_573_2024_3_WYDZIAL_NAUK_SPOLECZNYCH.pdf\" data-mtli=\"mtli_filesize214,36kB\" data-mtli=\"mtli_filesize214,36kB\">WYDZIA\u0141 NAUK SPO\u0141ECZNYCH<\/a><\/li>\n<li><a href=\"https:\/\/us.edu.pl\/kandydat\/wp-content\/uploads\/sites\/13\/Kandydat\/Kryteria-2025_2026\/zal_do_573_2024_4_WYDZIAL_NAUK_SCISLYCH_I_TECHNICZNYCH.pdf\" data-mtli=\"mtli_filesize369,88kB\" data-mtli=\"mtli_filesize369,88kB\">WYDZIA\u0141 NAUK \u015aCIS\u0141YCH I TECHNICZNYCH<\/a><\/li>\n<li><a href=\"https:\/\/us.edu.pl\/kandydat\/wp-content\/uploads\/sites\/13\/Kandydat\/Kryteria-2025_2026\/zal_do_573_2024_5_WYDZIAL_PRAWA_I_ADMINISTRACJI.pdf\" data-mtli=\"mtli_filesize139,82kB\" data-mtli=\"mtli_filesize139,82kB\">WYDZIA\u0141 PRAWA I ADMINISTRACJI<\/a><\/li>\n<li><a href=\"https:\/\/us.edu.pl\/kandydat\/wp-content\/uploads\/sites\/13\/Kandydat\/Kryteria-2025_2026\/zal_do_573_2024_6_WYDZIAL_SZTUKI_I_NAUK_O_EDUKACJI.pdf\" data-mtli=\"mtli_filesize265,63kB\" data-mtli=\"mtli_filesize265,63kB\">WYDZIA\u0141 SZTUKI I NAUK O EDUKACJI<\/a><\/li>\n<li><a href=\"https:\/\/us.edu.pl\/kandydat\/wp-content\/uploads\/sites\/13\/Kandydat\/Kryteria-2025_2026\/zal_do_573_2024_7_WYDZIAL_TEOLOGICZNY.pdf\" data-mtli=\"mtli_filesize202,75kB\" data-mtli=\"mtli_filesize202,75kB\">WYDZIA\u0141 TEOLOGICZNY<\/a><\/li>\n<li><a href=\"https:\/\/us.edu.pl\/kandydat\/wp-content\/uploads\/sites\/13\/Kandydat\/Kryteria-2025_2026\/zal_do_573_2024_8_SZKOLA_FILMOWA.pdf\" data-mtli=\"mtli_filesize147,65kB\" data-mtli=\"mtli_filesize147,65kB\">SZKO\u0141A FILMOWA<\/a><\/li>\n<li><a href=\"https:\/\/us.edu.pl\/kandydat\/wp-content\/uploads\/sites\/13\/Kandydat\/Kryteria-2025_2026\/zal_do_573_2024_9_KOLEGIUM_INDYWIDUALNYCH_STUDIOW_MIEDZYOBSZAROWYCH.pdf\" data-mtli=\"mtli_filesize192,62kB\" data-mtli=\"mtli_filesize192,62kB\">KOLEGIUM INDYWIDUALNYCH STUDIOW MIEDZYOBSZAROWYCH<\/a><\/li>\n<li><a href=\"https:\/\/us.edu.pl\/kandydat\/wp-content\/uploads\/sites\/13\/Kandydat\/Kryteria-2025_2026\/zal_do_573_2024_10_Przeliczanie_ocen_ze_swiadectw_z_zagranicy.pdf\" data-mtli=\"mtli_filesize574,22kB\" data-mtli=\"mtli_filesize574,22kB\">Przeliczenia ocen ze \u015bwiadectw z zagranicy<\/a><\/li>\n<\/ul>\n<p>\n<style type=\"text\/css\">a[data-mtli~=\"mtli_filesize225,30kB\"]:after {content:\" (225,30 kB)\"}a[data-mtli~=\"mtli_filesize571,54kB\"]:after {content:\" (571,54 kB)\"}a[data-mtli~=\"mtli_filesize247,85kB\"]:after {content:\" (247,85 kB)\"}a[data-mtli~=\"mtli_filesize214,36kB\"]:after {content:\" (214,36 kB)\"}a[data-mtli~=\"mtli_filesize369,88kB\"]:after {content:\" (369,88 kB)\"}a[data-mtli~=\"mtli_filesize139,82kB\"]:after {content:\" (139,82 kB)\"}a[data-mtli~=\"mtli_filesize265,63kB\"]:after {content:\" (265,63 kB)\"}a[data-mtli~=\"mtli_filesize202,75kB\"]:after {content:\" (202,75 kB)\"}a[data-mtli~=\"mtli_filesize147,65kB\"]:after {content:\" (147,65 kB)\"}a[data-mtli~=\"mtli_filesize192,62kB\"]:after {content:\" (192,62 kB)\"}a[data-mtli~=\"mtli_filesize574,22kB\"]:after {content:\" (574,22 kB)\"}<\/style><\/div>\r\n                    <\/div>\r\n                <\/div>[vc_separator color=&#8221;custom&#8221; align=&#8221;align_left&#8221; border_width=&#8221;2&#8243; accent_color=&#8221;#38507b&#8221;]\r\n                <div class=\"text-modules\">\r\n                    <div class=\"container\">\r\n                        \r\n                        <div class=\"text-modules__content\"><\/p>\n<h3 style=\"text-align: center;\"><span style=\"color: #011535; font-family: PT Sans Narrow;\"><strong>Internetowa Rejestracja Kandydat\u00f3w (IRK)<\/strong><\/span><\/h3>\n<p>\n<\/div>\r\n                    <\/div>\r\n                <\/div>[vc_btn title=&#8221;sprawd\u017a ofert\u0119 kierunk\u00f3w i kryteria przyj\u0119\u0107&#8221; style=&#8221;custom&#8221; custom_background=&#8221;#011535&#8243; custom_text=&#8221;#fcfcfc&#8221; shape=&#8221;square&#8221; size=&#8221;lg&#8221; align=&#8221;center&#8221; link=&#8221;url:https%3A%2F%2Firk.us.edu.pl%2Fpl%2F&#8221;][vc_separator color=&#8221;custom&#8221; align=&#8221;align_left&#8221; border_width=&#8221;2&#8243; accent_color=&#8221;#38507b&#8221;][\/vc_column][\/vc_row][vc_row][vc_column]\n\t\t\t\t<input type=\"hidden\" name=\"promoted_only\" value=\"\">\n\t\t\t\t<input type=\"hidden\" name=\"order\" value=\"ASC\">\n\t\t\t\t<input type=\"hidden\" name=\"order_by\" value=\"menu_order\">\n\n\t\t\t\t<div class=\"article-loop loop-section article-loop_tall color-blue\" style=\"background: \">\n\t\t\t\t\t <div class=\"container \">\n\t\t\t\t\t \t<div class=\"col-12 article-loop-gutter-left\">\n\t\t\t\t\t\t  <div class=\"article-loop-top loop-section-top\">\n\t\t\t\t\t\t\t\t<h2 class=\"section-title\"><\/h2><div class=\"article-loop-top_right loop-section-top__right\" >\n\t\t\t\t\t\t\t\t\t <select name=\"sort\" title = \"filter by category\"\n\t\t\t\t\t\t\t\t\t\t  class=\"article-loop-sort\" >\n\t\t\t\t\t\t\t\t\t\t  <option value = \"\" selected disabled > filtrowanie wed\u0142ug kategorii<\/option>\n\t\t\t\t\t\t\t\t\t\t  <option value = \"13-35\" > Wszystko<\/option> <option data-link='https:\/\/us.edu.pl\/kandydat\/category\/wiadomosci\/rekrutacja\/' value='13-35'>rekrutacja<\/option><\/select>    <a href = \"https:\/\/us.edu.pl\/kandydat\/wszystko?title=&order=ASC&order_by=menu_order&categories%5B0%5D=13-35\" class=\"link-button \" > Wszystko<\/a><\/div>  \n\t\t\t\t\t\t  <\/div>\n\t\t\t\t\t\t  <div class=\"article-loop-main carousel\" data-home-url=\"https:\/\/us.edu.pl\/kandydat\" >\n\t\t\t\t\t\t\t\t<a href = \"#\" data-slide = \"prev\" title=\"przesu\u0144 pasek w lewo\" class=\"arrow\" >\n\t\t\t\t\t\t\t\t\t <em class=\"ci ci-arrow-left\" ><\/em >\n\t\t\t\t\t\t\t\t\t <span class=\"d-none\" > arrow<\/span >\n\t\t\t\t\t\t\t\t<\/a>\n\t \n\t\t\t\t\t\t\t\t<a href = \"#\" data-slide = \"next\" title=\"przesu\u0144 pasek  w prawo\" class=\"arrow\" >\n\t\t\t\t\t\t\t\t\t <em class=\"ci ci-arrow-right\" ><\/em >\n\t\t\t\t\t\t\t\t\t <span class=\"d-none\" > arrow<\/span >\n\t\t\t\t\t\t\t\t<\/a>\n\t\t\t\t\t\t\t\t<div class=\"row items\" >\n\t\t\t\t\t\t\t\t\t \r\n            <article class=\"article-loop-post carousel-slide\">\r\n                <a href=\"https:\/\/us.edu.pl\/multimedia\/dzien-otwarty-uniwersytetu-slaskiego-w-liczbach\/\" class=\"article-loop-post__thumbnail thumbnail\"\r\n                    style=\"background-image: url(https:\/\/us.edu.pl\/kandydat\/wp-content\/uploads\/sites\/13\/2026\/03\/Dzien-Otwarty-US-w-liczbach.png)\">\r\n                    <span>wi\u0119cej<\/span>\r\n                <\/a>\r\n\r\n                <div class=\"article-loop-post__content\">\r\n                    <h3 class=\"article-loop-post__title\">\r\n                        <a href=\"https:\/\/us.edu.pl\/multimedia\/dzien-otwarty-uniwersytetu-slaskiego-w-liczbach\/\">Dzie\u0144 Otwarty Uniwersytetu \u015al\u0105skiego w liczbach!<\/a>\r\n                    <\/h3>\r\n            \r\n                    <div class=\"article-loop-post__categories\">\r\n                        <a href=\"https:\/\/us.edu.pl\/kandydat\/category\/wiadomosci\/rekrutacja\/\">rekrutacja<\/a>\r\n                    <\/div>    \r\n                <\/div>\r\n            <\/article>\r\n        \r\n            <article class=\"article-loop-post carousel-slide\">\r\n                <a href=\"https:\/\/us.edu.pl\/wydzial\/wnst\/en\/2026\/02\/09\/vinci-reloaded-interdyscyplinarna-miedzynarodowa-szkola-letnia-proces-rekrutacji-rozpoczety\/\" class=\"article-loop-post__thumbnail thumbnail\"\r\n                    style=\"background-image: url(https:\/\/us.edu.pl\/kandydat\/wp-content\/uploads\/sites\/13\/Bez-kategorii\/registration-600x450.jpg)\">\r\n                    <span>wi\u0119cej<\/span>\r\n                <\/a>\r\n\r\n                <div class=\"article-loop-post__content\">\r\n                    <h3 class=\"article-loop-post__title\">\r\n                        <a href=\"https:\/\/us.edu.pl\/wydzial\/wnst\/en\/2026\/02\/09\/vinci-reloaded-interdyscyplinarna-miedzynarodowa-szkola-letnia-proces-rekrutacji-rozpoczety\/\">VINCI RELOADED Dive into science | Rekrutacja do Szko\u0142y Letniej rozpocz\u0119ta<\/a>\r\n                    <\/h3>\r\n            \r\n                    <div class=\"article-loop-post__categories\">\r\n                        <a href=\"https:\/\/us.edu.pl\/kandydat\/category\/bez-kategorii\/\">Bez kategorii<\/a><a href=\"https:\/\/us.edu.pl\/kandydat\/category\/przyszli-studenci\/\">przyszli studenci<\/a><a href=\"https:\/\/us.edu.pl\/kandydat\/category\/wiadomosci\/rekrutacja\/\">rekrutacja<\/a>\r\n                    <\/div>    \r\n                <\/div>\r\n            <\/article>\r\n        \r\n            <article class=\"article-loop-post carousel-slide\">\r\n                <a href=\"https:\/\/us.edu.pl\/kandydat\/co-dalej-po-studiach-i-stopnia-zaplanuj-kolejny-krok-edukacji-z-us\/\" class=\"article-loop-post__thumbnail thumbnail\"\r\n                    style=\"background-image: url(https:\/\/us.edu.pl\/kandydat\/wp-content\/uploads\/sites\/13\/Bez-kategorii\/Grafika-rekrutacja-202627-600x503.png)\">\r\n                    <span>wi\u0119cej<\/span>\r\n                <\/a>\r\n\r\n                <div class=\"article-loop-post__content\">\r\n                    <h3 class=\"article-loop-post__title\">\r\n                        <a href=\"https:\/\/us.edu.pl\/kandydat\/co-dalej-po-studiach-i-stopnia-zaplanuj-kolejny-krok-edukacji-z-us\/\">Co dalej po studiach I stopnia? Zaplanuj kolejny krok edukacji z U\u015a!<\/a>\r\n                    <\/h3>\r\n            \r\n                    <div class=\"article-loop-post__categories\">\r\n                        <a href=\"https:\/\/us.edu.pl\/kandydat\/category\/wiadomosci\/rekrutacja\/\">rekrutacja<\/a>\r\n                    <\/div>    \r\n                <\/div>\r\n            <\/article>\r\n        \r\n            <article class=\"article-loop-post carousel-slide\">\r\n                <a href=\"https:\/\/us.edu.pl\/kandydat\/dziki-indeks\/\" class=\"article-loop-post__thumbnail thumbnail\"\r\n                    style=\"background-image: url(https:\/\/us.edu.pl\/kandydat\/wp-content\/uploads\/sites\/13\/2026\/01\/2026_us_dziki-indeks_2_-800x600px-600x450.png)\">\r\n                    <span>wi\u0119cej<\/span>\r\n                <\/a>\r\n\r\n                <div class=\"article-loop-post__content\">\r\n                    <h3 class=\"article-loop-post__title\">\r\n                        <a href=\"https:\/\/us.edu.pl\/kandydat\/dziki-indeks\/\">Studia bez standardowej rekrutacji \u2013 sprawd\u017a, jak dzia\u0142a Dziki Indeks<\/a>\r\n                    <\/h3>\r\n            \r\n                    <div class=\"article-loop-post__categories\">\r\n                        <a href=\"https:\/\/us.edu.pl\/kandydat\/category\/przyszli-studenci\/\">przyszli studenci<\/a><a href=\"https:\/\/us.edu.pl\/kandydat\/category\/wiadomosci\/rekrutacja\/\">rekrutacja<\/a>\r\n                    <\/div>    \r\n                <\/div>\r\n            <\/article>\r\n        \r\n            <article class=\"article-loop-post carousel-slide\">\r\n                <a href=\"https:\/\/us.edu.pl\/kandydat\/nabor-na-semestr-letni\/\" class=\"article-loop-post__thumbnail thumbnail\"\r\n                    style=\"background-image: url(https:\/\/us.edu.pl\/kandydat\/wp-content\/uploads\/sites\/13\/zdj\u0119cia-rekrutacja\/us-19-of-93-300x200.jpg)\">\r\n                    <span>wi\u0119cej<\/span>\r\n                <\/a>\r\n\r\n                <div class=\"article-loop-post__content\">\r\n                    <h3 class=\"article-loop-post__title\">\r\n                        <a href=\"https:\/\/us.edu.pl\/kandydat\/nabor-na-semestr-letni\/\">Nab\u00f3r na studia na semestr letni 2025\/2026<\/a>\r\n                    <\/h3>\r\n            \r\n                    <div class=\"article-loop-post__categories\">\r\n                        <a href=\"https:\/\/us.edu.pl\/kandydat\/category\/wiadomosci\/rekrutacja\/\">rekrutacja<\/a><a href=\"https:\/\/us.edu.pl\/kandydat\/category\/wiadomosci\/\">Wiadomo\u015bci<\/a>\r\n                    <\/div>    \r\n                <\/div>\r\n            <\/article>\r\n        \r\n            <article class=\"article-loop-post carousel-slide\">\r\n                <a href=\"https:\/\/us.edu.pl\/kandydat\/rekrutacja-na-rok-akademicki\/\" class=\"article-loop-post__thumbnail thumbnail\"\r\n                    style=\"background-image: url(https:\/\/us.edu.pl\/kandydat\/wp-content\/uploads\/sites\/13\/zdj\u0119cia-rekrutacja\/DSC7732-300x202.jpg)\">\r\n                    <span>wi\u0119cej<\/span>\r\n                <\/a>\r\n\r\n                <div class=\"article-loop-post__content\">\r\n                    <h3 class=\"article-loop-post__title\">\r\n                        <a href=\"https:\/\/us.edu.pl\/kandydat\/rekrutacja-na-rok-akademicki\/\">Terminy rekrutacji na rok akademicki 2026\/2027<\/a>\r\n                    <\/h3>\r\n            \r\n                    <div class=\"article-loop-post__categories\">\r\n                        <a href=\"https:\/\/us.edu.pl\/kandydat\/category\/wiadomosci\/rekrutacja\/\">rekrutacja<\/a><a href=\"https:\/\/us.edu.pl\/kandydat\/category\/wiadomosci\/\">Wiadomo\u015bci<\/a>\r\n                    <\/div>    \r\n                <\/div>\r\n            <\/article>\r\n        \r\n            <article class=\"article-loop-post carousel-slide\">\r\n                <a href=\"https:\/\/us.edu.pl\/kandydat\/listy-zakwalifikowanych-na-studia\/\" class=\"article-loop-post__thumbnail thumbnail\"\r\n                    style=\"background-image: url(https:\/\/us.edu.pl\/kandydat\/wp-content\/uploads\/sites\/13\/Bez-kategorii\/us_R2_22-23_13-1-e1667554230213-600x341.png)\">\r\n                    <span>wi\u0119cej<\/span>\r\n                <\/a>\r\n\r\n                <div class=\"article-loop-post__content\">\r\n                    <h3 class=\"article-loop-post__title\">\r\n                        <a href=\"https:\/\/us.edu.pl\/kandydat\/listy-zakwalifikowanych-na-studia\/\">Listy zakwalifikowanych na studia<\/a>\r\n                    <\/h3>\r\n            \r\n                    <div class=\"article-loop-post__categories\">\r\n                        <a href=\"https:\/\/us.edu.pl\/kandydat\/category\/wiadomosci\/rekrutacja\/\">rekrutacja<\/a>\r\n                    <\/div>    \r\n                <\/div>\r\n            <\/article>\r\n        \r\n            <article class=\"article-loop-post carousel-slide\">\r\n                <a href=\"https:\/\/us.edu.pl\/kandydat\/studia-angielski\/\" class=\"article-loop-post__thumbnail thumbnail\"\r\n                    style=\"background-image: url(https:\/\/us.edu.pl\/kandydat\/wp-content\/uploads\/sites\/13\/zdj\u0119cia-rekrutacja\/DSC7018a-300x200.jpg)\">\r\n                    <span>wi\u0119cej<\/span>\r\n                <\/a>\r\n\r\n                <div class=\"article-loop-post__content\">\r\n                    <h3 class=\"article-loop-post__title\">\r\n                        <a href=\"https:\/\/us.edu.pl\/kandydat\/studia-angielski\/\">Studia w j\u0119zyku angielskim<\/a>\r\n                    <\/h3>\r\n            \r\n                    <div class=\"article-loop-post__categories\">\r\n                        <a href=\"https:\/\/us.edu.pl\/kandydat\/category\/wiadomosci\/rekrutacja\/\">rekrutacja<\/a>\r\n                    <\/div>    \r\n                <\/div>\r\n            <\/article>\r\n        \r\n            <article class=\"article-loop-post carousel-slide\">\r\n                <a href=\"https:\/\/us.edu.pl\/student\/nowy-student\/nowy-student-pierwsze-kroki\/\" class=\"article-loop-post__thumbnail thumbnail\"\r\n                    style=\"background-image: url(https:\/\/us.edu.pl\/kandydat\/wp-content\/uploads\/sites\/13\/Bez-kategorii\/sport-i-jezyki-obce-e1574938547626-600x412.jpg)\">\r\n                    <span>wi\u0119cej<\/span>\r\n                <\/a>\r\n\r\n                <div class=\"article-loop-post__content\">\r\n                    <h3 class=\"article-loop-post__title\">\r\n                        <a href=\"https:\/\/us.edu.pl\/student\/nowy-student\/nowy-student-pierwsze-kroki\/\">Vademecum studenckie<\/a>\r\n                    <\/h3>\r\n            \r\n                    <div class=\"article-loop-post__categories\">\r\n                        <a href=\"https:\/\/us.edu.pl\/kandydat\/category\/wiadomosci\/rekrutacja\/\">rekrutacja<\/a>\r\n                    <\/div>    \r\n                <\/div>\r\n            <\/article>\r\n        \n\t\t\t\t\t\t\t\t<\/div>\n\t\t\t\t\t\t  <\/div>\n\t\t\t\t\t <\/div>\n\t\t\t\t\t <\/div>\n\t\t\t\t<\/div>[\/vc_column][\/vc_row]<\/p>\n<style type=\"text\/css\">a[data-mtli~=\"mtli_filesize225,30kB\"]:after {content:\" (225,30 kB)\"}a[data-mtli~=\"mtli_filesize571,54kB\"]:after {content:\" (571,54 kB)\"}a[data-mtli~=\"mtli_filesize247,85kB\"]:after {content:\" (247,85 kB)\"}a[data-mtli~=\"mtli_filesize214,36kB\"]:after {content:\" (214,36 kB)\"}a[data-mtli~=\"mtli_filesize369,88kB\"]:after {content:\" (369,88 kB)\"}a[data-mtli~=\"mtli_filesize139,82kB\"]:after {content:\" (139,82 kB)\"}a[data-mtli~=\"mtli_filesize265,63kB\"]:after {content:\" (265,63 kB)\"}a[data-mtli~=\"mtli_filesize202,75kB\"]:after {content:\" (202,75 kB)\"}a[data-mtli~=\"mtli_filesize147,65kB\"]:after {content:\" (147,65 kB)\"}a[data-mtli~=\"mtli_filesize192,62kB\"]:after {content:\" (192,62 kB)\"}a[data-mtli~=\"mtli_filesize574,22kB\"]:after {content:\" (574,22 kB)\"}a[data-mtli~=\"mtli_filesize160,30kB\"]:after {content:\" (160,30 kB)\"}<\/style>","protected":false},"excerpt":{"rendered":"<p>[vc_row][vc_column][vc_separator color=&#8221;custom&#8221; align=&#8221;align_left&#8221; border_width=&#8221;2&#8243; accent_color=&#8221;#38507b&#8221;][vc_btn title=&#8221;sprawd\u017a ofert\u0119 kierunk\u00f3w i kryteria przyj\u0119\u0107&#8221; style=&#8221;custom&#8221; custom_background=&#8221;#011535&#8243; custom_text=&#8221;#fcfcfc&#8221; shape=&#8221;square&#8221; size=&#8221;lg&#8221; align=&#8221;center&#8221; link=&#8221;url:https%3A%2F%2Firk.us.edu.pl%2Fpl%2F&#8221;][vc_separator color=&#8221;custom&#8221; align=&#8221;align_left&#8221; border_width=&#8221;2&#8243; accent_color=&#8221;#38507b&#8221;][\/vc_column][\/vc_row][vc_row][vc_column][\/vc_column][\/vc_row] [&#8230;]<\/p>\n<p><a class=\"btn btn-secondary understrap-read-more-link\" href=\"https:\/\/us.edu.pl\/kandydat\/vademecum-studenckie\/\">Read More&#8230;<\/a><\/p>\n","protected":false},"author":31,"featured_media":0,"parent":1278,"menu_order":12,"comment_status":"closed","ping_status":"closed","template":"page-templates\/page-with-sidebar-and-bookmarks.php","meta":{"_expiration-date-status":"","_expiration-date":0,"_expiration-date-type":"","_expiration-date-categories":[],"_expiration-date-options":[]},"acf":[],"_links":{"self":[{"href":"https:\/\/us.edu.pl\/kandydat\/wp-json\/wp\/v2\/pages\/14327"}],"collection":[{"href":"https:\/\/us.edu.pl\/kandydat\/wp-json\/wp\/v2\/pages"}],"about":[{"href":"https:\/\/us.edu.pl\/kandydat\/wp-json\/wp\/v2\/types\/page"}],"author":[{"embeddable":true,"href":"https:\/\/us.edu.pl\/kandydat\/wp-json\/wp\/v2\/users\/31"}],"replies":[{"embeddable":true,"href":"https:\/\/us.edu.pl\/kandydat\/wp-json\/wp\/v2\/comments?post=14327"}],"version-history":[{"count":10,"href":"https:\/\/us.edu.pl\/kandydat\/wp-json\/wp\/v2\/pages\/14327\/revisions"}],"predecessor-version":[{"id":19853,"href":"https:\/\/us.edu.pl\/kandydat\/wp-json\/wp\/v2\/pages\/14327\/revisions\/19853"}],"up":[{"embeddable":true,"href":"https:\/\/us.edu.pl\/kandydat\/wp-json\/wp\/v2\/pages\/1278"}],"wp:attachment":[{"href":"https:\/\/us.edu.pl\/kandydat\/wp-json\/wp\/v2\/media?parent=14327"}],"curies":[{"name":"wp","href":"https:\/\/api.w.org\/{rel}","templated":true}]}}