{"id":151,"date":"2019-09-25T09:33:25","date_gmt":"2019-09-25T07:33:25","guid":{"rendered":"http:\/\/php71.nfinity-beta.pl\/us\/kandydat\/?page_id=151"},"modified":"2021-04-26T11:37:51","modified_gmt":"2021-04-26T09:37:51","slug":"studia-w-polsce","status":"publish","type":"page","link":"https:\/\/us.edu.pl\/kandydat\/cudzoziemcy\/studia-w-polsce\/","title":{"rendered":"Studia w Polsce"},"content":{"rendered":"<p>[vc_row][vc_column][vc_empty_space]\r\n                <div class=\"text-modules\">\r\n                    <div class=\"container\">\r\n                        <h3 class=\"page-title text__title\">Studia w Polsce<\/h3>\r\n                        <div class=\"text-modules__content\"><\/p>\n<p align=\"justify\">O przyj\u0119cie na studia w Polsce mog\u0105 ubiega\u0107 si\u0119 osoby, kt\u00f3re posiadaj\u0105 dokumenty o wykszta\u0142ceniu \u015brednim lub wy\u017cszym, pozwalaj\u0105ce na podj\u0119cie studi\u00f3w w kraju wydania tych dokument\u00f3w. Studia w Polsce mo\u017cna podj\u0105\u0107 bez wzgl\u0119du na wiek, nie obowi\u0105zuj\u0105 w tym zakresie \u017cadne limity.<\/p>\n<p align=\"justify\">W Polsce studia wy\u017csze dziel\u0105 si\u0119 na studia I stopnia, II stopnia i jednolite magisterskie.<br \/>\nStudia I stopnia to studia:<\/p>\n<ul>\n<li>licencjackie, zako\u0144czone uzyskaniem tytu\u0142u licencjata (czas trwania: 3 lata);<\/li>\n<li>in\u017cynierskie, zako\u0144czone uzyskaniem tytu\u0142u in\u017cyniera (czas trwania: 3,5 roku).<\/li>\n<\/ul>\n<p align=\"justify\">Studia II stopnia to studia magisterskie:<\/p>\n<ul>\n<li>policencjackie, zako\u0144czone uzyskaniem tytu\u0142u magistra (czas trwania: 2 lata);<\/li>\n<li>poin\u017cynierskie, zako\u0144czone uzyskaniem tytu\u0142u magistra in\u017cyniera (czas trwania: 1,5 roku).<\/li>\n<\/ul>\n<p align=\"justify\">Studia jednolite magisterskie to studia trwaj\u0105ce 5 lat i zako\u0144czone uzyskaniem tytu\u0142u magistra. Na Uniwersytecie \u015al\u0105skim jako studia jednolite magisterskie prowadzone s\u0105 kierunki:<\/p>\n<ul>\n<li>grafika;<\/li>\n<li>pedagogika przedszkolna i wczesnoszkolna;<\/li>\n<li>pedagogika specjalna;<\/li>\n<li>prawo;<\/li>\n<li>psychologia;<\/li>\n<li>realizacja obrazu filmowego, telewizyjnego i fotografia;<\/li>\n<li>teologia.<\/li>\n<\/ul>\n<p align=\"justify\">Kandydaci zainteresowani podj\u0119ciem studi\u00f3w I stopnia lub jednolitych magisterskich musz\u0105 posiada\u0107 \u015bwiadectwo dojrza\u0142o\u015bci (maturalne) albo \u015bwiadectwo uko\u0144czenia szko\u0142y \u015bredniej, albo inny dokument uprawniaj\u0105cy do podj\u0119cia studi\u00f3w I stopnia lub jednolitych studi\u00f3w magisterskich w kraju, w kt\u00f3rym zosta\u0142 wydany dany dokument.<\/p>\n<p align=\"justify\">Kandydaci, kt\u00f3rzy chc\u0105 podj\u0105\u0107 studia II stopnia musz\u0105 posiada\u0107 dyplom uko\u0144czenia studi\u00f3w I stopnia, II stopnia lub jednolitych magisterskich, wraz z suplementem z ocenami, albo inny dokument, kt\u00f3ry uprawnia ich do podj\u0119cia studi\u00f3w w kraju wydania dokumentu.<\/p>\n<p>\n<\/div>\r\n                    <\/div>\r\n                <\/div>[\/vc_column][\/vc_row]<\/p>","protected":false},"excerpt":{"rendered":"<p>[vc_row][vc_column][vc_empty_space][\/vc_column][\/vc_row] [&#8230;]<\/p>\n<p><a class=\"btn btn-secondary understrap-read-more-link\" href=\"https:\/\/us.edu.pl\/kandydat\/cudzoziemcy\/studia-w-polsce\/\">Read More&#8230;<\/a><\/p>\n","protected":false},"author":1,"featured_media":0,"parent":148,"menu_order":0,"comment_status":"closed","ping_status":"closed","template":"page-templates\/page-with-sidebar.php","meta":{"_expiration-date-status":"saved","_expiration-date":0,"_expiration-date-type":"","_expiration-date-categories":[],"_expiration-date-options":[]},"acf":[],"_links":{"self":[{"href":"https:\/\/us.edu.pl\/kandydat\/wp-json\/wp\/v2\/pages\/151"}],"collection":[{"href":"https:\/\/us.edu.pl\/kandydat\/wp-json\/wp\/v2\/pages"}],"about":[{"href":"https:\/\/us.edu.pl\/kandydat\/wp-json\/wp\/v2\/types\/page"}],"author":[{"embeddable":true,"href":"https:\/\/us.edu.pl\/kandydat\/wp-json\/wp\/v2\/users\/1"}],"replies":[{"embeddable":true,"href":"https:\/\/us.edu.pl\/kandydat\/wp-json\/wp\/v2\/comments?post=151"}],"version-history":[{"count":13,"href":"https:\/\/us.edu.pl\/kandydat\/wp-json\/wp\/v2\/pages\/151\/revisions"}],"predecessor-version":[{"id":7652,"href":"https:\/\/us.edu.pl\/kandydat\/wp-json\/wp\/v2\/pages\/151\/revisions\/7652"}],"up":[{"embeddable":true,"href":"https:\/\/us.edu.pl\/kandydat\/wp-json\/wp\/v2\/pages\/148"}],"wp:attachment":[{"href":"https:\/\/us.edu.pl\/kandydat\/wp-json\/wp\/v2\/media?parent=151"}],"curies":[{"name":"wp","href":"https:\/\/api.w.org\/{rel}","templated":true}]}}