{"id":154,"date":"2019-09-25T09:38:26","date_gmt":"2019-09-25T07:38:26","guid":{"rendered":"http:\/\/php71.nfinity-beta.pl\/us\/kandydat\/?page_id=154"},"modified":"2026-02-19T11:50:56","modified_gmt":"2026-02-19T10:50:56","slug":"jak-aplikowac-na-studia","status":"publish","type":"page","link":"https:\/\/us.edu.pl\/kandydat\/cudzoziemcy\/jak-aplikowac-na-studia\/","title":{"rendered":"Jak aplikowa\u0107 na studia?"},"content":{"rendered":"<p>[vc_row][vc_column]\r\n                <div class=\"text-modules\">\r\n                    <div class=\"container\">\r\n                        <h3 class=\"page-title text__title\">Jak aplikowa\u0107 na studia?<\/h3>\r\n                        <div class=\"text-modules__content\"><p>Proces aplikowania na studia odbywa si\u0119 online, za po\u015brednictwem Internetu, przez system Internetowej Rejestracji Kandydat\u00f3w (IRK). W przypadku wi\u0119kszo\u015bci kierunk\u00f3w nie ma potrzeby, aby kandydat przyje\u017cd\u017ca\u0142 do Polski w czasie trwania rekrutacji. Kwalifikacja na studia odbywa si\u0119 na podstawie <strong>ocen<\/strong> na \u015bwiadectwie uko\u0144czenia szko\u0142y \u015bredniej (lub innym dokumencie, kt\u00f3ry pozwala na podj\u0119cie studi\u00f3w w kraju, w kt\u00f3rym kandydat uko\u0144czy\u0142 poprzedni etap edukacji) lub dyplomie uko\u0144czenia studi\u00f3w I stopnia (lub innym dokumencie, kt\u00f3ry pozwala na podj\u0119cie studi\u00f3w II stopnia w kraju, w kt\u00f3rym kandydat uko\u0144czy\u0142 poprzedni etap edukacji).<\/p>\n<p>W przypadku niekt\u00f3rych kierunk\u00f3w (g\u0142\u00f3wnie artystycznych) dodatkowe kryterium kwalifikacji na studia stanowi pozytywna ocena z egzaminu wst\u0119pnego, kt\u00f3ry przeprowadzany jest na Uniwersytecie \u015al\u0105skim. W przypadku aplikowania na podstawie dokument\u00f3w nie uprawniaj\u0105cych do bezpo\u015bredniego aplikowania na studia I stopnia lub jednolite magisterskie (dokumenty wydane poza krajami cz\u0142onkowskimi Unii Europejskiej, OECD, EFTA, EOG, Ukrain\u0105 i Chinami) kandydat bierze udzia\u0142 w egzaminie wst\u0119pnym na ka\u017cdym kierunku, na kt\u00f3ry aplikuje.<\/p>\n<p>Rekrutacja na studia na wi\u0119kszo\u015b\u0107 kierunk\u00f3w przeprowadzana jest raz w roku. Rozpoczyna si\u0119 najcz\u0119\u015bciej na pocz\u0105tku czerwca. Na niekt\u00f3re kierunki studi\u00f3w II stopnia przeprowadza si\u0119 rekrutacj\u0119 w lutym \u2013 dotyczy to wy\u0142\u0105cznie studi\u00f3w uzupe\u0142niaj\u0105cych magisterskich, na kt\u00f3re rekrutowani s\u0105 kandydaci, kt\u00f3rzy uko\u0144czyli studia I stopnia in\u017cynierskie (trwaj\u0105ce 7 semestr\u00f3w i ko\u0144cz\u0105ce si\u0119 najcz\u0119\u015bciej w lutym).<\/p>\n<p>Terminy rozpocz\u0119cia i zako\u0144czenia rekrutacji mog\u0105 si\u0119 r\u00f3\u017cni\u0107 pomi\u0119dzy poszczeg\u00f3lnymi kierunkami studi\u00f3w. Dlatego te\u017c osoby zainteresowane podj\u0119ciem studi\u00f3w prosimy o bie\u017c\u0105ce \u015bledzenie stron internetowych, gdzie zamieszczane s\u0105 zawsze aktualne informacje.<\/p>\n<p>Szczeg\u00f3\u0142owe informacje na temat przebiegu rekrutacji i obowi\u0105zuj\u0105cych procedur w danym roku akademickim publikowane s\u0105 najcz\u0119\u015bciej w kwietniu lub maju ka\u017cdego roku.<\/p>\n<p>Kroki, kt\u00f3re kandydat musi przej\u015b\u0107 podczas aplikowania na studia wymienione s\u0105 poni\u017cej.<\/p>\n<ol>\n<li>Zarejestruj si\u0119 w systemie IRK (<a href=\"https:\/\/irk.us.edu.pl\/pl\/\">system Internetowej Rejestracji Kandydat\u00f3w<\/a>).<\/li>\n<li>Wybierz kierunek studi\u00f3w.<\/li>\n<li>Wgraj skany wymaganych dokument\u00f3w.<\/li>\n<li>Wp\u0142a\u0107 op\u0142at\u0119 rekrutacyjn\u0105.<\/li>\n<li>Oczekuj na wyniki.<\/li>\n<li>Potwierd\u017a czy podejmiesz studia.<\/li>\n<li>Z\u0142\u00f3\u017c dokumenty.<\/li>\n<li>Przyjed\u017a na studia.<\/li>\n<\/ol>\n<p>\n<\/div>\r\n                    <\/div>\r\n                <\/div>[\/vc_column][\/vc_row]<\/p>","protected":false},"excerpt":{"rendered":"<p>[vc_row][vc_column][\/vc_column][\/vc_row] [&#8230;]<\/p>\n<p><a class=\"btn btn-secondary understrap-read-more-link\" href=\"https:\/\/us.edu.pl\/kandydat\/cudzoziemcy\/jak-aplikowac-na-studia\/\">Read More&#8230;<\/a><\/p>\n","protected":false},"author":1,"featured_media":0,"parent":148,"menu_order":0,"comment_status":"closed","ping_status":"closed","template":"page-templates\/page-with-sidebar.php","meta":{"_expiration-date-status":"","_expiration-date":0,"_expiration-date-type":"","_expiration-date-categories":[],"_expiration-date-options":[]},"acf":[],"_links":{"self":[{"href":"https:\/\/us.edu.pl\/kandydat\/wp-json\/wp\/v2\/pages\/154"}],"collection":[{"href":"https:\/\/us.edu.pl\/kandydat\/wp-json\/wp\/v2\/pages"}],"about":[{"href":"https:\/\/us.edu.pl\/kandydat\/wp-json\/wp\/v2\/types\/page"}],"author":[{"embeddable":true,"href":"https:\/\/us.edu.pl\/kandydat\/wp-json\/wp\/v2\/users\/1"}],"replies":[{"embeddable":true,"href":"https:\/\/us.edu.pl\/kandydat\/wp-json\/wp\/v2\/comments?post=154"}],"version-history":[{"count":11,"href":"https:\/\/us.edu.pl\/kandydat\/wp-json\/wp\/v2\/pages\/154\/revisions"}],"predecessor-version":[{"id":21828,"href":"https:\/\/us.edu.pl\/kandydat\/wp-json\/wp\/v2\/pages\/154\/revisions\/21828"}],"up":[{"embeddable":true,"href":"https:\/\/us.edu.pl\/kandydat\/wp-json\/wp\/v2\/pages\/148"}],"wp:attachment":[{"href":"https:\/\/us.edu.pl\/kandydat\/wp-json\/wp\/v2\/media?parent=154"}],"curies":[{"name":"wp","href":"https:\/\/api.w.org\/{rel}","templated":true}]}}