{"id":159,"date":"2019-09-25T09:46:01","date_gmt":"2019-09-25T07:46:01","guid":{"rendered":"http:\/\/php71.nfinity-beta.pl\/us\/kandydat\/?page_id=159"},"modified":"2026-02-19T14:05:22","modified_gmt":"2026-02-19T13:05:22","slug":"wymagane-dokumenty","status":"publish","type":"page","link":"https:\/\/us.edu.pl\/kandydat\/cudzoziemcy\/wymagane-dokumenty\/","title":{"rendered":"Wymagane dokumenty"},"content":{"rendered":"<p>[vc_row][vc_column]\r\n                <div class=\"text-modules\">\r\n                    <div class=\"container\">\r\n                        <h3 class=\"page-title text__title\">Wymagane dokumenty<\/h3>\r\n                        <div class=\"text-modules__content\"><\/p>\n<p align=\"justify\">Lista dokument\u00f3w wymaganych od kandydat\u00f3w aplikuj\u0105cych na studia zamieszczona jest w systemie Internetowej Rejestracji Kandydat\u00f3w (IRK). Aby kandydat m\u00f3g\u0142 zosta\u0107 oceniony przez Wydzia\u0142ow\u0105 Komisj\u0119 Rekrutacyjn\u0105 (WKR), zobowi\u0105zany jest wgra\u0107 skany wszystkich wymaganych dokument\u00f3w na swoje indywidualne konto w systemie IRK.<\/p>\n<p align=\"justify\">Kandydat, kt\u00f3ry zosta\u0142 zakwalifikowany do przyj\u0119cia na studia, jest zobowi\u0105zany do dokonania wpisu na studia oraz z\u0142o\u017cenia wymaganych dokument\u00f3w w dziekanacie odpowiedniego wydzia\u0142u, w wyznaczonym, nieprzekraczalnym terminie, pod rygorem utraty miejsca na li\u015bcie kwalifikacyjnej. Informacja o terminach, w kt\u00f3rych trzeba z\u0142o\u017cy\u0107 dokumenty, jest zamieszczana w systemie IRK, w katalogu kierunk\u00f3w (Informacje o kierunku \u2192 Harmonogram rekrutacji \u2192 Wpis na studia i z\u0142o\u017cenie dokument\u00f3w po og\u0142oszeniu list os\u00f3b zakwalifikowanych) oraz na li\u015bcie kandydat\u00f3w zakwalifikowanych do przyj\u0119cia na studia. Kandydat, kt\u00f3ry aplikuje na studia, na podstawie zagranicznych dokument\u00f3w o wykszta\u0142ceniu mo\u017ce dokona\u0107 wpisu na studia w formie zdalnej. Wniosek o dokonanie wpisu w formie zdalnej wraz z wymaganymi dokumentami nale\u017cy z\u0142o\u017cy\u0107 w Dziekanacie wysy\u0142aj\u0105c wiadomo\u015b\u0107 e-mail. Dokumenty w postaci papierowej nale\u017cy z\u0142o\u017cy\u0107 najp\u00f3\u017aniej do 30 wrze\u015bnia danego roku.<\/p>\n<p>\n<\/div>\r\n                    <\/div>\r\n                <\/div>[\/vc_column][\/vc_row]<\/p>","protected":false},"excerpt":{"rendered":"<p>[vc_row][vc_column][\/vc_column][\/vc_row] [&#8230;]<\/p>\n<p><a class=\"btn btn-secondary understrap-read-more-link\" href=\"https:\/\/us.edu.pl\/kandydat\/cudzoziemcy\/wymagane-dokumenty\/\">Read More&#8230;<\/a><\/p>\n","protected":false},"author":31,"featured_media":0,"parent":148,"menu_order":0,"comment_status":"closed","ping_status":"closed","template":"page-templates\/page-with-sidebar-and-bookmarks.php","meta":{"_expiration-date-status":"","_expiration-date":0,"_expiration-date-type":"","_expiration-date-categories":[],"_expiration-date-options":[]},"acf":[],"_links":{"self":[{"href":"https:\/\/us.edu.pl\/kandydat\/wp-json\/wp\/v2\/pages\/159"}],"collection":[{"href":"https:\/\/us.edu.pl\/kandydat\/wp-json\/wp\/v2\/pages"}],"about":[{"href":"https:\/\/us.edu.pl\/kandydat\/wp-json\/wp\/v2\/types\/page"}],"author":[{"embeddable":true,"href":"https:\/\/us.edu.pl\/kandydat\/wp-json\/wp\/v2\/users\/31"}],"replies":[{"embeddable":true,"href":"https:\/\/us.edu.pl\/kandydat\/wp-json\/wp\/v2\/comments?post=159"}],"version-history":[{"count":11,"href":"https:\/\/us.edu.pl\/kandydat\/wp-json\/wp\/v2\/pages\/159\/revisions"}],"predecessor-version":[{"id":21837,"href":"https:\/\/us.edu.pl\/kandydat\/wp-json\/wp\/v2\/pages\/159\/revisions\/21837"}],"up":[{"embeddable":true,"href":"https:\/\/us.edu.pl\/kandydat\/wp-json\/wp\/v2\/pages\/148"}],"wp:attachment":[{"href":"https:\/\/us.edu.pl\/kandydat\/wp-json\/wp\/v2\/media?parent=159"}],"curies":[{"name":"wp","href":"https:\/\/api.w.org\/{rel}","templated":true}]}}