{"id":162,"date":"2019-09-25T09:48:34","date_gmt":"2019-09-25T07:48:34","guid":{"rendered":"http:\/\/php71.nfinity-beta.pl\/us\/kandydat\/?page_id=162"},"modified":"2025-06-13T12:32:01","modified_gmt":"2025-06-13T10:32:01","slug":"przeliczanie-zagraniczni","status":"publish","type":"page","link":"https:\/\/us.edu.pl\/kandydat\/rekrutacja-na-studia-krok-po-kroku\/przeliczanie-ocen-z-matur\/przeliczanie-zagraniczni\/","title":{"rendered":"\u015awiadectwa zagraniczne"},"content":{"rendered":"<p>[vc_row][vc_column]\r\n                <div class=\"text-modules\">\r\n                    <div class=\"container\">\r\n                        <h3 class=\"page-title text__title\">Przeliczanie ocen ze \u015bwiadectw i dyplom\u00f3w uzyskanych za granic\u0105<\/h3>\r\n                        <div class=\"text-modules__content\"><\/p>\n<p align=\"justify\">Kandydat, obywatel polski oraz cudzoziemcy, kt\u00f3rzy uko\u0144czyli szko\u0142\u0119 \u015bredni\u0105 za granic\u0105, mog\u0105 ubiega\u0107 si\u0119 o przyj\u0119cie na I rok studi\u00f3w, je\u017celi posiadane przez nich \u015bwiadectwo dojrza\u0142o\u015bci lub inny r\u00f3wnowa\u017cny dokument uprawniaj\u0105 do ubiegania si\u0119 o przyj\u0119cie na studia wy\u017csze w kraju, w kt\u00f3rym uko\u0144czyli szko\u0142\u0119 \u015bredni\u0105.<\/p>\n<p align=\"justify\">Oceny kandydat\u00f3w, kt\u00f3rzy uko\u0144czyli szko\u0142\u0119 \u015bredni\u0105 lub studia poza granicami Polski, najcz\u0119\u015bciej s\u0105 wyra\u017cone w innej skali ni\u017c obowi\u0105zuj\u0105ca w Polsce. Do cel\u00f3w rekrutacji na studia na Uniwersytecie \u015al\u0105skim wyniki ze \u015bwiadectw lub dyplom\u00f3w uzyskanych poza granicami Polski zostan\u0105 przeliczone na skal\u0119 w\u0142a\u015bciw\u0105 polskiemu systemowi oceniania.<\/p>\n<p align=\"justify\">Spos\u00f3b przeliczania ocen ze \u015bwiadectw lub innych dokument\u00f3w wydanych poza granicami Polski mo\u017cna sprawdzi\u0107 w tabelach poni\u017cej. W przypadku, gdy spos\u00f3b przeliczania ocen z kraju, w kt\u00f3rym kandydat uzyska\u0142 \u015bwiadectwo lub dyplom, nie zosta\u0142 ustalony, decyzja o sposobie przeliczenia ocen na skal\u0119 polsk\u0105 nale\u017cy do Wydzia\u0142owej Komisji Rekrutacyjnej.<\/p>\n<p align=\"justify\">W przypadku kierunk\u00f3w lub specjalno\u015bci, na kt\u00f3rych w kryteriach kwalifikacji wymagana jest ocena z j\u0119zyka polskiego \u2013 obywatelom polskim, kt\u00f3rzy uko\u0144czyli szko\u0142\u0119 \u015bredni\u0105 za granic\u0105 oraz cudzoziemcom \u2013 uwzgl\u0119dnia si\u0119, zamiast oceny z j\u0119zyka polskiego, j\u0119zyk urz\u0119dowy kraju, w kt\u00f3rym zosta\u0142 wydany dokument pozwalaj\u0105cy na podj\u0119cie studi\u00f3w I stopnia lub jednolitych magisterskich.<\/p>\n<p>\n<\/div>\r\n                    <\/div>\r\n                <\/div>[\/vc_column][\/vc_row]<\/p>","protected":false},"excerpt":{"rendered":"<p>[vc_row][vc_column][\/vc_column][\/vc_row] [&#8230;]<\/p>\n<p><a class=\"btn btn-secondary understrap-read-more-link\" href=\"https:\/\/us.edu.pl\/kandydat\/rekrutacja-na-studia-krok-po-kroku\/przeliczanie-ocen-z-matur\/przeliczanie-zagraniczni\/\">Read More&#8230;<\/a><\/p>\n","protected":false},"author":31,"featured_media":0,"parent":1827,"menu_order":2,"comment_status":"closed","ping_status":"closed","template":"page-templates\/page-with-sidebar-and-bookmarks.php","meta":{"_expiration-date-status":"","_expiration-date":0,"_expiration-date-type":"","_expiration-date-categories":[],"_expiration-date-options":[]},"acf":[],"_links":{"self":[{"href":"https:\/\/us.edu.pl\/kandydat\/wp-json\/wp\/v2\/pages\/162"}],"collection":[{"href":"https:\/\/us.edu.pl\/kandydat\/wp-json\/wp\/v2\/pages"}],"about":[{"href":"https:\/\/us.edu.pl\/kandydat\/wp-json\/wp\/v2\/types\/page"}],"author":[{"embeddable":true,"href":"https:\/\/us.edu.pl\/kandydat\/wp-json\/wp\/v2\/users\/31"}],"replies":[{"embeddable":true,"href":"https:\/\/us.edu.pl\/kandydat\/wp-json\/wp\/v2\/comments?post=162"}],"version-history":[{"count":11,"href":"https:\/\/us.edu.pl\/kandydat\/wp-json\/wp\/v2\/pages\/162\/revisions"}],"predecessor-version":[{"id":19125,"href":"https:\/\/us.edu.pl\/kandydat\/wp-json\/wp\/v2\/pages\/162\/revisions\/19125"}],"up":[{"embeddable":true,"href":"https:\/\/us.edu.pl\/kandydat\/wp-json\/wp\/v2\/pages\/1827"}],"wp:attachment":[{"href":"https:\/\/us.edu.pl\/kandydat\/wp-json\/wp\/v2\/media?parent=162"}],"curies":[{"name":"wp","href":"https:\/\/api.w.org\/{rel}","templated":true}]}}