{"id":169,"date":"2019-09-25T10:18:58","date_gmt":"2019-09-25T08:18:58","guid":{"rendered":"http:\/\/php71.nfinity-beta.pl\/us\/kandydat\/?page_id=169"},"modified":"2026-03-05T11:08:58","modified_gmt":"2026-03-05T10:08:58","slug":"oplaty-za-studia","status":"publish","type":"page","link":"https:\/\/us.edu.pl\/kandydat\/cudzoziemcy\/oplaty-za-studia\/","title":{"rendered":"Cudzoziemcy- op\u0142aty za studia"},"content":{"rendered":"<p>[vc_row][vc_column]\r\n                <div class=\"text-modules\">\r\n                    <div class=\"container\">\r\n                        <h3 class=\"page-title text__title\">Cudzoziemcy - op\u0142aty za studia<\/h3>\r\n                        <div class=\"text-modules__content\"><\/p>\n<p align=\"justify\">Cudzoziemcy ponosz\u0105 op\u0142at\u0119 za studia (p\u0142ac\u0105 czesne). W okre\u015blonych przypadkach mog\u0105 by\u0107 zwolnieni z takiej op\u0142aty (dotyczy to w szczeg\u00f3lno\u015bci stypendyst\u00f3w Narodowej Agencji Wymiany Akademickiej \u2013 NAWA). Przypadki te opisano w dalszej cz\u0119\u015bci tekstu.<\/p>\n<p align=\"justify\">Wysoko\u015b\u0107 op\u0142aty za studia w roku akademickim 2025\/2026 znajduje si\u0119 w <a href=\"https:\/\/us.edu.pl\/kandydat\/wp-content\/uploads\/sites\/13\/Kandydat\/tabele-oplat\/2025-2026-cudzoziemcy-oplaty_za_studia.pdf.pdf\">tabeli wysoko\u015bci op\u0142at za kszta\u0142cenie cudzoziemc\u00f3w na studiach stacjonarnych dla cyklu kszta\u0142cenia rozpoczynaj\u0105cego si\u0119 od roku akademickiego 2025\/2026<\/a>.<\/p>\n<p align=\"justify\">Informacje o op\u0142atach za studia zawarte s\u0105 w <a href=\"https:\/\/aktyprawne.us.edu.pl\/d\/8192\/5\/\">Zarz\u0105dzeniu nr 79 Rektora Uniwersytetu \u015al\u0105skiego w Katowicach z dnia 28 maja 2025 r. w sprawie wysoko\u015bci op\u0142at za us\u0142ugi edukacyjne dla cykli studi\u00f3w pierwszego i drugiego stopnia oraz jednolitych studi\u00f3w magisterskich rozpoczynaj\u0105cych si\u0119 w roku akademickim 2025\/2026<\/a>.<\/p>\n<p>\n<\/div>\r\n                    <\/div>\r\n                <\/div>[\/vc_column][\/vc_row]<\/p>","protected":false},"excerpt":{"rendered":"<p>[vc_row][vc_column][\/vc_column][\/vc_row] [&#8230;]<\/p>\n<p><a class=\"btn btn-secondary understrap-read-more-link\" href=\"https:\/\/us.edu.pl\/kandydat\/cudzoziemcy\/oplaty-za-studia\/\">Read More&#8230;<\/a><\/p>\n","protected":false},"author":31,"featured_media":0,"parent":148,"menu_order":0,"comment_status":"closed","ping_status":"closed","template":"page-templates\/page-with-sidebar-and-bookmarks.php","meta":{"_expiration-date-status":"saved","_expiration-date":0,"_expiration-date-type":"","_expiration-date-categories":[],"_expiration-date-options":[]},"acf":[],"_links":{"self":[{"href":"https:\/\/us.edu.pl\/kandydat\/wp-json\/wp\/v2\/pages\/169"}],"collection":[{"href":"https:\/\/us.edu.pl\/kandydat\/wp-json\/wp\/v2\/pages"}],"about":[{"href":"https:\/\/us.edu.pl\/kandydat\/wp-json\/wp\/v2\/types\/page"}],"author":[{"embeddable":true,"href":"https:\/\/us.edu.pl\/kandydat\/wp-json\/wp\/v2\/users\/31"}],"replies":[{"embeddable":true,"href":"https:\/\/us.edu.pl\/kandydat\/wp-json\/wp\/v2\/comments?post=169"}],"version-history":[{"count":11,"href":"https:\/\/us.edu.pl\/kandydat\/wp-json\/wp\/v2\/pages\/169\/revisions"}],"predecessor-version":[{"id":21876,"href":"https:\/\/us.edu.pl\/kandydat\/wp-json\/wp\/v2\/pages\/169\/revisions\/21876"}],"up":[{"embeddable":true,"href":"https:\/\/us.edu.pl\/kandydat\/wp-json\/wp\/v2\/pages\/148"}],"wp:attachment":[{"href":"https:\/\/us.edu.pl\/kandydat\/wp-json\/wp\/v2\/media?parent=169"}],"curies":[{"name":"wp","href":"https:\/\/api.w.org\/{rel}","templated":true}]}}