{"id":180,"date":"2019-09-25T10:41:55","date_gmt":"2019-09-25T08:41:55","guid":{"rendered":"http:\/\/php71.nfinity-beta.pl\/us\/kandydat\/?page_id=180"},"modified":"2025-07-07T11:13:28","modified_gmt":"2025-07-07T09:13:28","slug":"wymagane-dokumenty","status":"publish","type":"page","link":"https:\/\/us.edu.pl\/kandydat\/rekrutacja-na-studia-krok-po-kroku\/wymagane-dokumenty\/","title":{"rendered":"Wymagane dokumenty"},"content":{"rendered":"<p>[vc_row][vc_column]\r\n                <div class=\"text-modules\">\r\n                    <div class=\"container\">\r\n                        <h3 class=\"page-title text__title\">Wymagane dokumenty<\/h3>\r\n                        <div class=\"text-modules__content\"><\/p>\n<p align=\"justify\">Pod rygorem utraty miejsca na li\u015bcie kwalifikacyjnej, kandydat, kt\u00f3ry zosta\u0142 zakwalifikowany do przyj\u0119cia na studia, jest zobowi\u0105zany do dokonania wpisu na studia oraz z\u0142o\u017cenia wymaganych dokument\u00f3w, w opisanej teczce <a href=\"https:\/\/us.edu.pl\/kandydat\/wp-content\/uploads\/sites\/13\/druki-rekrutacja\/teczka-na-dok.doc\" data-mtli=\"mtli_filesize24,50kB\" data-mtli=\"mtli_filesize24,50kB\">(<strong>wz\u00f3r opisu teczki<\/strong>)<\/a>, w dziekanacie odpowiedniego wydzia\u0142u, w miejscu i terminie wskazanym przez Wydzia\u0142ow\u0105 Komisj\u0119 Rekrutacyjn\u0105 w systemie IRK przy kierunku.<\/p>\n<p align=\"justify\">Przy sk\u0142adaniu dokument\u00f3w wymagane jest okazanie dowodu to\u017csamo\u015bci lub paszportu.<\/p>\n<p align=\"justify\">Je\u017celi po otrzymaniu informacji o zakwalifikowaniu na I rok studi\u00f3w kandydat nie b\u0119dzie m\u00f3g\u0142 osobi\u015bcie dokona\u0107 wpisu i z\u0142o\u017cy\u0107 dokument\u00f3w, mo\u017ce zrobi\u0107 to w jego imieniu druga osoba, upowa\u017cniona przez kandydata. Osoba ta musi posiada\u0107 pisemne upowa\u017cnienie, podpisane przez kandydata <a href=\"https:\/\/us.edu.pl\/kandydat\/wp-content\/uploads\/sites\/13\/druki-rekrutacja\/upowaznienie.pdf\" data-mtli=\"mtli_filesize160,05kB\" data-mtli=\"mtli_filesize160,05kB\">(<strong>wz\u00f3r upowa\u017cnienia<\/strong>)<\/a>.<\/p>\n<p align=\"justify\"><strong>Uwaga!<\/strong>\u00a0Kandydat, kt\u00f3ry nie dope\u0142ni ww. formalno\u015bci w wyznaczonym terminie, nie zostanie przyj\u0119ty na studia.<\/p>\n<p align=\"justify\">Kandydat, kt\u00f3ry otrzyma\u0142 informacj\u0119 o zakwalifikowaniu do przyj\u0119cia na studia, ale posiada ju\u017c status studenta tego samego kierunku, poziomu kszta\u0142cenia i formy studi\u00f3w, dokonuje wpisu na studia dopiero po z\u0142o\u017ceniu pisemnej rezygnacji z dotychczasowych studi\u00f3w i uprawomocnieniu si\u0119 decyzji o skre\u015bleniu.<\/p>\n<p>\n<style type=\"text\/css\">a[data-mtli~=\"mtli_filesize24,50kB\"]:after {content:\" (24,50 kB)\"}a[data-mtli~=\"mtli_filesize160,05kB\"]:after {content:\" (160,05 kB)\"}<\/style><\/div>\r\n                    <\/div>\r\n                <\/div>[\/vc_column][\/vc_row]<\/p>\n<style type=\"text\/css\">a[data-mtli~=\"mtli_filesize24,50kB\"]:after {content:\" (24,50 kB)\"}a[data-mtli~=\"mtli_filesize160,05kB\"]:after {content:\" (160,05 kB)\"}<\/style>","protected":false},"excerpt":{"rendered":"<p>[vc_row][vc_column][\/vc_column][\/vc_row] [&#8230;]<\/p>\n<p><a class=\"btn btn-secondary understrap-read-more-link\" href=\"https:\/\/us.edu.pl\/kandydat\/rekrutacja-na-studia-krok-po-kroku\/wymagane-dokumenty\/\">Read More&#8230;<\/a><\/p>\n","protected":false},"author":31,"featured_media":0,"parent":1278,"menu_order":0,"comment_status":"closed","ping_status":"closed","template":"page-templates\/page-with-sidebar-and-bookmarks.php","meta":{"_expiration-date-status":"","_expiration-date":0,"_expiration-date-type":"","_expiration-date-categories":[],"_expiration-date-options":[]},"acf":[],"_links":{"self":[{"href":"https:\/\/us.edu.pl\/kandydat\/wp-json\/wp\/v2\/pages\/180"}],"collection":[{"href":"https:\/\/us.edu.pl\/kandydat\/wp-json\/wp\/v2\/pages"}],"about":[{"href":"https:\/\/us.edu.pl\/kandydat\/wp-json\/wp\/v2\/types\/page"}],"author":[{"embeddable":true,"href":"https:\/\/us.edu.pl\/kandydat\/wp-json\/wp\/v2\/users\/31"}],"replies":[{"embeddable":true,"href":"https:\/\/us.edu.pl\/kandydat\/wp-json\/wp\/v2\/comments?post=180"}],"version-history":[{"count":10,"href":"https:\/\/us.edu.pl\/kandydat\/wp-json\/wp\/v2\/pages\/180\/revisions"}],"predecessor-version":[{"id":20065,"href":"https:\/\/us.edu.pl\/kandydat\/wp-json\/wp\/v2\/pages\/180\/revisions\/20065"}],"up":[{"embeddable":true,"href":"https:\/\/us.edu.pl\/kandydat\/wp-json\/wp\/v2\/pages\/1278"}],"wp:attachment":[{"href":"https:\/\/us.edu.pl\/kandydat\/wp-json\/wp\/v2\/media?parent=180"}],"curies":[{"name":"wp","href":"https:\/\/api.w.org\/{rel}","templated":true}]}}