{"id":19305,"date":"2025-06-13T15:23:29","date_gmt":"2025-06-13T13:23:29","guid":{"rendered":"https:\/\/us.edu.pl\/kandydat\/?page_id=19305"},"modified":"2025-09-01T15:31:51","modified_gmt":"2025-09-01T13:31:51","slug":"wazne-zmiany-dla-kandydatow-zagranicznych-2025-2026","status":"publish","type":"page","link":"https:\/\/us.edu.pl\/kandydat\/cudzoziemcy\/wazne-zmiany-dla-kandydatow-zagranicznych-2025-2026\/","title":{"rendered":"Wa\u017cne zmiany dla kandydat\u00f3w zagranicznych &#8211; 2025\/2026"},"content":{"rendered":"<p>[vc_row][vc_column][vc_column_text]<span style=\"font-size: 24pt;\"><strong>Cudzoziemcy &#8211; wa\u017cne zmiany dla kandydat\u00f3w zagranicznych aplikuj\u0105cych na studia w roku akademickim 2025\/2026<\/strong><\/span><\/p>\n<p>&nbsp;<\/p>\n<p>Ustawa z dnia 4 kwietnia 2025 r. o zmianie niekt\u00f3rych ustaw w celu wyeliminowania nieprawid\u0142owo\u015bci w systemie wizowym Rzeczypospolitej Polskiej wprowadza liczne zmiany dotycz\u0105ce rekrutacji cudzoziemc\u00f3w od roku akademickiego 2025\/2026. Najwi\u0119ksze zmiany dotycz\u0105 kandydat\u00f3w zagranicznych aplikuj\u0105cych na podstawie dokument\u00f3w edukacyjnych wydanych w krajach innych ni\u017c UE, OECD, EFTA, EOG [1] oraz w krajach nieobj\u0119tych umowami mi\u0119dzynarodowymi [2].<\/p>\n<p>Dokumenty edukacyjne wydane poza granicami Polski mo\u017cna podzieli\u0107 na dwa typy:<\/p>\n<p>\u00b7 dokumenty uprawniaj\u0105ce do bezpo\u015bredniego aplikowania na studia w Polsce<\/p>\n<p>oraz<\/p>\n<p>\u00b7 dokumenty podlegaj\u0105ce procedurze uznania za uprawniaj\u0105ce do podj\u0119cia studi\u00f3w w Polsce.<\/p>\n<p>Dokumentami uprawniaj\u0105cymi do bezpo\u015bredniego aplikowania na studia w Polsce s\u0105:<\/p>\n<ul>\n<li>dyplom IB (International Baccalaureate) wydany w Genewie (Szwajcaria),<\/li>\n<li>dyplom EB (European Baccalaureate) wydany przez Szko\u0142y Europejskie &#8211; zgodnie z Konwencj\u0105 o Statucie Szk\u00f3\u0142 Europejskich,<\/li>\n<li>dokumenty wydane w pa\u0144stwach cz\u0142onkowskich UE, OECD, EFTA, EOG: Australia, Austria, Belgia, Bu\u0142garia, Chile, Chorwacja, Cypr, Czechy, Dania, Estonia, Finlandia, Francja, Grecja, Hiszpania, Holandia, Irlandia, Islandia, Izrael, Japonia, Kanada, Kolumbia, Kostaryka, Korea Po\u0142udniowa, Litwa, Liechtenstein, Luksemburg, \u0141otwa, Malta, Meksyk, Niemcy, Norwegia, Nowa Zelandia, Polska, Portugalia, Rumunia, S\u0142owacja, S\u0142owenia, Szwajcaria, Szwecja, Turcja, USA, W\u0119gry, Wielka Brytania, W\u0142ochy,<\/li>\n<li>dokumenty wydane w krajach obj\u0119tych umowami mi\u0119dzynarodowymi: Ukraina, Chiny,<\/li>\n<li>dyplomy uko\u0144czenia studi\u00f3w uznane za r\u00f3wnowa\u017cne odpowiedniemu polskiemu dyplomowi w drodze post\u0119powania nostryfikacyjnego przeprowadzonego w Polsce.<\/li>\n<\/ul>\n<p>Inne ni\u017c wymienione dokumenty nie uprawniaj\u0105 do bezpo\u015bredniego aplikowania na studia i musz\u0105 zosta\u0107 poddane procedurze uznania za dokumenty uprawniaj\u0105ce do ubiegania si\u0119 o przyj\u0119cie na studia w Polsce.<\/p>\n<p><strong>Definicje i obja\u015bnienia<\/strong><\/p>\n<p>[1] Zgodnie z obowi\u0105zuj\u0105cymi regulacjami prawnymi, obywatelami UE, EFTA, EOG s\u0105 obywatele nast\u0119puj\u0105cych kraj\u00f3w: Austria, Belgia, Bu\u0142garia, Chorwacja, Cypr, Czechy, Dania, Estonia, Finlandia, Francja, Grecja, Hiszpania, Holandia, Irlandia, Litwa, Liechtenstein, Luksemburg, \u0141otwa, Malta, Niemcy, Polska, Portugalia, Rumunia, S\u0142owacja, S\u0142owenia, Szwajcaria, Szwecja, W\u0119gry, Wielka Brytania, W\u0142ochy.<\/p>\n<p>[2] Pa\u0144stwa obj\u0119te umowami mi\u0119dzynarodowymi: Ukraina, Chiny.[\/vc_column_text][\/vc_column][\/vc_row]<\/p>","protected":false},"excerpt":{"rendered":"<p>[vc_row][vc_column][vc_column_text]Cudzoziemcy &#8211; wa\u017cne zmiany dla kandydat\u00f3w zagranicznych aplikuj\u0105cych na studia w roku akademickim 2025\/2026 &nbsp; Ustawa z dnia 4 kwietnia 2025 r. o zmianie niekt\u00f3rych ustaw w celu wyeliminowania nieprawid\u0142owo\u015bci w systemie wizowym Rzeczypospolitej Polskiej wprowadza liczne zmiany dotycz\u0105ce rekrutacji cudzoziemc\u00f3w od roku akademickiego 2025\/2026. Najwi\u0119ksze zmiany dotycz\u0105 kandydat\u00f3w zagranicznych aplikuj\u0105cych na podstawie dokument\u00f3w edukacyjnych [&#8230;]<\/p>\n<p><a class=\"btn btn-secondary understrap-read-more-link\" href=\"https:\/\/us.edu.pl\/kandydat\/cudzoziemcy\/wazne-zmiany-dla-kandydatow-zagranicznych-2025-2026\/\">Read More&#8230;<\/a><\/p>\n","protected":false},"author":3368,"featured_media":0,"parent":148,"menu_order":0,"comment_status":"closed","ping_status":"closed","template":"page-templates\/page-with-sidebar-and-bookmarks.php","meta":{"_expiration-date-status":"","_expiration-date":0,"_expiration-date-type":"","_expiration-date-categories":[],"_expiration-date-options":[]},"acf":[],"_links":{"self":[{"href":"https:\/\/us.edu.pl\/kandydat\/wp-json\/wp\/v2\/pages\/19305"}],"collection":[{"href":"https:\/\/us.edu.pl\/kandydat\/wp-json\/wp\/v2\/pages"}],"about":[{"href":"https:\/\/us.edu.pl\/kandydat\/wp-json\/wp\/v2\/types\/page"}],"author":[{"embeddable":true,"href":"https:\/\/us.edu.pl\/kandydat\/wp-json\/wp\/v2\/users\/3368"}],"replies":[{"embeddable":true,"href":"https:\/\/us.edu.pl\/kandydat\/wp-json\/wp\/v2\/comments?post=19305"}],"version-history":[{"count":10,"href":"https:\/\/us.edu.pl\/kandydat\/wp-json\/wp\/v2\/pages\/19305\/revisions"}],"predecessor-version":[{"id":21511,"href":"https:\/\/us.edu.pl\/kandydat\/wp-json\/wp\/v2\/pages\/19305\/revisions\/21511"}],"up":[{"embeddable":true,"href":"https:\/\/us.edu.pl\/kandydat\/wp-json\/wp\/v2\/pages\/148"}],"wp:attachment":[{"href":"https:\/\/us.edu.pl\/kandydat\/wp-json\/wp\/v2\/media?parent=19305"}],"curies":[{"name":"wp","href":"https:\/\/api.w.org\/{rel}","templated":true}]}}