{"id":19761,"date":"2025-06-27T14:33:40","date_gmt":"2025-06-27T12:33:40","guid":{"rendered":"https:\/\/us.edu.pl\/kandydat\/?page_id=19761"},"modified":"2026-02-05T10:42:26","modified_gmt":"2026-02-05T09:42:26","slug":"kryteria-przyjec-na-rok-akademicki-2026-2027-2","status":"publish","type":"page","link":"https:\/\/us.edu.pl\/kandydat\/rekrutacja-na-studia-krok-po-kroku\/kryteria-przyjec-na-rok-akademicki-2026-2027-2\/","title":{"rendered":"Kryteria przyj\u0119\u0107 na rok akademicki 2026\/2027"},"content":{"rendered":"<p>[vc_row][vc_column]\r\n                <div class=\"text-modules\">\r\n                    <div class=\"container\">\r\n                        <h3 class=\"page-title text__title\">Oferta kierunk\u00f3w studi\u00f3w oraz kryteria przyj\u0119\u0107 na rok akademicki 2026\/2027<\/h3>\r\n                        <div class=\"text-modules__content\"><p>Zapraszamy do zapoznania si\u0119 z ofert\u0105 kierunk\u00f3w studi\u00f3w oraz obowi\u0105zuj\u0105cymi kryteriami przyj\u0119\u0107 na przysz\u0142y rok akademicki 2026\/2027<\/p>\n<p><a href=\"https:\/\/us.edu.pl\/kandydat\/wp-content\/uploads\/sites\/13\/Kandydat\/Kryteria-2026-2027\/uchwala_122_2025-1.pdf\" data-mtli=\"mtli_filesize259,38kB\" data-mtli=\"mtli_filesize259,38kB\">Uchwa\u0142a nr 122 Senatu U\u015a w sprawie warunk\u00f3w i trybu rekrutacji na pierwszy rok studi\u00f3w pierwszego i drugiego stopnia oraz jednolitych studi\u00f3w magisterskich w Uniwersytecie \u015al\u0105skim w Katowicach w roku akademickim 2026\/2027<\/a><\/p>\n<ul>\n<li><a href=\"https:\/\/us.edu.pl\/kandydat\/wp-content\/uploads\/sites\/13\/Kandydat\/Kryteria-2026-2027\/zal_do_195_2026_1_Wydzial_Humanistyczny.pdf\" data-mtli=\"mtli_filesize636,96kB\" data-mtli=\"mtli_filesize636,96kB\">WYDZIA\u0141 HUMANISTYCZNY<\/a><\/li>\n<li><a href=\"https:\/\/us.edu.pl\/kandydat\/wp-content\/uploads\/sites\/13\/Kandydat\/Kryteria-2026-2027\/zal_do_122_2025_2_Wydzial_Nauk_Przyrodniczych.pdf\" data-mtli=\"mtli_filesize254,02kB\" data-mtli=\"mtli_filesize254,02kB\">WYDZIA\u0141 NAUK PRZYRODNICZYCH<\/a><\/li>\n<li><a href=\"https:\/\/us.edu.pl\/kandydat\/wp-content\/uploads\/sites\/13\/Kandydat\/Kryteria-2026-2027\/zal_do_122_2025_3_Wydzial_Nauk_Spolecznych.pdf\" data-mtli=\"mtli_filesize220,75kB\" data-mtli=\"mtli_filesize220,75kB\">WYDZIA\u0141 NAUK SPO\u0141ECZNYCH<\/a><\/li>\n<li>W<a href=\"https:\/\/us.edu.pl\/kandydat\/wp-content\/uploads\/sites\/13\/Kandydat\/Kryteria-2026-2027\/zal_do_122_2025_4_Wydzial_Nauk_Scislych_i_Technicznych.pdf\" data-mtli=\"mtli_filesize378,80kB\" data-mtli=\"mtli_filesize378,80kB\">YDZIA\u0141 NAUK \u015aCIS\u0141YCH I TECHNICZNYCH<\/a><\/li>\n<li><a href=\"https:\/\/us.edu.pl\/kandydat\/wp-content\/uploads\/sites\/13\/Kandydat\/Kryteria-2026-2027\/zal_do_122_2025_5_Wydzial_Prawa_i_Administracji.pdf\" data-mtli=\"mtli_filesize145,50kB\" data-mtli=\"mtli_filesize145,50kB\">WYDZIA\u0141 PRAWA I ADMINISTRACJI<\/a><\/li>\n<li><a href=\"https:\/\/us.edu.pl\/kandydat\/wp-content\/uploads\/sites\/13\/Kandydat\/Kryteria-2026-2027\/zal_do_195_2026_2_Wydzial_Sztuki_i_Nauk_o_Edukacji.pdf\" data-mtli=\"mtli_filesize273,26kB\" data-mtli=\"mtli_filesize273,26kB\">WYDZIA\u0141 SZTUKI I NAUK O EDUKACJI<\/a><\/li>\n<li><a href=\"https:\/\/us.edu.pl\/kandydat\/wp-content\/uploads\/sites\/13\/Kandydat\/Kryteria-2026-2027\/zal_do_122_2025_7_Wydzial_Teologiczny.pdf\" data-mtli=\"mtli_filesize206,66kB\" data-mtli=\"mtli_filesize206,66kB\">WYDZIA\u0141 TEOLOGICZNY<\/a><\/li>\n<li><a href=\"https:\/\/us.edu.pl\/kandydat\/wp-content\/uploads\/sites\/13\/Kandydat\/Kryteria-2026-2027\/zal_do_122_2025_8_Szkola_Filmowa.pdf\" data-mtli=\"mtli_filesize149,25kB\" data-mtli=\"mtli_filesize149,25kB\">SZKO\u0141A FILMOWA<\/a><\/li>\n<li>K<a href=\"https:\/\/us.edu.pl\/kandydat\/wp-content\/uploads\/sites\/13\/Kandydat\/Kryteria-2026-2027\/zal_do_122_2025_9_KISM.pdf\" data-mtli=\"mtli_filesize191,09kB\" data-mtli=\"mtli_filesize191,09kB\">OLEGIUM INDYWIDUALNYCH STUDIOW MIEDZYOBSZAROWYCH<\/a><\/li>\n<li><a href=\"https:\/\/us.edu.pl\/kandydat\/wp-content\/uploads\/sites\/13\/Kandydat\/Kryteria-2026-2027\/zal_do_122_2025_10_Przeliczanie_ocen_ze_swiadectw_z_zagranicy.pdf\" data-mtli=\"mtli_filesize617,27kB\" data-mtli=\"mtli_filesize617,27kB\">Przeliczenia ocen ze \u015bwiadectw z zagranicy<\/a><\/li>\n<\/ul>\n<p>\n<style type=\"text\/css\">a[data-mtli~=\"mtli_filesize259,38kB\"]:after {content:\" (259,38 kB)\"}a[data-mtli~=\"mtli_filesize636,96kB\"]:after {content:\" (636,96 kB)\"}a[data-mtli~=\"mtli_filesize254,02kB\"]:after {content:\" (254,02 kB)\"}a[data-mtli~=\"mtli_filesize220,75kB\"]:after {content:\" (220,75 kB)\"}a[data-mtli~=\"mtli_filesize378,80kB\"]:after {content:\" (378,80 kB)\"}a[data-mtli~=\"mtli_filesize145,50kB\"]:after {content:\" (145,50 kB)\"}a[data-mtli~=\"mtli_filesize273,26kB\"]:after {content:\" (273,26 kB)\"}a[data-mtli~=\"mtli_filesize206,66kB\"]:after {content:\" (206,66 kB)\"}a[data-mtli~=\"mtli_filesize149,25kB\"]:after {content:\" (149,25 kB)\"}a[data-mtli~=\"mtli_filesize191,09kB\"]:after {content:\" (191,09 kB)\"}a[data-mtli~=\"mtli_filesize617,27kB\"]:after {content:\" (617,27 kB)\"}<\/style><\/div>\r\n                    <\/div>\r\n                <\/div>[vc_separator color=&#8221;custom&#8221; align=&#8221;align_left&#8221; border_width=&#8221;2&#8243; accent_color=&#8221;#38507b&#8221;]\r\n                <div class=\"text-modules\">\r\n                    <div class=\"container\">\r\n                        \r\n                        <div class=\"text-modules__content\"><\/p>\n<h2 style=\"text-align: center;\"><a href=\"https:\/\/us.edu.pl\/kandydat\/rekrutacja-na-rok-akademicki\/\"><strong>Terminarz rekrutacji na rok akademicki 2026\/2027<\/strong><\/a><\/h2>\n<p>\n<\/div>\r\n                    <\/div>\r\n                <\/div>[vc_separator color=&#8221;custom&#8221; align=&#8221;align_left&#8221; border_width=&#8221;2&#8243; accent_color=&#8221;#38507b&#8221;][\/vc_column][\/vc_row][vc_row][vc_column]\n\t\t\t\t<input type=\"hidden\" name=\"promoted_only\" value=\"\">\n\t\t\t\t<input type=\"hidden\" name=\"order\" value=\"ASC\">\n\t\t\t\t<input type=\"hidden\" name=\"order_by\" value=\"menu_order\">\n\n\t\t\t\t<div class=\"article-loop loop-section article-loop_tall color-blue\" style=\"background: \">\n\t\t\t\t\t <div class=\"container \">\n\t\t\t\t\t \t<div class=\"col-12 article-loop-gutter-left\">\n\t\t\t\t\t\t  <div class=\"article-loop-top loop-section-top\">\n\t\t\t\t\t\t\t\t<h2 class=\"section-title\"><\/h2><div class=\"article-loop-top_right loop-section-top__right\" >\n\t\t\t\t\t\t\t\t\t <select name=\"sort\" title = \"filter by category\"\n\t\t\t\t\t\t\t\t\t\t  class=\"article-loop-sort\" >\n\t\t\t\t\t\t\t\t\t\t  <option value = \"\" selected disabled > filtrowanie wed\u0142ug kategorii<\/option>\n\t\t\t\t\t\t\t\t\t\t  <option value = \"13-18\" > Wszystko<\/option> <option data-link='https:\/\/us.edu.pl\/kandydat\/category\/wiadomosci\/' value='13-18'>Wiadomo\u015bci<\/option><\/select>    <a href = \"https:\/\/us.edu.pl\/kandydat\/wszystko?title=&order=ASC&order_by=menu_order&categories%5B0%5D=13-18\" class=\"link-button \" > Wszystko<\/a><\/div>  \n\t\t\t\t\t\t  <\/div>\n\t\t\t\t\t\t  <div class=\"article-loop-main carousel\" data-home-url=\"https:\/\/us.edu.pl\/kandydat\" >\n\t\t\t\t\t\t\t\t<a href = \"#\" data-slide = \"prev\" title=\"przesu\u0144 pasek w lewo\" class=\"arrow\" >\n\t\t\t\t\t\t\t\t\t <em class=\"ci ci-arrow-left\" ><\/em >\n\t\t\t\t\t\t\t\t\t <span class=\"d-none\" > arrow<\/span >\n\t\t\t\t\t\t\t\t<\/a>\n\t \n\t\t\t\t\t\t\t\t<a href = \"#\" data-slide = \"next\" title=\"przesu\u0144 pasek  w prawo\" class=\"arrow\" >\n\t\t\t\t\t\t\t\t\t <em class=\"ci ci-arrow-right\" ><\/em >\n\t\t\t\t\t\t\t\t\t <span class=\"d-none\" > arrow<\/span >\n\t\t\t\t\t\t\t\t<\/a>\n\t\t\t\t\t\t\t\t<div class=\"row items\" >\n\t\t\t\t\t\t\t\t\t \r\n            <article class=\"article-loop-post carousel-slide\">\r\n                <a href=\"https:\/\/us.edu.pl\/multimedia\/dzien-otwarty-uniwersytetu-slaskiego-w-liczbach\/\" class=\"article-loop-post__thumbnail thumbnail\"\r\n                    style=\"background-image: url(https:\/\/us.edu.pl\/kandydat\/wp-content\/uploads\/sites\/13\/2026\/03\/Dzien-Otwarty-US-w-liczbach.png)\">\r\n                    <span>wi\u0119cej<\/span>\r\n                <\/a>\r\n\r\n                <div class=\"article-loop-post__content\">\r\n                    <h3 class=\"article-loop-post__title\">\r\n                        <a href=\"https:\/\/us.edu.pl\/multimedia\/dzien-otwarty-uniwersytetu-slaskiego-w-liczbach\/\">Dzie\u0144 Otwarty Uniwersytetu \u015al\u0105skiego w liczbach!<\/a>\r\n                    <\/h3>\r\n            \r\n                    <div class=\"article-loop-post__categories\">\r\n                        <a href=\"https:\/\/us.edu.pl\/kandydat\/category\/wiadomosci\/rekrutacja\/\">rekrutacja<\/a>\r\n                    <\/div>    \r\n                <\/div>\r\n            <\/article>\r\n        \r\n            <article class=\"article-loop-post carousel-slide\">\r\n                <a href=\"https:\/\/us.edu.pl\/wydzial\/wnst\/en\/2026\/02\/09\/vinci-reloaded-interdyscyplinarna-miedzynarodowa-szkola-letnia-proces-rekrutacji-rozpoczety\/\" class=\"article-loop-post__thumbnail thumbnail\"\r\n                    style=\"background-image: url(https:\/\/us.edu.pl\/kandydat\/wp-content\/uploads\/sites\/13\/Bez-kategorii\/registration-600x450.jpg)\">\r\n                    <span>wi\u0119cej<\/span>\r\n                <\/a>\r\n\r\n                <div class=\"article-loop-post__content\">\r\n                    <h3 class=\"article-loop-post__title\">\r\n                        <a href=\"https:\/\/us.edu.pl\/wydzial\/wnst\/en\/2026\/02\/09\/vinci-reloaded-interdyscyplinarna-miedzynarodowa-szkola-letnia-proces-rekrutacji-rozpoczety\/\">VINCI RELOADED Dive into science | Rekrutacja do Szko\u0142y Letniej rozpocz\u0119ta<\/a>\r\n                    <\/h3>\r\n            \r\n                    <div class=\"article-loop-post__categories\">\r\n                        <a href=\"https:\/\/us.edu.pl\/kandydat\/category\/bez-kategorii\/\">Bez kategorii<\/a><a href=\"https:\/\/us.edu.pl\/kandydat\/category\/przyszli-studenci\/\">przyszli studenci<\/a><a href=\"https:\/\/us.edu.pl\/kandydat\/category\/wiadomosci\/rekrutacja\/\">rekrutacja<\/a>\r\n                    <\/div>    \r\n                <\/div>\r\n            <\/article>\r\n        \r\n            <article class=\"article-loop-post carousel-slide\">\r\n                <a href=\"https:\/\/us.edu.pl\/kandydat\/co-dalej-po-studiach-i-stopnia-zaplanuj-kolejny-krok-edukacji-z-us\/\" class=\"article-loop-post__thumbnail thumbnail\"\r\n                    style=\"background-image: url(https:\/\/us.edu.pl\/kandydat\/wp-content\/uploads\/sites\/13\/Bez-kategorii\/Grafika-rekrutacja-202627-600x503.png)\">\r\n                    <span>wi\u0119cej<\/span>\r\n                <\/a>\r\n\r\n                <div class=\"article-loop-post__content\">\r\n                    <h3 class=\"article-loop-post__title\">\r\n                        <a href=\"https:\/\/us.edu.pl\/kandydat\/co-dalej-po-studiach-i-stopnia-zaplanuj-kolejny-krok-edukacji-z-us\/\">Co dalej po studiach I stopnia? Zaplanuj kolejny krok edukacji z U\u015a!<\/a>\r\n                    <\/h3>\r\n            \r\n                    <div class=\"article-loop-post__categories\">\r\n                        <a href=\"https:\/\/us.edu.pl\/kandydat\/category\/wiadomosci\/rekrutacja\/\">rekrutacja<\/a>\r\n                    <\/div>    \r\n                <\/div>\r\n            <\/article>\r\n        \r\n            <article class=\"article-loop-post carousel-slide\">\r\n                <a href=\"https:\/\/us.edu.pl\/kandydat\/dziki-indeks\/\" class=\"article-loop-post__thumbnail thumbnail\"\r\n                    style=\"background-image: url(https:\/\/us.edu.pl\/kandydat\/wp-content\/uploads\/sites\/13\/2026\/01\/2026_us_dziki-indeks_2_-800x600px-600x450.png)\">\r\n                    <span>wi\u0119cej<\/span>\r\n                <\/a>\r\n\r\n                <div class=\"article-loop-post__content\">\r\n                    <h3 class=\"article-loop-post__title\">\r\n                        <a href=\"https:\/\/us.edu.pl\/kandydat\/dziki-indeks\/\">Studia bez standardowej rekrutacji \u2013 sprawd\u017a, jak dzia\u0142a Dziki Indeks<\/a>\r\n                    <\/h3>\r\n            \r\n                    <div class=\"article-loop-post__categories\">\r\n                        <a href=\"https:\/\/us.edu.pl\/kandydat\/category\/przyszli-studenci\/\">przyszli studenci<\/a><a href=\"https:\/\/us.edu.pl\/kandydat\/category\/wiadomosci\/rekrutacja\/\">rekrutacja<\/a>\r\n                    <\/div>    \r\n                <\/div>\r\n            <\/article>\r\n        \r\n            <article class=\"article-loop-post carousel-slide\">\r\n                <a href=\"https:\/\/us.edu.pl\/kandydat\/nabor-na-semestr-letni\/\" class=\"article-loop-post__thumbnail thumbnail\"\r\n                    style=\"background-image: url(https:\/\/us.edu.pl\/kandydat\/wp-content\/uploads\/sites\/13\/zdj\u0119cia-rekrutacja\/us-19-of-93-300x200.jpg)\">\r\n                    <span>wi\u0119cej<\/span>\r\n                <\/a>\r\n\r\n                <div class=\"article-loop-post__content\">\r\n                    <h3 class=\"article-loop-post__title\">\r\n                        <a href=\"https:\/\/us.edu.pl\/kandydat\/nabor-na-semestr-letni\/\">Nab\u00f3r na studia na semestr letni 2025\/2026<\/a>\r\n                    <\/h3>\r\n            \r\n                    <div class=\"article-loop-post__categories\">\r\n                        <a href=\"https:\/\/us.edu.pl\/kandydat\/category\/wiadomosci\/rekrutacja\/\">rekrutacja<\/a><a href=\"https:\/\/us.edu.pl\/kandydat\/category\/wiadomosci\/\">Wiadomo\u015bci<\/a>\r\n                    <\/div>    \r\n                <\/div>\r\n            <\/article>\r\n        \r\n            <article class=\"article-loop-post carousel-slide\">\r\n                <a href=\"https:\/\/us.edu.pl\/kandydat\/rekrutacja-na-rok-akademicki\/\" class=\"article-loop-post__thumbnail thumbnail\"\r\n                    style=\"background-image: url(https:\/\/us.edu.pl\/kandydat\/wp-content\/uploads\/sites\/13\/zdj\u0119cia-rekrutacja\/DSC7732-300x202.jpg)\">\r\n                    <span>wi\u0119cej<\/span>\r\n                <\/a>\r\n\r\n                <div class=\"article-loop-post__content\">\r\n                    <h3 class=\"article-loop-post__title\">\r\n                        <a href=\"https:\/\/us.edu.pl\/kandydat\/rekrutacja-na-rok-akademicki\/\">Terminy rekrutacji na rok akademicki 2026\/2027<\/a>\r\n                    <\/h3>\r\n            \r\n                    <div class=\"article-loop-post__categories\">\r\n                        <a href=\"https:\/\/us.edu.pl\/kandydat\/category\/wiadomosci\/rekrutacja\/\">rekrutacja<\/a><a href=\"https:\/\/us.edu.pl\/kandydat\/category\/wiadomosci\/\">Wiadomo\u015bci<\/a>\r\n                    <\/div>    \r\n                <\/div>\r\n            <\/article>\r\n        \r\n            <article class=\"article-loop-post carousel-slide\">\r\n                <a href=\"https:\/\/us.edu.pl\/kandydat\/listy-zakwalifikowanych-na-studia\/\" class=\"article-loop-post__thumbnail thumbnail\"\r\n                    style=\"background-image: url(https:\/\/us.edu.pl\/kandydat\/wp-content\/uploads\/sites\/13\/Bez-kategorii\/us_R2_22-23_13-1-e1667554230213-600x341.png)\">\r\n                    <span>wi\u0119cej<\/span>\r\n                <\/a>\r\n\r\n                <div class=\"article-loop-post__content\">\r\n                    <h3 class=\"article-loop-post__title\">\r\n                        <a href=\"https:\/\/us.edu.pl\/kandydat\/listy-zakwalifikowanych-na-studia\/\">Listy zakwalifikowanych na studia<\/a>\r\n                    <\/h3>\r\n            \r\n                    <div class=\"article-loop-post__categories\">\r\n                        <a href=\"https:\/\/us.edu.pl\/kandydat\/category\/wiadomosci\/rekrutacja\/\">rekrutacja<\/a>\r\n                    <\/div>    \r\n                <\/div>\r\n            <\/article>\r\n        \r\n            <article class=\"article-loop-post carousel-slide\">\r\n                <a href=\"https:\/\/us.edu.pl\/kandydat\/studia-angielski\/\" class=\"article-loop-post__thumbnail thumbnail\"\r\n                    style=\"background-image: url(https:\/\/us.edu.pl\/kandydat\/wp-content\/uploads\/sites\/13\/zdj\u0119cia-rekrutacja\/DSC7018a-300x200.jpg)\">\r\n                    <span>wi\u0119cej<\/span>\r\n                <\/a>\r\n\r\n                <div class=\"article-loop-post__content\">\r\n                    <h3 class=\"article-loop-post__title\">\r\n                        <a href=\"https:\/\/us.edu.pl\/kandydat\/studia-angielski\/\">Studia w j\u0119zyku angielskim<\/a>\r\n                    <\/h3>\r\n            \r\n                    <div class=\"article-loop-post__categories\">\r\n                        <a href=\"https:\/\/us.edu.pl\/kandydat\/category\/wiadomosci\/rekrutacja\/\">rekrutacja<\/a>\r\n                    <\/div>    \r\n                <\/div>\r\n            <\/article>\r\n        \r\n            <article class=\"article-loop-post carousel-slide\">\r\n                <a href=\"https:\/\/us.edu.pl\/student\/nowy-student\/nowy-student-pierwsze-kroki\/\" class=\"article-loop-post__thumbnail thumbnail\"\r\n                    style=\"background-image: url(https:\/\/us.edu.pl\/kandydat\/wp-content\/uploads\/sites\/13\/Bez-kategorii\/sport-i-jezyki-obce-e1574938547626-600x412.jpg)\">\r\n                    <span>wi\u0119cej<\/span>\r\n                <\/a>\r\n\r\n                <div class=\"article-loop-post__content\">\r\n                    <h3 class=\"article-loop-post__title\">\r\n                        <a href=\"https:\/\/us.edu.pl\/student\/nowy-student\/nowy-student-pierwsze-kroki\/\">Vademecum studenckie<\/a>\r\n                    <\/h3>\r\n            \r\n                    <div class=\"article-loop-post__categories\">\r\n                        <a href=\"https:\/\/us.edu.pl\/kandydat\/category\/wiadomosci\/rekrutacja\/\">rekrutacja<\/a>\r\n                    <\/div>    \r\n                <\/div>\r\n            <\/article>\r\n        \n\t\t\t\t\t\t\t\t<\/div>\n\t\t\t\t\t\t  <\/div>\n\t\t\t\t\t <\/div>\n\t\t\t\t\t <\/div>\n\t\t\t\t<\/div>[\/vc_column][\/vc_row]<\/p>\n<style type=\"text\/css\">a[data-mtli~=\"mtli_filesize259,38kB\"]:after {content:\" (259,38 kB)\"}a[data-mtli~=\"mtli_filesize636,96kB\"]:after {content:\" (636,96 kB)\"}a[data-mtli~=\"mtli_filesize254,02kB\"]:after {content:\" (254,02 kB)\"}a[data-mtli~=\"mtli_filesize220,75kB\"]:after {content:\" (220,75 kB)\"}a[data-mtli~=\"mtli_filesize378,80kB\"]:after {content:\" (378,80 kB)\"}a[data-mtli~=\"mtli_filesize145,50kB\"]:after {content:\" (145,50 kB)\"}a[data-mtli~=\"mtli_filesize273,26kB\"]:after {content:\" (273,26 kB)\"}a[data-mtli~=\"mtli_filesize206,66kB\"]:after {content:\" (206,66 kB)\"}a[data-mtli~=\"mtli_filesize149,25kB\"]:after {content:\" (149,25 kB)\"}a[data-mtli~=\"mtli_filesize191,09kB\"]:after {content:\" (191,09 kB)\"}a[data-mtli~=\"mtli_filesize617,27kB\"]:after {content:\" (617,27 kB)\"}a[data-mtli~=\"mtli_filesize160,30kB\"]:after {content:\" (160,30 kB)\"}<\/style>","protected":false},"excerpt":{"rendered":"<p>[vc_row][vc_column][vc_separator color=&#8221;custom&#8221; align=&#8221;align_left&#8221; border_width=&#8221;2&#8243; accent_color=&#8221;#38507b&#8221;][vc_separator color=&#8221;custom&#8221; align=&#8221;align_left&#8221; border_width=&#8221;2&#8243; accent_color=&#8221;#38507b&#8221;][\/vc_column][\/vc_row][vc_row][vc_column][\/vc_column][\/vc_row] [&#8230;]<\/p>\n<p><a class=\"btn btn-secondary understrap-read-more-link\" href=\"https:\/\/us.edu.pl\/kandydat\/vademecum-studenckie\/\">Read More&#8230;<\/a><\/p>\n","protected":false},"author":31,"featured_media":0,"parent":1278,"menu_order":13,"comment_status":"closed","ping_status":"closed","template":"page-templates\/page-with-sidebar-and-bookmarks.php","meta":{"_expiration-date-status":"","_expiration-date":0,"_expiration-date-type":"","_expiration-date-categories":[],"_expiration-date-options":[]},"acf":[],"_links":{"self":[{"href":"https:\/\/us.edu.pl\/kandydat\/wp-json\/wp\/v2\/pages\/19761"}],"collection":[{"href":"https:\/\/us.edu.pl\/kandydat\/wp-json\/wp\/v2\/pages"}],"about":[{"href":"https:\/\/us.edu.pl\/kandydat\/wp-json\/wp\/v2\/types\/page"}],"author":[{"embeddable":true,"href":"https:\/\/us.edu.pl\/kandydat\/wp-json\/wp\/v2\/users\/31"}],"replies":[{"embeddable":true,"href":"https:\/\/us.edu.pl\/kandydat\/wp-json\/wp\/v2\/comments?post=19761"}],"version-history":[{"count":6,"href":"https:\/\/us.edu.pl\/kandydat\/wp-json\/wp\/v2\/pages\/19761\/revisions"}],"predecessor-version":[{"id":21749,"href":"https:\/\/us.edu.pl\/kandydat\/wp-json\/wp\/v2\/pages\/19761\/revisions\/21749"}],"up":[{"embeddable":true,"href":"https:\/\/us.edu.pl\/kandydat\/wp-json\/wp\/v2\/pages\/1278"}],"wp:attachment":[{"href":"https:\/\/us.edu.pl\/kandydat\/wp-json\/wp\/v2\/media?parent=19761"}],"curies":[{"name":"wp","href":"https:\/\/api.w.org\/{rel}","templated":true}]}}