{"id":202,"date":"2019-09-25T11:42:00","date_gmt":"2019-09-25T09:42:00","guid":{"rendered":"http:\/\/php71.nfinity-beta.pl\/us\/kandydat\/?page_id=202"},"modified":"2019-10-11T14:41:32","modified_gmt":"2019-10-11T12:41:32","slug":"co-po-zlozeniu-dokumentow","status":"publish","type":"page","link":"https:\/\/us.edu.pl\/kandydat\/co-po-zlozeniu-dokumentow\/","title":{"rendered":"Co po z\u0142o\u017ceniu dokument\u00f3w?"},"content":{"rendered":"<p>[vc_row][vc_column]\r\n                <div class=\"text-modules\">\r\n                    <div class=\"container\">\r\n                        \r\n                        <div class=\"text-modules__content\"><\/p>\n<p align=\"justify\">Dosta\u0142e\u015b si\u0119 na studia i z\u0142o\u017cy\u0142e\u015b wymagane dokumenty na wydziale? Gratulujemy!<\/p>\n<p align=\"justify\">W\u0142a\u015bnie do\u0142\u0105czy\u0142e\u015b do grona student\u00f3w Uniwersytetu \u015al\u0105skiego! Od tej pory wi\u0119kszo\u015b\u0107 spraw b\u0119dziesz za\u0142atwia\u0142, kontaktuj\u0105c si\u0119 z dziekanatem wydzia\u0142u.<\/p>\n<p align=\"justify\">Poni\u017cej zebrali\u015bmy najwa\u017cniejsze informacje dla nowych student\u00f3w, kt\u00f3re u\u0142atwi\u0105 ci pierwsze kroki na naszej uczelni.<\/p>\n<p>\n<\/div>\r\n                    <\/div>\r\n                <\/div>[\/vc_column][\/vc_row]<\/p>","protected":false},"excerpt":{"rendered":"<p>[vc_row][vc_column][\/vc_column][\/vc_row] [&#8230;]<\/p>\n<p><a class=\"btn btn-secondary understrap-read-more-link\" href=\"https:\/\/us.edu.pl\/kandydat\/co-po-zlozeniu-dokumentow\/\">Read More&#8230;<\/a><\/p>\n","protected":false},"author":31,"featured_media":0,"parent":0,"menu_order":0,"comment_status":"closed","ping_status":"closed","template":"page-templates\/page-with-bookmarks.php","meta":{"_expiration-date-status":"","_expiration-date":0,"_expiration-date-type":"","_expiration-date-categories":[],"_expiration-date-options":[]},"acf":[],"_links":{"self":[{"href":"https:\/\/us.edu.pl\/kandydat\/wp-json\/wp\/v2\/pages\/202"}],"collection":[{"href":"https:\/\/us.edu.pl\/kandydat\/wp-json\/wp\/v2\/pages"}],"about":[{"href":"https:\/\/us.edu.pl\/kandydat\/wp-json\/wp\/v2\/types\/page"}],"author":[{"embeddable":true,"href":"https:\/\/us.edu.pl\/kandydat\/wp-json\/wp\/v2\/users\/31"}],"replies":[{"embeddable":true,"href":"https:\/\/us.edu.pl\/kandydat\/wp-json\/wp\/v2\/comments?post=202"}],"version-history":[{"count":3,"href":"https:\/\/us.edu.pl\/kandydat\/wp-json\/wp\/v2\/pages\/202\/revisions"}],"predecessor-version":[{"id":1757,"href":"https:\/\/us.edu.pl\/kandydat\/wp-json\/wp\/v2\/pages\/202\/revisions\/1757"}],"wp:attachment":[{"href":"https:\/\/us.edu.pl\/kandydat\/wp-json\/wp\/v2\/media?parent=202"}],"curies":[{"name":"wp","href":"https:\/\/api.w.org\/{rel}","templated":true}]}}