{"id":2115,"date":"2019-10-15T10:34:09","date_gmt":"2019-10-15T08:34:09","guid":{"rendered":"https:\/\/us.edu.pl\/kandydat\/?page_id=2115"},"modified":"2020-06-17T20:45:47","modified_gmt":"2020-06-17T18:45:47","slug":"matura-europejska-dyplom-eb-european-baccalaureate","status":"publish","type":"page","link":"https:\/\/us.edu.pl\/kandydat\/rekrutacja-na-studia-krok-po-kroku\/przeliczanie-ocen-z-matur\/matura-europejska-dyplom-eb-european-baccalaureate\/","title":{"rendered":"Matura europejska &#8211; dyplom EB"},"content":{"rendered":"<p>[vc_row][vc_column]\r\n                <div class=\"text-modules\">\r\n                    <div class=\"container\">\r\n                        <h3 class=\"page-title text__title\">Kandydaci z matur\u0105 europejsk\u0105 - dyplom EB (European Baccalaureate)<\/h3>\r\n                        <div class=\"text-modules__content\"><p>Kandydata posiadaj\u0105cego matur\u0119 europejsk\u0105 \u2014 dyplom EB (European Baccalaureate), wydawanego przez Szko\u0142y Europejskie zgodnie z Konwencj\u0105 sporz\u0105dzon\u0105 w Luksemburgu dnia 21 czerwca 1994 r. o statusie Szk\u00f3\u0142 Europejskich, obowi\u0105zuj\u0105 takie same zasady rekrutacji jak kandydata z \u201enow\u0105 matur\u0105\u201d. Wyniki uzyskane w ramach matury europejskiej przeliczone zostan\u0105 wed\u0142ug zasad okre\u015blonych dla poziomu rozszerzonego, proporcjonalnie na skal\u0119 \u201enowej matury\u201d w spos\u00f3b nast\u0119puj\u0105cy:<\/p>\n<table style=\"width: 99%\" border=\"1\" cellspacing=\"0\" cellpadding=\"0\">\n<tbody>\n<tr>\n<td>\n<p align=\"center\">Egzamin EB<\/p>\n<\/td>\n<td>\n<p align=\"center\">Egzamin maturalny (\u201enowa matura\u201d)<\/p>\n<\/td>\n<\/tr>\n<tr>\n<td>\n<p align=\"center\">9,00 \u00f7 10,00<\/p>\n<\/td>\n<td>\n<p align=\"center\">100%<\/p>\n<\/td>\n<\/tr>\n<tr>\n<td>\n<p align=\"center\">8,00 \u00f7 8,95<\/p>\n<\/td>\n<td>\n<p align=\"center\">90%<\/p>\n<\/td>\n<\/tr>\n<tr>\n<td>\n<p align=\"center\">7,00 \u00f7 7,95<\/p>\n<\/td>\n<td>\n<p align=\"center\">75%<\/p>\n<\/td>\n<\/tr>\n<tr>\n<td>\n<p align=\"center\">6,00 \u00f7 6,95<\/p>\n<\/td>\n<td>\n<p align=\"center\">60%<\/p>\n<\/td>\n<\/tr>\n<tr>\n<td>\n<p align=\"center\">5,00 \u00f7 5,95<\/p>\n<\/td>\n<td>\n<p align=\"center\">45%<\/p>\n<\/td>\n<\/tr>\n<tr>\n<td>\n<p align=\"center\">4,00 \u00f7 4,95<\/p>\n<\/td>\n<td>\n<p align=\"center\">30%<\/p>\n<\/td>\n<\/tr>\n<\/tbody>\n<\/table>\n<p>W przypadku nieprzedstawienia dyplomu\u00a0\u201eEuropean Baccalaureate\u201d, kandydat, do cel\u00f3w kwalifikacji, jest zobowi\u0105zany z\u0142o\u017cy\u0107 odpowiednie za\u015bwiadczenie o wyniku matury wystawione przez upowa\u017cnione organy, a\u00a0dyplom\u00a0 (EB) dostarczy\u0107 niezw\u0142ocznie po jego otrzymaniu.<\/p>\n<\/div>\r\n                    <\/div>\r\n                <\/div>[\/vc_column][\/vc_row]<\/p>","protected":false},"excerpt":{"rendered":"<p>[vc_row][vc_column][\/vc_column][\/vc_row] [&#8230;]<\/p>\n<p><a class=\"btn btn-secondary understrap-read-more-link\" href=\"https:\/\/us.edu.pl\/kandydat\/rekrutacja-na-studia-krok-po-kroku\/przeliczanie-ocen-z-matur\/matura-europejska-dyplom-eb-european-baccalaureate\/\">Read More&#8230;<\/a><\/p>\n","protected":false},"author":31,"featured_media":0,"parent":1827,"menu_order":1,"comment_status":"closed","ping_status":"closed","template":"page-templates\/inner-page.php","meta":{"_expiration-date-status":"saved","_expiration-date":0,"_expiration-date-type":"","_expiration-date-categories":[],"_expiration-date-options":[]},"acf":[],"_links":{"self":[{"href":"https:\/\/us.edu.pl\/kandydat\/wp-json\/wp\/v2\/pages\/2115"}],"collection":[{"href":"https:\/\/us.edu.pl\/kandydat\/wp-json\/wp\/v2\/pages"}],"about":[{"href":"https:\/\/us.edu.pl\/kandydat\/wp-json\/wp\/v2\/types\/page"}],"author":[{"embeddable":true,"href":"https:\/\/us.edu.pl\/kandydat\/wp-json\/wp\/v2\/users\/31"}],"replies":[{"embeddable":true,"href":"https:\/\/us.edu.pl\/kandydat\/wp-json\/wp\/v2\/comments?post=2115"}],"version-history":[{"count":6,"href":"https:\/\/us.edu.pl\/kandydat\/wp-json\/wp\/v2\/pages\/2115\/revisions"}],"predecessor-version":[{"id":2121,"href":"https:\/\/us.edu.pl\/kandydat\/wp-json\/wp\/v2\/pages\/2115\/revisions\/2121"}],"up":[{"embeddable":true,"href":"https:\/\/us.edu.pl\/kandydat\/wp-json\/wp\/v2\/pages\/1827"}],"wp:attachment":[{"href":"https:\/\/us.edu.pl\/kandydat\/wp-json\/wp\/v2\/media?parent=2115"}],"curies":[{"name":"wp","href":"https:\/\/api.w.org\/{rel}","templated":true}]}}