{"id":2137,"date":"2019-10-15T10:54:45","date_gmt":"2019-10-15T08:54:45","guid":{"rendered":"https:\/\/us.edu.pl\/kandydat\/?page_id=2137"},"modified":"2020-06-17T20:47:59","modified_gmt":"2020-06-17T18:47:59","slug":"matura-dwujezyczna","status":"publish","type":"page","link":"https:\/\/us.edu.pl\/kandydat\/rekrutacja-na-studia-krok-po-kroku\/przeliczanie-ocen-z-matur\/matura-dwujezyczna\/","title":{"rendered":"Matura dwuj\u0119zyczna"},"content":{"rendered":"<p>[vc_row][vc_column]\r\n                <div class=\"text-modules\">\r\n                    <div class=\"container\">\r\n                        <h3 class=\"page-title text__title\">Kandydaci z matur\u0105 dwuj\u0119zyczn\u0105<\/h3>\r\n                        <div class=\"text-modules__content\"><p>Kandydatowi, kt\u00f3ry zda\u0142 matur\u0119 na poziomie szko\u0142y dwuj\u0119zycznej wynik z egzaminu z j\u0119zyka obcego zdanego na poziomie dwuj\u0119zycznym jest przeliczany na wynik na poziomie rozszerzonym przez pomno\u017cenie go przez 4\/3 i zaokr\u0105glenie do pe\u0142nego procenta. Wynik maksymalny z poziomu rozszerzonego nie mo\u017ce przekroczy\u0107 100%. Je\u017celi jest wy\u017cszy \u2013 otrzymuje warto\u015b\u0107 100%.<br \/>\nPowy\u017csze stosuje si\u0119 w przypadku, gdy kryteria przyj\u0119\u0107 na wybranym kierunku studi\u00f3w nie precyzuj\u0105 przeliczania wyniku z poziomu dwuj\u0119zycznego.<br \/>\nPod poj\u0119ciem kandydata, kt\u00f3ry zda\u0142 matur\u0119 na poziomie szko\u0142y dwuj\u0119zycznej, nale\u017cy rozumie\u0107 tak\u017ce kandydata, kt\u00f3ry zda\u0142 egzamin z j\u0119zyka obcego nowo\u017cytnego jako przedmiotu dodatkowego na poziomie dwuj\u0119zycznym niezale\u017cnie od typu szko\u0142y, do kt\u00f3rej ucz\u0119szcza\u0142.<\/p>\n<\/div>\r\n                    <\/div>\r\n                <\/div>[\/vc_column][\/vc_row]<\/p>","protected":false},"excerpt":{"rendered":"<p>[vc_row][vc_column][\/vc_column][\/vc_row] [&#8230;]<\/p>\n<p><a class=\"btn btn-secondary understrap-read-more-link\" href=\"https:\/\/us.edu.pl\/kandydat\/rekrutacja-na-studia-krok-po-kroku\/przeliczanie-ocen-z-matur\/matura-dwujezyczna\/\">Read More&#8230;<\/a><\/p>\n","protected":false},"author":31,"featured_media":0,"parent":1827,"menu_order":4,"comment_status":"closed","ping_status":"closed","template":"page-templates\/inner-page.php","meta":{"_expiration-date-status":"saved","_expiration-date":0,"_expiration-date-type":"","_expiration-date-categories":[],"_expiration-date-options":[]},"acf":[],"_links":{"self":[{"href":"https:\/\/us.edu.pl\/kandydat\/wp-json\/wp\/v2\/pages\/2137"}],"collection":[{"href":"https:\/\/us.edu.pl\/kandydat\/wp-json\/wp\/v2\/pages"}],"about":[{"href":"https:\/\/us.edu.pl\/kandydat\/wp-json\/wp\/v2\/types\/page"}],"author":[{"embeddable":true,"href":"https:\/\/us.edu.pl\/kandydat\/wp-json\/wp\/v2\/users\/31"}],"replies":[{"embeddable":true,"href":"https:\/\/us.edu.pl\/kandydat\/wp-json\/wp\/v2\/comments?post=2137"}],"version-history":[{"count":1,"href":"https:\/\/us.edu.pl\/kandydat\/wp-json\/wp\/v2\/pages\/2137\/revisions"}],"predecessor-version":[{"id":2138,"href":"https:\/\/us.edu.pl\/kandydat\/wp-json\/wp\/v2\/pages\/2137\/revisions\/2138"}],"up":[{"embeddable":true,"href":"https:\/\/us.edu.pl\/kandydat\/wp-json\/wp\/v2\/pages\/1827"}],"wp:attachment":[{"href":"https:\/\/us.edu.pl\/kandydat\/wp-json\/wp\/v2\/media?parent=2137"}],"curies":[{"name":"wp","href":"https:\/\/api.w.org\/{rel}","templated":true}]}}