{"id":2147,"date":"2019-10-15T11:16:02","date_gmt":"2019-10-15T09:16:02","guid":{"rendered":"https:\/\/us.edu.pl\/kandydat\/?page_id=2147"},"modified":"2024-05-01T08:29:15","modified_gmt":"2024-05-01T06:29:15","slug":"nowa-matura","status":"publish","type":"page","link":"https:\/\/us.edu.pl\/kandydat\/rekrutacja-na-studia-krok-po-kroku\/przeliczanie-ocen-z-matur\/nowa-matura\/","title":{"rendered":"Nowa matura"},"content":{"rendered":"<p>[vc_row][vc_column]\r\n                <div class=\"text-modules\">\r\n                    <div class=\"container\">\r\n                        <h3 class=\"page-title text__title\">Kandydaci z now\u0105 matur\u0105<\/h3>\r\n                        <div class=\"text-modules__content\"><p>Podstaw\u0105 przyj\u0119cia kandydata z \u201enow\u0105 matur\u0105\u201d jest wynik egzaminu maturalnego z przedmiot\u00f3w wskazanych w kryteriach przyj\u0119\u0107 na dany kierunek i specjalno\u015b\u0107 studi\u00f3w. Kryteria przyj\u0119\u0107 na poszczeg\u00f3lne kierunki studi\u00f3w podane s\u0105 w katalogu kierunk\u00f3w i w <strong><a href=\"https:\/\/irk2.us.edu.pl\/pl\/\">systemie IRK<\/a><\/strong>.<\/p>\n<p>Je\u017celi kandydat nie zdawa\u0142 egzaminu maturalnego z wymaganego przedmiotu lub poziomu wskazanego w kryteriach przyj\u0119\u0107 na kierunku, mo\u017ce ubiega\u0107 si\u0119 o przyj\u0119cie na studia, o ile w post\u0119powaniu brany jest pod uwag\u0119 wi\u0119cej ni\u017c jeden przedmiot i kandydat posiada z niego wynik. Z brakuj\u0105cego przedmiotu lub poziomu uzyskuje zerow\u0105 liczb\u0119 punkt\u00f3w. Wyj\u0105tkiem s\u0105 studia, gdzie posiadanie wyniku z danego przedmiotu lub poziomu jest wymagane na poziomie kryterium formalnego.<\/p>\n<p>W przypadku, kiedy kandydat zdawa\u0142 przedmiot wymagany na dany kierunek lub specjalno\u015b\u0107 studi\u00f3w na dw\u00f3ch poziomach (podstawowym i rozszerzonym) pod uwag\u0119 brany b\u0119dzie wynik korzystniejszy dla kandydata, je\u015bli kryteria przyj\u0119\u0107 na kierunku nie stanowi\u0105 inaczej.<\/p>\n<\/div>\r\n                    <\/div>\r\n                <\/div>[\/vc_column][\/vc_row]<\/p>","protected":false},"excerpt":{"rendered":"<p>[vc_row][vc_column][\/vc_column][\/vc_row] [&#8230;]<\/p>\n<p><a class=\"btn btn-secondary understrap-read-more-link\" href=\"https:\/\/us.edu.pl\/kandydat\/rekrutacja-na-studia-krok-po-kroku\/przeliczanie-ocen-z-matur\/nowa-matura\/\">Read More&#8230;<\/a><\/p>\n","protected":false},"author":31,"featured_media":0,"parent":1827,"menu_order":0,"comment_status":"closed","ping_status":"closed","template":"page-templates\/inner-page.php","meta":{"_expiration-date-status":"","_expiration-date":0,"_expiration-date-type":"","_expiration-date-categories":[],"_expiration-date-options":[]},"acf":[],"_links":{"self":[{"href":"https:\/\/us.edu.pl\/kandydat\/wp-json\/wp\/v2\/pages\/2147"}],"collection":[{"href":"https:\/\/us.edu.pl\/kandydat\/wp-json\/wp\/v2\/pages"}],"about":[{"href":"https:\/\/us.edu.pl\/kandydat\/wp-json\/wp\/v2\/types\/page"}],"author":[{"embeddable":true,"href":"https:\/\/us.edu.pl\/kandydat\/wp-json\/wp\/v2\/users\/31"}],"replies":[{"embeddable":true,"href":"https:\/\/us.edu.pl\/kandydat\/wp-json\/wp\/v2\/comments?post=2147"}],"version-history":[{"count":4,"href":"https:\/\/us.edu.pl\/kandydat\/wp-json\/wp\/v2\/pages\/2147\/revisions"}],"predecessor-version":[{"id":14639,"href":"https:\/\/us.edu.pl\/kandydat\/wp-json\/wp\/v2\/pages\/2147\/revisions\/14639"}],"up":[{"embeddable":true,"href":"https:\/\/us.edu.pl\/kandydat\/wp-json\/wp\/v2\/pages\/1827"}],"wp:attachment":[{"href":"https:\/\/us.edu.pl\/kandydat\/wp-json\/wp\/v2\/media?parent=2147"}],"curies":[{"name":"wp","href":"https:\/\/api.w.org\/{rel}","templated":true}]}}