{"id":21666,"date":"2026-01-26T12:21:45","date_gmt":"2026-01-26T11:21:45","guid":{"rendered":"https:\/\/us.edu.pl\/kandydat\/?page_id=21666"},"modified":"2026-01-26T14:38:52","modified_gmt":"2026-01-26T13:38:52","slug":"digicrea-digital-creativity-art-science","status":"publish","type":"page","link":"https:\/\/us.edu.pl\/kandydat\/digicrea-digital-creativity-art-science\/","title":{"rendered":"DigiCrea \u2013 Digital Creativity Art &#038; Science"},"content":{"rendered":"<p>[vc_row][vc_column]\r\n                <div class=\"text-modules \">\r\n                    <div class=\"container\">\r\n                         \r\n                        <div class=\"row m-0\">\r\n                            <div class=\"text-modules__content\">\r\n                                <strong>Erasmus Mundus Joint Master<\/strong><\/p>\n<p><strong>DigiCrea<\/strong> to unikatowy, mi\u0119dzynarodowy program studi\u00f3w magisterskich, kt\u00f3ry \u0142\u0105czy sztuk\u0119, nauk\u0119 i technologie cyfrowe w jednym sp\u00f3jnym, nowoczesnym programie kszta\u0142cenia. Jest to presti\u017cowy kierunek typu Erasmus Mundus Joint Master, realizowany przez trzy europejskie uczelnie partnerskie we Francji, Portugalii i Polsce.<\/p>\n<p>Studia trwaj\u0105 2 lata (4 semestry) i odbywaj\u0105 si\u0119 kolejno w Saint-\u00c9tienne (Francja), Porto (Portugalia) oraz Katowicach i Cieszynie (Polska). Ostatni semestr po\u015bwi\u0119cony jest na realizacj\u0119 mi\u0119dzynarodowego projektu artystycznego, badawczego lub zawodowego we wsp\u00f3\u0142pracy z partnerami z bran\u017cy kreatywnej.<\/p>\n<p><strong>Najwi\u0119kszym atutem DigiCrea<\/strong> jest jego interdyscyplinarno\u015b\u0107. Program zosta\u0142 zaprojektowany dla tw\u00f3rc\u00f3w, kt\u00f3rzy nie chc\u0105 ogranicza\u0107 si\u0119 do jednej dziedziny. Studenci ucz\u0105 si\u0119, jak \u0142\u0105czy\u0107 d\u017awi\u0119k, obraz, kod, technologi\u0119 i narracj\u0119 w nowoczesnych projektach artystycznych i multimedialnych.<\/p>\n<p>Program oferuje <strong>dwie \u015bcie\u017cki specjalizacji<\/strong>:<\/p>\n<ul>\n<li><strong>Sound &amp; Music<\/strong> \u2013 dla kompozytor\u00f3w, producent\u00f3w muzycznych, sound designer\u00f3w i tw\u00f3rc\u00f3w d\u017awi\u0119ku.<\/li>\n<li><strong>Image<\/strong> \u2013 dla artyst\u00f3w wizualnych, tw\u00f3rc\u00f3w wideo, 3D, animacji, VFX i interaktywnych medi\u00f3w.<\/li>\n<\/ul>\n<p>Opr\u00f3cz zaj\u0119\u0107 specjalistycznych studenci uczestnicz\u0105 we wsp\u00f3lnych kursach z zakresu programowania kreatywnego, technologii interaktywnych, narracji, zarz\u0105dzania projektami artystycznymi oraz wsp\u00f3\u0142pracy z przemys\u0142em kreatywnym.<\/p>\n<p>DigiCrea to r\u00f3wnie\u017c wyj\u0105tkowa okazja do budowania mi\u0119dzynarodowej kariery. Program przyjmuje maksymalnie 22 student\u00f3w z ca\u0142ego \u015bwiata, co gwarantuje indywidualne podej\u015bcie, intensywn\u0105 wsp\u00f3\u0142prac\u0119 oraz dost\u0119p do najwy\u017cszej klasy wyk\u0142adowc\u00f3w i mentor\u00f3w.<\/p>\n<p>Jednym z najwi\u0119kszych atut\u00f3w programu jest system stypendialny Erasmus Mundus. Oko\u0142o 80% student\u00f3w otrzymuje stypendium w wysoko\u015bci 1400 euro miesi\u0119cznie przez 24 miesi\u0105ce. Dodatkowo studia s\u0105 wolne od czesnego, tak\u017ce dla student\u00f3w bez stypendium.<\/p>\n<p>Absolwenci DigiCrea znajduj\u0105 zatrudnienie jako arty\u015bci cyfrowi, tw\u00f3rcy multimedi\u00f3w, sound designerzy, kompozytorzy, programi\u015bci kreatywni, projektanci interakcji, tw\u00f3rcy gier, animacji, filmu i sztuki nowych medi\u00f3w.<\/p>\n<p><a href=\"https:\/\/drive.google.com\/file\/d\/1YnVDhaXW7OoKFoJQWZWQ2KX3iTLRNmBf\/view?usp=sharing\"><video controls=\"controls\" width=\"480\" height=\"240\"><source src=\"https:\/\/drive.google.com\/file\/d\/1YnVDhaXW7OoKFoJQWZWQ2KX3iTLRNmBf\/view?usp=sharing \" \/><\/video><\/a><\/p>\n<p><a href=\"https:\/\/drive.google.com\/file\/d\/1YnVDhaXW7OoKFoJQWZWQ2KX3iTLRNmBf\/view?usp=sharing\"><video controls=\"controls\" width=\"480\" height=\"240\"><source src=\"https:\/\/drive.google.com\/file\/d\/1YnVDhaXW7OoKFoJQWZWQ2KX3iTLRNmBf\/view?usp=sharing\" \/><\/video><\/a><\/p>\n<p>Termin sk\u0142adania aplikacji w II naborze: <strong>16 lutego 2026 r.<\/strong> Wyniki rekrutacji og\u0142oszone zostan\u0105 na pocz\u0105tku kwietnia 2026 roku.<\/p>\n<p>Informacje o tym jak aplikowa\u0107 znajdziesz na stronie kierunku: <a href=\"https:\/\/master-digicrea.univ-st-etienne.fr\/en\/join-digicrea\/how-to-apply.html\">https:\/\/master-digicrea.univ-st-etienne.fr\/en\/join-digicrea\/how-to-apply.html<\/a> \r\n                                <div class=\"mt-3\"><\/div>\r\n                            <\/div>\r\n                            \r\n                            <div class=\"text-modules__img\"><img src=\"https:\/\/us.edu.pl\/kandydat\/wp-content\/uploads\/sites\/13\/Bez-kategorii\/DigiCrea_promocja.jpg\" alt=\"img\"><\/div>\r\n                        <\/div>\r\n                    <\/div>\r\n                <\/div>[\/vc_column][\/vc_row]<\/p>","protected":false},"excerpt":{"rendered":"<p>[vc_row][vc_column][\/vc_column][\/vc_row] [&#8230;]<\/p>\n<p><a class=\"btn btn-secondary understrap-read-more-link\" href=\"https:\/\/us.edu.pl\/kandydat\/digicrea-digital-creativity-art-science\/\">Read More&#8230;<\/a><\/p>\n","protected":false},"author":6850,"featured_media":21667,"parent":0,"menu_order":0,"comment_status":"closed","ping_status":"closed","template":"","meta":{"_expiration-date-status":"","_expiration-date":0,"_expiration-date-type":"","_expiration-date-categories":[],"_expiration-date-options":[]},"acf":[],"_links":{"self":[{"href":"https:\/\/us.edu.pl\/kandydat\/wp-json\/wp\/v2\/pages\/21666"}],"collection":[{"href":"https:\/\/us.edu.pl\/kandydat\/wp-json\/wp\/v2\/pages"}],"about":[{"href":"https:\/\/us.edu.pl\/kandydat\/wp-json\/wp\/v2\/types\/page"}],"author":[{"embeddable":true,"href":"https:\/\/us.edu.pl\/kandydat\/wp-json\/wp\/v2\/users\/6850"}],"replies":[{"embeddable":true,"href":"https:\/\/us.edu.pl\/kandydat\/wp-json\/wp\/v2\/comments?post=21666"}],"version-history":[{"count":2,"href":"https:\/\/us.edu.pl\/kandydat\/wp-json\/wp\/v2\/pages\/21666\/revisions"}],"predecessor-version":[{"id":21676,"href":"https:\/\/us.edu.pl\/kandydat\/wp-json\/wp\/v2\/pages\/21666\/revisions\/21676"}],"wp:featuredmedia":[{"embeddable":true,"href":"https:\/\/us.edu.pl\/kandydat\/wp-json\/wp\/v2\/media\/21667"}],"wp:attachment":[{"href":"https:\/\/us.edu.pl\/kandydat\/wp-json\/wp\/v2\/media?parent=21666"}],"curies":[{"name":"wp","href":"https:\/\/api.w.org\/{rel}","templated":true}]}}