{"id":21717,"date":"2026-02-03T12:07:05","date_gmt":"2026-02-03T11:07:05","guid":{"rendered":"https:\/\/us.edu.pl\/kandydat\/?page_id=21717"},"modified":"2026-02-03T12:17:44","modified_gmt":"2026-02-03T11:17:44","slug":"faq","status":"publish","type":"page","link":"https:\/\/us.edu.pl\/kandydat\/dziki-indeks\/faq\/","title":{"rendered":"FAQ"},"content":{"rendered":"<p>[vc_row][vc_column]\r\n                <div class=\"text-modules\">\r\n                    <div class=\"container\">\r\n                        <h3 class=\"page-title text__title\">Masz pytania? Mamy odpowiedzi!<\/h3>\r\n                        <div class=\"text-modules__content\"><\/p>\n<ol>\n<li><span style=\"font-weight: 400;\"> \u00a0 <\/span><b>Czym jest konkurs \u201eDziki Indeks U\u015a\u201d?<br \/>\n<\/b><br \/>\nTo konkurs organizowany przez Uniwersytet \u015al\u0105ski w Katowicach, kt\u00f3ry umo\u017cliwia laureatkom i laureatom uzyskanie tzw. Dzikiego indeksu U\u015a, czyli dostanie si\u0119 na jeden z 24 kierunk\u00f3w bior\u0105cych udzia\u0142 w konkursie bez tradycyjnego procesu rekrutacji.<\/li>\n<\/ol>\n<ol start=\"2\">\n<li><span style=\"font-weight: 400;\"> \u00a0 <\/span><b>Na jakie kierunki studi\u00f3w mo\u017cna wykorzysta\u0107 Dziki Indeks?<br \/>\n<\/b><br \/>\nDziki indeks mo\u017cna wykorzysta\u0107 tylko na jednym kierunku studi\u00f3w. Wykaz kierunk\u00f3w wraz z dost\u0119pn\u0105 liczb\u0105 miejsc podano na stronie <a href=\"https:\/\/irk.us.edu.pl\/pl\/home\/US-DI-2026\/\">IRK.<\/a><\/li>\n<\/ol>\n<ol start=\"3\">\n<li><span style=\"font-weight: 400;\"> \u00a0 <\/span><b>Jak i kiedy mo\u017cna si\u0119 zarejestrowa\u0107?<br \/>\n<\/b><br \/>\nRejestracja do konkursu odbywa si\u0119 za po\u015brednictwem systemu Internetowej Rejestracji Kandydat\u00f3w (IRK). Szczeg\u00f3\u0142owe informacje dotycz\u0105ce termin\u00f3w oraz przebiegu rejestracji krok po kroku dost\u0119pne s\u0105 na stronie <a href=\"https:\/\/irk.us.edu.pl\/pl\/home\/US-DI-2026\/\">IRK<\/a><\/li>\n<\/ol>\n<ol start=\"4\">\n<li><span style=\"font-weight: 400;\"> \u00a0 <\/span><b>Jak wygl\u0105da harmonogram konkursu?<br \/>\n<\/b><br \/>\nRejestracja w systemie IRK &#8211; od 19 stycznia do 20 lutego 2026 r.<br \/>\nOg\u0142oszenie wynik\u00f3w I etapu \u2013 12 marca br. o godz. 15.00.<br \/>\nRozmowa konkursowa (II etap) \u2013 od 18 do 31 marca 2026 r.<br \/>\nOg\u0142oszenie wynik\u00f3w konkursu \u2013 2 kwietnia br. o godz. 15.00.<\/li>\n<\/ol>\n<ol start=\"5\">\n<li><span style=\"font-weight: 400;\"> \u00a0 <\/span><b>Dla kogo jest konkurs?<br \/>\n<\/b><br \/>\nKonkurs skierowany jest do os\u00f3b, kt\u00f3re:<\/li>\n<\/ol>\n<ul>\n<li><span style=\"font-weight: 400;\"> \u00a0 <\/span> <span style=\"font-weight: 400;\">w roku 2026 zdaj\u0105 egzamin maturalny,\u00a0<\/span><\/li>\n<li><span style=\"font-weight: 400;\"> \u00a0 <\/span> <span style=\"font-weight: 400;\">planuj\u0105 rozpocz\u0119cie studi\u00f3w na Uniwersytecie \u015al\u0105skim w roku akademickim 2026\/2027,\u00a0<\/span><\/li>\n<li><span style=\"font-weight: 400;\"> \u00a0 <\/span> <span style=\"font-weight: 400;\">potrafi\u0105 umotywowa\u0107 sw\u00f3j wyb\u00f3r kierunku studi\u00f3w na U\u015a,<\/span><\/li>\n<li><span style=\"font-weight: 400;\"> \u00a0 <\/span> <span style=\"font-weight: 400;\">przedstawi\u0105 swoje zainteresowania i osi\u0105gni\u0119cia w formie eseju oraz rozmowy konkursowej.<\/span><\/li>\n<\/ul>\n<ol start=\"6\">\n<li><span style=\"font-weight: 400;\"> \u00a0 <\/span><b>Na czym polega konkurs?<br \/>\n<\/b><br \/>\nKonkurs sk\u0142ada si\u0119 z dw\u00f3ch etap\u00f3w:<br \/>\n<b><br \/>\nI etap \u2013 esej motywacyjny<br \/>\n<\/b>Uczestniczka i Uczestnik przygotowuje esej, w kt\u00f3rym wyja\u015bnia, dlaczego chce studiowa\u0107 na Uniwersytecie \u015al\u0105skim w Katowicach oraz czym kierowa\u0142 si\u0119 przy wyborze konkretnego kierunku studi\u00f3w. W pracy mo\u017cna wskaza\u0107 do\u015bwiadczenia, kt\u00f3re mia\u0142y wp\u0142yw na rozw\u00f3j osobisty, a tak\u017ce odnie\u015b\u0107 si\u0119 do dotychczasowych osi\u0105gni\u0119\u0107 i podejmowanej aktywno\u015bci.<br \/>\nObj\u0119to\u015b\u0107 pracy nie mo\u017ce przekracza\u0107 4000 znak\u00f3w ze spacjami.<br \/>\n<b><br \/>\nII etap \u2013 rozmowa konkursowa<br \/>\n<\/b><br \/>\nUczestniczka i Uczestnik bierze udzia\u0142 w rozmowie konkursowej na zaproponowany przez siebie temat zwi\u0105zany z zainteresowaniami oraz wybranym kierunkiem studi\u00f3w. Temat mo\u017ce nawi\u0105zywa\u0107 do pasji, dotychczasowych do\u015bwiadcze\u0144 oraz plan\u00f3w na przysz\u0142o\u015b\u0107. Nale\u017cy wskaza\u0107 minimum trzy pozycje bibliograficzne<b>.<br \/>\n<\/b>Temat rozmowy wraz z bibliografi\u0105 nale\u017cy zamie\u015bci\u0107 na koncie w systemie IRK.<\/li>\n<\/ol>\n<ol start=\"7\">\n<li><b><\/b><span style=\"font-weight: 400;\"> \u00a0 <\/span><b>Czy udzia\u0142 w konkursie jest bezp\u0142atny?<br \/>\n<\/b><br \/>\nTak, udzia\u0142 w konkursie jest bezp\u0142atny.<\/li>\n<\/ol>\n<ol start=\"8\">\n<li><b><\/b><span style=\"font-weight: 400;\"> \u00a0 <\/span><b><b>Czy i do kiedy mog\u0119 zmieni\u0107 kierunek studi\u00f3w lub temat rozmowy?<br \/>\n<\/b><\/b><br \/>\nTak. Zmiana kierunku studi\u00f3w, tematu do rozmowy oraz wgranie pracy konkursowej s\u0105 mo\u017cliwe tylko do dnia zamkni\u0119cia rejestracji udzia\u0142u w konkursie tj. do 20 lutego 2026 r. do godz. 23.59.<\/li>\n<\/ol>\n<ol start=\"9\">\n<li><span style=\"font-weight: 400;\"> \u00a0 <\/span><b>Co daje wygrana w konkursie?<br \/>\n<\/b><br \/>\nLaureatki i laureaci konkursu mog\u0105 zosta\u0107 przyj\u0119ci na jeden z 24 kierunk\u00f3w, bior\u0105cych udzia\u0142 w konkursie, z pomini\u0119ciem standardowego post\u0119powania rekrutacyjnego.<\/li>\n<\/ol>\n<ol start=\"10\">\n<li><b> Mam tytu\u0142 laureatki\/laureata<\/b> <b><b><b>konkursu \u201eDziki indeks U\u015a\u201d &#8211; co dalej?<\/b><\/b><\/b>Po uzyskaniu tytu\u0142u laureatki\/laureata nale\u017cy:<\/li>\n<\/ol>\n<ul>\n<li><span style=\"font-weight: 400;\"> \u00a0 <\/span> <span style=\"font-weight: 400;\">w trakcie rekrutacji na studia na Uniwersytecie \u015al\u0105skim dokona\u0107 rejestracji w systemie IRK na kierunek wskazany w za\u015bwiadczeniu,<\/span><\/li>\n<li><span style=\"font-weight: 400;\"> \u00a0 <\/span> <span style=\"font-weight: 400;\">wgra\u0107 do systemu IRK za\u015bwiadczenie potwierdzaj\u0105ce tytu\u0142 laureatki\/laureata,<\/span><\/li>\n<li><span style=\"font-weight: 400;\"> \u00a0 <\/span> <span style=\"font-weight: 400;\">otrzymujesz maksymaln\u0105 liczb\u0119 punkt\u00f3w na wybranym kierunku i jeste\u015b zwolniony z post\u0119powania kwalifikacyjnego,<\/span><\/li>\n<li><span style=\"font-weight: 400;\"> \u00a0 <\/span> <span style=\"font-weight: 400;\">nie wnosisz op\u0142aty rekrutacyjnej za ten kierunek,<\/span><\/li>\n<li><span style=\"font-weight: 400;\"> \u00a0 <\/span> <span style=\"font-weight: 400;\">po og\u0142oszeniu list os\u00f3b zakwalifikowanych do przyj\u0119cia sk\u0142adasz w dziekanacie wymagane dokumenty. Warunkiem wpisu na studia jest posiadanie \u015bwiadectwa maturalnego.<\/span><\/li>\n<\/ul>\n<p>\n<\/div>\r\n                    <\/div>\r\n                <\/div>[\/vc_column][\/vc_row]<\/p>","protected":false},"excerpt":{"rendered":"<p>[vc_row][vc_column][\/vc_column][\/vc_row] [&#8230;]<\/p>\n<p><a class=\"btn btn-secondary understrap-read-more-link\" href=\"https:\/\/us.edu.pl\/kandydat\/dziki-indeks\/faq\/\">Read More&#8230;<\/a><\/p>\n","protected":false},"author":28,"featured_media":0,"parent":16721,"menu_order":0,"comment_status":"closed","ping_status":"closed","template":"","meta":{"_expiration-date-status":"","_expiration-date":0,"_expiration-date-type":"","_expiration-date-categories":[],"_expiration-date-options":[]},"acf":[],"_links":{"self":[{"href":"https:\/\/us.edu.pl\/kandydat\/wp-json\/wp\/v2\/pages\/21717"}],"collection":[{"href":"https:\/\/us.edu.pl\/kandydat\/wp-json\/wp\/v2\/pages"}],"about":[{"href":"https:\/\/us.edu.pl\/kandydat\/wp-json\/wp\/v2\/types\/page"}],"author":[{"embeddable":true,"href":"https:\/\/us.edu.pl\/kandydat\/wp-json\/wp\/v2\/users\/28"}],"replies":[{"embeddable":true,"href":"https:\/\/us.edu.pl\/kandydat\/wp-json\/wp\/v2\/comments?post=21717"}],"version-history":[{"count":7,"href":"https:\/\/us.edu.pl\/kandydat\/wp-json\/wp\/v2\/pages\/21717\/revisions"}],"predecessor-version":[{"id":21725,"href":"https:\/\/us.edu.pl\/kandydat\/wp-json\/wp\/v2\/pages\/21717\/revisions\/21725"}],"up":[{"embeddable":true,"href":"https:\/\/us.edu.pl\/kandydat\/wp-json\/wp\/v2\/pages\/16721"}],"wp:attachment":[{"href":"https:\/\/us.edu.pl\/kandydat\/wp-json\/wp\/v2\/media?parent=21717"}],"curies":[{"name":"wp","href":"https:\/\/api.w.org\/{rel}","templated":true}]}}